{"id":424,"date":"2024-11-21T03:29:43","date_gmt":"2024-11-21T03:29:43","guid":{"rendered":"https:\/\/volovape.com\/?post_type=product&#038;p=424"},"modified":"2025-06-19T03:44:54","modified_gmt":"2025-06-19T03:44:54","slug":"vaxe-flight-15000-tiri","status":"publish","type":"product","link":"https:\/\/volovape.com\/it\/product\/vaxe-flight-15000-puffs\/","title":{"rendered":"VAXE Flight 15000 boccate di vapore monouso - bobina a rete da 1,0\u03a9, ricaricabile"},"content":{"rendered":"<p><strong>VAXE Flight 15000 boccate di vapore monouso<\/strong> - Vaping prolungato con erogazione di aromi robusti.<\/p>\n<p>IL <strong>VAXE Volo 15000 Sbuffi<\/strong> offre un'esperienza di svapo duratura e soddisfacente con un massimo di 15.000 soffi e un serbatoio di e-liquid da 16 ml. Dotato di una batteria ricaricabile da 650 mAh e di una bobina a maglia da 1,0\u03a9, questo dispositivo assicura una produzione di vapore fluida e saporita. Con una gradazione di nicotina di 5% e 10 gusti diversi, si rivolge a chi cerca una svapata forte e piacevole. Il suo design portatile e conveniente lo rende perfetto per l'uso personale e per la svapata. <strong>vape monouso all'ingrosso<\/strong> O <strong>ordine all'ingrosso<\/strong> necessit\u00e0.<\/p>\n<h3><strong>VAXE Flight 15000 Puffs Caratteristiche:<\/strong><\/h3>\n<ul>\n<li>Bign\u00e8: Fino a 15.000<\/li>\n<li>Capacit\u00e0 del liquido elettronico: 16 ml<\/li>\n<li>Batteria: 650mAh (ricaricabile)<\/li>\n<li>Ricarica: Tipo-C<\/li>\n<li>Bobina: bobina a maglia da 1,0\u03a9<\/li>\n<li>Dosaggio della nicotina: 5%<\/li>\n<li>10 gusti unici<\/li>\n<\/ul>\n<h4>Domande frequenti<\/h4>\n<h5>Quali sono le opzioni di spedizione disponibili?<\/h5>\n<p>Collaboriamo con diversi vettori per fornire opzioni di spedizione affidabili. Il metodo pi\u00f9 adatto viene scelto in base alla vostra posizione per garantire una consegna puntuale dei vostri prodotti. <strong>vape monouso<\/strong> prodotti. Si tenga presente che, a causa delle normative, la spedizione di prodotti per il vaping \u00e8 diventata pi\u00f9 limitata e che i servizi di corrieri come UPS, DHL e FedEx non sono pi\u00f9 disponibili.<\/p>\n<h5>Quanto tempo impiega la spedizione standard?<\/h5>\n<p>La spedizione standard richiede generalmente 7-15 giorni lavorativi. Si prega di tenere conto di eventuali ritardi durante le festivit\u00e0 o a causa di condizioni meteorologiche avverse, che possono prolungare i tempi di consegna fino a 20 giorni lavorativi.<\/p>\n<h5>Vengono gestite le procedure doganali?<\/h5>\n<p>Ci occupiamo delle procedure doganali necessarie per garantire un processo di consegna senza intoppi. Il nostro obiettivo \u00e8 quello di ridurre al minimo ogni potenziale problema; tuttavia, vi preghiamo di essere consapevoli che, a causa delle situazioni legali che circondano i prodotti del vaping, in qualsiasi momento le agenzie doganali possono fermare o bloccare un pacco, e che questa situazione \u00e8 fuori dal nostro controllo.<\/p>\n<h5>In che modo la bobina a maglia da 1,0\u03a9 migliora l'esperienza di vaping?<\/h5>\n<p>La bobina a maglia da 1,0\u03a9 offre una superficie di riscaldamento bilanciata, garantendo un riscaldamento uniforme e costante dell'e-liquid. Questo design migliora l'erogazione degli aromi e produce un vapore fluido e soddisfacente, offrendo un'esperienza di svapo di qualit\u00e0 superiore con un forte apporto di nicotina.<\/p>\n<h5>Il mio acquisto \u00e8 sicuro?<\/h5>\n<p>Offriamo opzioni di pagamento sicure, soprattutto attraverso piattaforme come Paypal, che garantiscono la protezione dell'acquirente. Anche se le recensioni possono aiutare nelle decisioni di acquisto, non ci colleghiamo direttamente ad esse.<\/p>","protected":false},"excerpt":{"rendered":"<p>Sperimenta un aroma prolungato con VAXE Flight 15000 Puffs. Bobina da 1,0\u03a9, 16 ml, ricaricabile, nicotina 5%. Ideale per il piacere personale o per la distribuzione all'ingrosso.<\/p>","protected":false},"featured_media":650,"comment_status":"open","ping_status":"closed","template":"","meta":[],"product_brand":[],"product_cat":[62,41,21,18,39,20,23,24,22,25,26,27,28,29,30,31,32,33,34,35,44,36,40],"product_tag":[],"class_list":{"0":"post-424","1":"product","2":"type-product","3":"status-publish","4":"has-post-thumbnail","6":"product_cat-vaxe","7":"product_cat-15000-puffs-disposable-vape","8":"product_cat-big-puffs-vapes","9":"product_cat-different-puffs-of-disposable-vapes","10":"product_cat-digital-box-vapes","11":"product_cat-disposable-vape-types","12":"product_cat-disposable-vapes-in-austria","13":"product_cat-disposable-vapes-in-belgium","14":"product_cat-disposable-vapes-in-europe","15":"product_cat-disposable-vapes-in-france","16":"product_cat-disposable-vapes-in-germany","17":"product_cat-disposable-vapes-in-hungary","18":"product_cat-disposable-vapes-in-ltaly","19":"product_cat-disposable-vapes-in-netherlands","20":"product_cat-disposable-vapes-in-norway","21":"product_cat-disposable-vapes-in-poland","22":"product_cat-disposable-vapes-in-portugal","23":"product_cat-disposable-vapes-in-spain","24":"product_cat-disposable-vapes-in-sweden","25":"product_cat-disposable-vapes-in-switzerland","26":"product_cat-dual-mesh-vapes","27":"product_cat-rechargeable-vapes","28":"product_cat-smart-screen-vapes","30":"first","31":"instock","32":"shipping-taxable","33":"purchasable","34":"product-type-variable","35":"has-default-attributes"},"jetpack_sharing_enabled":true,"tiered_pricing_type":"fixed","tiered_pricing_fixed_rules":{"2000":5.44000000000000039079850466805510222911834716796875},"tiered_pricing_product_settings":{"layout":"default","base_unit_name":{"singular":null,"plural":null},"default_variation":null},"tiered_pricing_minimum_quantity":1000,"tiered_pricing_roles_data":[],"tiered_pricing_percentage_rules":[],"tiered_pricing_maximum_quantity":null,"tiered_pricing_quantity_step":"10","_links":{"self":[{"href":"https:\/\/volovape.com\/it\/wp-json\/wp\/v2\/product\/424","targetHints":{"allow":["GET"]}}],"collection":[{"href":"https:\/\/volovape.com\/it\/wp-json\/wp\/v2\/product"}],"about":[{"href":"https:\/\/volovape.com\/it\/wp-json\/wp\/v2\/types\/product"}],"replies":[{"embeddable":true,"href":"https:\/\/volovape.com\/it\/wp-json\/wp\/v2\/comments?post=424"}],"wp:featuredmedia":[{"embeddable":true,"href":"https:\/\/volovape.com\/it\/wp-json\/wp\/v2\/media\/650"}],"wp:attachment":[{"href":"https:\/\/volovape.com\/it\/wp-json\/wp\/v2\/media?parent=424"}],"wp:term":[{"taxonomy":"product_brand","embeddable":true,"href":"https:\/\/volovape.com\/it\/wp-json\/wp\/v2\/product_brand?post=424"},{"taxonomy":"product_cat","embeddable":true,"href":"https:\/\/volovape.com\/it\/wp-json\/wp\/v2\/product_cat?post=424"},{"taxonomy":"product_tag","embeddable":true,"href":"https:\/\/volovape.com\/it\/wp-json\/wp\/v2\/product_tag?post=424"}],"curies":[{"name":"scrivere","href":"https:\/\/api.w.org\/{rel}","templated":true}]}}