{"id":421,"date":"2024-11-21T03:29:43","date_gmt":"2024-11-21T03:29:43","guid":{"rendered":"https:\/\/volovape.com\/?post_type=product&#038;p=421"},"modified":"2025-07-08T04:50:02","modified_gmt":"2025-07-08T04:50:02","slug":"bang-vape-rocket-18000-tiri","status":"publish","type":"product","link":"https:\/\/volovape.com\/it\/product\/bang-vape-rocket-18000-puffs\/","title":{"rendered":"Bang Vape Rocket 18000 Puffs Schermo LED Display 0% 2% 3% 5% Nicotina Bulk Acquista Vape Monouso All&#039;ingrosso"},"content":{"rendered":"<p><strong>Bang Vape Rocket 18000 Puffs Vape monouso<\/strong> - Vaping a doppia modalit\u00e0 con longevit\u00e0 estesa.<\/p>\n<p>Sperimentate una versatilit\u00e0 senza precedenti con il <strong>Bang Vape Rocket 18000 boccate<\/strong>che offre fino a 18.000 soffi in modalit\u00e0 normale e 9.000 soffi in modalit\u00e0 a impulsi. Questo dispositivo \u00e8 dotato di una generosa capacit\u00e0 di 26 ml di e-liquido, di una robusta batteria ricaricabile da 650 mAh e di un'avanzata tecnologia di bobine a doppia rete per un sapore e un vapore costanti. \u00c8 possibile scegliere tra le gradazioni di nicotina 0%, 2%, 3% o 5% e godere di 12 sapori unici. Il display digitale a LED e la ricarica Type-C aumentano la praticit\u00e0 d'uso, rendendola perfetta per l'uso personale e per la ricarica di liquidi. <strong>vape monouso all'ingrosso<\/strong> O <strong>ordini all'ingrosso<\/strong>.<\/p>\n<h3><strong>Bang Vape Rocket 18000 Puff Caratteristiche:<\/strong><\/h3>\n<ul>\n<li>Soffi: Fino a 18.000 (modalit\u00e0 normale), 9.000 (modalit\u00e0 a impulsi)<\/li>\n<li>Capacit\u00e0 del liquido elettronico: 26 ml<\/li>\n<li>Batteria: 650mAh (ricaricabile)<\/li>\n<li>Ricarica: Tipo-C<\/li>\n<li>Bobina: Bobina Bi-Shot a doppia rete<\/li>\n<li>Potenzialit\u00e0 della nicotina: 0%, 2%, 3%, 5%<\/li>\n<li>Display digitale a LED<\/li>\n<li>12 gusti unici<\/li>\n<\/ul>\n<h4>Domande frequenti<\/h4>\n<h5>Quali sono le opzioni di spedizione tipiche?<\/h5>\n<p>Collaboriamo con una rete di vettori affidabili per garantire una consegna efficiente del vostro ordine. I metodi di spedizione sono scelti per adattarsi al meglio alla vostra posizione e garantire un arrivo tempestivo del vostro ordine. <strong>vape monouso<\/strong> ordini. Si tenga presente che, a causa delle normative, la spedizione di prodotti per il vaping \u00e8 diventata pi\u00f9 limitata e che i servizi di corrieri come UPS, DHL e FedEx non sono pi\u00f9 disponibili.<\/p>\n<h5>Quanto tempo impiega di solito la consegna standard?<\/h5>\n<p>La consegna standard richiede generalmente 7-15 giorni lavorativi. Si prega di tenere conto di eventuali ritardi durante le festivit\u00e0 o a causa di condizioni meteorologiche impreviste, che possono prolungare i tempi di consegna fino a 20 giorni lavorativi.<\/p>\n<h5>Vengono gestite le procedure doganali?<\/h5>\n<p>Ci occupiamo delle procedure doganali necessarie per garantire un processo di consegna senza intoppi. Il nostro obiettivo \u00e8 quello di ridurre al minimo ogni potenziale problema; tuttavia, vi preghiamo di essere consapevoli che, a causa delle situazioni legali che circondano i prodotti del vaping, in qualsiasi momento le agenzie doganali possono fermare o bloccare un pacco, e che questa situazione \u00e8 fuori dal nostro controllo.<\/p>\n<h5>Qual \u00e8 il vantaggio della tecnologia a doppia rete con bobina bi-shot?<\/h5>\n<p>La tecnologia della bobina bi-shot a doppia rete \u00e8 stata progettata per ottimizzare sia l'aroma che la produzione di vapore. Questa configurazione avanzata della bobina assicura un'esperienza di svapo pi\u00f9 costante e soddisfacente, fornendo un riscaldamento efficiente e una distribuzione uniforme dell'e-liquid.<\/p>\n<h5>Quanto \u00e8 sicuro il mio acquisto?<\/h5>\n<p>Diamo priorit\u00e0 alle transazioni sicure, soprattutto attraverso piattaforme di pagamento come Paypal, che garantiscono la protezione dell'acquirente. Anche se le recensioni possono aiutare nelle decisioni di acquisto, non ci colleghiamo direttamente ad esse.<\/p>","protected":false},"excerpt":{"rendered":"<p>Bang Vape Rocket 18000 Puffs offre fino a 18.000 puff in modalit\u00e0 normale, un serbatoio di e-liquid da 26 ml e una batteria ricaricabile da 650 mAh. Dotato di bobine bi-shot a doppia rete, un display LED e 12 deliziosi aromi, \u00e8 lo svapo di lunga durata perfetto per qualsiasi preferenza.<\/p>","protected":false},"featured_media":617,"comment_status":"open","ping_status":"closed","template":"","meta":[],"product_brand":[],"product_cat":[61,50,21,18,39,20,23,24,22,25,26,27,28,29,30,31,32,33,34,35,44,36,40],"product_tag":[],"class_list":{"0":"post-421","1":"product","2":"type-product","3":"status-publish","4":"has-post-thumbnail","6":"product_cat-bang","7":"product_cat-18000-puffs-disposable-vape","8":"product_cat-big-puffs-vapes","9":"product_cat-different-puffs-of-disposable-vapes","10":"product_cat-digital-box-vapes","11":"product_cat-disposable-vape-types","12":"product_cat-disposable-vapes-in-austria","13":"product_cat-disposable-vapes-in-belgium","14":"product_cat-disposable-vapes-in-europe","15":"product_cat-disposable-vapes-in-france","16":"product_cat-disposable-vapes-in-germany","17":"product_cat-disposable-vapes-in-hungary","18":"product_cat-disposable-vapes-in-ltaly","19":"product_cat-disposable-vapes-in-netherlands","20":"product_cat-disposable-vapes-in-norway","21":"product_cat-disposable-vapes-in-poland","22":"product_cat-disposable-vapes-in-portugal","23":"product_cat-disposable-vapes-in-spain","24":"product_cat-disposable-vapes-in-sweden","25":"product_cat-disposable-vapes-in-switzerland","26":"product_cat-dual-mesh-vapes","27":"product_cat-rechargeable-vapes","28":"product_cat-smart-screen-vapes","30":"first","31":"instock","32":"shipping-taxable","33":"purchasable","34":"product-type-variable","35":"has-default-attributes"},"jetpack_sharing_enabled":true,"tiered_pricing_type":"fixed","tiered_pricing_fixed_rules":{"2000":6},"tiered_pricing_product_settings":{"layout":"default","base_unit_name":{"singular":null,"plural":null},"default_variation":null},"tiered_pricing_minimum_quantity":1000,"tiered_pricing_roles_data":[],"tiered_pricing_percentage_rules":[],"tiered_pricing_maximum_quantity":null,"tiered_pricing_quantity_step":"10","_links":{"self":[{"href":"https:\/\/volovape.com\/it\/wp-json\/wp\/v2\/product\/421","targetHints":{"allow":["GET"]}}],"collection":[{"href":"https:\/\/volovape.com\/it\/wp-json\/wp\/v2\/product"}],"about":[{"href":"https:\/\/volovape.com\/it\/wp-json\/wp\/v2\/types\/product"}],"replies":[{"embeddable":true,"href":"https:\/\/volovape.com\/it\/wp-json\/wp\/v2\/comments?post=421"}],"wp:featuredmedia":[{"embeddable":true,"href":"https:\/\/volovape.com\/it\/wp-json\/wp\/v2\/media\/617"}],"wp:attachment":[{"href":"https:\/\/volovape.com\/it\/wp-json\/wp\/v2\/media?parent=421"}],"wp:term":[{"taxonomy":"product_brand","embeddable":true,"href":"https:\/\/volovape.com\/it\/wp-json\/wp\/v2\/product_brand?post=421"},{"taxonomy":"product_cat","embeddable":true,"href":"https:\/\/volovape.com\/it\/wp-json\/wp\/v2\/product_cat?post=421"},{"taxonomy":"product_tag","embeddable":true,"href":"https:\/\/volovape.com\/it\/wp-json\/wp\/v2\/product_tag?post=421"}],"curies":[{"name":"scrivere","href":"https:\/\/api.w.org\/{rel}","templated":true}]}}