{"id":413,"date":"2024-11-21T03:29:42","date_gmt":"2024-11-21T03:29:42","guid":{"rendered":"https:\/\/volovape.com\/?post_type=product&#038;p=413"},"modified":"2025-07-07T03:41:44","modified_gmt":"2025-07-07T03:41:44","slug":"scatola-elfo-bk12000-soffi","status":"publish","type":"product","link":"https:\/\/volovape.com\/it\/product\/elf-box-bk12000-puffs\/","title":{"rendered":"ELF BOX BK12000 Vape usa e getta - 12.000 boccate, bobina a rete da 0,8\u03a9, ricaricabile"},"content":{"rendered":"<p><iframe title=\"Lettore video VideoPress\" aria-label='Lettore video VideoPress' width='421' height='750' src='https:\/\/videopress.com\/embed\/E8nSg6O6?hd=0&amp;cover=1' frameborder='0' allowfullscreen allow='clipboard-write'><\/iframe><script src='https:\/\/v0.wordpress.com\/js\/next\/videopress-iframe.js?m=1739540970'><\/script><\/p>\n<h2>ELF BOX BK12000 Vape monouso: Vaping prolungato con la precisione della bobina a rete.<\/h2>\n<p>Sperimentate una soddisfazione duratura con il <strong>SCATOLA ELFO BK12000<\/strong>che vanta fino a <strong>12.000 soffi<\/strong> e un generoso <strong>Capacit\u00e0 di 23 ml di e-liquid<\/strong>. Alimentato da un <strong>Batteria ricaricabile da 650 mAh<\/strong> con <strong>Ricarica di tipo-C<\/strong>Questo dispositivo garantisce prestazioni costanti. Il <strong>Bobina con maglia da 0,8\u03a9<\/strong> offre un vapore eccezionalmente morbido e saporito, esaltando ogni boccata. Scegliere tra <strong>Potenze di nicotina 0%, 2%, 3% o 5%<\/strong> per personalizzare la vostra esperienza. Con <strong>12 gusti diversi<\/strong>L'ELF BOX BK12000 \u00e8 perfetto per chi \u00e8 alla ricerca di un prodotto ad alta capacit\u00e0, pratico e gustoso. <strong>vape monouso all'ingrosso<\/strong> opzione. Ideale sia per il divertimento personale che per <strong>ordine all'ingrosso<\/strong> necessit\u00e0.<\/p>\n<h3><strong>ELF BOX BK12000 Caratteristiche:<\/strong><\/h3>\n<ul>\n<li>Bign\u00e8: Fino a 12.000<\/li>\n<li>Capacit\u00e0 del liquido elettronico: 23 ml<\/li>\n<li>Batteria: 650mAh (ricaricabile)<\/li>\n<li>Ricarica: Tipo-C<\/li>\n<li>Bobina: bobina a maglia da 0,8\u03a9<\/li>\n<li>Potenzialit\u00e0 della nicotina: 0%, 2%, 3%, 5%<\/li>\n<li>12 opzioni di gusto<\/li>\n<li>Dispositivo monouso<\/li>\n<\/ul>\n<h4>Domande frequenti<\/h4>\n<h5>In che modo la bobina a rete migliora l'esperienza del vaping?<\/h5>\n<p>La bobina a maglie da 0,8\u03a9 di ELF BOX BK12000 offre una superficie di riscaldamento pi\u00f9 ampia, con un conseguente riscaldamento pi\u00f9 uniforme e una migliore erogazione del sapore. Questa tecnologia garantisce una produzione di vapore uniforme e saporita per tutta la durata del dispositivo.<\/p>\n<h5>Quali sono i metodi di spedizione utilizzati?<\/h5>\n<p>Collaboriamo con UPS\/DHL\/FEDEX\/DPD, ecc. Sceglieremo l'opzione di spedizione appropriata a seconda del paese di consegna per assicurarvi di ricevere i vostri prodotti nel pi\u00f9 breve tempo possibile.<\/p>\n<h5>Quanto tempo ci vuole per arrivare?<\/h5>\n<p>Di solito sono necessari 7-15 giorni lavorativi, che possono arrivare fino a 20 giorni lavorativi nei giorni festivi o in caso di maltempo.<\/p>\n<h5>Pu\u00f2 passare la dogana e mi creer\u00e0 problemi?<\/h5>\n<p>Vi garantiamo che non avrete alcun problema in quanto ci occuperemo noi dello sdoganamento e non ci saranno tasse o imposte. Garantiamo che 100% dei nostri prodotti saranno sdoganati.<\/p>\n<h5>Posso fidarmi?<\/h5>\n<p>Supportiamo il pagamento con PayPal e il servizio di protezione degli acquirenti. Potete anche controllare le nostre recensioni su <a href=\"https:\/\/www.trustpilot.com\/review\/volovape.com?utm_medium=trustbox&amp;utm_source=TrustBoxReviewCollector\">TrustPilot<\/a>.<\/p>","protected":false},"excerpt":{"rendered":"<p>Concedetevi un aroma prolungato con ELF BOX BK12000. Maglia da 0,8\u03a9, 23ml, ricaricabile. Ideale per il piacere personale o per la vendita all'ingrosso, offre un vapore omogeneo e diverse intensit\u00e0 di nicotina.<\/p>","protected":false},"featured_media":545,"comment_status":"open","ping_status":"closed","template":"","meta":[],"product_brand":[],"product_cat":[54,38,21,18,20,23,24,22,25,26,27,28,29,30,31,32,33,34,35,36],"product_tag":[],"class_list":{"0":"post-413","1":"product","2":"type-product","3":"status-publish","4":"has-post-thumbnail","6":"product_cat-elf-box","7":"product_cat-12000-puffs-disposable-vape","8":"product_cat-big-puffs-vapes","9":"product_cat-different-puffs-of-disposable-vapes","10":"product_cat-disposable-vape-types","11":"product_cat-disposable-vapes-in-austria","12":"product_cat-disposable-vapes-in-belgium","13":"product_cat-disposable-vapes-in-europe","14":"product_cat-disposable-vapes-in-france","15":"product_cat-disposable-vapes-in-germany","16":"product_cat-disposable-vapes-in-hungary","17":"product_cat-disposable-vapes-in-ltaly","18":"product_cat-disposable-vapes-in-netherlands","19":"product_cat-disposable-vapes-in-norway","20":"product_cat-disposable-vapes-in-poland","21":"product_cat-disposable-vapes-in-portugal","22":"product_cat-disposable-vapes-in-spain","23":"product_cat-disposable-vapes-in-sweden","24":"product_cat-disposable-vapes-in-switzerland","25":"product_cat-rechargeable-vapes","27":"first","28":"instock","29":"shipping-taxable","30":"purchasable","31":"product-type-variable","32":"has-default-attributes"},"jetpack_sharing_enabled":true,"tiered_pricing_type":"fixed","tiered_pricing_fixed_rules":{"2000":5.9900000000000002131628207280300557613372802734375},"tiered_pricing_product_settings":{"layout":"default","base_unit_name":{"singular":null,"plural":null},"default_variation":null},"tiered_pricing_minimum_quantity":1000,"tiered_pricing_roles_data":[],"tiered_pricing_percentage_rules":[],"tiered_pricing_maximum_quantity":null,"tiered_pricing_quantity_step":"10","_links":{"self":[{"href":"https:\/\/volovape.com\/it\/wp-json\/wp\/v2\/product\/413","targetHints":{"allow":["GET"]}}],"collection":[{"href":"https:\/\/volovape.com\/it\/wp-json\/wp\/v2\/product"}],"about":[{"href":"https:\/\/volovape.com\/it\/wp-json\/wp\/v2\/types\/product"}],"replies":[{"embeddable":true,"href":"https:\/\/volovape.com\/it\/wp-json\/wp\/v2\/comments?post=413"}],"wp:featuredmedia":[{"embeddable":true,"href":"https:\/\/volovape.com\/it\/wp-json\/wp\/v2\/media\/545"}],"wp:attachment":[{"href":"https:\/\/volovape.com\/it\/wp-json\/wp\/v2\/media?parent=413"}],"wp:term":[{"taxonomy":"product_brand","embeddable":true,"href":"https:\/\/volovape.com\/it\/wp-json\/wp\/v2\/product_brand?post=413"},{"taxonomy":"product_cat","embeddable":true,"href":"https:\/\/volovape.com\/it\/wp-json\/wp\/v2\/product_cat?post=413"},{"taxonomy":"product_tag","embeddable":true,"href":"https:\/\/volovape.com\/it\/wp-json\/wp\/v2\/product_tag?post=413"}],"curies":[{"name":"scrivere","href":"https:\/\/api.w.org\/{rel}","templated":true}]}}