{"id":358,"date":"2024-11-21T03:29:21","date_gmt":"2024-11-21T03:29:21","guid":{"rendered":"https:\/\/volovape.com\/?post_type=product&#038;p=358"},"modified":"2025-07-06T04:24:36","modified_gmt":"2025-07-06T04:24:36","slug":"scatola-elfo-ls15000-15000-soffi","status":"publish","type":"product","link":"https:\/\/volovape.com\/it\/product\/elf-box-ls15000-15000-puffs\/","title":{"rendered":"ELF BOX LS15000 puff 0.6\u03a9 mesh coil vape usa e getta - ricaricabile con ricarica type-c (0-5% nicotina)"},"content":{"rendered":"<p><iframe title=\"Lettore video VideoPress\" aria-label='Lettore video VideoPress' width='500' height='667' src='https:\/\/videopress.com\/embed\/JmE4p5tH?hd=0&amp;cover=1' frameborder='0' allowfullscreen allow='clipboard-write'><\/iframe><script src='https:\/\/v0.wordpress.com\/js\/next\/videopress-iframe.js?m=1739540970'><\/script><\/p>\n<p>ELF BOX LS15000 Puffs Vape usa e getta - Bobina a rete da 0,6\u03a9, ricaricabile<br \/>\n<strong>ELF BOX LS15000 Puffs Vape usa e getta<\/strong> - Vaping ad alta capacit\u00e0 con prestazioni migliorate della bobina a maglia da 0,6\u03a9.<\/p>\n<p>IL <strong>SCATOLA ELFO LS15000<\/strong> Il vape usa e getta offre un'esperienza di svapo eccezionale grazie al suo impressionante <strong>Capacit\u00e0 di 15.000 soffi<\/strong> e un enorme <strong>Serbatoio per e-liquid da 26 ml<\/strong>. Alimentato da un <strong>Batteria ricaricabile da 600 mAh<\/strong> e che presenta <strong>Ricarica di tipo-C<\/strong>Questo dispositivo garantisce un uso prolungato e la massima praticit\u00e0. Il <strong>Bobina con maglia da 0,6\u03a9<\/strong> \u00e8 stato specificamente progettato per garantire un sapore ricco e una produzione di vapore densa, offrendo una svapata soddisfacente dalla prima all'ultima boccata. Scegliete tra <strong>Concentrazioni di nicotina 0%, 2% o 5%<\/strong> per soddisfare le vostre preferenze. Con <strong>12 deliziose opzioni di gusto<\/strong>L'ELF BOX LS15000 \u00e8 perfetto per <strong>vape monouso all'ingrosso<\/strong>, <strong>ordini all'ingrosso<\/strong>, o <strong>uso personale<\/strong>che combina prestazioni elevate con la massima portabilit\u00e0.<\/p>\n<h3><strong>ELF BOX LS15000 Caratteristiche:<\/strong><\/h3>\n<ul>\n<li>Bign\u00e8: Fino a 15.000 soffi<\/li>\n<li>Capacit\u00e0 del liquido elettronico: 26 ml<\/li>\n<li>Batteria: 600mAh (ricaricabile)<\/li>\n<li>Ricarica: Tipo-C<\/li>\n<li>Bobina: bobina a maglia da 0,6\u03a9<\/li>\n<li>Punti di forza della nicotina: 0%, 2%, 5%<\/li>\n<li>Gusti: 12 opzioni uniche<\/li>\n<li>Dimensioni: 91,5 x 56,5 x 28,5 mm<\/li>\n<li>Peso: 91 g<\/li>\n<li>Dispositivo monouso<\/li>\n<\/ul>\n<h4>Domande frequenti<\/h4>\n<h5>In che modo la bobina a maglia da 0,6\u03a9 migliora l'esperienza di vaping?<\/h5>\n<p>La bobina da 0,6\u03a9 \u00e8 progettata per ottimizzare la produzione di vapore e l'erogazione di aromi. Offre una superficie di riscaldamento pi\u00f9 ampia, che si traduce in nuvole pi\u00f9 dense e sapori pi\u00f9 ricchi, assicurando un'esperienza di svapo sempre soddisfacente a ogni boccata.<\/p>\n<h5>Quali sono i metodi di spedizione utilizzati?<\/h5>\n<p>Collaboriamo con vettori affidabili come UPS, DHL, FedEx e DPD per garantire una consegna rapida e sicura del vostro ordine. Il metodo di spedizione pi\u00f9 efficiente viene selezionato in base alla vostra posizione per ottimizzare la velocit\u00e0 e l'affidabilit\u00e0 della consegna.<\/p>\n<h5>Quanto tempo ci vuole per l'arrivo del mio ordine?<\/h5>\n<p>La consegna avviene in genere in 7-15 giorni lavorativi. Tuttavia, si prega di prevedere fino a 20 giorni lavorativi durante le festivit\u00e0 o le condizioni meteorologiche avverse, che possono causare lievi ritardi nel trasporto.<\/p>\n<h5>Incontrer\u00f2 problemi doganali o tasse aggiuntive?<\/h5>\n<p>Ci occupiamo di tutte le procedure di sdoganamento, garantendo un'esperienza fluida e senza problemi. Non dovrete sostenere alcuna tassa o tariffa aggiuntiva. Ci assicuriamo che 100% dei nostri prodotti vengano sdoganati con successo.<\/p>\n<h5>Gli acquisti dal vostro sito sono sicuri e affidabili?<\/h5>\n<p>S\u00ec, offriamo transazioni sicure con PayPal e protezione dell'acquirente. Potete anche verificare la nostra affidabilit\u00e0 controllando le recensioni dei nostri clienti su <a href=\"https:\/\/www.trustpilot.com\/review\/volovape.com?utm_medium=trustbox&amp;utm_source=TrustBoxReviewCollector\">TrustPilot<\/a>, dove troverete le testimonianze dei clienti soddisfatti.<\/p>","protected":false},"excerpt":{"rendered":"<p>Godetevi un vapore potenziato con ELF BOX LS15000 Puffs. Maglia da 0,6\u03a9, 26ml, ricaricabile. Perfetta per uso personale o all'ingrosso, offre un sapore duraturo e varie opzioni di nicotina.<\/p>","protected":false},"featured_media":445,"comment_status":"open","ping_status":"closed","template":"","meta":[],"product_brand":[],"product_cat":[54,41,21,18,20,23,24,22,25,26,27,28,29,30,31,32,33,34,35,36,47],"product_tag":[],"class_list":{"0":"post-358","1":"product","2":"type-product","3":"status-publish","4":"has-post-thumbnail","6":"product_cat-elf-box","7":"product_cat-15000-puffs-disposable-vape","8":"product_cat-big-puffs-vapes","9":"product_cat-different-puffs-of-disposable-vapes","10":"product_cat-disposable-vape-types","11":"product_cat-disposable-vapes-in-austria","12":"product_cat-disposable-vapes-in-belgium","13":"product_cat-disposable-vapes-in-europe","14":"product_cat-disposable-vapes-in-france","15":"product_cat-disposable-vapes-in-germany","16":"product_cat-disposable-vapes-in-hungary","17":"product_cat-disposable-vapes-in-ltaly","18":"product_cat-disposable-vapes-in-netherlands","19":"product_cat-disposable-vapes-in-norway","20":"product_cat-disposable-vapes-in-poland","21":"product_cat-disposable-vapes-in-portugal","22":"product_cat-disposable-vapes-in-spain","23":"product_cat-disposable-vapes-in-sweden","24":"product_cat-disposable-vapes-in-switzerland","25":"product_cat-rechargeable-vapes","26":"product_cat-shisha-hookah-vapes","28":"first","29":"instock","30":"shipping-taxable","31":"purchasable","32":"product-type-variable","33":"has-default-attributes"},"jetpack_sharing_enabled":true,"tiered_pricing_type":"fixed","tiered_pricing_fixed_rules":{"2000":5.38999999999999968025576890795491635799407958984375},"tiered_pricing_product_settings":{"layout":"default","base_unit_name":{"singular":null,"plural":null},"default_variation":null},"tiered_pricing_minimum_quantity":1000,"tiered_pricing_roles_data":[],"tiered_pricing_percentage_rules":[],"tiered_pricing_maximum_quantity":null,"tiered_pricing_quantity_step":"10","_links":{"self":[{"href":"https:\/\/volovape.com\/it\/wp-json\/wp\/v2\/product\/358","targetHints":{"allow":["GET"]}}],"collection":[{"href":"https:\/\/volovape.com\/it\/wp-json\/wp\/v2\/product"}],"about":[{"href":"https:\/\/volovape.com\/it\/wp-json\/wp\/v2\/types\/product"}],"replies":[{"embeddable":true,"href":"https:\/\/volovape.com\/it\/wp-json\/wp\/v2\/comments?post=358"}],"wp:featuredmedia":[{"embeddable":true,"href":"https:\/\/volovape.com\/it\/wp-json\/wp\/v2\/media\/445"}],"wp:attachment":[{"href":"https:\/\/volovape.com\/it\/wp-json\/wp\/v2\/media?parent=358"}],"wp:term":[{"taxonomy":"product_brand","embeddable":true,"href":"https:\/\/volovape.com\/it\/wp-json\/wp\/v2\/product_brand?post=358"},{"taxonomy":"product_cat","embeddable":true,"href":"https:\/\/volovape.com\/it\/wp-json\/wp\/v2\/product_cat?post=358"},{"taxonomy":"product_tag","embeddable":true,"href":"https:\/\/volovape.com\/it\/wp-json\/wp\/v2\/product_tag?post=358"}],"curies":[{"name":"scrivere","href":"https:\/\/api.w.org\/{rel}","templated":true}]}}