{"id":357,"date":"2024-11-21T03:29:21","date_gmt":"2024-11-21T03:29:21","guid":{"rendered":"https:\/\/volovape.com\/?post_type=product&#038;p=357"},"modified":"2025-08-06T08:04:15","modified_gmt":"2025-08-06T08:04:15","slug":"mrvi-drago-13000-sbuffi","status":"publish","type":"product","link":"https:\/\/volovape.com\/it\/product\/mrvi-dragon-13000-puffs\/","title":{"rendered":"MRVI Dragon 13000 boccate di vapore usa e getta - Doppia maglia, doppia modalit\u00e0, ricaricabile"},"content":{"rendered":"<p><strong>MRVI Dragon 13000 boccate di vapore monouso<\/strong> - Vaping a doppia modalit\u00e0 personalizzabile con precisione a doppia maglia.<\/p>\n<p>IL <strong>MRVI Dragon 13000<\/strong> Il vape usa e getta offre un'esperienza di svapo personalizzata grazie alla funzionalit\u00e0 dual mode e alla tecnologia dual mesh coil. Godetevi fino a <strong>13.000 soffi<\/strong> con un generoso <strong>Serbatoio per e-liquid da 20 ml<\/strong> e un <strong>Batteria ricaricabile da 650 mAh<\/strong>. Il <strong>bobine avanzate a doppia maglia<\/strong> garantiscono un vapore sempre omogeneo, ricco e saporito. Passare da <strong>Modalit\u00e0 regolare<\/strong> per una produzione coerente e <strong>Modalit\u00e0 a impulsi<\/strong> per un'esperienza di vaping pi\u00f9 intensa. Scegliete tra <strong>Potenze di nicotina 2% e 5%<\/strong> per soddisfare le vostre preferenze. Con <strong>10 deliziose opzioni di gusto<\/strong>L'MRVI Dragon 13000 \u00e8 perfetto per <strong>vape monouso all'ingrosso<\/strong>, <strong>ordini all'ingrosso<\/strong>, o <strong>uso personale<\/strong>.<\/p>\n<h3><strong>MRVI Dragon 13000 Caratteristiche:<\/strong><\/h3>\n<ul>\n<li>Bign\u00e8: Fino a 13.000 soffi<\/li>\n<li>Capacit\u00e0 del liquido elettronico: 20 ml<\/li>\n<li>Batteria: 650mAh (ricaricabile)<\/li>\n<li>Ricarica: Tipo-C<\/li>\n<li>Bobina: Bobine a doppia maglia<\/li>\n<li>Modalit\u00e0: Modalit\u00e0 regolare, modalit\u00e0 a impulsi<\/li>\n<li>Potenzialit\u00e0 della nicotina: 2%, 5%<\/li>\n<li>Gusti: 10 opzioni uniche<\/li>\n<li>Dispositivo monouso<\/li>\n<\/ul>\n<h4>Domande frequenti<\/h4>\n<h5>In che modo la doppia modalit\u00e0 di vaping migliora l'esperienza dell'utente?<\/h5>\n<p>La funzionalit\u00e0 a doppia modalit\u00e0 consente agli utenti di personalizzare la propria esperienza di svapo. La modalit\u00e0 Regular fornisce un'uscita costante per una svapata liscia e continua, mentre la modalit\u00e0 Pulse offre un tiro pi\u00f9 intenso per chi cerca un'esperienza pi\u00f9 forte. Questa versatilit\u00e0 soddisfa le diverse preferenze di svapo.<\/p>\n<h5>Quali sono i metodi di spedizione utilizzati?<\/h5>\n<p>Collaboriamo con vettori affidabili come UPS, DHL, FedEx e DPD per garantire una consegna rapida e sicura del vostro ordine. Il metodo di spedizione pi\u00f9 efficiente viene selezionato in base alla vostra posizione per ottimizzare la velocit\u00e0 e l'affidabilit\u00e0 della consegna.<\/p>\n<h5>Quanto tempo ci vuole per l'arrivo del mio ordine?<\/h5>\n<p>La consegna avviene in genere in 7-15 giorni lavorativi. Tuttavia, si prega di prevedere fino a 20 giorni lavorativi durante le festivit\u00e0 o le condizioni meteorologiche avverse, che possono causare lievi ritardi nel trasporto.<\/p>\n<h5>Incontrer\u00f2 problemi doganali o tasse aggiuntive?<\/h5>\n<p>Ci occupiamo di tutte le procedure di sdoganamento, garantendo un'esperienza fluida e senza problemi. Non dovrete sostenere alcuna tassa o tariffa aggiuntiva. Ci assicuriamo che 100% dei nostri prodotti vengano sdoganati con successo.<\/p>\n<h5>Gli acquisti dal vostro sito sono sicuri e affidabili?<\/h5>\n<p>S\u00ec, offriamo transazioni sicure con PayPal e protezione dell'acquirente. Potete anche verificare la nostra affidabilit\u00e0 controllando le recensioni dei nostri clienti su <a href=\"https:\/\/www.trustpilot.com\/review\/volovape.com?utm_medium=trustbox&amp;utm_source=TrustBoxReviewCollector\">TrustPilot<\/a>, dove troverete le testimonianze dei clienti soddisfatti.<\/p>","protected":false},"excerpt":{"rendered":"<p>Scatenate un vaping personalizzabile con MRVI Dragon 13000 Puffs. Doppia maglia, doppia modalit\u00e0, 20ml, ricaricabile. Ideale per uso personale o all'ingrosso, offre un sapore e una flessibilit\u00e0 superiori.<\/p>","protected":false},"featured_media":435,"comment_status":"open","ping_status":"closed","template":"","meta":[],"product_brand":[],"product_cat":[55,56,21,18,39,20,23,24,22,25,26,27,28,29,30,31,32,33,34,35,36,40],"product_tag":[],"class_list":{"0":"post-357","1":"product","2":"type-product","3":"status-publish","4":"has-post-thumbnail","6":"product_cat-mrvi","7":"product_cat-14000-puffs-disposable-vape","8":"product_cat-big-puffs-vapes","9":"product_cat-different-puffs-of-disposable-vapes","10":"product_cat-digital-box-vapes","11":"product_cat-disposable-vape-types","12":"product_cat-disposable-vapes-in-austria","13":"product_cat-disposable-vapes-in-belgium","14":"product_cat-disposable-vapes-in-europe","15":"product_cat-disposable-vapes-in-france","16":"product_cat-disposable-vapes-in-germany","17":"product_cat-disposable-vapes-in-hungary","18":"product_cat-disposable-vapes-in-ltaly","19":"product_cat-disposable-vapes-in-netherlands","20":"product_cat-disposable-vapes-in-norway","21":"product_cat-disposable-vapes-in-poland","22":"product_cat-disposable-vapes-in-portugal","23":"product_cat-disposable-vapes-in-spain","24":"product_cat-disposable-vapes-in-sweden","25":"product_cat-disposable-vapes-in-switzerland","26":"product_cat-rechargeable-vapes","27":"product_cat-smart-screen-vapes","29":"first","30":"instock","31":"shipping-taxable","32":"purchasable","33":"product-type-variable","34":"has-default-attributes"},"jetpack_sharing_enabled":true,"tiered_pricing_type":"fixed","tiered_pricing_fixed_rules":{"2000":5.9900000000000002131628207280300557613372802734375},"tiered_pricing_product_settings":{"layout":"default","base_unit_name":{"singular":null,"plural":null},"default_variation":null},"tiered_pricing_minimum_quantity":1000,"tiered_pricing_roles_data":[],"tiered_pricing_percentage_rules":[],"tiered_pricing_maximum_quantity":null,"tiered_pricing_quantity_step":"10","_links":{"self":[{"href":"https:\/\/volovape.com\/it\/wp-json\/wp\/v2\/product\/357","targetHints":{"allow":["GET"]}}],"collection":[{"href":"https:\/\/volovape.com\/it\/wp-json\/wp\/v2\/product"}],"about":[{"href":"https:\/\/volovape.com\/it\/wp-json\/wp\/v2\/types\/product"}],"replies":[{"embeddable":true,"href":"https:\/\/volovape.com\/it\/wp-json\/wp\/v2\/comments?post=357"}],"wp:featuredmedia":[{"embeddable":true,"href":"https:\/\/volovape.com\/it\/wp-json\/wp\/v2\/media\/435"}],"wp:attachment":[{"href":"https:\/\/volovape.com\/it\/wp-json\/wp\/v2\/media?parent=357"}],"wp:term":[{"taxonomy":"product_brand","embeddable":true,"href":"https:\/\/volovape.com\/it\/wp-json\/wp\/v2\/product_brand?post=357"},{"taxonomy":"product_cat","embeddable":true,"href":"https:\/\/volovape.com\/it\/wp-json\/wp\/v2\/product_cat?post=357"},{"taxonomy":"product_tag","embeddable":true,"href":"https:\/\/volovape.com\/it\/wp-json\/wp\/v2\/product_tag?post=357"}],"curies":[{"name":"scrivere","href":"https:\/\/api.w.org\/{rel}","templated":true}]}}