{"id":35556,"date":"2025-08-09T07:02:35","date_gmt":"2025-08-09T07:02:35","guid":{"rendered":"https:\/\/volovape.com\/?post_type=product&#038;p=35556"},"modified":"2025-10-23T08:57:45","modified_gmt":"2025-10-23T08:57:45","slug":"bang-king-tornado-40000","status":"publish","type":"product","link":"https:\/\/volovape.com\/it\/product\/bang-king-tornado-40000\/","title":{"rendered":"Bang King Tornado 40000 Puffs | 35mL e-liquid monouso vape all'ingrosso"},"content":{"rendered":"<h2><strong>Perch\u00e9 scegliere Bang King Tornado?<\/strong><\/h2>\n<ul>\n<li><strong>Botti di lunga durata:<\/strong> Fino a 40.000 soffi per un uso prolungato.<\/li>\n<li><strong>Flusso d'aria regolabile:<\/strong> Personalizzate la vostra esperienza di svapo per ottenere una produzione di nuvole e un sapore ottimali.<\/li>\n<li><strong>Ricarica di tipo C:<\/strong> Ricarica rapida e conveniente.<\/li>\n<li><strong>Potente batteria da 1000 mAh:<\/strong> Garantisce prestazioni coerenti in ogni momento.<\/li>\n<li><strong>Enorme capacit\u00e0 di 35 ml di e-liquido:<\/strong> Riduce la necessit\u00e0 di frequenti ricariche.<\/li>\n<li><strong>12 gusti entusiasmanti:<\/strong> Un'ampia variet\u00e0 per soddisfare tutti i gusti.<\/li>\n<li><strong>Perfetto per gli utenti pi\u00f9 esigenti:<\/strong> Ideale per chi svapa spesso e preferisce un dispositivo di lunga durata.<\/li>\n<\/ul>\n<p>Ideale per gli appassionati di svapo, i negozi e i grossisti che cercano vapori monouso di alta qualit\u00e0, la Bang King Tornado garantisce soddisfazione con i suoi sapori audaci, le sue prestazioni di lunga durata e il suo valore eccezionale.<\/p>\n<h2><strong>Bang King Tornado 40000 Puffs | Panoramica e caratteristiche<\/strong><\/h2>\n<p>Il King Tornado Bang \u00e8 lo svapo monouso definitivo per chi desidera una soddisfazione duratura e prestazioni di alto livello. Con un massimo di 40.000 boccate, un'enorme capacit\u00e0 di 35 ml di e-liquid e un flusso d'aria regolabile, questo dispositivo offre un'incredibile esperienza di svapo a ogni boccata. Che siate nuovi svapatori o utenti esperti, il Tornado ha tutto ci\u00f2 che vi serve, dalle bobine in mesh di alta qualit\u00e0 alla facile ricarica Type-C. Disponibile nelle gradazioni di nicotina 2%, 3% e 5%, \u00e8 costruito per garantire versatilit\u00e0 e divertimento a lungo termine.<\/p>\n<h2><strong>Bang King Tornado 40000 gusti in stock:<\/strong><\/h2>\n<p>Anguria, Anguria alla fragola, Mirtillo gelato, Mirtillo e lampone, Fragola gelato, Fragola e kiwi, Mango e pesca Anguria, Kiwi e frutto della passione Melograno, Pesca gelato, Frutti di bosco misti, Mirtillo e uva, Gomma da masticare all&#039;anguria.<\/p>\n<h2><strong>Specifiche:<\/strong><\/h2>\n<ul>\n<li><strong>Capacit\u00e0 di sbuffo:<\/strong> Fino a 40.000 soffi<\/li>\n<li><strong>Capacit\u00e0 e-liquid:<\/strong> 35mL<\/li>\n<li><strong>Batteria:<\/strong> 1000mAh, ricarica Type-C<\/li>\n<li><strong>Tipo di bobina:<\/strong> Bobina a maglie da 1,0\u03a9<\/li>\n<li><strong>Opzioni di nicotina:<\/strong> 2%, 3%, 5%<\/li>\n<li><strong>Display:<\/strong> Schermo intelligente (se applicabile)<\/li>\n<li><strong>Design:<\/strong> Elegante e portatile con corpo trasparente<\/li>\n<\/ul>","protected":false},"excerpt":{"rendered":"<p>Bang King Tornado 40000 offre fino a 40000 boccate, una capacit\u00e0 di 35 ml di e-liquid, flusso d'aria regolabile, ricarica Type-C e 12 aromi entusiasmanti. Ideale per gli utenti pi\u00f9 assidui e per i vape shop. Disponibile con gradazione di nicotina 2%, 3% o 5%.<\/p>","protected":false},"featured_media":35562,"comment_status":"open","ping_status":"closed","template":"","meta":[],"product_brand":[227],"product_cat":[61,230],"product_tag":[],"class_list":{"0":"post-35556","1":"product","2":"type-product","3":"status-publish","4":"has-post-thumbnail","6":"product_brand-bang","7":"product_cat-bang","8":"product_cat-new","10":"first","11":"instock","12":"shipping-taxable","13":"purchasable","14":"product-type-variable","15":"has-default-attributes"},"jetpack_sharing_enabled":true,"tiered_pricing_type":"fixed","tiered_pricing_fixed_rules":{"30":7.410000000000000142108547152020037174224853515625,"50":6.1699999999999999289457264239899814128875732421875,"100":5.42999999999999971578290569595992565155029296875,"200":5.05999999999999960920149533194489777088165283203125,"400":4.5999999999999996447286321199499070644378662109375},"tiered_pricing_product_settings":{"layout":"default","base_unit_name":{"singular":null,"plural":null},"default_variation":null},"tiered_pricing_minimum_quantity":10,"tiered_pricing_roles_data":[],"tiered_pricing_percentage_rules":[],"tiered_pricing_maximum_quantity":null,"tiered_pricing_quantity_step":"10","_links":{"self":[{"href":"https:\/\/volovape.com\/it\/wp-json\/wp\/v2\/product\/35556","targetHints":{"allow":["GET"]}}],"collection":[{"href":"https:\/\/volovape.com\/it\/wp-json\/wp\/v2\/product"}],"about":[{"href":"https:\/\/volovape.com\/it\/wp-json\/wp\/v2\/types\/product"}],"replies":[{"embeddable":true,"href":"https:\/\/volovape.com\/it\/wp-json\/wp\/v2\/comments?post=35556"}],"wp:featuredmedia":[{"embeddable":true,"href":"https:\/\/volovape.com\/it\/wp-json\/wp\/v2\/media\/35562"}],"wp:attachment":[{"href":"https:\/\/volovape.com\/it\/wp-json\/wp\/v2\/media?parent=35556"}],"wp:term":[{"taxonomy":"product_brand","embeddable":true,"href":"https:\/\/volovape.com\/it\/wp-json\/wp\/v2\/product_brand?post=35556"},{"taxonomy":"product_cat","embeddable":true,"href":"https:\/\/volovape.com\/it\/wp-json\/wp\/v2\/product_cat?post=35556"},{"taxonomy":"product_tag","embeddable":true,"href":"https:\/\/volovape.com\/it\/wp-json\/wp\/v2\/product_tag?post=35556"}],"curies":[{"name":"scrivere","href":"https:\/\/api.w.org\/{rel}","templated":true}]}}