{"id":34627,"date":"2025-08-16T11:41:20","date_gmt":"2025-08-16T11:41:20","guid":{"rendered":"https:\/\/volovape.com\/?post_type=product&#038;p=34627"},"modified":"2026-05-06T12:42:57","modified_gmt":"2026-05-06T12:42:57","slug":"waspe-100000puffs-4-in-1","status":"publish","type":"product","link":"https:\/\/volovape.com\/it\/product\/waspe-100000puffs-4-in-1\/","title":{"rendered":"WASPE 4-in-1 Flavor 100K Puffs | 100.000 puff usa e getta con 4 sapori e ingrosso all'ingrosso"},"content":{"rendered":"<h3>Perch\u00e9 scegliere WASPE 4in1 Flavor 100000 Puffs?<\/h3>\n<ul>\n<li>\ud83d\udd04 Sistema di commutazione del gusto 4-in-1: Godetevi quattro sapori diversi in un unico dispositivo senza dover cambiare le cialde.<\/li>\n<li>\ud83d\udca8 Capacit\u00e0 di 100.000 puff: Progettata per un uso prolungato, garantisce un'esperienza di vaping di lunga durata.<\/li>\n<li>\ud83d\udd0b Batteria ricaricabile da 650 mAh: Ricarica rapida ed efficiente con Type-C per la massima comodit\u00e0.<\/li>\n<li>\ud83d\udd25 Quad Mesh Coils: Produce un vapore omogeneo e un sapore ricco ad ogni boccata.<\/li>\n<li>\ud83e\uddc3 Capacit\u00e0 di 56 ml di liquido elettronico: Continuate a svapare pi\u00f9 a lungo con meno ricariche.<\/li>\n<li>\ud83d\udce6 Perfetto per la vendita all'ingrosso: Compatto e resistente, progettato per ordini all'ingrosso, con opzioni di gusto flessibili.<\/li>\n<\/ul>\n<p>Questa svapata \u00e8 perfetta per gli utenti pi\u00f9 esigenti e per gli amanti dei sapori, in quanto offre tutto ci\u00f2 di cui si ha bisogno in un unico dispositivo elegante. Ideale per i vape shop, i distributori e gli ordini all'ingrosso, la WASPE 4in1 Flavor 100000 Puffs offre variet\u00e0, affidabilit\u00e0 e prestazioni imbattibili. Ordinate in blocco e approfittate dei prezzi scontati!<\/p>\n<h3>WASPE 4in1 Flavor 100000 Puffs | Panoramica e caratteristiche<\/h3>\n<p>L'WASPE 4in1 Flavor 100000 Puffs \u00e8 stato progettato per offrire un'esperienza di svapo all'avanguardia. Con la possibilit\u00e0 di passare da un aroma all'altro, una batteria ricaricabile da 650 mAh e ben 100.000 boccate, questo dispositivo \u00e8 ideale per chi desidera variet\u00e0 e prestazioni di lunga durata. Che siate appassionati di aromi o vaper accaniti, la WASPE 4in1 Flavor \u00e8 la scelta perfetta per chi esige qualit\u00e0 e convenienza. Disponibile per ordini all'ingrosso presso Gleevape, l'affidabile fornitore europeo di vape a basso contenuto di nicotina. \ud83d\udd25\ud83d\udca8<\/p>\n<h3>Specifiche:<\/h3>\n<table>\n<tbody>\n<tr>\n<th>Caratteristica<\/th>\n<th>Dettagli<\/th>\n<\/tr>\n<tr>\n<td>Capacit\u00e0 di sbuffo<\/td>\n<td>100.000 soffi<\/td>\n<\/tr>\n<tr>\n<td>Capacit\u00e0 di e-liquid<\/td>\n<td>56mL<\/td>\n<\/tr>\n<tr>\n<td>Batteria<\/td>\n<td>650mAh Ricaricabile, Tipo-C<\/td>\n<\/tr>\n<tr>\n<td>Tipo di bobina<\/td>\n<td>1.0\u03a9 Maglia quadrata<\/td>\n<\/tr>\n<tr>\n<td>Opzioni di nicotina<\/td>\n<td>0%, 2%, 5%<\/td>\n<\/tr>\n<tr>\n<td>Porta di ricarica<\/td>\n<td>Tipo-C<\/td>\n<\/tr>\n<tr>\n<td>Dimensione del prodotto<\/td>\n<td>47 \u00d7 47 \u00d7 118 mm<\/td>\n<\/tr>\n<tr>\n<td>Peso per dispositivo<\/td>\n<td>142g<\/td>\n<\/tr>\n<\/tbody>\n<\/table>\n<h3>Aromi in stock:<\/h3>\n<p>Ghiaccio all'anguria e fragola Kiwi e lampone Anguria e limone Lime<\/p>\n<p>Anguria alla fragola &amp; Mr. Blue &amp; Ghiaccio all'uva &amp; Caramelle arcobaleno<\/p>\n<p>Red Bull Ice &amp; Banana Ice &amp; Ananas Coconut Ice &amp; Triplo Mango Ice<\/p>\n<p>Fragola, lampone, ciliegia e ciliegia pazza, ciliegia blu e cola.<\/p>\n<p>Banana alla fragola &amp; Red Bull alla fragola &amp; Mango alla fragola &amp; Limonata rosa<\/p>\n<p>Ghiaccio al mirtillo &amp; Cavaliere nero &amp; Ghiaccio alla fragola &amp; Anguria alla fragola<\/p>\n<p>Ghiaccio alla ciliegia e fragola Ghiaccio alla ciliegia e fragola Ghiaccio alla cola e fragola Anguria Bubblegum<\/p>\n<p>Ghiaccio alla pesca succosa &amp; Frutta tropicale &amp; Esplosione di frutta &amp; Bacca di pesca<\/p>\n<p>Ghiaccio d'uva e fragola Kiwi e fragola Lampone ciliegia e cavaliere nero<\/p>\n<p>Frutti di bosco e doppia mela Ghiaccio e mirtillo Lampone e miele di mirtillo<\/p>\n<p>Red Bull alla fragola e Bubblegum all'anguria e Red Bull Ice e Cherry Cola Ice<\/p>\n<p>Lampone al mirtillo e limonata al mirtillo e frutti di bosco misti e ghiaccio al miele d'uva<\/p>","protected":false},"excerpt":{"rendered":"<p>Scoprite la svapata monouso WASPE 4in1 Flavor 100000 Puffs. Caratterizzata da 4 gusti commutabili, un'enorme capacit\u00e0 di 100.000 puff e ricaricabile per prestazioni di lunga durata. Perfetta per gli acquisti all'ingrosso!<\/p>","protected":false},"featured_media":35714,"comment_status":"open","ping_status":"closed","template":"","meta":[],"product_brand":[245],"product_cat":[17,249,230],"product_tag":[],"class_list":{"0":"post-34627","1":"product","2":"type-product","3":"status-publish","4":"has-post-thumbnail","6":"product_brand-waspe","7":"product_cat-waspe","8":"product_cat-100k-puffs-disposable-vape","9":"product_cat-new","11":"first","12":"instock","13":"shipping-taxable","14":"purchasable","15":"product-type-variable","16":"has-default-attributes"},"jetpack_sharing_enabled":true,"tiered_pricing_type":"fixed","tiered_pricing_fixed_rules":{"30":9.6300000000000007815970093361102044582366943359375,"50":7.9000000000000003552713678800500929355621337890625,"100":7.6500000000000003552713678800500929355621337890625,"200":6.9900000000000002131628207280300557613372802734375,"400":6.54000000000000003552713678800500929355621337890625},"tiered_pricing_product_settings":{"layout":"default","base_unit_name":{"singular":null,"plural":null},"default_variation":null},"tiered_pricing_minimum_quantity":10,"tiered_pricing_roles_data":[],"tiered_pricing_percentage_rules":[],"tiered_pricing_maximum_quantity":null,"tiered_pricing_quantity_step":"10","_links":{"self":[{"href":"https:\/\/volovape.com\/it\/wp-json\/wp\/v2\/product\/34627","targetHints":{"allow":["GET"]}}],"collection":[{"href":"https:\/\/volovape.com\/it\/wp-json\/wp\/v2\/product"}],"about":[{"href":"https:\/\/volovape.com\/it\/wp-json\/wp\/v2\/types\/product"}],"replies":[{"embeddable":true,"href":"https:\/\/volovape.com\/it\/wp-json\/wp\/v2\/comments?post=34627"}],"wp:featuredmedia":[{"embeddable":true,"href":"https:\/\/volovape.com\/it\/wp-json\/wp\/v2\/media\/35714"}],"wp:attachment":[{"href":"https:\/\/volovape.com\/it\/wp-json\/wp\/v2\/media?parent=34627"}],"wp:term":[{"taxonomy":"product_brand","embeddable":true,"href":"https:\/\/volovape.com\/it\/wp-json\/wp\/v2\/product_brand?post=34627"},{"taxonomy":"product_cat","embeddable":true,"href":"https:\/\/volovape.com\/it\/wp-json\/wp\/v2\/product_cat?post=34627"},{"taxonomy":"product_tag","embeddable":true,"href":"https:\/\/volovape.com\/it\/wp-json\/wp\/v2\/product_tag?post=34627"}],"curies":[{"name":"scrivere","href":"https:\/\/api.w.org\/{rel}","templated":true}]}}