{"id":31957,"date":"2025-07-02T03:28:59","date_gmt":"2025-07-02T03:28:59","guid":{"rendered":"https:\/\/volovape.com\/?post_type=product&#038;p=31957"},"modified":"2025-11-19T01:46:56","modified_gmt":"2025-11-19T01:46:56","slug":"mrvi-in-crescita-di-60k","status":"publish","type":"product","link":"https:\/\/volovape.com\/it\/product\/mrvi-growing-60k\/","title":{"rendered":"MRVI GROWING 60K 3T SPIN 60000 Puffs | triplo sapore monouso vape all'ingrosso"},"content":{"rendered":"<h2>MRVI Crescendo 60K Spin | Triplo sapore Vape usa e getta<\/h2>\n<h3>Perch\u00e9 scegliere il modello MRVI con rotazione a 60K? \u2728<\/h3>\n<p>Sperimentate il massimo della praticit\u00e0 e del sapore del vaping con la <strong>MRVI Crescita di 60.000 giri<\/strong> vape usa e getta! Godetevi fino a <strong>60.000 soffi lisci<\/strong> grazie all'innovativo interruttore a triplo gusto, che garantisce un intrattenimento continuo delle vostre papille gustative. Perfetta per gli utilizzatori intensivi, gli appassionati di aromi e i proprietari di vape shop che cercano un prodotto all'ingrosso di grande successo.<\/p>\n<ul>\n<li>\ud83d\udd25 <strong>Rotazione a tre sapori:<\/strong> Passate da un gusto all'altro su richiesta!<\/li>\n<li>\ud83d\udca8 <strong>Massiccia capacit\u00e0 di 48 ml di liquido elettronico:<\/strong> Pi\u00f9 boccate, meno ricariche, puro divertimento.<\/li>\n<li>\u26a1 <strong>Ricarica rapida:<\/strong> Dotato di batteria ricaricabile da 650 mAh e porta Type-C.<\/li>\n<li>\ud83d\udda5\ufe0f <strong>Schermo intelligente:<\/strong> Monitorare facilmente i livelli di batteria e di e-liquid.<\/li>\n<li>\ud83d\udc8e <strong>Design premium:<\/strong> Estetica cristallina costruita per stupire.<\/li>\n<\/ul>\n<h3>Specifiche del prodotto \ud83d\udccb<\/h3>\n<ul>\n<li><strong>Numero di boccate:<\/strong> Fino a 60.000 soffi<\/li>\n<li><strong>Capacit\u00e0 e-liquid:<\/strong> 48mL<\/li>\n<li><strong>Batteria:<\/strong> 650 mAh (ricaricabile)<\/li>\n<li><strong>Porta di ricarica:<\/strong> Tipo-C<\/li>\n<li><strong>Caratteristiche:<\/strong> Interruttore a triplo gusto, display intelligente<\/li>\n<\/ul>\n<h3>Elenco di sapori entusiasmanti \ud83c\udf53\ud83c\udf6c\u2744\ufe0f<\/h3>\n<p>Esplorate una gamma dinamica di sapori che rendono ogni boccata fresca ed eccitante:<\/p>\n<ul>\n<li>Ghiaccio all'anguria \ud83c\udf49\u2744\ufe0f<\/li>\n<li>Orso gommoso \ud83d\udc3b\ud83c\udf6d<\/li>\n<li>Cherry Candy Ice \ud83c\udf52\ud83c\udf6c\u2744\ufe0f<\/li>\n<li>...e molti altri! (L'elenco dei sapori specifici pu\u00f2 essere ampliato qui, se disponibile)<\/li>\n<\/ul>","protected":false},"excerpt":{"rendered":"<p><strong>Scatenate la libert\u00e0 del triplo gusto con il modello MRVI Growing 60K Spin.<\/strong> Costruito per i vapers che vogliono di pi\u00f9 - pi\u00f9 boccate, pi\u00f9 sapori, pi\u00f9 soddisfazione<\/p>","protected":false},"featured_media":32246,"comment_status":"open","ping_status":"closed","template":"","meta":[],"product_brand":[240],"product_cat":[55,230],"product_tag":[],"class_list":{"0":"post-31957","1":"product","2":"type-product","3":"status-publish","4":"has-post-thumbnail","6":"product_brand-mrvi","7":"product_cat-mrvi","8":"product_cat-new","10":"first","11":"instock","12":"shipping-taxable","13":"purchasable","14":"product-type-variable","15":"has-default-attributes"},"jetpack_sharing_enabled":true,"tiered_pricing_type":"fixed","tiered_pricing_fixed_rules":{"100":6.910000000000000142108547152020037174224853515625,"200":6.54000000000000003552713678800500929355621337890625,"400":6.11000000000000031974423109204508364200592041015625},"tiered_pricing_product_settings":{"layout":"default","base_unit_name":{"singular":null,"plural":null},"default_variation":null},"tiered_pricing_minimum_quantity":50,"tiered_pricing_roles_data":[],"tiered_pricing_percentage_rules":[],"tiered_pricing_maximum_quantity":null,"tiered_pricing_quantity_step":"10","_links":{"self":[{"href":"https:\/\/volovape.com\/it\/wp-json\/wp\/v2\/product\/31957","targetHints":{"allow":["GET"]}}],"collection":[{"href":"https:\/\/volovape.com\/it\/wp-json\/wp\/v2\/product"}],"about":[{"href":"https:\/\/volovape.com\/it\/wp-json\/wp\/v2\/types\/product"}],"replies":[{"embeddable":true,"href":"https:\/\/volovape.com\/it\/wp-json\/wp\/v2\/comments?post=31957"}],"wp:featuredmedia":[{"embeddable":true,"href":"https:\/\/volovape.com\/it\/wp-json\/wp\/v2\/media\/32246"}],"wp:attachment":[{"href":"https:\/\/volovape.com\/it\/wp-json\/wp\/v2\/media?parent=31957"}],"wp:term":[{"taxonomy":"product_brand","embeddable":true,"href":"https:\/\/volovape.com\/it\/wp-json\/wp\/v2\/product_brand?post=31957"},{"taxonomy":"product_cat","embeddable":true,"href":"https:\/\/volovape.com\/it\/wp-json\/wp\/v2\/product_cat?post=31957"},{"taxonomy":"product_tag","embeddable":true,"href":"https:\/\/volovape.com\/it\/wp-json\/wp\/v2\/product_tag?post=31957"}],"curies":[{"name":"scrivere","href":"https:\/\/api.w.org\/{rel}","templated":true}]}}