{"id":31950,"date":"2025-07-02T03:28:57","date_gmt":"2025-07-02T03:28:57","guid":{"rendered":"https:\/\/volovape.com\/?post_type=product&#038;p=31950"},"modified":"2026-04-14T06:10:42","modified_gmt":"2026-04-14T06:10:42","slug":"vopk-ultra-40000-soffi","status":"publish","type":"product","link":"https:\/\/volovape.com\/it\/product\/vopk-ultra-40000-puffs\/","title":{"rendered":"VOPK Ultra 40000 Puffs | vape monouso a doppio sapore e potenza regolabile"},"content":{"rendered":"<h2>VOPK Ultra 40000 boccate | Sapore doppio Potenza regolabile Vape monouso \ud83d\ude80<\/h2>\n<p>Provate il massimo del vaping con il <b>VOPK Ultra 40000 soffi<\/b>! Questo avanzato vape monouso offre una combinazione impareggiabile di innovazione e sapore. Con <b>doppio aroma regolabile<\/b>, una massiccia <b>Capacit\u00e0 di 40.000 soffi<\/b>, e <b>display intelligenti in tempo reale<\/b>Per questo motivo \u00e8 possibile ottenere un tiro sempre soddisfacente. Perfetta per gli appassionati di aromi e per i vapers pi\u00f9 accaniti, la VOPK Ultra offre prestazioni, sicurezza e variet\u00e0 imbattibili. \ud83d\udcaf<\/p>\n<h3>Caratteristiche principali:<\/h3>\n<ul>\n<li>\ud83d\udd0b <b>Batteria ricaricabile da 850 mAh:<\/b> Potenza di lunga durata per sessioni di svapo prolungate.<\/li>\n<li>\ud83c\udf08 <b>Cialde a doppio gusto:<\/b> Cambia o combina istantaneamente due sapori deliziosi.<\/li>\n<li>\u26a1 <b>Modalit\u00e0 di alimentazione regolabile:<\/b> Personalizzate la produzione di vapore da lieve a intensa.<\/li>\n<li>\ud83d\udee1\ufe0f <b>Sicurezza per i bambini:<\/b> Godetevi la tranquillit\u00e0 con una maggiore sicurezza.<\/li>\n<li>\ud83d\udcca <b>Schermo LED:<\/b> Monitorare facilmente i livelli di e-liquid e batteria in tempo reale.<\/li>\n<li>\ud83d\udca8 <b>Capacit\u00e0 36 ml di liquido elettronico:<\/b> Pre-riempito per comodit\u00e0 e per un uso prolungato.<\/li>\n<li>\ud83c\udf2c\ufe0f <b>Sistema a quattro maglie:<\/b> Assicura un sapore morbido, deciso e costante.<\/li>\n<li>opzioni di nicotina da <b>0%-5%<\/b><\/li>\n<\/ul>\n<h3>Combinazioni popolari a doppio gusto: \ud83c\udf53\ud83c\udf47<\/h3>\n<ul>\n<li>Fragola Anguria \/ Kiwi Frutto della passione Guava<\/li>\n<li>Mirtillo Lampone \/ Mango Pesca Anguria<\/li>\n<li>Orso gommoso Blue Razz \/ Fragola Kiwi<\/li>\n<li>Ciliegia Blu Razz \/ Lampone Fragola<\/li>\n<li>Fizzy Limone e lime \/ Anguria Menta fresca<\/li>\n<li>Ananas blu Razz \/ Triplo mango<\/li>\n<li>Uva e frutti di bosco \/ Pera e lampone<\/li>\n<li>Fragola Mirtillo Rosso Ciliegia \/ Ananas Passione Lime<\/li>\n<li>Mentolo alla fragola e mirtillo \/ Mentolo al lampone e mirtillo<\/li>\n<\/ul>\n<p>Disponibile all'ingrosso in comode confezioni da 10 pezzi. Eleva la tua esperienza di svapo con VOPK Ultra! \u2728<\/p>","protected":false},"excerpt":{"rendered":"<p>\ud83d\ude80 <strong>Provate l'inarrestabile libert\u00e0 del gusto con la VOPK Ultra 40000 Puffs<\/strong> - un concentrato di potenza a doppio gusto costruito per coloro che si rifiutano di accontentarsi.<\/p>","protected":false},"featured_media":32160,"comment_status":"open","ping_status":"closed","template":"","meta":[],"product_brand":[233],"product_cat":[74,230,65],"product_tag":[],"class_list":{"0":"post-31950","1":"product","2":"type-product","3":"status-publish","4":"has-post-thumbnail","6":"product_brand-okso","7":"product_cat-40000-puffs-disposable-vape","8":"product_cat-new","9":"product_cat-vopk","11":"first","12":"instock","13":"shipping-taxable","14":"purchasable","15":"product-type-variable","16":"has-default-attributes"},"jetpack_sharing_enabled":true,"tiered_pricing_type":"fixed","tiered_pricing_fixed_rules":{"30":7.839999999999999857891452847979962825775146484375,"50":6.79000000000000003552713678800500929355621337890625,"100":6.1699999999999999289457264239899814128875732421875,"200":5.79999999999999982236431605997495353221893310546875,"400":5.37000000000000010658141036401502788066864013671875},"tiered_pricing_product_settings":{"layout":"default","base_unit_name":{"singular":null,"plural":null},"default_variation":null},"tiered_pricing_minimum_quantity":10,"tiered_pricing_roles_data":[],"tiered_pricing_percentage_rules":[],"tiered_pricing_maximum_quantity":null,"tiered_pricing_quantity_step":"10","_links":{"self":[{"href":"https:\/\/volovape.com\/it\/wp-json\/wp\/v2\/product\/31950","targetHints":{"allow":["GET"]}}],"collection":[{"href":"https:\/\/volovape.com\/it\/wp-json\/wp\/v2\/product"}],"about":[{"href":"https:\/\/volovape.com\/it\/wp-json\/wp\/v2\/types\/product"}],"replies":[{"embeddable":true,"href":"https:\/\/volovape.com\/it\/wp-json\/wp\/v2\/comments?post=31950"}],"wp:featuredmedia":[{"embeddable":true,"href":"https:\/\/volovape.com\/it\/wp-json\/wp\/v2\/media\/32160"}],"wp:attachment":[{"href":"https:\/\/volovape.com\/it\/wp-json\/wp\/v2\/media?parent=31950"}],"wp:term":[{"taxonomy":"product_brand","embeddable":true,"href":"https:\/\/volovape.com\/it\/wp-json\/wp\/v2\/product_brand?post=31950"},{"taxonomy":"product_cat","embeddable":true,"href":"https:\/\/volovape.com\/it\/wp-json\/wp\/v2\/product_cat?post=31950"},{"taxonomy":"product_tag","embeddable":true,"href":"https:\/\/volovape.com\/it\/wp-json\/wp\/v2\/product_tag?post=31950"}],"curies":[{"name":"scrivere","href":"https:\/\/api.w.org\/{rel}","templated":true}]}}