{"id":31946,"date":"2025-07-02T03:28:55","date_gmt":"2025-07-02T03:28:55","guid":{"rendered":"https:\/\/volovape.com\/?post_type=product&#038;p=31946"},"modified":"2026-04-14T06:24:46","modified_gmt":"2026-04-14T06:24:46","slug":"okso-shisha-max-40000-boccate","status":"publish","type":"product","link":"https:\/\/volovape.com\/it\/product\/okso-shisha-max-40000-puffs\/","title":{"rendered":"OKSO Shisha Max 40K | bobina a rete, display a LED vape monouso sfuso"},"content":{"rendered":"<h2>\ud83d\udd25 Perch\u00e9 scegliere OKSO Shisha Max 40K?<\/h2>\n<p>Elevate la vostra esperienza di vaping con il <strong>OKSO Shisha Max 40K<\/strong>progettato per la massima soddisfazione e controllo. Godetevi una sorprendente <strong>40.000 boccate<\/strong> da un unico dispositivo! \ud83d\ude80 La sua avanzata <strong>bobina a maglie<\/strong> La tecnologia assicura un sapore sempre ricco e omogeneo, mentre l'intuitiva tecnologia di <strong>Display a LED<\/strong> vi tiene informati sulla durata della batteria e sul conteggio dei tiri. Personalizzate la vostra svapata con le impostazioni di potenza e flusso d'aria regolabili. Con una robusta <strong>Batteria ricaricabile da 800 mAh<\/strong> e la ricarica rapida Type-C, sarete sempre pronti a partire. Inoltre, un dispositivo integrato <strong>blocco del bambino<\/strong> garantisce una maggiore tranquillit\u00e0. Perfetta per i vapers che cercano longevit\u00e0, sapore e flessibilit\u00e0, e un'eccellente opzione all'ingrosso per i rivenditori!<\/p>\n<h2>\u2728 Specifiche del prodotto:<\/h2>\n<ul>\n<li><strong>Numero di boccate:<\/strong> Fino a 40.000 soffi<\/li>\n<li><strong>Capacit\u00e0 e-liquid:<\/strong> 36 ml (pre-riempito)<\/li>\n<li><strong>Tipo di bobina:<\/strong> Bobina a rete per un sapore e una produzione di vapore superiori<\/li>\n<li><strong>Display:<\/strong> Schermo LED (batteria e conteggio dei consumi)<\/li>\n<li><strong>Batteria:<\/strong> 800mAh ricaricabile<\/li>\n<li><strong>Ricarica:<\/strong> Ricarica rapida di tipo C<\/li>\n<li><strong>Concentrazioni di nicotina:<\/strong> 0%, 2%, 3%, 5% (in volume)<\/li>\n<li><strong>Caratteristiche:<\/strong> Flusso d'aria regolabile, potenza regolabile, blocco per bambini<\/li>\n<\/ul>\n<h2>\ud83c\udf53 Elenco dei sapori:<\/h2>\n<ul>\n<li>Due Mele \ud83c\udf4f\ud83c\udf4f\ud83c\udf4f<\/li>\n<li>Menta d'uva \ud83c\udf47\ud83c\udf43<\/li>\n<li>Fiesta alla ciliegia \ud83c\udf52\ud83c\udf89<\/li>\n<li>Ghiaccio alla pesca \ud83c\udf51\ud83e\uddca<\/li>\n<li>Amore magico \u2728\u2764\ufe0f<\/li>\n<li>Punch alla fragola \ud83c\udf53\ud83d\udca5<\/li>\n<li>Ghiaccio blu Razz \ud83d\udc99\ud83e\uddca<\/li>\n<li>Ghiaccio Lush \ud83c\udf49\u2744\ufe0f<\/li>\n<li>Anguria alla fragola \ud83c\udf53\ud83c\udf49\ud83c\udf49<\/li>\n<li>Menta a bacca \ud83c\udf53\ud83c\udf43<\/li>\n<\/ul>","protected":false},"excerpt":{"rendered":"<p>OKSO Shisha Max 40K monouso eroga fino a 40.000 boccate con controllo della potenza, regolazione del flusso d'aria e 10 ricchi aromi, per un piacere di svapo duraturo, personalizzabile e saporito.<\/p>","protected":false},"featured_media":32093,"comment_status":"open","ping_status":"closed","template":"","meta":[],"product_brand":[233],"product_cat":[74,230,229],"product_tag":[],"class_list":{"0":"post-31946","1":"product","2":"type-product","3":"status-publish","4":"has-post-thumbnail","6":"product_brand-okso","7":"product_cat-40000-puffs-disposable-vape","8":"product_cat-new","9":"product_cat-okso","11":"first","12":"instock","13":"shipping-taxable","14":"purchasable","15":"product-type-variable","16":"has-default-attributes"},"jetpack_sharing_enabled":true,"tiered_pricing_type":"fixed","tiered_pricing_fixed_rules":{"30":7.589999999999999857891452847979962825775146484375,"50":6.519999999999999573674358543939888477325439453125,"100":5.9000000000000003552713678800500929355621337890625,"200":5.53000000000000024868995751603506505489349365234375,"400":5.0999999999999996447286321199499070644378662109375},"tiered_pricing_product_settings":{"layout":"default","base_unit_name":{"singular":null,"plural":null},"default_variation":null},"tiered_pricing_minimum_quantity":10,"tiered_pricing_roles_data":[],"tiered_pricing_percentage_rules":[],"tiered_pricing_maximum_quantity":null,"tiered_pricing_quantity_step":"10","_links":{"self":[{"href":"https:\/\/volovape.com\/it\/wp-json\/wp\/v2\/product\/31946","targetHints":{"allow":["GET"]}}],"collection":[{"href":"https:\/\/volovape.com\/it\/wp-json\/wp\/v2\/product"}],"about":[{"href":"https:\/\/volovape.com\/it\/wp-json\/wp\/v2\/types\/product"}],"replies":[{"embeddable":true,"href":"https:\/\/volovape.com\/it\/wp-json\/wp\/v2\/comments?post=31946"}],"wp:featuredmedia":[{"embeddable":true,"href":"https:\/\/volovape.com\/it\/wp-json\/wp\/v2\/media\/32093"}],"wp:attachment":[{"href":"https:\/\/volovape.com\/it\/wp-json\/wp\/v2\/media?parent=31946"}],"wp:term":[{"taxonomy":"product_brand","embeddable":true,"href":"https:\/\/volovape.com\/it\/wp-json\/wp\/v2\/product_brand?post=31946"},{"taxonomy":"product_cat","embeddable":true,"href":"https:\/\/volovape.com\/it\/wp-json\/wp\/v2\/product_cat?post=31946"},{"taxonomy":"product_tag","embeddable":true,"href":"https:\/\/volovape.com\/it\/wp-json\/wp\/v2\/product_tag?post=31946"}],"curies":[{"name":"scrivere","href":"https:\/\/api.w.org\/{rel}","templated":true}]}}