{"id":31210,"date":"2025-08-16T11:41:05","date_gmt":"2025-08-16T11:41:05","guid":{"rendered":"https:\/\/volovape.com\/?post_type=product&#038;p=31210"},"modified":"2026-04-14T05:59:35","modified_gmt":"2026-04-14T05:59:35","slug":"leopardo-fumot-40k","status":"publish","type":"product","link":"https:\/\/volovape.com\/it\/product\/fumot-leopard-40k\/","title":{"rendered":"Fumot Leopard 40K | 40.000 Puffs, vape ricaricabile usa e getta all'ingrosso"},"content":{"rendered":"<p><!-- SEO Description --><\/p>\n<p>Presentazione del <strong>Fumot Leopard 40K<\/strong> - la svapata usa e getta per eccellenza che combina convenienza, stile e prestazioni. Con un massimo di 40.000 boccate, questa elegante svapata offre un'esperienza soddisfacente dall'inizio alla fine. Il <strong>16 gusti irresistibili<\/strong> sono perfetti per gli amanti del gusto, mentre la funzione di ricarica USB-C garantisce di non rimanere mai senza energia. Progettata con un'opzione di nicotina 2%, \u00e8 ideale per chi preferisce un tiro morbido e controllato. Che siate forti fumatori o distributori, Fumot Leopard 40K soddisfa le vostre esigenze.<\/p>\n<h3>Perch\u00e9 scegliere Fumot Leopard 40K?<\/h3>\n<ul>\n<li>40.000 boccate di soddisfazione liscia e duratura.<\/li>\n<li>Ricaricabile tramite USB-C per la massima comodit\u00e0.<\/li>\n<li>16 gusti unici ed entusiasmanti tra cui scegliere.<\/li>\n<li>2% intensit\u00e0 di nicotina ideale per un tiro controllato e regolare.<\/li>\n<li>Perfetto per gli amanti del gusto, i vapers pi\u00f9 esigenti e i distributori.<\/li>\n<\/ul>\n<p><!-- Conclusion --><\/p>\n<p>Sia che siate utilizzatori assidui, appassionati di aromi o distributori di vape, il <strong>Fumot Leopard 40K<\/strong> \u00e8 la scelta perfetta. Con il suo numero di puff di lunga durata, la comoda ricaricabilit\u00e0 USB-C e l'ampia gamma di aromi, \u00e8 in grado di soddisfare le vostre esigenze di vaping. Disponibile ora per ordini all'ingrosso, ideale per i vape shop e la distribuzione all'ingrosso.<\/p>\n<p><!-- Specifications Table --><\/p>\n<h3>Specifiche:<\/h3>\n<table>\n<tbody>\n<tr>\n<th>Caratteristica<\/th>\n<th>Dettagli<\/th>\n<\/tr>\n<tr>\n<td>Capacit\u00e0 di sbuffo<\/td>\n<td>40.000 boccate<\/td>\n<\/tr>\n<tr>\n<td>Capacit\u00e0 di e-liquid<\/td>\n<td>20 mL<\/td>\n<\/tr>\n<tr>\n<td>Forza della nicotina<\/td>\n<td>2%<\/td>\n<\/tr>\n<tr>\n<td>Batteria<\/td>\n<td>Ricaricabile tramite USB-C<\/td>\n<\/tr>\n<tr>\n<td>Sapori<\/td>\n<td>16 gusti<\/td>\n<\/tr>\n<tr>\n<td>Tipo di bobina<\/td>\n<td>Bobina a rete premium<\/td>\n<\/tr>\n<tr>\n<td>Design<\/td>\n<td>Design moderno ed elegante<\/td>\n<\/tr>\n<\/tbody>\n<\/table>\n<p><!-- Flavor List --><\/p>\n<h3>Gusti disponibili:<\/h3>\n<ul>\n<li>Ghiaccio al mango<\/li>\n<li>Esplosione di bacche<\/li>\n<li>Anguria congelata<\/li>\n<li>Limonata alla fragola<\/li>\n<li>Punch alla pesca<\/li>\n<li>Mentolo<\/li>\n<li>E altro ancora!<\/li>\n<\/ul>\n<p><!-- Why Choose Fumot Leopard 40K --><\/p>\n<p><!-- Meta Description --><\/p>\n<p><img data-recalc-dims=\"1\" loading=\"lazy\" decoding=\"async\" class=\"alignnone wp-image-31278 size-full\" src=\"https:\/\/i0.wp.com\/volovape.com\/wp-content\/uploads\/2025\/06\/%E7%BA%BF%E4%B8%8BA4%E6%B5%B7%E6%8A%A5-Leopard-40k.jpg?resize=1357%2C1920&#038;ssl=1\" alt=\"\" width=\"1357\" height=\"1920\" title=\"\" srcset=\"https:\/\/i0.wp.com\/volovape.com\/wp-content\/uploads\/2025\/06\/%E7%BA%BF%E4%B8%8BA4%E6%B5%B7%E6%8A%A5-Leopard-40k.jpg?w=1357&amp;ssl=1 1357w, https:\/\/i0.wp.com\/volovape.com\/wp-content\/uploads\/2025\/06\/%E7%BA%BF%E4%B8%8BA4%E6%B5%B7%E6%8A%A5-Leopard-40k.jpg?resize=212%2C300&amp;ssl=1 212w, https:\/\/i0.wp.com\/volovape.com\/wp-content\/uploads\/2025\/06\/%E7%BA%BF%E4%B8%8BA4%E6%B5%B7%E6%8A%A5-Leopard-40k.jpg?resize=724%2C1024&amp;ssl=1 724w, https:\/\/i0.wp.com\/volovape.com\/wp-content\/uploads\/2025\/06\/%E7%BA%BF%E4%B8%8BA4%E6%B5%B7%E6%8A%A5-Leopard-40k.jpg?resize=768%2C1087&amp;ssl=1 768w, https:\/\/i0.wp.com\/volovape.com\/wp-content\/uploads\/2025\/06\/%E7%BA%BF%E4%B8%8BA4%E6%B5%B7%E6%8A%A5-Leopard-40k.jpg?resize=1086%2C1536&amp;ssl=1 1086w, https:\/\/i0.wp.com\/volovape.com\/wp-content\/uploads\/2025\/06\/%E7%BA%BF%E4%B8%8BA4%E6%B5%B7%E6%8A%A5-Leopard-40k.jpg?resize=8%2C12&amp;ssl=1 8w, https:\/\/i0.wp.com\/volovape.com\/wp-content\/uploads\/2025\/06\/%E7%BA%BF%E4%B8%8BA4%E6%B5%B7%E6%8A%A5-Leopard-40k.jpg?resize=800%2C1132&amp;ssl=1 800w\" sizes=\"auto, (max-width: 1000px) 100vw, 1000px\" \/><\/p>\n<p><img data-recalc-dims=\"1\" loading=\"lazy\" decoding=\"async\" class=\"alignnone wp-image-31277 size-full\" src=\"https:\/\/i0.wp.com\/volovape.com\/wp-content\/uploads\/2025\/06\/%E5%B9%BF%E5%91%8A%E5%9B%BE-2.jpg?resize=1920%2C1231&#038;ssl=1\" alt=\"\" width=\"1920\" height=\"1231\" title=\"\" srcset=\"https:\/\/i0.wp.com\/volovape.com\/wp-content\/uploads\/2025\/06\/%E5%B9%BF%E5%91%8A%E5%9B%BE-2.jpg?w=1920&amp;ssl=1 1920w, https:\/\/i0.wp.com\/volovape.com\/wp-content\/uploads\/2025\/06\/%E5%B9%BF%E5%91%8A%E5%9B%BE-2.jpg?resize=300%2C192&amp;ssl=1 300w, https:\/\/i0.wp.com\/volovape.com\/wp-content\/uploads\/2025\/06\/%E5%B9%BF%E5%91%8A%E5%9B%BE-2.jpg?resize=1024%2C657&amp;ssl=1 1024w, https:\/\/i0.wp.com\/volovape.com\/wp-content\/uploads\/2025\/06\/%E5%B9%BF%E5%91%8A%E5%9B%BE-2.jpg?resize=768%2C492&amp;ssl=1 768w, https:\/\/i0.wp.com\/volovape.com\/wp-content\/uploads\/2025\/06\/%E5%B9%BF%E5%91%8A%E5%9B%BE-2.jpg?resize=1536%2C985&amp;ssl=1 1536w, https:\/\/i0.wp.com\/volovape.com\/wp-content\/uploads\/2025\/06\/%E5%B9%BF%E5%91%8A%E5%9B%BE-2.jpg?resize=18%2C12&amp;ssl=1 18w, https:\/\/i0.wp.com\/volovape.com\/wp-content\/uploads\/2025\/06\/%E5%B9%BF%E5%91%8A%E5%9B%BE-2.jpg?resize=800%2C513&amp;ssl=1 800w\" sizes=\"auto, (max-width: 1000px) 100vw, 1000px\" \/><\/p>\n<p><img data-recalc-dims=\"1\" loading=\"lazy\" decoding=\"async\" class=\"alignnone wp-image-31276 size-full\" src=\"https:\/\/i0.wp.com\/volovape.com\/wp-content\/uploads\/2025\/06\/%E5%B9%BF%E5%91%8A%E5%9B%BE-1.jpg?resize=1920%2C1231&#038;ssl=1\" alt=\"\" width=\"1920\" height=\"1231\" title=\"\" srcset=\"https:\/\/i0.wp.com\/volovape.com\/wp-content\/uploads\/2025\/06\/%E5%B9%BF%E5%91%8A%E5%9B%BE-1.jpg?w=1920&amp;ssl=1 1920w, https:\/\/i0.wp.com\/volovape.com\/wp-content\/uploads\/2025\/06\/%E5%B9%BF%E5%91%8A%E5%9B%BE-1.jpg?resize=300%2C192&amp;ssl=1 300w, https:\/\/i0.wp.com\/volovape.com\/wp-content\/uploads\/2025\/06\/%E5%B9%BF%E5%91%8A%E5%9B%BE-1.jpg?resize=1024%2C657&amp;ssl=1 1024w, https:\/\/i0.wp.com\/volovape.com\/wp-content\/uploads\/2025\/06\/%E5%B9%BF%E5%91%8A%E5%9B%BE-1.jpg?resize=768%2C492&amp;ssl=1 768w, https:\/\/i0.wp.com\/volovape.com\/wp-content\/uploads\/2025\/06\/%E5%B9%BF%E5%91%8A%E5%9B%BE-1.jpg?resize=1536%2C985&amp;ssl=1 1536w, https:\/\/i0.wp.com\/volovape.com\/wp-content\/uploads\/2025\/06\/%E5%B9%BF%E5%91%8A%E5%9B%BE-1.jpg?resize=18%2C12&amp;ssl=1 18w, https:\/\/i0.wp.com\/volovape.com\/wp-content\/uploads\/2025\/06\/%E5%B9%BF%E5%91%8A%E5%9B%BE-1.jpg?resize=800%2C513&amp;ssl=1 800w\" sizes=\"auto, (max-width: 1000px) 100vw, 1000px\" \/><\/p>","protected":false},"excerpt":{"rendered":"<p>Fumot Leopard 40K Disposable Vape - Provate 40.000 boccate di vaping di qualit\u00e0 superiore con un design USB-C ricaricabile e 16 sapori entusiasmanti. Perfetto per i grandi consumatori e per la distribuzione all'ingrosso!<\/p>","protected":false},"featured_media":31275,"comment_status":"open","ping_status":"closed","template":"","meta":[],"product_brand":[],"product_cat":[52],"product_tag":[],"class_list":{"0":"post-31210","1":"product","2":"type-product","3":"status-publish","4":"has-post-thumbnail","6":"product_cat-randm","8":"first","9":"instock","10":"shipping-taxable","11":"purchasable","12":"product-type-variable","13":"has-default-attributes"},"jetpack_sharing_enabled":true,"tiered_pricing_type":"fixed","tiered_pricing_fixed_rules":{"30":9.2599999999999997868371792719699442386627197265625,"50":7.46999999999999975131004248396493494510650634765625,"100":6.8499999999999996447286321199499070644378662109375,"200":6.480000000000000426325641456060111522674560546875,"400":6.04999999999999982236431605997495353221893310546875},"tiered_pricing_product_settings":{"layout":"default","base_unit_name":{"singular":null,"plural":null},"default_variation":null},"tiered_pricing_minimum_quantity":10,"tiered_pricing_roles_data":[],"tiered_pricing_percentage_rules":[],"tiered_pricing_maximum_quantity":null,"tiered_pricing_quantity_step":"10","_links":{"self":[{"href":"https:\/\/volovape.com\/it\/wp-json\/wp\/v2\/product\/31210","targetHints":{"allow":["GET"]}}],"collection":[{"href":"https:\/\/volovape.com\/it\/wp-json\/wp\/v2\/product"}],"about":[{"href":"https:\/\/volovape.com\/it\/wp-json\/wp\/v2\/types\/product"}],"replies":[{"embeddable":true,"href":"https:\/\/volovape.com\/it\/wp-json\/wp\/v2\/comments?post=31210"}],"wp:featuredmedia":[{"embeddable":true,"href":"https:\/\/volovape.com\/it\/wp-json\/wp\/v2\/media\/31275"}],"wp:attachment":[{"href":"https:\/\/volovape.com\/it\/wp-json\/wp\/v2\/media?parent=31210"}],"wp:term":[{"taxonomy":"product_brand","embeddable":true,"href":"https:\/\/volovape.com\/it\/wp-json\/wp\/v2\/product_brand?post=31210"},{"taxonomy":"product_cat","embeddable":true,"href":"https:\/\/volovape.com\/it\/wp-json\/wp\/v2\/product_cat?post=31210"},{"taxonomy":"product_tag","embeddable":true,"href":"https:\/\/volovape.com\/it\/wp-json\/wp\/v2\/product_tag?post=31210"}],"curies":[{"name":"scrivere","href":"https:\/\/api.w.org\/{rel}","templated":true}]}}