{"id":30869,"date":"2025-08-16T11:39:59","date_gmt":"2025-08-16T11:39:59","guid":{"rendered":"https:\/\/volovape.com\/?post_type=product&#038;p=30869"},"modified":"2025-10-28T04:51:04","modified_gmt":"2025-10-28T04:51:04","slug":"uwin-randm-tornado-battere-35k","status":"publish","type":"product","link":"https:\/\/volovape.com\/it\/product\/uwin-randm-tornado-beat-35k\/","title":{"rendered":"Uwin RandM tornado beat 35K: vape monouso di lunga durata all'ingrosso"},"content":{"rendered":"<h2>Uwin RandM Tornado Beat 35K Panoramica e caratteristiche<\/h2>\n<p>La Uwin RandM Tornado Beat 35K \u00e8 una svapata usa e getta di alto livello, realizzata per gli appassionati di aromi e per i consumatori pi\u00f9 esigenti. Con una notevole capacit\u00e0 di 35.000 puff, offre un'esperienza impareggiabile a ogni sessione di svapo. Questo dispositivo abbina caratteristiche ad alte prestazioni a una selezione di sapori appetitosi, sia che siate appassionati di mix fruttati che di rinfrescanti miscele ghiacciate. Perfetto per coloro che desiderano una soddisfazione di lunga durata e hit fluidi.<\/p>\n<p>Specifiche:<\/p>\n<p>Capacit\u00e0 di soffio: 35.000 soffi<\/p>\n<p>Capacit\u00e0 del liquido elettronico: 12 ml<\/p>\n<p>Batteria: 800 mAh, Tipo-C<\/p>\n<p>Tipo di bobina: Bobina a rete da 0,8\u03a9<\/p>\n<p>Opzioni di nicotina: 0%, 2%, 3%, 5%<\/p>\n<p>Display: Schermo intelligente<\/p>\n<p>Design: Compatto ed ergonomico<\/p>\n<h2>Uwin RandM Tornado Beat 35K gusti in stock:<\/h2>\n<p>Mirtillo lampone, fragola anguria, mirtillo su ghiaccio, anguria su ghiaccio, pesca estiva su ghiaccio, ciliegia su ghiaccio, fragola lampone su ghiaccio, kiwi frutto della passione, guava su ghiaccio, fragola su ghiaccio, ciliegia su ghiaccio, frutti di bosco, Mr.<\/p>\n<p>Perch\u00e9 scegliere Uwin RandM Tornado Beat 35K?<\/p>\n<p>Numero di boccate ineguagliabile: Godetevi fino a 35.000 boccate, con una durata molto pi\u00f9 lunga rispetto ai normali usa e getta.<\/p>\n<p>Opzioni a doppio gusto: Due gusti unici in un unico dispositivo offrono un'esperienza davvero personalizzabile.<\/p>\n<p>Opzioni ad alto contenuto di nicotina: Scegliete tra i livelli di nicotina 0%, 2%, 3% e 5% per soddisfare le vostre preferenze.<\/p>\n<p>Design elegante e compatto: Facile da trasportare ed elegante per il vaping in movimento.<\/p>\n<p>Caratteristiche avanzate: Visualizzazione intelligente dello schermo e ricarica Type-C per la massima comodit\u00e0.<\/p>\n<p>Ampia selezione di sapori: Oltre 12 gusti vivaci e deliziosi tra cui scegliere.<\/p>\n<h2>Perch\u00e9 Uwin RandM Tornado Beat 35K \u00e8 perfetto per voi:<\/h2>\n<p>Uwin RandM Tornado Beat 35K \u00e8 l'abbinamento perfetto sia per i vapers occasionali che per i consumatori abituali. Le sue boccate di lunga durata, la versatilit\u00e0 della gradazione di nicotina e l'impressionante gamma di aromi la rendono ideale per vape shop, distributori e grossisti. Godetevi prestazioni di alto livello e un sapore ricco in ogni boccata.<\/p>","protected":false},"excerpt":{"rendered":"<p>Uwin RandM Tornado Beat 35K \u00e8 una svapata usa e getta che offre fino a 35.000 boccate di sapore incredibile con un design elegante. Godetevi i sapori premium come il lampone e il mirtillo, l'anguria e molto altro ancora!<\/p>","protected":false},"featured_media":30870,"comment_status":"open","ping_status":"closed","template":"","meta":[],"product_brand":[],"product_cat":[16,224],"product_tag":[],"class_list":{"0":"post-30869","1":"product","2":"type-product","3":"status-publish","4":"has-post-thumbnail","6":"product_cat-volo-vape","7":"product_cat-uwin","9":"first","10":"instock","11":"shipping-taxable","12":"purchasable","13":"product-type-variable","14":"has-default-attributes"},"jetpack_sharing_enabled":true,"tiered_pricing_type":"fixed","tiered_pricing_fixed_rules":{"30":8.21000000000000085265128291212022304534912109375,"50":6.36000000000000031974423109204508364200592041015625,"100":5.7400000000000002131628207280300557613372802734375,"200":5.37000000000000010658141036401502788066864013671875,"400":4.94000000000000039079850466805510222911834716796875},"tiered_pricing_product_settings":{"layout":"default","base_unit_name":{"singular":null,"plural":null},"default_variation":null},"tiered_pricing_minimum_quantity":10,"tiered_pricing_roles_data":[],"tiered_pricing_percentage_rules":[],"tiered_pricing_maximum_quantity":null,"tiered_pricing_quantity_step":"10","_links":{"self":[{"href":"https:\/\/volovape.com\/it\/wp-json\/wp\/v2\/product\/30869","targetHints":{"allow":["GET"]}}],"collection":[{"href":"https:\/\/volovape.com\/it\/wp-json\/wp\/v2\/product"}],"about":[{"href":"https:\/\/volovape.com\/it\/wp-json\/wp\/v2\/types\/product"}],"replies":[{"embeddable":true,"href":"https:\/\/volovape.com\/it\/wp-json\/wp\/v2\/comments?post=30869"}],"wp:featuredmedia":[{"embeddable":true,"href":"https:\/\/volovape.com\/it\/wp-json\/wp\/v2\/media\/30870"}],"wp:attachment":[{"href":"https:\/\/volovape.com\/it\/wp-json\/wp\/v2\/media?parent=30869"}],"wp:term":[{"taxonomy":"product_brand","embeddable":true,"href":"https:\/\/volovape.com\/it\/wp-json\/wp\/v2\/product_brand?post=30869"},{"taxonomy":"product_cat","embeddable":true,"href":"https:\/\/volovape.com\/it\/wp-json\/wp\/v2\/product_cat?post=30869"},{"taxonomy":"product_tag","embeddable":true,"href":"https:\/\/volovape.com\/it\/wp-json\/wp\/v2\/product_tag?post=30869"}],"curies":[{"name":"scrivere","href":"https:\/\/api.w.org\/{rel}","templated":true}]}}