{"id":28648,"date":"2025-03-21T06:47:18","date_gmt":"2025-03-21T06:47:18","guid":{"rendered":"https:\/\/volovape.com\/?post_type=product&#038;p=28648"},"modified":"2026-04-08T01:51:05","modified_gmt":"2026-04-08T01:51:05","slug":"vape-60000-puff-3-in-1-monouso","status":"publish","type":"product","link":"https:\/\/volovape.com\/it\/product\/waspe-60000-puffs-3-in-1-disposable-vape\/","title":{"rendered":"WASPE 60K 3-in-1 usa e getta, tripli sapori, 60.000 boccate, ingrosso all'ingrosso"},"content":{"rendered":"<p><strong>WASPE 60K Vape monouso 3 in 1<\/strong> - Il triplo del sapore, il triplo del divertimento, con una durata senza precedenti di 60.000 boccate. Questa rivoluzionaria svapata usa e getta offre una sbalorditiva <strong>60.000 soffi<\/strong>, combinando <strong>tre sapori distinti<\/strong> in un unico elegante dispositivo. Ispirato al popolare WASPE Crystal, questo vape offre <strong>12 trii di sapori unici<\/strong>per soddisfare tutti i palati. Perfetto per la vendita all'ingrosso, questo dispositivo garantisce ai vostri clienti un piacere di svapo prolungato e diverse esperienze di gusto. Il suo design portatile e l'elevata capacit\u00e0 lo rendono una scelta eccellente sia per l'uso personale che per la vendita all'ingrosso.<\/p>\n<h3><strong>WASPE 60K 3-in-1 Caratteristiche:<\/strong><\/h3>\n<ul>\n<li>Bocconi: 60.000 bocconi (54 ml di e-liquid)<\/li>\n<li>Aromi: Design a triplo gusto 3 in 1<\/li>\n<li>Opzioni di gusto: 12 Trii di sapori unici<\/li>\n<li>Design: Elegante e portatile<\/li>\n<li>Ideale per: Ingrosso all'ingrosso<\/li>\n<\/ul>\n<h4>Domande frequenti<\/h4>\n<h5>Come funziona il meccanismo di cambio di aroma 3 in 1?<\/h5>\n<p>Il WASPE 60K 3-in-1 \u00e8 dotato di un meccanismo innovativo che consente agli utenti di passare senza problemi da un aroma all'altro. Una semplice regolazione sul dispositivo attiva le diverse camere di aromi, offrendo un'esperienza di svapo varia e piacevole senza dover ricorrere a pi\u00f9 dispositivi.<\/p>\n<h5>C'\u00e8 qualche vantaggio nel vendere all'ingrosso il WASPE 60K 3-in-1?<\/h5>\n<p>La vendita all'ingrosso garantisce l'accesso prioritario a questo prodotto molto richiesto, assicurandovi di essere tra i primi a offrirlo ai vostri clienti. Inoltre, vi permette di approfittare di prezzi convenienti per i prodotti sfusi, massimizzando la vostra redditivit\u00e0. In questo modo \u00e8 possibile soddisfare l'elevata domanda iniziale e mantenere un inventario costante.<\/p>\n<h5>Come si fa a garantire la qualit\u00e0 e la sicurezza di un dispositivo di cos\u00ec alta capacit\u00e0?<\/h5>\n<p>Ci basiamo sulla reputazione consolidata di WASPE Crystal, garantendo che il WASPE 60K 3-in-1 soddisfi rigorosi standard di qualit\u00e0 e sicurezza. Ogni dispositivo viene sottoposto a test approfonditi per garantire prestazioni costanti e sicurezza dell'utente. Supportiamo anche il pagamento con PayPal e il servizio di protezione degli acquirenti. Potete anche controllare le nostre recensioni su <a href=\"https:\/\/www.trustpilot.com\/review\/volovape.com?utm_medium=trustbox&amp;utm_source=TrustBoxReviewCollector\">TrustPilot<\/a>.<\/p>","protected":false},"excerpt":{"rendered":"<p>Scatenate la beatitudine del triplo sapore con il Vape usa e getta WASPE 60K 3-in-1! Godetevi 60.000 boccate e 3 sapori unici in un unico dispositivo elegante.<\/p>\n<p><strong>All'ingrosso<\/strong>\u00a0all'ingrosso e fare scorta di questo prodotto aggiornato. <a href=\"https:\/\/volovape.com\/it\/prodotto\/waspe-40k-doppio-sapore-gemelli-40000-boccate\/\">WASPE 40k<\/a> svapo ispirato con 12 aromi tra cui scegliere.<\/p>","protected":false},"featured_media":37388,"comment_status":"open","ping_status":"closed","template":"","meta":[],"product_brand":[],"product_cat":[17],"product_tag":[],"class_list":{"0":"post-28648","1":"product","2":"type-product","3":"status-publish","4":"has-post-thumbnail","6":"product_cat-waspe","8":"first","9":"instock","10":"shipping-taxable","11":"purchasable","12":"product-type-variable","13":"has-default-attributes"},"jetpack_sharing_enabled":true,"tiered_pricing_type":"fixed","tiered_pricing_fixed_rules":{"30":8.17999999999999971578290569595992565155029296875,"50":7.78000000000000024868995751603506505489349365234375,"100":7.28000000000000024868995751603506505489349365234375,"200":6.6699999999999999289457264239899814128875732421875,"400":6.36000000000000031974423109204508364200592041015625},"tiered_pricing_product_settings":{"layout":"default","base_unit_name":{"singular":null,"plural":null},"default_variation":null},"tiered_pricing_minimum_quantity":10,"tiered_pricing_roles_data":[],"tiered_pricing_percentage_rules":[],"tiered_pricing_maximum_quantity":null,"tiered_pricing_quantity_step":"10","_links":{"self":[{"href":"https:\/\/volovape.com\/it\/wp-json\/wp\/v2\/product\/28648","targetHints":{"allow":["GET"]}}],"collection":[{"href":"https:\/\/volovape.com\/it\/wp-json\/wp\/v2\/product"}],"about":[{"href":"https:\/\/volovape.com\/it\/wp-json\/wp\/v2\/types\/product"}],"replies":[{"embeddable":true,"href":"https:\/\/volovape.com\/it\/wp-json\/wp\/v2\/comments?post=28648"}],"wp:featuredmedia":[{"embeddable":true,"href":"https:\/\/volovape.com\/it\/wp-json\/wp\/v2\/media\/37388"}],"wp:attachment":[{"href":"https:\/\/volovape.com\/it\/wp-json\/wp\/v2\/media?parent=28648"}],"wp:term":[{"taxonomy":"product_brand","embeddable":true,"href":"https:\/\/volovape.com\/it\/wp-json\/wp\/v2\/product_brand?post=28648"},{"taxonomy":"product_cat","embeddable":true,"href":"https:\/\/volovape.com\/it\/wp-json\/wp\/v2\/product_cat?post=28648"},{"taxonomy":"product_tag","embeddable":true,"href":"https:\/\/volovape.com\/it\/wp-json\/wp\/v2\/product_tag?post=28648"}],"curies":[{"name":"scrivere","href":"https:\/\/api.w.org\/{rel}","templated":true}]}}