{"id":28646,"date":"2025-03-21T06:47:18","date_gmt":"2025-03-21T06:47:18","guid":{"rendered":"https:\/\/volovape.com\/?post_type=product&#038;p=28646"},"modified":"2026-04-29T02:09:45","modified_gmt":"2026-04-29T02:09:45","slug":"uwin-crystal-10000-puff-monouso-vape","status":"publish","type":"product","link":"https:\/\/volovape.com\/it\/product\/uwin-crystal-10000-puffs-disposable-vape\/","title":{"rendered":"Uwin Crystal 10000 Puffs ricaricabile monouso vape | 15 gusti, 0-5% nicotina, all'ingrosso"},"content":{"rendered":"<p><iframe title=\"Lettore video VideoPress\" aria-label='Lettore video VideoPress' width='421' height='750' src='https:\/\/videopress.com\/embed\/TT81Wr9Y?hd=0&amp;cover=1' frameborder='0' allowfullscreen allow='clipboard-write'><\/iframe><script src='https:\/\/v0.wordpress.com\/js\/next\/videopress-iframe.js?m=1739540970'><\/script><\/p>\n<p><strong>Uwin Crystal 10000 soffi Vape ricaricabile usa e getta<\/strong> - Sperimentate un sapore e una durata senza pari. Fate scorta di questo vape usa e getta ad alta capacit\u00e0 sia per uso personale che per lucrose opportunit\u00e0 di vendita all'ingrosso di vape usa e getta. Con un'enorme <strong>Capacit\u00e0 di 10.000 soffi<\/strong> E <strong>18 ml di e-liquid premium<\/strong>L'Uwin Crystal offre un piacere di svapo prolungato. Scegliete tra <strong>30 gusti diversi<\/strong> e nicotina di <strong>0%, 2%, 3% o 5%<\/strong> per soddisfare ogni preferenza. Dotato di un <strong>Batteria ricaricabile da 650 mAh<\/strong> E <strong>Ricarica di tipo-C<\/strong>Questo dispositivo garantisce prestazioni durature. Il <strong>Bobina con maglia da 0,8\u03a9<\/strong> esalta il sapore e la produzione di vapore, mentre la vibrante <strong>Luci RGB<\/strong> aggiungono un tocco di stile. Ideale per gli ordini all'ingrosso, ogni scatola contiene 10 unit\u00e0 e ogni cartone 200 unit\u00e0.<\/p>\n<h3><strong>Uwin Crystal 10000 Puffs Caratteristiche:<\/strong><\/h3>\n<ul>\n<li>Bign\u00e8: 10.000 Bign\u00e8<\/li>\n<li>Capacit\u00e0 del liquido elettronico: 18 ml<\/li>\n<li>Dosaggio della nicotina: 0%\/2%\/3%\/5%<\/li>\n<li>Batteria: 650mAh ricaricabile<\/li>\n<li>Ricarica: Ricarica rapida di tipo C<\/li>\n<li>Bobina: bobina a maglia da 0,8\u03a9<\/li>\n<li>Luci: Luci RGB<\/li>\n<li>Gusti: 30 gusti unici<\/li>\n<\/ul>\n<h4>Domande frequenti<\/h4>\n<h5>In quanto tempo posso ricevere il mio ordine in blocco?<\/h5>\n<p>Diamo priorit\u00e0 a una spedizione efficiente e di solito consegniamo entro 7-15 giorni lavorativi. Tuttavia, durante i periodi di punta o a causa di circostanze impreviste come festivit\u00e0 o condizioni meteorologiche avverse, la consegna potrebbe prolungarsi fino a 20 giorni lavorativi. Utilizziamo vettori affidabili come UPS, DHL, FEDEX e DPD, selezionando l'opzione migliore in base alla localit\u00e0 di consegna per garantire velocit\u00e0 e affidabilit\u00e0 ottimali.<\/p>\n<h5>Il mio ordine incontrer\u00e0 problemi doganali o spese aggiuntive?<\/h5>\n<p>Gestiamo tutti i processi di sdoganamento, assicurandovi un'esperienza senza problemi. Garantiamo che 100% dei nostri prodotti superer\u00e0 con successo la dogana e non incorrer\u00e0 in tasse inaspettate o costi aggiuntivi. Il vostro ordine arriver\u00e0 senza problemi e direttamente a destinazione.<\/p>\n<h5>I gusti e il numero di soffi elencati sono rappresentati con precisione?<\/h5>\n<p>S\u00ec, tutte le informazioni relative agli aromi e al numero di puff sono garantite come accurate. Selezioniamo e testiamo meticolosamente ogni prodotto per garantire che soddisfi i nostri rigorosi standard e fornisca esattamente ci\u00f2 che viene pubblicizzato. Con 30 gusti unici e una capacit\u00e0 confermata di 10.000 puff, riceverete sempre un prodotto di alta qualit\u00e0. Inoltre, sosteniamo la qualit\u00e0 dei nostri prodotti, consentendovi di effettuare acquisti sicuri con il pagamento tramite Paypal e rendendo disponibili le recensioni su <a href=\"https:\/\/www.trustpilot.com\/review\/volovape.com?utm_medium=trustbox&amp;utm_source=TrustBoxReviewCollector\">TrustPilot<\/a>.<\/p>","protected":false},"excerpt":{"rendered":"<p>Vi presentiamo Uwin Crystal 10000 Puffs Ricaricabile usa e getta: fino a 10.000 puff, 15 sapori audaci e opzioni di nicotina 0-5%. Dotata di una batteria da 650 mAh, ricarica Type-C e luci RGB, \u00e8 perfetta per gli ordini in blocco su VoloVape. Fate subito scorta!<\/p>","protected":false},"featured_media":28694,"comment_status":"open","ping_status":"closed","template":"","meta":[],"product_brand":[],"product_cat":[57,224],"product_tag":[],"class_list":{"0":"post-28646","1":"product","2":"type-product","3":"status-publish","4":"has-post-thumbnail","6":"product_cat-10000-puffs-disposable-vape","7":"product_cat-uwin","9":"first","10":"instock","11":"shipping-taxable","12":"purchasable","13":"product-type-variable","14":"has-default-attributes"},"jetpack_sharing_enabled":true,"tiered_pricing_type":"fixed","tiered_pricing_fixed_rules":{"30":5.28000000000000024868995751603506505489349365234375,"50":4.75,"100":4.160000000000000142108547152020037174224853515625,"200":3.979999999999999982236431605997495353221893310546875,"400":3.5800000000000000710542735760100185871124267578125},"tiered_pricing_product_settings":{"layout":"default","base_unit_name":{"singular":null,"plural":null},"default_variation":null},"tiered_pricing_minimum_quantity":10,"tiered_pricing_roles_data":[],"tiered_pricing_percentage_rules":[],"tiered_pricing_maximum_quantity":null,"tiered_pricing_quantity_step":"10","_links":{"self":[{"href":"https:\/\/volovape.com\/it\/wp-json\/wp\/v2\/product\/28646","targetHints":{"allow":["GET"]}}],"collection":[{"href":"https:\/\/volovape.com\/it\/wp-json\/wp\/v2\/product"}],"about":[{"href":"https:\/\/volovape.com\/it\/wp-json\/wp\/v2\/types\/product"}],"replies":[{"embeddable":true,"href":"https:\/\/volovape.com\/it\/wp-json\/wp\/v2\/comments?post=28646"}],"wp:featuredmedia":[{"embeddable":true,"href":"https:\/\/volovape.com\/it\/wp-json\/wp\/v2\/media\/28694"}],"wp:attachment":[{"href":"https:\/\/volovape.com\/it\/wp-json\/wp\/v2\/media?parent=28646"}],"wp:term":[{"taxonomy":"product_brand","embeddable":true,"href":"https:\/\/volovape.com\/it\/wp-json\/wp\/v2\/product_brand?post=28646"},{"taxonomy":"product_cat","embeddable":true,"href":"https:\/\/volovape.com\/it\/wp-json\/wp\/v2\/product_cat?post=28646"},{"taxonomy":"product_tag","embeddable":true,"href":"https:\/\/volovape.com\/it\/wp-json\/wp\/v2\/product_tag?post=28646"}],"curies":[{"name":"scrivere","href":"https:\/\/api.w.org\/{rel}","templated":true}]}}