{"id":1240,"date":"2024-11-21T03:39:04","date_gmt":"2024-11-21T03:39:04","guid":{"rendered":"https:\/\/volovape.com\/?post_type=product&#038;p=1240"},"modified":"2025-08-07T08:19:48","modified_gmt":"2025-08-07T08:19:48","slug":"mary-perduta-mo10000","status":"publish","type":"product","link":"https:\/\/volovape.com\/it\/product\/lost-mary-mo10000\/","title":{"rendered":"Lost Mary MO10000 Vape usa e getta - 10.000 boccate, bobina a rete, prevenzione del colpo secco"},"content":{"rendered":"<p><strong>Lost Mary MO10000 Vape monouso<\/strong> - Provate 10.000 boccate di puro sapore con una prevenzione avanzata del colpo secco.<\/p>\n<p>Immergetevi in un viaggio di vaping prolungato con Lost Mary MO10000, che offre fino a 10.000 boccate da una generosa capacit\u00e0 di 18 ml di e-liquid. Questa svapata usa e getta ad alta capacit\u00e0 \u00e8 alimentata da una batteria ricaricabile da 600 mAh, che vi garantir\u00e0 energia per tutta la giornata. Godetevi un sapore ricco e costante grazie alla raffinata tecnologia della bobina a rete, e non preoccupatevi dei tiri bruciati con l'innovativa funzione di prevenzione dei tiri a secco. Disponibile in un'ampia gamma di 15 gusti unici, dal Blue Dragon Fruit Peach alla Strawberry Grapefruit, questo dispositivo soddisfa ogni palato. Perfetto per l'uso personale o per gli ordini all'ingrosso, Lost Mary MO10000 combina la convenienza con prestazioni superiori. Il suo design elegante e scintillante aggiunge un tocco di eleganza alla vostra esperienza di svapo. Ideale per chi cerca una svapata monouso di qualit\u00e0 superiore con prestazioni di lunga durata.<\/p>\n<h3><strong>Lost Mary MO10000 Caratteristiche:<\/strong><\/h3>\n<ul>\n<li>Bign\u00e8: Fino a 10.000<\/li>\n<li>Capacit\u00e0 del liquido elettronico: 18 ml<\/li>\n<li>Batteria: 600mAh (ricaricabile)<\/li>\n<li>Ricarica: Tipo-C<\/li>\n<li>Bobina: Bobina a rete raffinata<\/li>\n<li>Dosaggio della nicotina: 5% (20mg\/ml)<\/li>\n<li>Design: Increspatura scintillante<\/li>\n<li>Prevenzione intelligente dei colpi a secco<\/li>\n<\/ul>\n<h4>Domande frequenti<\/h4>\n<h5>Come funziona la prevenzione dei colpi secchi?<\/h5>\n<p>Lost Mary MO10000 \u00e8 dotato di una tecnologia intelligente che monitora la coil e i livelli di e-liquid. Questo sistema regola automaticamente l'erogazione di potenza per evitare il surriscaldamento della bobina, garantendo un sapore costante e prevenendo i sapori di bruciato, per una svapata liscia e piacevole ogni volta.<\/p>\n<h5>Quali sono i metodi di spedizione utilizzati?<\/h5>\n<p>Collaboriamo con UPS\/DHL\/FEDEX\/DPD, ecc. Sceglieremo l'opzione di spedizione appropriata a seconda del paese di consegna per assicurarvi di ricevere i vostri prodotti nel pi\u00f9 breve tempo possibile.<\/p>\n<h5>Quanto tempo ci vuole per arrivare?<\/h5>\n<p>Di solito sono necessari 7-15 giorni lavorativi, che possono arrivare fino a 20 giorni lavorativi nei giorni festivi o in caso di maltempo.<\/p>\n<h5>Pu\u00f2 passare la dogana e mi creer\u00e0 problemi?<\/h5>\n<p>Vi garantiamo che non avrete alcun problema in quanto ci occuperemo noi dello sdoganamento e non ci saranno tasse o imposte. Garantiamo che 100% dei nostri prodotti saranno sdoganati.<\/p>\n<h5>Posso fidarmi?<\/h5>\n<p>Supportiamo il pagamento con PayPal e il servizio di protezione degli acquirenti. Potete anche controllare le nostre recensioni su <a href=\"https:\/\/www.trustpilot.com\/review\/volovape.com?utm_medium=trustbox&amp;utm_source=TrustBoxReviewCollector\">TrustPilot<\/a>.<\/p>","protected":false},"excerpt":{"rendered":"<p>Elevate il vaping con la Lost Mary MO10000 Disposable Vape. Offre 18 ml di e-liquid, batteria da 600 mAh, coil a rete, prevenzione del colpo secco, nicotina 5%. Vendita all'ingrosso, gusti multipli, ricarica Type-C.<\/p>","protected":false},"featured_media":1437,"comment_status":"open","ping_status":"closed","template":"","meta":[],"product_brand":[],"product_cat":[73,57,21,18,20,23,24,22,25,26,27,28,29,30,31,32,33,34,35,36],"product_tag":[],"class_list":{"0":"post-1240","1":"product","2":"type-product","3":"status-publish","4":"has-post-thumbnail","6":"product_cat-lost-mary","7":"product_cat-10000-puffs-disposable-vape","8":"product_cat-big-puffs-vapes","9":"product_cat-different-puffs-of-disposable-vapes","10":"product_cat-disposable-vape-types","11":"product_cat-disposable-vapes-in-austria","12":"product_cat-disposable-vapes-in-belgium","13":"product_cat-disposable-vapes-in-europe","14":"product_cat-disposable-vapes-in-france","15":"product_cat-disposable-vapes-in-germany","16":"product_cat-disposable-vapes-in-hungary","17":"product_cat-disposable-vapes-in-ltaly","18":"product_cat-disposable-vapes-in-netherlands","19":"product_cat-disposable-vapes-in-norway","20":"product_cat-disposable-vapes-in-poland","21":"product_cat-disposable-vapes-in-portugal","22":"product_cat-disposable-vapes-in-spain","23":"product_cat-disposable-vapes-in-sweden","24":"product_cat-disposable-vapes-in-switzerland","25":"product_cat-rechargeable-vapes","27":"first","28":"instock","29":"shipping-taxable","30":"purchasable","31":"product-type-variable","32":"has-default-attributes"},"jetpack_sharing_enabled":true,"tiered_pricing_type":"fixed","tiered_pricing_fixed_rules":{"2000":6.5},"tiered_pricing_product_settings":{"layout":"default","base_unit_name":{"singular":null,"plural":null},"default_variation":null},"tiered_pricing_minimum_quantity":1000,"tiered_pricing_roles_data":[],"tiered_pricing_percentage_rules":[],"tiered_pricing_maximum_quantity":null,"tiered_pricing_quantity_step":"100","_links":{"self":[{"href":"https:\/\/volovape.com\/it\/wp-json\/wp\/v2\/product\/1240","targetHints":{"allow":["GET"]}}],"collection":[{"href":"https:\/\/volovape.com\/it\/wp-json\/wp\/v2\/product"}],"about":[{"href":"https:\/\/volovape.com\/it\/wp-json\/wp\/v2\/types\/product"}],"replies":[{"embeddable":true,"href":"https:\/\/volovape.com\/it\/wp-json\/wp\/v2\/comments?post=1240"}],"wp:featuredmedia":[{"embeddable":true,"href":"https:\/\/volovape.com\/it\/wp-json\/wp\/v2\/media\/1437"}],"wp:attachment":[{"href":"https:\/\/volovape.com\/it\/wp-json\/wp\/v2\/media?parent=1240"}],"wp:term":[{"taxonomy":"product_brand","embeddable":true,"href":"https:\/\/volovape.com\/it\/wp-json\/wp\/v2\/product_brand?post=1240"},{"taxonomy":"product_cat","embeddable":true,"href":"https:\/\/volovape.com\/it\/wp-json\/wp\/v2\/product_cat?post=1240"},{"taxonomy":"product_tag","embeddable":true,"href":"https:\/\/volovape.com\/it\/wp-json\/wp\/v2\/product_tag?post=1240"}],"curies":[{"name":"scrivere","href":"https:\/\/api.w.org\/{rel}","templated":true}]}}