{"id":1121,"date":"2024-11-21T03:37:34","date_gmt":"2024-11-21T03:37:34","guid":{"rendered":"https:\/\/volovape.com\/?post_type=product&#038;p=1121"},"modified":"2025-07-24T07:11:26","modified_gmt":"2025-07-24T07:11:26","slug":"vapsolo-super-15000-tiri","status":"publish","type":"product","link":"https:\/\/volovape.com\/it\/product\/vapsolo-super-15000-puffs\/","title":{"rendered":"Vapsolo Super 15000 puff a flusso d'aria regolabile a 4 livelli - vape monouso ricaricabile con type-c (2%\/5% nicotina)"},"content":{"rendered":"<p><iframe title=\"Lettore video VideoPress\" aria-label='Lettore video VideoPress' width='421' height='750' src='https:\/\/videopress.com\/embed\/pTqryXkY?hd=0&amp;cover=1' frameborder='0' allowfullscreen allow='clipboard-write'><\/iframe><script src='https:\/\/v0.wordpress.com\/js\/next\/videopress-iframe.js?m=1739540970'><\/script><\/p>\n<p><strong>Vapsolo Super 15000 Boccate Vape usa e getta<\/strong> - Vaping personalizzato con flusso d'aria regolabile su 4 livelli.<\/p>\n<p>IL <strong>Vapsolo Super 15000 boccate<\/strong> Il vape usa e getta offre un'esperienza di vaping personalizzabile con il suo <strong>Flusso d&#039;aria regolabile a 4 livelli<\/strong>che consente di passare dallo stile MTL a quello DTL. Con un massimo di <strong>15.000 boccate<\/strong>, un generoso <strong>Serbatoio per e-liquid da 25 ml<\/strong>, e un <strong>Batteria ricaricabile da 650 mAh<\/strong>Questo dispositivo offre una longevit\u00e0 e una praticit\u00e0 eccezionali. Il <strong>Bobina con maglia da 1,0\u03a9<\/strong> garantisce un vapore sempre omogeneo e saporito. Scegliete tra <strong>Potenze di nicotina 2% e 5%<\/strong>. Ideale per i vapers che amano il vaping personalizzato, il Vapsolo Super \u00e8 perfetto per l'uso personale e <strong>vape monouso all'ingrosso<\/strong>. <strong>Ordine in blocco<\/strong> sono disponibili per i rivenditori.<\/p>\n<h3><strong>Vapsolo Super 15000 Puffs Caratteristiche:<\/strong><\/h3>\n<ul>\n<li>Bign\u00e8: Fino a 15.000<\/li>\n<li>Capacit\u00e0 e-liquid: 25ml<\/li>\n<li>Batteria: 650mAh (ricaricabile)<\/li>\n<li>Ricarica: Tipo-C<\/li>\n<li>Bobina: bobina a maglia da 1,0\u03a9<\/li>\n<li>Flusso d'aria: Regolabile su 4 livelli<\/li>\n<li>Potenzialit\u00e0 della nicotina: 2%, 5%<\/li>\n<li>Gusti disponibili: Blue Razz, Blueberry Ice, Double Apple, Watermelon Ice, Strawberry Kiwi, Mixed Berry, Red Bull, Blueberry Cherry Cranberry, Lemon Lime, Skittles, Strawberry Banana, Raspberry Watermelon, Blueberry Cherry Cola, Black Ice Dragonfruit Strawberry.<\/li>\n<\/ul>\n<h4>Domande frequenti<\/h4>\n<h5>In che modo il flusso d'aria regolabile a 4 livelli migliora l'esperienza del vaping?<\/h5>\n<p>Il flusso d'aria regolabile a 4 livelli consente agli utenti di personalizzare l'estrazione, passando da uno stile MTL (mouth-to-lung) stretto per un aroma pi\u00f9 concentrato a uno stile DTL (direct-to-lung) pi\u00f9 lasco per nuvole di vapore pi\u00f9 grandi. Questa versatilit\u00e0 si adatta alle preferenze individuali, offrendo un'esperienza di svapo personalizzata e soddisfacente.<\/p>\n<h5>Quali sono i vantaggi della bobina a maglia 1.0\u03a9?<\/h5>\n<p>La bobina a maglia da 1,0\u03a9 \u00e8 progettata per fornire un riscaldamento uniforme e costante, con conseguente produzione di vapore omogeneo, ricco e saporito. Questa bobina assicura che ogni boccata sia soddisfacente e massimizza l'erogazione di aroma dall'e-liquid.<\/p>\n<h5>Quanto dura la batteria e quanto velocemente si ricarica?<\/h5>\n<p>La batteria ricaricabile da 650 mAh \u00e8 progettata per garantire prestazioni di lunga durata e supporta fino a 15.000 boccate. Grazie alla ricarica Type-C, il dispositivo si ricarica rapidamente, riducendo al minimo i tempi di inattivit\u00e0 e garantendo la possibilit\u00e0 di svapare senza lunghe attese.<\/p>\n<h5>Quali sono i metodi di spedizione utilizzati?<\/h5>\n<p>Collaboriamo con vettori affidabili come UPS, DHL, FedEx e DPD per garantire una consegna efficiente e sicura. Selezioniamo il metodo di spedizione pi\u00f9 appropriato in base alla vostra posizione per farvi pervenire l'ordine il pi\u00f9 rapidamente possibile.<\/p>\n<h5>Posso fidarmi del mio acquisto?<\/h5>\n<p>Diamo priorit\u00e0 alla soddisfazione dei clienti e offriamo opzioni di pagamento sicure, tra cui PayPal con protezione acquirenti. \u00c8 inoltre possibile visualizzare le recensioni dei clienti su TrustPilot: <a href=\"https:\/\/www.trustpilot.com\/review\/volovape.com?utm_medium=trustbox&amp;utm_source=TrustBoxReviewCollector\">TrustPilot<\/a>.<\/p>","protected":false},"excerpt":{"rendered":"<p>Godetevi il vaping personalizzato con il Vapsolo Super 15000 Puffs Disposable Vape. 15.000 boccate, 25ml, flusso d'aria regolabile, bobina da 1,0\u03a9. 2% e 5% di nicotina. 15 gusti.<\/p>","protected":false},"featured_media":1364,"comment_status":"open","ping_status":"closed","template":"","meta":[],"product_brand":[],"product_cat":[72,41,21,18,20,23,24,22,25,26,27,28,29,30,31,32,33,34,35,36],"product_tag":[],"class_list":{"0":"post-1121","1":"product","2":"type-product","3":"status-publish","4":"has-post-thumbnail","6":"product_cat-vapsolo","7":"product_cat-15000-puffs-disposable-vape","8":"product_cat-big-puffs-vapes","9":"product_cat-different-puffs-of-disposable-vapes","10":"product_cat-disposable-vape-types","11":"product_cat-disposable-vapes-in-austria","12":"product_cat-disposable-vapes-in-belgium","13":"product_cat-disposable-vapes-in-europe","14":"product_cat-disposable-vapes-in-france","15":"product_cat-disposable-vapes-in-germany","16":"product_cat-disposable-vapes-in-hungary","17":"product_cat-disposable-vapes-in-ltaly","18":"product_cat-disposable-vapes-in-netherlands","19":"product_cat-disposable-vapes-in-norway","20":"product_cat-disposable-vapes-in-poland","21":"product_cat-disposable-vapes-in-portugal","22":"product_cat-disposable-vapes-in-spain","23":"product_cat-disposable-vapes-in-sweden","24":"product_cat-disposable-vapes-in-switzerland","25":"product_cat-rechargeable-vapes","27":"first","28":"instock","29":"shipping-taxable","30":"purchasable","31":"product-type-variable","32":"has-default-attributes"},"jetpack_sharing_enabled":true,"tiered_pricing_type":"fixed","tiered_pricing_fixed_rules":{"2000":5.9900000000000002131628207280300557613372802734375},"tiered_pricing_product_settings":{"layout":"default","base_unit_name":{"singular":null,"plural":null},"default_variation":null},"tiered_pricing_minimum_quantity":1000,"tiered_pricing_roles_data":[],"tiered_pricing_percentage_rules":[],"tiered_pricing_maximum_quantity":null,"tiered_pricing_quantity_step":"10","_links":{"self":[{"href":"https:\/\/volovape.com\/it\/wp-json\/wp\/v2\/product\/1121","targetHints":{"allow":["GET"]}}],"collection":[{"href":"https:\/\/volovape.com\/it\/wp-json\/wp\/v2\/product"}],"about":[{"href":"https:\/\/volovape.com\/it\/wp-json\/wp\/v2\/types\/product"}],"replies":[{"embeddable":true,"href":"https:\/\/volovape.com\/it\/wp-json\/wp\/v2\/comments?post=1121"}],"wp:featuredmedia":[{"embeddable":true,"href":"https:\/\/volovape.com\/it\/wp-json\/wp\/v2\/media\/1364"}],"wp:attachment":[{"href":"https:\/\/volovape.com\/it\/wp-json\/wp\/v2\/media?parent=1121"}],"wp:term":[{"taxonomy":"product_brand","embeddable":true,"href":"https:\/\/volovape.com\/it\/wp-json\/wp\/v2\/product_brand?post=1121"},{"taxonomy":"product_cat","embeddable":true,"href":"https:\/\/volovape.com\/it\/wp-json\/wp\/v2\/product_cat?post=1121"},{"taxonomy":"product_tag","embeddable":true,"href":"https:\/\/volovape.com\/it\/wp-json\/wp\/v2\/product_tag?post=1121"}],"curies":[{"name":"scrivere","href":"https:\/\/api.w.org\/{rel}","templated":true}]}}