{"id":94,"date":"2024-11-21T03:26:52","date_gmt":"2024-11-21T03:26:52","guid":{"rendered":"https:\/\/volovape.com\/?post_type=product&#038;p=94"},"modified":"2025-07-07T03:40:21","modified_gmt":"2025-07-07T03:40:21","slug":"elf-box-rgb-14000-puff","status":"publish","type":"product","link":"https:\/\/volovape.com\/hu\/product\/elf-box-rgb-14000-puffs\/","title":{"rendered":"ELF BOX RGB 14000 Puffs eldobhat\u00f3 vape - h\u00e1l\u00f3s tekercs, RGB vil\u00e1g\u00edt\u00e1s, \u00fajrat\u00f6lthet\u0151"},"content":{"rendered":"<p><iframe title=\"VideoPress Video Player\" aria-label='VideoPress Video Player' width='500' height='281' src='https:\/\/videopress.com\/embed\/xrUp6ZjL?hd=0&amp;cover=1' frameborder='0' allowfullscreen allow='clipboard-write'><\/iframe><script src='https:\/\/v0.wordpress.com\/js\/next\/videopress-iframe.js?m=1739540970'><\/script><\/p>\n<p><strong>ELF BOX RGB 14000 Puffs Eldobhat\u00f3 Vape<\/strong> - \u00c9lvezze a vibr\u00e1l\u00f3 szipuz\u00e1st az RGB vil\u00e1g\u00edt\u00e1ssal \u00e9s a h\u00e1l\u00f3s tekercs precizit\u00e1s\u00e1val.<\/p>\n<p>A <strong>ELF BOX RGB 14000<\/strong> Az eldobhat\u00f3 vape egyes\u00edti a nagy teljes\u00edtm\u00e9nyt a st\u00edlusos, szemet gy\u00f6ny\u00f6rk\u00f6dtet\u0151 diz\u00e1jnnal. \u00c9lvezze ak\u00e1r <strong>14,000 puff<\/strong> egy nagyvonal\u00fa <strong>25 ml e-liquid \u0171rtartalom<\/strong> \u00e9s a <strong>600mAh \u00fajrat\u00f6lthet\u0151 18250 akkumul\u00e1tor<\/strong>. A <strong>1.0\u03a9 h\u00e1l\u00f3s tekercs<\/strong> egyenletesen sima \u00e9s \u00edzletes g\u0151zt biztos\u00edt, m\u00edg a <strong>dinamikus RGB vil\u00e1g\u00edt\u00e1s<\/strong> szem\u00e9lyre szabottan eg\u00e9sz\u00edti ki a p\u00e1rologtat\u00e1si \u00e9lm\u00e9nyt. A <strong>k\u00e9nyelmes nyakl\u00e1nc<\/strong> a k\u00f6nny\u0171 hordozhat\u00f3s\u00e1g \u00e9rdek\u00e9ben. El\u00e9rhet\u0151 <strong>10 finom \u00edz<\/strong>, ez a k\u00e9sz\u00fcl\u00e9k t\u00f6k\u00e9letes a k\u00f6vetkez\u0151kh\u00f6z <strong>eldobhat\u00f3 vape nagykereskedelem<\/strong>, <strong>t\u00f6meges megrendel\u00e9sek<\/strong>, vagy <strong>szem\u00e9lyes haszn\u00e1lat<\/strong>, amely egyszerre k\u00edn\u00e1l st\u00edlust \u00e9s tartalmat.<\/p>\n<h3><strong>ELF BOX RGB 14000 Jellemz\u0151k:<\/strong><\/h3>\n<ul>\n<li>Puff: Puffok: ak\u00e1r 14,000 puff<\/li>\n<li>E-folyad\u00e9k kapacit\u00e1s: 25mL<\/li>\n<li>Akkumul\u00e1tor: 600mAh 18250 (\u00fajrat\u00f6lthet\u0151)<\/li>\n<li>T\u00f6lt\u00e9s: C-t\u00edpus\u00fa<\/li>\n<li>Tekercs: 1.0\u03a9 Mesh tekercs<\/li>\n<li>Vil\u00e1g\u00edt\u00e1s: RGB<\/li>\n<li>Lanyard: .<\/li>\n<li>\u00cdzek: 10 egyed\u00fcl\u00e1ll\u00f3 lehet\u0151s\u00e9g<\/li>\n<li>M\u00e9retek: m\u00e9ret: 35 x 36 x 133,5 mm<\/li>\n<li>Eldobhat\u00f3 eszk\u00f6z<\/li>\n<\/ul>\n<h4>GYIK<\/h4>\n<h5>Hogyan jav\u00edtja az RGB vil\u00e1g\u00edt\u00e1s a p\u00e1rologtat\u00e1s \u00e9lm\u00e9ny\u00e9t?<\/h5>\n<p>A dinamikus RGB-vil\u00e1g\u00edt\u00e1s egyedi \u00e9s szem\u00e9lyre szabott \u00e9rz\u00e9st k\u00f6lcs\u00f6n\u00f6z a vape-nek. Vizu\u00e1lisan vonz\u00f3 \u00e9lm\u00e9nyt ny\u00fajt, kiemeli a k\u00e9sz\u00fcl\u00e9ket, \u00e9s sz\u00f3rakoztat\u00f3 elemet ad a g\u0151z\u00f6l\u00e9snek.<\/p>\n<h5>Milyen sz\u00e1ll\u00edt\u00e1si m\u00f3dokat haszn\u00e1lnak?<\/h5>\n<p>Megb\u00edzhat\u00f3 sz\u00e1ll\u00edtm\u00e1nyoz\u00f3kkal, p\u00e9ld\u00e1ul a UPS, a DHL, a FedEx \u00e9s a DPD partnerek\u00e9nt biztos\u00edtjuk, hogy megrendel\u00e9s\u00e9t gyorsan \u00e9s biztons\u00e1gosan k\u00e9zbes\u00edts\u00fck. A leghat\u00e9konyabb sz\u00e1ll\u00edt\u00e1si m\u00f3dot az \u00d6n tart\u00f3zkod\u00e1si helye alapj\u00e1n v\u00e1lasztjuk ki a sz\u00e1ll\u00edt\u00e1si sebess\u00e9g \u00e9s megb\u00edzhat\u00f3s\u00e1g optimaliz\u00e1l\u00e1sa \u00e9rdek\u00e9ben.<\/p>\n<h5>Mennyi id\u0151 alatt \u00e9rkezik meg a rendel\u00e9sem?<\/h5>\n<p>A sz\u00e1ll\u00edt\u00e1s \u00e1ltal\u00e1ban 7-15 munkanapot vesz ig\u00e9nybe. K\u00e9rj\u00fck azonban, hogy \u00fcnnepnapokon vagy kedvez\u0151tlen id\u0151j\u00e1r\u00e1si k\u00f6r\u00fclm\u00e9nyek k\u00f6z\u00f6tt ak\u00e1r 20 munkanapot is enged\u00e9lyezzen, ami kisebb k\u00e9sedelmet okozhat a sz\u00e1ll\u00edt\u00e1sban.<\/p>\n<h5>Lesznek-e v\u00e1mprobl\u00e9m\u00e1im vagy tov\u00e1bbi d\u00edjak?<\/h5>\n<p>Minden v\u00e1mkezel\u00e9si elj\u00e1r\u00e1st mi v\u00e9gz\u00fcnk, garant\u00e1lva a z\u00f6kken\u0151mentes \u00e9s probl\u00e9mamentes lebonyol\u00edt\u00e1st. \u00d6nnek nem kell tov\u00e1bbi ad\u00f3kat vagy d\u00edjakat fizetnie. Biztos\u00edtjuk, hogy 100% term\u00e9keinket sikeresen v\u00e1mkezelj\u00fck.<\/p>\n<h5>Biztons\u00e1gos \u00e9s megb\u00edzhat\u00f3 a v\u00e1s\u00e1rl\u00e1s az oldal\u00e1r\u00f3l?<\/h5>\n<p>Igen, biztons\u00e1gos PayPal tranzakci\u00f3kat k\u00edn\u00e1lunk a v\u00e1s\u00e1rl\u00f3 v\u00e9delm\u00e9vel. Megb\u00edzhat\u00f3s\u00e1gunkat ellen\u0151rizheti a v\u00e1s\u00e1rl\u00f3i v\u00e9lem\u00e9nyek ellen\u0151rz\u00e9s\u00e9vel is. <a href=\"https:\/\/www.trustpilot.com\/review\/volovape.com?utm_medium=trustbox&amp;utm_source=TrustBoxReviewCollector\">TrustPilot<\/a>, ahol el\u00e9gedett \u00fcgyfelek besz\u00e1mol\u00f3it tal\u00e1lja.<\/p>","protected":false},"excerpt":{"rendered":"<p>Vil\u00e1g\u00edtsd meg a vape-t az ELF BOX RGB 14000 Puffs-szal! RGB vil\u00e1g\u00edt\u00e1s, 1.0\u03a9 h\u00e1l\u00f3, 25ml, \u00fajrat\u00f6lthet\u0151, zsin\u00f3rral egy\u00fctt. T\u00f6k\u00e9letes szem\u00e9lyes vagy nagykereskedelmi haszn\u00e1latra, vibr\u00e1l\u00f3, hosszan tart\u00f3 \u00e9lvezetet ny\u00fajt.<\/p>","protected":false},"featured_media":395,"comment_status":"open","ping_status":"closed","template":"","meta":[],"product_brand":[],"product_cat":[54,56,21,18,20,23,24,22,25,26,27,28,29,30,31,32,33,34,35,36],"product_tag":[],"class_list":{"0":"post-94","1":"product","2":"type-product","3":"status-publish","4":"has-post-thumbnail","6":"product_cat-elf-box","7":"product_cat-14000-puffs-disposable-vape","8":"product_cat-big-puffs-vapes","9":"product_cat-different-puffs-of-disposable-vapes","10":"product_cat-disposable-vape-types","11":"product_cat-disposable-vapes-in-austria","12":"product_cat-disposable-vapes-in-belgium","13":"product_cat-disposable-vapes-in-europe","14":"product_cat-disposable-vapes-in-france","15":"product_cat-disposable-vapes-in-germany","16":"product_cat-disposable-vapes-in-hungary","17":"product_cat-disposable-vapes-in-ltaly","18":"product_cat-disposable-vapes-in-netherlands","19":"product_cat-disposable-vapes-in-norway","20":"product_cat-disposable-vapes-in-poland","21":"product_cat-disposable-vapes-in-portugal","22":"product_cat-disposable-vapes-in-spain","23":"product_cat-disposable-vapes-in-sweden","24":"product_cat-disposable-vapes-in-switzerland","25":"product_cat-rechargeable-vapes","27":"first","28":"instock","29":"shipping-taxable","30":"purchasable","31":"product-type-variable","32":"has-default-attributes"},"jetpack_sharing_enabled":true,"tiered_pricing_type":"fixed","tiered_pricing_fixed_rules":{"2000":5.38999999999999968025576890795491635799407958984375},"tiered_pricing_product_settings":{"layout":"default","base_unit_name":{"singular":null,"plural":null},"default_variation":null},"tiered_pricing_minimum_quantity":1000,"tiered_pricing_roles_data":[],"tiered_pricing_percentage_rules":[],"tiered_pricing_maximum_quantity":null,"tiered_pricing_quantity_step":"10","_links":{"self":[{"href":"https:\/\/volovape.com\/hu\/wp-json\/wp\/v2\/product\/94","targetHints":{"allow":["GET"]}}],"collection":[{"href":"https:\/\/volovape.com\/hu\/wp-json\/wp\/v2\/product"}],"about":[{"href":"https:\/\/volovape.com\/hu\/wp-json\/wp\/v2\/types\/product"}],"replies":[{"embeddable":true,"href":"https:\/\/volovape.com\/hu\/wp-json\/wp\/v2\/comments?post=94"}],"wp:featuredmedia":[{"embeddable":true,"href":"https:\/\/volovape.com\/hu\/wp-json\/wp\/v2\/media\/395"}],"wp:attachment":[{"href":"https:\/\/volovape.com\/hu\/wp-json\/wp\/v2\/media?parent=94"}],"wp:term":[{"taxonomy":"product_brand","embeddable":true,"href":"https:\/\/volovape.com\/hu\/wp-json\/wp\/v2\/product_brand?post=94"},{"taxonomy":"product_cat","embeddable":true,"href":"https:\/\/volovape.com\/hu\/wp-json\/wp\/v2\/product_cat?post=94"},{"taxonomy":"product_tag","embeddable":true,"href":"https:\/\/volovape.com\/hu\/wp-json\/wp\/v2\/product_tag?post=94"}],"curies":[{"name":"wp","href":"https:\/\/api.w.org\/{rel}","templated":true}]}}