{"id":91,"date":"2024-11-21T03:26:52","date_gmt":"2024-11-21T03:26:52","guid":{"rendered":"https:\/\/volovape.com\/?post_type=product&#038;p=91"},"modified":"2025-06-30T01:33:10","modified_gmt":"2025-06-30T01:33:10","slug":"elf-box-impulzus-x-25000-puff","status":"publish","type":"product","link":"https:\/\/volovape.com\/hu\/product\/elf-box-pulse-x-25000-puffs\/","title":{"rendered":"ELF BOX PULSE X 25000 Puffs Eldobhat\u00f3 Vape - AI Power, Dual Mesh, 3D kijelz\u0151"},"content":{"rendered":"<p><strong>ELF BOX PULSE X 25000 Puffs Eldobhat\u00f3 Vape<\/strong> - AI-alap\u00fa szipuz\u00e1s forradalmi 3D kijelz\u0151vel.<\/p>\n<p>A <strong>ELF DOBOZ IMPULZUS X 25000<\/strong> az eldobhat\u00f3 p\u00e1rologtat\u00e1s \u00faj korszak\u00e1t vezeti be AI-vez\u00e9relt technol\u00f3gi\u00e1j\u00e1val \u00e9s leny\u0171g\u00f6z\u0151 3D \u00edvelt k\u00e9perny\u0151j\u00e9vel. \u00c9lvezze ak\u00e1r <strong>25,000 slukk norm\u00e1l \u00fczemm\u00f3dban<\/strong> vagy <strong>15,000 f\u00faj\u00e1s impulzus \u00fczemm\u00f3dban<\/strong>, testreszabhat\u00f3 g\u0151z\u00f6l\u00e9si \u00e9lm\u00e9nyt ny\u00fajtva. A k\u00e9sz\u00fcl\u00e9k egy <strong>18mL e-liquid kapacit\u00e1s<\/strong> \u00e9s egy er\u0151teljes <strong>13,500mAh \u00fajrat\u00f6lthet\u0151 akkumul\u00e1tor<\/strong> hosszabb haszn\u00e1latra. <strong>Kett\u0151s 0.8\u03a9 h\u00e1l\u00f3s tekercsek<\/strong> p\u00e1ros\u00edtva <strong>VPU technol\u00f3gia<\/strong> kiv\u00e9teles \u00edzt \u00e9s g\u0151ztermel\u00e9st biztos\u00edtanak. A <strong>3D \u00edvelt k\u00e9perny\u0151<\/strong> val\u00f3s idej\u0171 inform\u00e1ci\u00f3kat jelen\u00edt meg az akkumul\u00e1tor \u00e9lettartam\u00e1r\u00f3l, az e-folyad\u00e9k szintj\u00e9r\u0151l, a puffok sz\u00e1m\u00e1r\u00f3l \u00e9s az \u00fczemm\u00f3dr\u00f3l, \u00edgy fokozva a felhaszn\u00e1l\u00f3i ellen\u0151rz\u00e9st. Az olyan fejlett funkci\u00f3kkal, mint <strong>AI teljes\u00edtm\u00e9ny be\u00e1ll\u00edt\u00e1sa<\/strong>, <strong>Impulzus teljes\u00edtm\u00e9ny<\/strong>, \u00e9s <strong>Super Boost<\/strong>, ez a k\u00e9sz\u00fcl\u00e9k igaz\u00e1n innovat\u00edv g\u0151z\u00f6l\u00e9si \u00e9lm\u00e9nyt k\u00edn\u00e1l. El\u00e9rhet\u0151 <strong>10 k\u00fcl\u00f6nb\u00f6z\u0151 \u00edz<\/strong>az ELF BOX PULSE X 25000 t\u00f6k\u00e9letes a k\u00f6vetkez\u0151kh\u00f6z <strong>eldobhat\u00f3 vape nagykereskedelem<\/strong>, <strong>t\u00f6meges megrendel\u00e9sek<\/strong>, vagy <strong>szem\u00e9lyes haszn\u00e1lat<\/strong>.<\/p>\n<h3><strong>ELF BOX PULSE X 25000 Jellemz\u0151k:<\/strong><\/h3>\n<ul>\n<li>Puff: (norm\u00e1l \u00fczemm\u00f3d) \/ 15 000 (impulzus \u00fczemm\u00f3d).<\/li>\n<li>E-folyad\u00e9k kapacit\u00e1s: 18mL<\/li>\n<li>Akkumul\u00e1tor: 13,500mAh (\u00fajrat\u00f6lthet\u0151)<\/li>\n<li>T\u00f6lt\u00e9s: C-t\u00edpus\u00fa<\/li>\n<li>Tekercs: Mesh tekercsek: Dual 0.8\u03a9 Mesh Coils<\/li>\n<li>Megjelen\u00edt\u00e9s: k\u00e9perny\u0151: 3D \u00edvelt k\u00e9perny\u0151<\/li>\n<li>M\u00f3dok: Impulzus \u00fczemm\u00f3d: Norm\u00e1l \u00fczemm\u00f3d, Impulzus \u00fczemm\u00f3d<\/li>\n<li>Jellemz\u0151k: AI teljes\u00edtm\u00e9nybe\u00e1ll\u00edt\u00e1s, impulzus teljes\u00edtm\u00e9ny, Super Boost, VPU technol\u00f3gia<\/li>\n<li>\u00cdzek: 10 egyed\u00fcl\u00e1ll\u00f3 lehet\u0151s\u00e9g<\/li>\n<li>Eldobhat\u00f3 eszk\u00f6z<\/li>\n<\/ul>\n<h4>GYIK<\/h4>\n<h5>Hogyan jav\u00edtja az AI Power Adjustment a p\u00e1rologtat\u00e1si \u00e9lm\u00e9nyt?<\/h5>\n<p>Az AI Power Adjustment intelligens m\u00f3don elemzi a p\u00e1rol\u00e1si szok\u00e1sait, \u00e9s automatikusan optimaliz\u00e1lja a teljes\u00edtm\u00e9nyt, hogy biztos\u00edtsa az egyenletes \u00edz- \u00e9s g\u0151ztermel\u00e9st. Ez a funkci\u00f3 alkalmazkodik az \u00d6n haszn\u00e1lat\u00e1hoz, szem\u00e9lyre szabott \u00e9s \u00e9lvezetes g\u0151z\u00f6l\u00e9si \u00e9lm\u00e9nyt biztos\u00edt minden egyes slukkol\u00e1ssal.<\/p>\n<h5>Milyen sz\u00e1ll\u00edt\u00e1si m\u00f3dokat haszn\u00e1lnak?<\/h5>\n<p>Olyan j\u00f3 h\u00edr\u0171 sz\u00e1ll\u00edtm\u00e1nyoz\u00f3kkal dolgozunk egy\u00fctt, mint a UPS, a DHL, a FedEx \u00e9s a DPD, hogy gyorsan \u00e9s biztons\u00e1gosan k\u00e9zbes\u00edts\u00fck megrendel\u00e9seit. A leghat\u00e9konyabb sz\u00e1ll\u00edt\u00e1si m\u00f3dot az \u00d6n tart\u00f3zkod\u00e1si helye alapj\u00e1n v\u00e1lasztjuk ki, hogy biztos\u00edtsuk az id\u0151ben t\u00f6rt\u00e9n\u0151 k\u00e9zbes\u00edt\u00e9st.<\/p>\n<h5>Mennyi id\u0151 alatt \u00e9rkezik meg a rendel\u00e9sem?<\/h5>\n<p>A megrendel\u00e9sek \u00e1ltal\u00e1ban 7-15 munkanapon bel\u00fcl meg\u00e9rkeznek. K\u00e9rj\u00fck azonban, hogy \u00fcnnepnapokon vagy kedvez\u0151tlen id\u0151j\u00e1r\u00e1si k\u00f6r\u00fclm\u00e9nyek k\u00f6z\u00f6tt, amelyek kisebb k\u00e9sedelmet okozhatnak a sz\u00e1ll\u00edt\u00e1sban, ak\u00e1r 20 munkanapot is enged\u00e9lyezzen.<\/p>\n<h5>Lesznek-e v\u00e1mprobl\u00e9m\u00e1im vagy tov\u00e1bbi d\u00edjak?<\/h5>\n<p>Minden v\u00e1mkezel\u00e9si elj\u00e1r\u00e1st mi v\u00e9gz\u00fcnk, \u00edgy biztos\u00edtva a z\u00f6kken\u0151mentes \u00e9s probl\u00e9mamentes \u00e9lm\u00e9nyt. \u00d6nnek nem kell tov\u00e1bbi ad\u00f3kat vagy d\u00edjakat fizetnie. Garant\u00e1ljuk, hogy 100% term\u00e9keinket sikeresen v\u00e1mkezelj\u00fck.<\/p>\n<h5>Biztons\u00e1gos \u00e9s megb\u00edzhat\u00f3 a v\u00e1s\u00e1rl\u00e1s az oldal\u00e1r\u00f3l?<\/h5>\n<p>Igen, biztons\u00e1gos PayPal tranzakci\u00f3kat k\u00edn\u00e1lunk a v\u00e1s\u00e1rl\u00f3 v\u00e9delm\u00e9vel. Megb\u00edzhat\u00f3s\u00e1gunkat ellen\u0151rizheti a v\u00e1s\u00e1rl\u00f3i v\u00e9lem\u00e9nyek ellen\u0151rz\u00e9s\u00e9vel is. <a href=\"https:\/\/www.trustpilot.com\/review\/volovape.com?utm_medium=trustbox&amp;utm_source=TrustBoxReviewCollector\">TrustPilot<\/a>, ahol el\u00e9gedett \u00fcgyfelek besz\u00e1mol\u00f3it tal\u00e1lja.<\/p>","protected":false},"excerpt":{"rendered":"<p>L\u00e9pjen be a j\u00f6v\u0151be az ELF BOX PULSE X 25000 Puffal. AI teljes\u00edtm\u00e9ny, kett\u0151s h\u00e1l\u00f3, 3D k\u00e9perny\u0151, 13 500mAh akkumul\u00e1tor. Ide\u00e1lis szem\u00e9lyi vagy nagykereskedelmi haszn\u00e1latra, \u00e9lvonalbeli p\u00e1rologtat\u00e1st k\u00edn\u00e1l.<\/p>","protected":false},"featured_media":360,"comment_status":"open","ping_status":"closed","template":"","meta":[],"product_brand":[],"product_cat":[54,45,21,18,39,20,23,24,22,25,26,27,28,29,30,31,32,33,34,35,44,36,40],"product_tag":[],"class_list":{"0":"post-91","1":"product","2":"type-product","3":"status-publish","4":"has-post-thumbnail","6":"product_cat-elf-box","7":"product_cat-25000-puffs-disposable-vape","8":"product_cat-big-puffs-vapes","9":"product_cat-different-puffs-of-disposable-vapes","10":"product_cat-digital-box-vapes","11":"product_cat-disposable-vape-types","12":"product_cat-disposable-vapes-in-austria","13":"product_cat-disposable-vapes-in-belgium","14":"product_cat-disposable-vapes-in-europe","15":"product_cat-disposable-vapes-in-france","16":"product_cat-disposable-vapes-in-germany","17":"product_cat-disposable-vapes-in-hungary","18":"product_cat-disposable-vapes-in-ltaly","19":"product_cat-disposable-vapes-in-netherlands","20":"product_cat-disposable-vapes-in-norway","21":"product_cat-disposable-vapes-in-poland","22":"product_cat-disposable-vapes-in-portugal","23":"product_cat-disposable-vapes-in-spain","24":"product_cat-disposable-vapes-in-sweden","25":"product_cat-disposable-vapes-in-switzerland","26":"product_cat-dual-mesh-vapes","27":"product_cat-rechargeable-vapes","28":"product_cat-smart-screen-vapes","30":"first","31":"instock","32":"featured","33":"shipping-taxable","34":"purchasable","35":"product-type-variable","36":"has-default-attributes"},"jetpack_sharing_enabled":true,"tiered_pricing_type":"fixed","tiered_pricing_fixed_rules":{"2000":7.4900000000000002131628207280300557613372802734375},"tiered_pricing_product_settings":{"layout":"default","base_unit_name":{"singular":null,"plural":null},"default_variation":null},"tiered_pricing_minimum_quantity":1000,"tiered_pricing_roles_data":[],"tiered_pricing_percentage_rules":[],"tiered_pricing_maximum_quantity":null,"tiered_pricing_quantity_step":"10","_links":{"self":[{"href":"https:\/\/volovape.com\/hu\/wp-json\/wp\/v2\/product\/91","targetHints":{"allow":["GET"]}}],"collection":[{"href":"https:\/\/volovape.com\/hu\/wp-json\/wp\/v2\/product"}],"about":[{"href":"https:\/\/volovape.com\/hu\/wp-json\/wp\/v2\/types\/product"}],"replies":[{"embeddable":true,"href":"https:\/\/volovape.com\/hu\/wp-json\/wp\/v2\/comments?post=91"}],"wp:featuredmedia":[{"embeddable":true,"href":"https:\/\/volovape.com\/hu\/wp-json\/wp\/v2\/media\/360"}],"wp:attachment":[{"href":"https:\/\/volovape.com\/hu\/wp-json\/wp\/v2\/media?parent=91"}],"wp:term":[{"taxonomy":"product_brand","embeddable":true,"href":"https:\/\/volovape.com\/hu\/wp-json\/wp\/v2\/product_brand?post=91"},{"taxonomy":"product_cat","embeddable":true,"href":"https:\/\/volovape.com\/hu\/wp-json\/wp\/v2\/product_cat?post=91"},{"taxonomy":"product_tag","embeddable":true,"href":"https:\/\/volovape.com\/hu\/wp-json\/wp\/v2\/product_tag?post=91"}],"curies":[{"name":"wp","href":"https:\/\/api.w.org\/{rel}","templated":true}]}}