{"id":90,"date":"2024-11-21T03:26:52","date_gmt":"2024-11-21T03:26:52","guid":{"rendered":"https:\/\/volovape.com\/?post_type=product&#038;p=90"},"modified":"2025-08-07T08:19:55","modified_gmt":"2025-08-07T08:19:55","slug":"sora-25k-dual-mesh","status":"publish","type":"product","link":"https:\/\/volovape.com\/hu\/product\/sora-25k-dual-mesh\/","title":{"rendered":"SORA 25K eldobhat\u00f3 vape nagykereskedelem - kett\u0151s h\u00e1l\u00f3, LCD kijelz\u0151, 25.000 puffok"},"content":{"rendered":"<p><strong>SORA 25K Eldobhat\u00f3 Vape<\/strong> - P\u00e1ratlan puffkapacit\u00e1s kett\u0151s h\u00e1l\u00f3s precizit\u00e1ssal \u00e9s intelligens kijelz\u0151vel.<\/p>\n<p>A <strong>SORA 25K<\/strong> \u00fajradefini\u00e1lja az eldobhat\u00f3 p\u00e1rologtat\u00e1st egy megd\u00f6bbent\u0151 <strong>25,000 puff<\/strong>, egy jelent\u0151s <strong>20mL e-liquid kapacit\u00e1s<\/strong>, \u00e9s egy robusztus <strong>900mAh \u00fajrat\u00f6lthet\u0151 akkumul\u00e1tor<\/strong>. Tapasztalja meg a kiv\u00e1l\u00f3 g\u0151ztermel\u00e9st \u00e9s az \u00edz intenzit\u00e1s\u00e1t a <strong>fejlett kett\u0151s h\u00e1l\u00f3s tekercs technol\u00f3gia<\/strong>. Az integr\u00e1lt <strong>LCD kijelz\u0151<\/strong> azonnali visszajelz\u00e9st ad az akkumul\u00e1tor \u00e9lettartam\u00e1r\u00f3l \u00e9s a puffok sz\u00e1m\u00e1r\u00f3l, \u00edgy fokozva a felhaszn\u00e1l\u00f3i ellen\u0151rz\u00e9st. A <strong>5% nikotin er\u0151ss\u00e9g<\/strong> \u00e9s sokf\u00e9le <strong>9 egyedi \u00edz<\/strong>, bele\u00e9rtve az egzotikus kever\u00e9keket \u00e9s a klasszikus kedvenceket, ez a k\u00e9sz\u00fcl\u00e9k az ig\u00e9nyes vapereket szolg\u00e1lja ki. Ide\u00e1lis <strong>eldobhat\u00f3 vape nagykereskedelem<\/strong>, <strong>nagybev\u00e1s\u00e1rl\u00e1s<\/strong>, vagy <strong>szem\u00e9lyes haszn\u00e1lat<\/strong>, a SORA 25K a nagy teljes\u00edtm\u00e9nyt a legnagyobb k\u00e9nyelemmel \u00f6tv\u00f6zi.<\/p>\n<h3><strong>SORA 25K Jellemz\u0151k:<\/strong><\/h3>\n<ul>\n<li>Puff: Puffok: Legfeljebb 25,000 puffok<\/li>\n<li>E-folyad\u00e9k kapacit\u00e1s: 20mL<\/li>\n<li>Akkumul\u00e1tor: 900mAh (\u00fajrat\u00f6lthet\u0151)<\/li>\n<li>T\u00f6lt\u00e9s: C-t\u00edpus\u00fa<\/li>\n<li>Tekercs: Mesh tekercsek: Dual Mesh Coils<\/li>\n<li>Megjelen\u00edt\u00e9s: LCD (akkumul\u00e1tor \u00e9s puffsz\u00e1m)<\/li>\n<li>Nikotin er\u0151ss\u00e9ge: 5%<\/li>\n<li>\u00cdzek: 9 egyedi lehet\u0151s\u00e9g<\/li>\n<li>Eldobhat\u00f3 eszk\u00f6z<\/li>\n<\/ul>\n<h4>GYIK<\/h4>\n<h5>Hogyan fokozza a kett\u0151s h\u00e1l\u00f3s tekercs technol\u00f3gia az \u00edzt \u00e9s a g\u0151ztermel\u00e9st?<\/h5>\n<p>A kett\u0151s h\u00e1l\u00f3s tekercs kialak\u00edt\u00e1sa n\u00f6veli a f\u0171t\u0151fel\u00fcletet, biztos\u00edtva az egyenletes h\u0151eloszl\u00e1st \u00e9s maximaliz\u00e1lva az e-folyad\u00e9k elp\u00e1rolg\u00e1s\u00e1t. Ez gazdagabb, intenz\u00edvebb \u00edzeket \u00e9s s\u0171r\u0171bb g\u0151zfelh\u0151ket eredm\u00e9nyez, kiv\u00e1l\u00f3 g\u0151z\u00f6l\u00e9si \u00e9lm\u00e9nyt ny\u00fajtva az egy tekercses eszk\u00f6z\u00f6kh\u00f6z k\u00e9pest.<\/p>\n<h5>Milyen sz\u00e1ll\u00edt\u00e1si m\u00f3dokat haszn\u00e1lnak?<\/h5>\n<p>Olyan megb\u00edzhat\u00f3 sz\u00e1ll\u00edtm\u00e1nyoz\u00f3kkal dolgozunk egy\u00fctt, mint a UPS, a DHL, a FedEx \u00e9s a DPD, hogy a megrendel\u00e9s\u00e9t azonnal k\u00e9zbes\u00edts\u00fck. A leghat\u00e9konyabb sz\u00e1ll\u00edt\u00e1si m\u00f3dot az \u00d6n tart\u00f3zkod\u00e1si helye alapj\u00e1n v\u00e1lasztjuk ki a sz\u00e1ll\u00edt\u00e1si sebess\u00e9g optimaliz\u00e1l\u00e1sa \u00e9rdek\u00e9ben.<\/p>\n<h5>Mennyi id\u0151 alatt \u00e9rkezik meg a rendel\u00e9sem?<\/h5>\n<p>A sz\u00e1ll\u00edt\u00e1s \u00e1ltal\u00e1ban 7-15 munkanapot vesz ig\u00e9nybe. K\u00e9rj\u00fck azonban, hogy \u00fcnnepnapokon vagy kedvez\u0151tlen id\u0151j\u00e1r\u00e1si k\u00f6r\u00fclm\u00e9nyek k\u00f6z\u00f6tt ak\u00e1r 20 munkanapot is enged\u00e9lyezzen, ami kisebb k\u00e9sedelmet okozhat a sz\u00e1ll\u00edt\u00e1sban.<\/p>\n<h5>Lesznek-e v\u00e1mprobl\u00e9m\u00e1im vagy tov\u00e1bbi d\u00edjak?<\/h5>\n<p>Minden v\u00e1mkezel\u00e9si elj\u00e1r\u00e1st mi v\u00e9gz\u00fcnk, garant\u00e1lva a z\u00f6kken\u0151mentes \u00e9s probl\u00e9mamentes lebonyol\u00edt\u00e1st. \u00d6nnek nem kell tov\u00e1bbi ad\u00f3kat vagy d\u00edjakat fizetnie. Biztos\u00edtjuk, hogy 100% term\u00e9keinket sikeresen v\u00e1mkezelj\u00fck.<\/p>\n<h5>Biztons\u00e1gos \u00e9s megb\u00edzhat\u00f3 a v\u00e1s\u00e1rl\u00e1s az oldal\u00e1r\u00f3l?<\/h5>\n<p>Igen, biztons\u00e1gos PayPal tranzakci\u00f3kat k\u00edn\u00e1lunk a v\u00e1s\u00e1rl\u00f3 v\u00e9delm\u00e9vel. Megb\u00edzhat\u00f3s\u00e1gunkat ellen\u0151rizheti a v\u00e1s\u00e1rl\u00f3i v\u00e9lem\u00e9nyek ellen\u0151rz\u00e9s\u00e9vel is. <a href=\"https:\/\/www.trustpilot.com\/review\/volovape.com?utm_medium=trustbox&amp;utm_source=TrustBoxReviewCollector\">TrustPilot<\/a>, ahol el\u00e9gedett \u00fcgyfelek besz\u00e1mol\u00f3it tal\u00e1lja.<\/p>","protected":false},"excerpt":{"rendered":"<p>Emelje a vape \u00e9lm\u00e9ny\u00e9t a SORA 25K eldobhat\u00f3val. Kett\u0151s h\u00e1l\u00f3s tekercsek, LCD kijelz\u0151, 20ml, 900mAh \u00fajrat\u00f6lthet\u0151. T\u00f6k\u00e9letes szem\u00e9lyes vagy nagykereskedelmi haszn\u00e1latra, hosszan tart\u00f3, \u00edzletes puffokat biztos\u00edt.<\/p>","protected":false},"featured_media":348,"comment_status":"open","ping_status":"closed","template":"","meta":[],"product_brand":[],"product_cat":[53,45,21,18,39,20,23,24,22,25,26,27,28,29,30,31,32,33,34,35,44,36,40],"product_tag":[],"class_list":{"0":"post-90","1":"product","2":"type-product","3":"status-publish","4":"has-post-thumbnail","6":"product_cat-sora","7":"product_cat-25000-puffs-disposable-vape","8":"product_cat-big-puffs-vapes","9":"product_cat-different-puffs-of-disposable-vapes","10":"product_cat-digital-box-vapes","11":"product_cat-disposable-vape-types","12":"product_cat-disposable-vapes-in-austria","13":"product_cat-disposable-vapes-in-belgium","14":"product_cat-disposable-vapes-in-europe","15":"product_cat-disposable-vapes-in-france","16":"product_cat-disposable-vapes-in-germany","17":"product_cat-disposable-vapes-in-hungary","18":"product_cat-disposable-vapes-in-ltaly","19":"product_cat-disposable-vapes-in-netherlands","20":"product_cat-disposable-vapes-in-norway","21":"product_cat-disposable-vapes-in-poland","22":"product_cat-disposable-vapes-in-portugal","23":"product_cat-disposable-vapes-in-spain","24":"product_cat-disposable-vapes-in-sweden","25":"product_cat-disposable-vapes-in-switzerland","26":"product_cat-dual-mesh-vapes","27":"product_cat-rechargeable-vapes","28":"product_cat-smart-screen-vapes","30":"first","31":"instock","32":"shipping-taxable","33":"purchasable","34":"product-type-variable","35":"has-default-attributes"},"jetpack_sharing_enabled":true,"tiered_pricing_type":"fixed","tiered_pricing_fixed_rules":{"2000":5.62000000000000010658141036401502788066864013671875},"tiered_pricing_product_settings":{"layout":"default","base_unit_name":{"singular":null,"plural":null},"default_variation":null},"tiered_pricing_minimum_quantity":1000,"tiered_pricing_roles_data":[],"tiered_pricing_percentage_rules":[],"tiered_pricing_maximum_quantity":null,"tiered_pricing_quantity_step":"5","_links":{"self":[{"href":"https:\/\/volovape.com\/hu\/wp-json\/wp\/v2\/product\/90","targetHints":{"allow":["GET"]}}],"collection":[{"href":"https:\/\/volovape.com\/hu\/wp-json\/wp\/v2\/product"}],"about":[{"href":"https:\/\/volovape.com\/hu\/wp-json\/wp\/v2\/types\/product"}],"replies":[{"embeddable":true,"href":"https:\/\/volovape.com\/hu\/wp-json\/wp\/v2\/comments?post=90"}],"wp:featuredmedia":[{"embeddable":true,"href":"https:\/\/volovape.com\/hu\/wp-json\/wp\/v2\/media\/348"}],"wp:attachment":[{"href":"https:\/\/volovape.com\/hu\/wp-json\/wp\/v2\/media?parent=90"}],"wp:term":[{"taxonomy":"product_brand","embeddable":true,"href":"https:\/\/volovape.com\/hu\/wp-json\/wp\/v2\/product_brand?post=90"},{"taxonomy":"product_cat","embeddable":true,"href":"https:\/\/volovape.com\/hu\/wp-json\/wp\/v2\/product_cat?post=90"},{"taxonomy":"product_tag","embeddable":true,"href":"https:\/\/volovape.com\/hu\/wp-json\/wp\/v2\/product_tag?post=90"}],"curies":[{"name":"wp","href":"https:\/\/api.w.org\/{rel}","templated":true}]}}