{"id":89,"date":"2024-11-21T03:26:52","date_gmt":"2024-11-21T03:26:52","guid":{"rendered":"https:\/\/volovape.com\/?post_type=product&#038;p=89"},"modified":"2025-10-30T05:03:05","modified_gmt":"2025-10-30T05:03:05","slug":"randm-digitalis-doboz-12000-puff","status":"publish","type":"product","link":"https:\/\/volovape.com\/hu\/product\/randm-digital-box-12000-puffs\/","title":{"rendered":"RandM Digital Box 12000 Puffs Eldobhat\u00f3 Vape - \u00fajrat\u00f6lthet\u0151 LCD kijelz\u0151vel"},"content":{"rendered":"<p><iframe title=\"VideoPress Video Player\" aria-label='VideoPress Video Player' width='500' height='281' src='https:\/\/videopress.com\/embed\/UzJBu0bw?hd=0&amp;cover=1' frameborder='0' allowfullscreen allow='clipboard-write'><\/iframe><script src='https:\/\/v0.wordpress.com\/js\/next\/videopress-iframe.js?m=1739540970'><\/script><\/p>\n<p><strong>RandM digit\u00e1lis doboz 12000 Puffs eldobhat\u00f3 Vape<\/strong> - Nagy kapacit\u00e1s\u00fa vapingol\u00e1s intelligens LCD-fel\u00fcgyelettel.<\/p>\n<p>A <strong>RandM Digital Box 12000<\/strong> \u00faj m\u00e9rc\u00e9t \u00e1ll\u00edt fel az eldobhat\u00f3 p\u00e1rologtat\u00f3k sz\u00e1m\u00e1ra, leny\u0171g\u00f6z\u0151 <strong>12,000 puff<\/strong> \u00e9s egy nagylelk\u0171 <strong>20mL e-liquid kapacit\u00e1s<\/strong>. Felszerelve egy <strong>850mAh \u00fajrat\u00f6lthet\u0151 akkumul\u00e1tor<\/strong> \u00e9s <strong>C-t\u00edpus\u00fa t\u00f6lt\u00e9s<\/strong>, hossz\u00fa t\u00e1v\u00fa teljes\u00edtm\u00e9nyt biztos\u00edt. A kiemelked\u0151 jellemz\u0151je a <strong>integr\u00e1lt LCD kijelz\u0151<\/strong>, amely val\u00f3s idej\u0171 friss\u00edt\u00e9seket biztos\u00edt az akkumul\u00e1tor \u00e9lettartam\u00e1r\u00f3l \u00e9s a puffok sz\u00e1m\u00e1r\u00f3l, \u00edgy p\u00e1ratlan ellen\u0151rz\u00e9st biztos\u00edt. A <strong>1\u03a9 h\u00e1l\u00f3s tekercs<\/strong> sima, \u00edzletes g\u0151zt garant\u00e1l, amely minden slukkot feldob. Kaphat\u00f3 <strong>6 k\u00fcl\u00f6nb\u00f6z\u0151 \u00edz<\/strong>, a gy\u00fcm\u00f6lcs\u00f6s kever\u00e9kekt\u0151l a friss\u00edt\u0151 ment\u00e1ig, ez a k\u00e9sz\u00fcl\u00e9k a legk\u00fcl\u00f6nf\u00e9l\u00e9bb preferenci\u00e1kat szolg\u00e1lja ki. Ide\u00e1lis <strong>eldobhat\u00f3 vape nagykereskedelem<\/strong>, <strong>t\u00f6meges megrendel\u00e9sek<\/strong>, vagy <strong>szem\u00e9lyes haszn\u00e1lat<\/strong>, a RandM Digital Box 12000 a fejlett technol\u00f3gi\u00e1t kiv\u00e9teles k\u00e9nyelemmel \u00f6tv\u00f6zi.<\/p>\n<h3><strong>RandM Digital Box 12000 Jellemz\u0151k:<\/strong><\/h3>\n<ul>\n<li>Puff: Puffok: Ak\u00e1r 12,000 puff<\/li>\n<li>E-folyad\u00e9k kapacit\u00e1s: 20mL<\/li>\n<li>Akkumul\u00e1tor: 850mAh (\u00fajrat\u00f6lthet\u0151)<\/li>\n<li>T\u00f6lt\u00e9s: C-t\u00edpus\u00fa<\/li>\n<li>Tekercs: 1\u03a9 Mesh tekercs<\/li>\n<li>Megjelen\u00edt\u00e9s: LCD (akkumul\u00e1tor \u00e9s puffsz\u00e1m)<\/li>\n<li>\u00cdzek: 6 egyedi lehet\u0151s\u00e9g<\/li>\n<li>Eldobhat\u00f3 eszk\u00f6z<\/li>\n<\/ul>\n<h4>GYIK<\/h4>\n<h5>Hogyan jav\u00edtja az LCD kijelz\u0151 a felhaszn\u00e1l\u00f3i \u00e9lm\u00e9nyt?<\/h5>\n<p>Az LCD kijelz\u0151 val\u00f3s idej\u0171 inform\u00e1ci\u00f3kat ny\u00fajt az akkumul\u00e1tor t\u00f6lt\u00f6tts\u00e9gi szintj\u00e9r\u0151l \u00e9s a puffok sz\u00e1m\u00e1r\u00f3l, lehet\u0151v\u00e9 t\u00e9ve a haszn\u00e1lat nyomon k\u00f6vet\u00e9s\u00e9t \u00e9s a megfelel\u0151 tervez\u00e9st. Ez a funkci\u00f3 a k\u00e9nyelem \u00e9s az ellen\u0151rz\u00e9s egy \u00fajabb szintj\u00e9t adja, biztos\u00edtva, hogy soha ne \u00e9rje \u00d6nt v\u00e1ratlanul a lemer\u00fclt akkumul\u00e1tor vagy az \u00fcres tart\u00e1ly.<\/p>\n<h5>Milyen sz\u00e1ll\u00edt\u00e1si m\u00f3dokat haszn\u00e1lnak?<\/h5>\n<p>Megb\u00edzhat\u00f3 sz\u00e1ll\u00edtm\u00e1nyoz\u00f3kkal dolgozunk egy\u00fctt, mint a UPS, DHL, FedEx \u00e9s DPD, hogy rendel\u00e9seit azonnal k\u00e9zbes\u00edts\u00fck. Az \u00d6n tart\u00f3zkod\u00e1si helye alapj\u00e1n v\u00e1lasztjuk ki a leghat\u00e9konyabb sz\u00e1ll\u00edt\u00e1si lehet\u0151s\u00e9get, hogy biztos\u00edtsuk a gyors \u00e9s megb\u00edzhat\u00f3 kisz\u00e1ll\u00edt\u00e1st.<\/p>\n<h5>Mennyi id\u0151 alatt \u00e9rkezik meg a rendel\u00e9sem?<\/h5>\n<p>A megrendel\u00e9sek \u00e1ltal\u00e1ban 7-15 munkanapon bel\u00fcl meg\u00e9rkeznek. K\u00e9rj\u00fck azonban, hogy \u00fcnnepnapokon vagy kedvez\u0151tlen id\u0151j\u00e1r\u00e1si k\u00f6r\u00fclm\u00e9nyek k\u00f6z\u00f6tt ak\u00e1r 20 munkanapot is enged\u00e9lyezzen, ami kisebb k\u00e9s\u00e9st okozhat.<\/p>\n<h5>Lesznek-e v\u00e1mprobl\u00e9m\u00e1im vagy tov\u00e1bbi d\u00edjak?<\/h5>\n<p>Minden v\u00e1mkezel\u00e9si elj\u00e1r\u00e1st mi v\u00e9gz\u00fcnk, \u00edgy biztos\u00edtva a probl\u00e9mamentes \u00e9lm\u00e9nyt. \u00d6nnek nem kell tov\u00e1bbi ad\u00f3kat vagy d\u00edjakat fizetnie. Garant\u00e1ljuk, hogy 100% term\u00e9keinket sikeresen v\u00e1mkezelj\u00fck.<\/p>\n<h5>Biztons\u00e1gos \u00e9s megb\u00edzhat\u00f3 a v\u00e1s\u00e1rl\u00e1s az oldal\u00e1r\u00f3l?<\/h5>\n<p>Igen, t\u00e1mogatjuk a biztons\u00e1gos PayPal tranzakci\u00f3kat a v\u00e1s\u00e1rl\u00f3 v\u00e9delm\u00e9vel. Megb\u00edzhat\u00f3s\u00e1gunkat a v\u00e1s\u00e1rl\u00f3i v\u00e9lem\u00e9nyek elolvas\u00e1s\u00e1val is ellen\u0151rizheti. <a href=\"https:\/\/www.trustpilot.com\/review\/volovape.com?utm_medium=trustbox&amp;utm_source=TrustBoxReviewCollector\">TrustPilot<\/a>, ahol el\u00e9gedett \u00fcgyfelek besz\u00e1mol\u00f3it tal\u00e1lja.<\/p>","protected":false},"excerpt":{"rendered":"<p>L\u00e9pjen be a digit\u00e1lis p\u00e1rologtat\u00e1sba a RandM Digital Box 12000 Puffs-szal. LCD kijelz\u0151, 1\u03a9 h\u00e1l\u00f3, 20ml, 850mAh \u00fajrat\u00f6lthet\u0151. Ide\u00e1lis szem\u00e9lyi vagy nagykereskedelmi haszn\u00e1latra, sima, t\u00e1j\u00e9kozott p\u00e1rologtat\u00e1st biztos\u00edt.<\/p>","protected":false},"featured_media":341,"comment_status":"open","ping_status":"closed","template":"","meta":[],"product_brand":[],"product_cat":[52,38,21,18,39,20,23,24,22,25,26,27,28,29,30,31,32,33,34,35,36,40],"product_tag":[],"class_list":{"0":"post-89","1":"product","2":"type-product","3":"status-publish","4":"has-post-thumbnail","6":"product_cat-randm","7":"product_cat-12000-puffs-disposable-vape","8":"product_cat-big-puffs-vapes","9":"product_cat-different-puffs-of-disposable-vapes","10":"product_cat-digital-box-vapes","11":"product_cat-disposable-vape-types","12":"product_cat-disposable-vapes-in-austria","13":"product_cat-disposable-vapes-in-belgium","14":"product_cat-disposable-vapes-in-europe","15":"product_cat-disposable-vapes-in-france","16":"product_cat-disposable-vapes-in-germany","17":"product_cat-disposable-vapes-in-hungary","18":"product_cat-disposable-vapes-in-ltaly","19":"product_cat-disposable-vapes-in-netherlands","20":"product_cat-disposable-vapes-in-norway","21":"product_cat-disposable-vapes-in-poland","22":"product_cat-disposable-vapes-in-portugal","23":"product_cat-disposable-vapes-in-spain","24":"product_cat-disposable-vapes-in-sweden","25":"product_cat-disposable-vapes-in-switzerland","26":"product_cat-rechargeable-vapes","27":"product_cat-smart-screen-vapes","29":"first","30":"instock","31":"shipping-taxable","32":"purchasable","33":"product-type-variable","34":"has-default-attributes"},"jetpack_sharing_enabled":true,"tiered_pricing_type":"fixed","tiered_pricing_fixed_rules":{"30":7.32000000000000028421709430404007434844970703125,"50":6.8499999999999996447286321199499070644378662109375,"100":6.2599999999999997868371792719699442386627197265625,"200":5.95999999999999996447286321199499070644378662109375,"400":5.55999999999999960920149533194489777088165283203125},"tiered_pricing_product_settings":{"layout":"default","base_unit_name":{"singular":null,"plural":null},"default_variation":null},"tiered_pricing_minimum_quantity":10,"tiered_pricing_roles_data":[],"tiered_pricing_percentage_rules":[],"tiered_pricing_maximum_quantity":null,"tiered_pricing_quantity_step":"10","_links":{"self":[{"href":"https:\/\/volovape.com\/hu\/wp-json\/wp\/v2\/product\/89","targetHints":{"allow":["GET"]}}],"collection":[{"href":"https:\/\/volovape.com\/hu\/wp-json\/wp\/v2\/product"}],"about":[{"href":"https:\/\/volovape.com\/hu\/wp-json\/wp\/v2\/types\/product"}],"replies":[{"embeddable":true,"href":"https:\/\/volovape.com\/hu\/wp-json\/wp\/v2\/comments?post=89"}],"wp:featuredmedia":[{"embeddable":true,"href":"https:\/\/volovape.com\/hu\/wp-json\/wp\/v2\/media\/341"}],"wp:attachment":[{"href":"https:\/\/volovape.com\/hu\/wp-json\/wp\/v2\/media?parent=89"}],"wp:term":[{"taxonomy":"product_brand","embeddable":true,"href":"https:\/\/volovape.com\/hu\/wp-json\/wp\/v2\/product_brand?post=89"},{"taxonomy":"product_cat","embeddable":true,"href":"https:\/\/volovape.com\/hu\/wp-json\/wp\/v2\/product_cat?post=89"},{"taxonomy":"product_tag","embeddable":true,"href":"https:\/\/volovape.com\/hu\/wp-json\/wp\/v2\/product_tag?post=89"}],"curies":[{"name":"wp","href":"https:\/\/api.w.org\/{rel}","templated":true}]}}