{"id":88,"date":"2024-11-21T03:26:51","date_gmt":"2024-11-21T03:26:51","guid":{"rendered":"https:\/\/volovape.com\/?post_type=product&#038;p=88"},"modified":"2025-07-04T02:52:02","modified_gmt":"2025-07-04T02:52:02","slug":"vapme-tuz-9000-fujas","status":"publish","type":"product","link":"https:\/\/volovape.com\/hu\/product\/vapme-fire-9000-puffs\/","title":{"rendered":"VAPME FIRE 9000 Puffs Eldobhat\u00f3 Vape - \u00fajrat\u00f6lthet\u0151, 0.8\u03a9 Mesh Coil"},"content":{"rendered":"<p><strong>VAPME FIRE 9000 Puffs Eldobhat\u00f3 Vape<\/strong> - Tapasztalja meg a hosszan tart\u00f3, \u00edzgazdag szipuz\u00e1st \u00fajrat\u00f6lthet\u0151 \u00e9llel.<\/p>\n<p>A <strong>VAPME FIRE 9000<\/strong> leny\u0171g\u00f6z\u0151 <strong>9000+ puff<\/strong> jelent\u0151s <strong>15mL e-liquid kapacit\u00e1s<\/strong>, biztos\u00edtva a hosszan tart\u00f3 \u00e9lvezetet. A <strong>850mAh \u00fajrat\u00f6lthet\u0151 akkumul\u00e1tor<\/strong> \u00e9s <strong>C-t\u00edpus\u00fa t\u00f6lt\u00e9s<\/strong> a folyamatos haszn\u00e1lat k\u00e9nyelm\u00e9t k\u00edn\u00e1lj\u00e1k gyakori cser\u00e9k n\u00e9lk\u00fcl. A <strong>0,8\u03a9-os h\u00e1l\u00f3s tekercs<\/strong> az optim\u00e1lis \u00edz \u00e9s g\u0151ztermel\u00e9s \u00e9rdek\u00e9ben lett tervezve, egyenletesen sima g\u0151z\u00f6l\u00e9si \u00e9lm\u00e9nyt biztos\u00edtva. A v\u00e1ltozatos <strong>16 egyedi \u00edz<\/strong>, a gy\u00fcm\u00f6lcs\u00f6s kever\u00e9kekt\u0151l a jeges \u00e9rz\u00e9sekig, ez a k\u00e9sz\u00fcl\u00e9k minden \u00edzl\u00e9st kiel\u00e9g\u00edt. Ide\u00e1lis <strong>eldobhat\u00f3 vape nagykereskedelem<\/strong>, <strong>t\u00f6meges rendel\u00e9s<\/strong>, vagy <strong>szem\u00e9lyes haszn\u00e1lat<\/strong>, a VAPME FIRE 9000 a nagy teljes\u00edtm\u00e9nyt a v\u00e9gs\u0151 hordozhat\u00f3s\u00e1ggal \u00f6tv\u00f6zi.<\/p>\n<p><iframe title=\"VideoPress Video Player\" aria-label='VideoPress Video Player' width='421' height='750' src='https:\/\/videopress.com\/embed\/Cl4SK2ke?hd=0&amp;cover=1' frameborder='0' allowfullscreen allow='clipboard-write'><\/iframe><script src='https:\/\/v0.wordpress.com\/js\/next\/videopress-iframe.js?m=1739540970'><\/script><\/p>\n<h3><strong>VAPME FIRE 9000 Jellemz\u0151k\uff1a<\/strong><\/h3>\n<ul>\n<li>Puff: Puffok: T\u00f6bb mint 9000<\/li>\n<li>E-folyad\u00e9k kapacit\u00e1s: 15mL<\/li>\n<li>Akkumul\u00e1tor: 850mAh (\u00fajrat\u00f6lthet\u0151)<\/li>\n<li>T\u00f6lt\u00e9s: C-t\u00edpus\u00fa<\/li>\n<li>Tekercs: 0.8\u03a9 Mesh tekercs<\/li>\n<li>\u00cdzek: 16 egyedi lehet\u0151s\u00e9g<\/li>\n<li>Eldobhat\u00f3 eszk\u00f6z<\/li>\n<\/ul>\n<h4>GYIK<\/h4>\n<h5>Hogyan jav\u00edtja a 0,8\u03a9-os h\u00e1l\u00f3s tekercs a p\u00e1rologtat\u00e1si \u00e9lm\u00e9nyt?<\/h5>\n<p>A 0,8\u03a9-os h\u00e1l\u00f3s tekercset \u00fagy tervezt\u00e9k, hogy egyenletes f\u0171t\u00e9st \u00e9s nagyobb fel\u00fcletet biztos\u00edtson, ami egyenletesebb g\u0151ztermel\u00e9st \u00e9s intenz\u00edvebb \u00edzlead\u00e1st eredm\u00e9nyez. Ez biztos\u00edtja a k\u00f6vetkezetesen kiel\u00e9g\u00edt\u0151 sz\u00edv\u00e1st minden egyes slukkol\u00e1ssal, maximaliz\u00e1lva az egyes \u00edzek \u00e9lvezet\u00e9t.<\/p>\n<h5>Milyen sz\u00e1ll\u00edt\u00e1si m\u00f3dokat haszn\u00e1lnak?<\/h5>\n<p>Olyan vezet\u0151 sz\u00e1ll\u00edtm\u00e1nyoz\u00f3kkal dolgozunk egy\u00fctt, mint a UPS, a DHL, a FedEx \u00e9s a DPD, hogy megrendel\u00e9se gyorsan \u00e9s biztons\u00e1gosan meg\u00e9rkezzen. Az optim\u00e1lis sz\u00e1ll\u00edt\u00e1si id\u0151 \u00e9rdek\u00e9ben az \u00d6n tart\u00f3zkod\u00e1si helye alapj\u00e1n v\u00e1lasztjuk ki a legjobb sz\u00e1ll\u00edt\u00e1si m\u00f3dot.<\/p>\n<h5>Mennyi id\u0151 alatt \u00e9rkezik meg?<\/h5>\n<p>A sz\u00e1ll\u00edt\u00e1s \u00e1ltal\u00e1ban 7-15 munkanapot vesz ig\u00e9nybe. K\u00e9rj\u00fck azonban, hogy \u00fcnnepnapokon vagy kedvez\u0151tlen id\u0151j\u00e1r\u00e1si k\u00f6r\u00fclm\u00e9nyek k\u00f6z\u00f6tt ak\u00e1r 20 munkanapot is sz\u00e1moljon, mivel ezek befoly\u00e1solhatj\u00e1k a sz\u00e1ll\u00edt\u00e1si \u00fctemtervet.<\/p>\n<h5>Lesznek-e v\u00e1mprobl\u00e9m\u00e1im vagy tov\u00e1bbi d\u00edjak?<\/h5>\n<p>Nem, garant\u00e1ljuk a z\u00f6kken\u0151mentes v\u00e1mkezel\u00e9st. Minden v\u00e1melj\u00e1r\u00e1st mi int\u00e9z\u00fcnk, \u00e9s \u00d6nnek nem kell tov\u00e1bbi ad\u00f3kat vagy d\u00edjakat fizetnie. Biztos lehet benne, hogy 100% term\u00e9keink sikeresen v\u00e1mkezelik.<\/p>\n<h5>Megb\u00edzhatok ebben a term\u00e9kben \u00e9s a szolg\u00e1ltat\u00e1sban?<\/h5>\n<p>Abszol\u00fat. T\u00e1mogatjuk a biztons\u00e1gos PayPal fizet\u00e9seket a v\u00e1s\u00e1rl\u00f3 v\u00e9delm\u00e9vel. \u00d6n is ellen\u0151rizheti hiteless\u00e9g\u00fcnket, ha ellen\u0151rzi v\u00e1s\u00e1rl\u00f3i v\u00e9lem\u00e9nyeinket az al\u00e1bbi weboldalon <a href=\"https:\/\/www.trustpilot.com\/review\/volovape.com?utm_medium=trustbox&amp;utm_source=TrustBoxReviewCollector\">TrustPilot<\/a>, ahol el\u00e9gedett \u00fcgyfelek besz\u00e1mol\u00f3it tal\u00e1lja.<\/p>","protected":false},"excerpt":{"rendered":"<p>Gy\u00fajtson tart\u00f3s \u00edzt a VAPME FIRE 9000 Puffokkal. 0.8\u03a9 h\u00e1l\u00f3, 15ml, 850mAh \u00fajrat\u00f6lthet\u0151. Ide\u00e1lis szem\u00e9lyes vagy nagykereskedelmi haszn\u00e1latra, sima, gazdag g\u0151zt biztos\u00edt.<\/p>","protected":false},"featured_media":333,"comment_status":"open","ping_status":"closed","template":"","meta":[],"product_brand":[],"product_cat":[49,48,21,18,20,23,24,22,25,26,27,28,29,30,31,32,33,34,35,36],"product_tag":[],"class_list":{"0":"post-88","1":"product","2":"type-product","3":"status-publish","4":"has-post-thumbnail","6":"product_cat-vapme","7":"product_cat-9000-puffs-disposable-vape","8":"product_cat-big-puffs-vapes","9":"product_cat-different-puffs-of-disposable-vapes","10":"product_cat-disposable-vape-types","11":"product_cat-disposable-vapes-in-austria","12":"product_cat-disposable-vapes-in-belgium","13":"product_cat-disposable-vapes-in-europe","14":"product_cat-disposable-vapes-in-france","15":"product_cat-disposable-vapes-in-germany","16":"product_cat-disposable-vapes-in-hungary","17":"product_cat-disposable-vapes-in-ltaly","18":"product_cat-disposable-vapes-in-netherlands","19":"product_cat-disposable-vapes-in-norway","20":"product_cat-disposable-vapes-in-poland","21":"product_cat-disposable-vapes-in-portugal","22":"product_cat-disposable-vapes-in-spain","23":"product_cat-disposable-vapes-in-sweden","24":"product_cat-disposable-vapes-in-switzerland","25":"product_cat-rechargeable-vapes","27":"first","28":"instock","29":"shipping-taxable","30":"purchasable","31":"product-type-variable","32":"has-default-attributes"},"jetpack_sharing_enabled":true,"tiered_pricing_type":"fixed","tiered_pricing_fixed_rules":{"2000":5.20000000000000017763568394002504646778106689453125},"tiered_pricing_product_settings":{"layout":"default","base_unit_name":{"singular":null,"plural":null},"default_variation":null},"tiered_pricing_minimum_quantity":1000,"tiered_pricing_roles_data":[],"tiered_pricing_percentage_rules":[],"tiered_pricing_maximum_quantity":null,"tiered_pricing_quantity_step":"10","_links":{"self":[{"href":"https:\/\/volovape.com\/hu\/wp-json\/wp\/v2\/product\/88","targetHints":{"allow":["GET"]}}],"collection":[{"href":"https:\/\/volovape.com\/hu\/wp-json\/wp\/v2\/product"}],"about":[{"href":"https:\/\/volovape.com\/hu\/wp-json\/wp\/v2\/types\/product"}],"replies":[{"embeddable":true,"href":"https:\/\/volovape.com\/hu\/wp-json\/wp\/v2\/comments?post=88"}],"wp:featuredmedia":[{"embeddable":true,"href":"https:\/\/volovape.com\/hu\/wp-json\/wp\/v2\/media\/333"}],"wp:attachment":[{"href":"https:\/\/volovape.com\/hu\/wp-json\/wp\/v2\/media?parent=88"}],"wp:term":[{"taxonomy":"product_brand","embeddable":true,"href":"https:\/\/volovape.com\/hu\/wp-json\/wp\/v2\/product_brand?post=88"},{"taxonomy":"product_cat","embeddable":true,"href":"https:\/\/volovape.com\/hu\/wp-json\/wp\/v2\/product_cat?post=88"},{"taxonomy":"product_tag","embeddable":true,"href":"https:\/\/volovape.com\/hu\/wp-json\/wp\/v2\/product_tag?post=88"}],"curies":[{"name":"wp","href":"https:\/\/api.w.org\/{rel}","templated":true}]}}