{"id":87,"date":"2024-11-21T03:26:51","date_gmt":"2024-11-21T03:26:51","guid":{"rendered":"https:\/\/volovape.com\/?post_type=product&#038;p=87"},"modified":"2025-08-07T08:19:54","modified_gmt":"2025-08-07T08:19:54","slug":"vapme-digital-12000-fujas","status":"publish","type":"product","link":"https:\/\/volovape.com\/hu\/product\/vapme-digital-12000-puffs\/","title":{"rendered":"VAPME Digital 12000 puffs h\u00e1l\u00f3s tekercs eldobhat\u00f3 vape - \u00fajrat\u00f6lthet\u0151 digit\u00e1lis kijelz\u0151vel (0-5% nikotin)"},"content":{"rendered":"<p><iframe title=\"VideoPress Video Player\" aria-label='VideoPress Video Player' width='500' height='281' src='https:\/\/videopress.com\/embed\/Ip39Kbon?hd=0&amp;cover=1' frameborder='0' allowfullscreen allow='clipboard-write'><\/iframe><script src='https:\/\/v0.wordpress.com\/js\/next\/videopress-iframe.js?m=1739540970'><\/script><br \/>\nVAPME DIGITAL 12000 Puffs Eldobhat\u00f3 Vape - 1.0\u03a9 Mesh Coil, \u00fajrat\u00f6lthet\u0151<br \/>\n<strong>VAPME DIGITAL 12000 Puffs Hossz\u00fa \u00e9lettartam\u00fa eldobhat\u00f3 vape Mesh tekerccsel<\/strong> - Smart Vaping Experience.<\/p>\n<p>A <strong>VAPME DIGITAL 12000 Puffs<\/strong> Az eldobhat\u00f3 vape kiterjesztett \u00e9s intelligens p\u00e1rologtat\u00e1si \u00e9lm\u00e9nyt k\u00edn\u00e1l ak\u00e1r <strong>12,000 puff<\/strong>, a <strong>20ml e-liquid kapacit\u00e1s<\/strong>, \u00e9s egy <strong>850mAh \u00fajrat\u00f6lthet\u0151 akkumul\u00e1tor<\/strong> -vel <strong>C-t\u00edpus\u00fa t\u00f6lt\u00e9s<\/strong>. A <strong>1.0\u03a9 h\u00e1l\u00f3s tekercs<\/strong> egyenletes \u00e9s \u00edzletes g\u0151zt biztos\u00edt. A <strong>digit\u00e1lis kijelz\u0151<\/strong> lehet\u0151v\u00e9 teszi az akkumul\u00e1tor \u00e9lettartam\u00e1nak \u00e9s az e-folyad\u00e9k szintj\u00e9nek egyszer\u0171 nyomon k\u00f6vet\u00e9s\u00e9t. V\u00e1lasszon a k\u00f6vetkez\u0151k k\u00f6z\u00fcl <strong>2% vagy 5% nikotin er\u0151ss\u00e9g\u0171ek<\/strong> \u00e9s \u00e9lvezze <strong>20 v\u00e1ltozatos \u00edz<\/strong>, k\u00f6zt\u00fck az epres s\u00e1rk\u00e1nygy\u00fcm\u00f6lcs j\u00e9g \u00e9s a barackos BlueRazz j\u00e9g. Ide\u00e1lis szem\u00e9lyes haszn\u00e1latra vagy <strong>eldobhat\u00f3 vape nagykereskedelem<\/strong>, ez a k\u00e9sz\u00fcl\u00e9k \u00f6tv\u00f6zi a teljes\u00edtm\u00e9nyt az intelligens funkci\u00f3kkal. A <strong>t\u00f6meges rendel\u00e9s<\/strong> \u00e1rk\u00e9pz\u00e9s, k\u00e9rj\u00fck, l\u00e9pjen kapcsolatba vel\u00fcnk.<\/p>\n<h3><strong>VAPME DIGITAL 12000 Jellemz\u0151k:<\/strong><\/h3>\n<ul>\n<li>Puff: Ak\u00e1r 12,000<\/li>\n<li>E-folyad\u00e9k kapacit\u00e1s: 20ml<\/li>\n<li>Akkumul\u00e1tor: 850mAh (\u00fajrat\u00f6lthet\u0151)<\/li>\n<li>T\u00f6lt\u00e9s: C-t\u00edpus\u00fa<\/li>\n<li>Tekercs: 1.0\u03a9 Mesh tekercs<\/li>\n<li>Nikotin Er\u0151ss\u00e9gek: 2%, 5%<\/li>\n<li>Megjelen\u00edt\u00e9s: Digit\u00e1lis kijelz\u0151 (akkumul\u00e1tor \u00e9s E-folyad\u00e9k szintek)<\/li>\n<li>20 \u00edzv\u00e1laszt\u00e9k<\/li>\n<\/ul>\n<h4>GYIK<\/h4>\n<h5>Hogyan jav\u00edtja a digit\u00e1lis kijelz\u0151 a felhaszn\u00e1l\u00f3i \u00e9lm\u00e9nyt?<\/h5>\n<p>A digit\u00e1lis kijelz\u0151 val\u00f3s idej\u0171 inform\u00e1ci\u00f3kat ny\u00fajt az akkumul\u00e1tor \u00e9lettartam\u00e1r\u00f3l \u00e9s az e-folyad\u00e9k szintj\u00e9r\u0151l, \u00edgy figyelemmel k\u00eds\u00e9rheti k\u00e9sz\u00fcl\u00e9k\u00e9t, \u00e9s ennek megfelel\u0151en tervezheti meg a p\u00e1rol\u00e1si munkameneteket. Ez a funkci\u00f3 n\u00f6veli a k\u00e9nyelmet, \u00e9s biztos\u00edtja, hogy mindig tiszt\u00e1ban legyen a k\u00e9sz\u00fcl\u00e9k \u00e1llapot\u00e1val.<\/p>\n<h5>Milyen sz\u00e1ll\u00edt\u00e1si m\u00f3dokat haszn\u00e1lnak?<\/h5>\n<p>Megb\u00edzhat\u00f3 sz\u00e1ll\u00edtm\u00e1nyoz\u00f3kkal, p\u00e9ld\u00e1ul a UPS, a DHL, a FedEx \u00e9s a DPD partnerek\u00e9nt biztos\u00edtjuk megrendel\u00e9seinek hat\u00e9kony k\u00e9zbes\u00edt\u00e9s\u00e9t. A sz\u00e1ll\u00edt\u00e1si m\u00f3dot az \u00d6n tart\u00f3zkod\u00e1si helye alapj\u00e1n v\u00e1lasztjuk ki az optim\u00e1lis sz\u00e1ll\u00edt\u00e1si sebess\u00e9g \u00e9s megb\u00edzhat\u00f3s\u00e1g \u00e9rdek\u00e9ben.<\/p>\n<h5>Mennyi ideig tart \u00e1ltal\u00e1ban a sz\u00e1ll\u00edt\u00e1s?<\/h5>\n<p>A sz\u00e1ll\u00edt\u00e1s \u00e1ltal\u00e1ban 7-15 munkanapot vesz ig\u00e9nybe. F\u0151szezonban vagy kedvez\u0151tlen id\u0151j\u00e1r\u00e1si k\u00f6r\u00fclm\u00e9nyek k\u00f6z\u00f6tt ez ak\u00e1r 20 munkanapot is ig\u00e9nybe vehet.<\/p>\n<h5>Lesznek-e v\u00e1mprobl\u00e9m\u00e1im vagy tov\u00e1bbi d\u00edjak?<\/h5>\n<p>Mi kezelj\u00fck az \u00f6sszes v\u00e1mkezel\u00e9si elj\u00e1r\u00e1st, biztos\u00edtva, hogy k\u00fcldem\u00e9nye gond n\u00e9lk\u00fcl \u00e1tmenjen. \u00d6nnek nem kell tov\u00e1bbi ad\u00f3kat vagy d\u00edjakat fizetnie. Garant\u00e1ljuk az 100% v\u00e1mkezel\u00e9s\u00e9t.<\/p>\n<h5>Hogyan gy\u0151z\u0151dhetek meg a term\u00e9k min\u0151s\u00e9g\u00e9r\u0151l \u00e9s megb\u00edzhat\u00f3s\u00e1g\u00e1r\u00f3l?<\/h5>\n<p>Elfogadjuk a biztons\u00e1gos PayPal fizet\u00e9seket a v\u00e1s\u00e1rl\u00f3 v\u00e9delm\u00e9vel. V\u00e1s\u00e1rl\u00f3i v\u00e9lem\u00e9nyeket is olvashat a <a href=\"https:\/\/www.trustpilot.com\/review\/volovape.com?utm_medium=trustbox&amp;utm_source=TrustBoxReviewCollector\">TrustPilot<\/a>, ahol sz\u00e1mos \u00fcgyf\u00e9l osztotta meg pozit\u00edv tapasztalatait term\u00e9keinkkel \u00e9s szolg\u00e1ltat\u00e1sainkkal kapcsolatban.<\/p>","protected":false},"excerpt":{"rendered":"<p>\u00c9lvezze a digit\u00e1lis p\u00e1rologtat\u00e1st a VAPME DIGITAL 12000 Puffs seg\u00edts\u00e9g\u00e9vel. 1.0\u03a9 h\u00e1l\u00f3, 20ml, 850mAh \u00fajrat\u00f6lthet\u0151. T\u00f6k\u00e9letes szem\u00e9lyi vagy nagykereskedelmi haszn\u00e1latra, tart\u00f3s \u00edzt \u00e9s v\u00e1ltozatos nikotinv\u00e1laszt\u00e9kot k\u00edn\u00e1l.<\/p>","protected":false},"featured_media":324,"comment_status":"open","ping_status":"closed","template":"","meta":[],"product_brand":[],"product_cat":[49,38,21,18,39,20,23,24,22,25,26,27,28,29,30,31,32,33,34,35,36,40],"product_tag":[],"class_list":{"0":"post-87","1":"product","2":"type-product","3":"status-publish","4":"has-post-thumbnail","6":"product_cat-vapme","7":"product_cat-12000-puffs-disposable-vape","8":"product_cat-big-puffs-vapes","9":"product_cat-different-puffs-of-disposable-vapes","10":"product_cat-digital-box-vapes","11":"product_cat-disposable-vape-types","12":"product_cat-disposable-vapes-in-austria","13":"product_cat-disposable-vapes-in-belgium","14":"product_cat-disposable-vapes-in-europe","15":"product_cat-disposable-vapes-in-france","16":"product_cat-disposable-vapes-in-germany","17":"product_cat-disposable-vapes-in-hungary","18":"product_cat-disposable-vapes-in-ltaly","19":"product_cat-disposable-vapes-in-netherlands","20":"product_cat-disposable-vapes-in-norway","21":"product_cat-disposable-vapes-in-poland","22":"product_cat-disposable-vapes-in-portugal","23":"product_cat-disposable-vapes-in-spain","24":"product_cat-disposable-vapes-in-sweden","25":"product_cat-disposable-vapes-in-switzerland","26":"product_cat-rechargeable-vapes","27":"product_cat-smart-screen-vapes","29":"first","30":"instock","31":"shipping-taxable","32":"purchasable","33":"product-type-variable","34":"has-default-attributes"},"jetpack_sharing_enabled":true,"tiered_pricing_type":"fixed","tiered_pricing_fixed_rules":{"2000":4.2599999999999997868371792719699442386627197265625},"tiered_pricing_product_settings":{"layout":"default","base_unit_name":{"singular":null,"plural":null},"default_variation":null},"tiered_pricing_minimum_quantity":1000,"tiered_pricing_roles_data":[],"tiered_pricing_percentage_rules":[],"tiered_pricing_maximum_quantity":null,"tiered_pricing_quantity_step":"10","_links":{"self":[{"href":"https:\/\/volovape.com\/hu\/wp-json\/wp\/v2\/product\/87","targetHints":{"allow":["GET"]}}],"collection":[{"href":"https:\/\/volovape.com\/hu\/wp-json\/wp\/v2\/product"}],"about":[{"href":"https:\/\/volovape.com\/hu\/wp-json\/wp\/v2\/types\/product"}],"replies":[{"embeddable":true,"href":"https:\/\/volovape.com\/hu\/wp-json\/wp\/v2\/comments?post=87"}],"wp:featuredmedia":[{"embeddable":true,"href":"https:\/\/volovape.com\/hu\/wp-json\/wp\/v2\/media\/324"}],"wp:attachment":[{"href":"https:\/\/volovape.com\/hu\/wp-json\/wp\/v2\/media?parent=87"}],"wp:term":[{"taxonomy":"product_brand","embeddable":true,"href":"https:\/\/volovape.com\/hu\/wp-json\/wp\/v2\/product_brand?post=87"},{"taxonomy":"product_cat","embeddable":true,"href":"https:\/\/volovape.com\/hu\/wp-json\/wp\/v2\/product_cat?post=87"},{"taxonomy":"product_tag","embeddable":true,"href":"https:\/\/volovape.com\/hu\/wp-json\/wp\/v2\/product_tag?post=87"}],"curies":[{"name":"wp","href":"https:\/\/api.w.org\/{rel}","templated":true}]}}