{"id":853,"date":"2024-11-21T03:33:53","date_gmt":"2024-11-21T03:33:53","guid":{"rendered":"https:\/\/volovape.com\/?post_type=product&#038;p=853"},"modified":"2025-07-06T04:14:47","modified_gmt":"2025-07-06T04:14:47","slug":"hzko-szupernova-25000-fujas","status":"publish","type":"product","link":"https:\/\/volovape.com\/hu\/product\/hzko-supernova-25000-puffs\/","title":{"rendered":"HZKO Supernova 25000 puffs eldobhat\u00f3 vape - digit\u00e1lis kijelz\u0151, \u00e1ll\u00edthat\u00f3 l\u00e9g\u00e1ram, h\u00e1l\u00f3s tekercs"},"content":{"rendered":"<p><strong>HZKO Supernova 25000 Puffs Eldobhat\u00f3 Vape<\/strong> - Tapasztalja meg a v\u00e9gs\u0151 ellen\u0151rz\u00e9st \u00e9s a hossz\u00fa \u00e9lettartamot a digit\u00e1lis kijelz\u0151vel \u00e9s a szab\u00e1lyozhat\u00f3 l\u00e9g\u00e1raml\u00e1ssal.<\/p>\n<p>A <strong>HZKO Supernova 25000 Puffs<\/strong> Az eldobhat\u00f3 vape p\u00e1ratlan p\u00e1rologtat\u00e1si \u00e9lm\u00e9nyt ny\u00fajt, leny\u0171g\u00f6z\u0151 <strong>25,000 puff<\/strong> kapacit\u00e1s, egy nagyvonal\u00fa <strong>25ml e-folyad\u00e9k tart\u00e1ly<\/strong>, \u00e9s egy er\u0151teljes <strong>850mAh \u00fajrat\u00f6lthet\u0151 akkumul\u00e1tor<\/strong>. Az integr\u00e1lt <strong>digit\u00e1lis kijelz\u0151<\/strong> az akkumul\u00e1tor \u00e9s az e-folyad\u00e9k szintj\u00e9nek val\u00f3s idej\u0171 ellen\u0151rz\u00e9s\u00e9t, m\u00edg a <strong>\u00e1ll\u00edthat\u00f3 l\u00e9g\u00e1raml\u00e1s<\/strong> lehet\u0151v\u00e9 teszi a szem\u00e9lyre szabott g\u0151z\u00f6l\u00e9st. A fejlett <strong>h\u00e1l\u00f3s tekercs<\/strong> biztos\u00edtja a sima \u00e9s \u00edzletes g\u0151ztermel\u00e9st. V\u00e1lasszon a k\u00f6vetkez\u0151k k\u00f6z\u00fcl <strong>0%, 2%, 3%, vagy 5% nikotin er\u0151ss\u00e9g\u0171ek.<\/strong>. Ide\u00e1lis szem\u00e9lyes haszn\u00e1latra \u00e9s <strong>eldobhat\u00f3 vape nagykereskedelem<\/strong>, ez a k\u00e9sz\u00fcl\u00e9k egyszerre k\u00edn\u00e1l k\u00e9nyelmet \u00e9s ellen\u0151rz\u00e9st. <strong>T\u00f6meges rendel\u00e9s<\/strong> lehet\u0151s\u00e9gek \u00e1llnak rendelkez\u00e9sre a kiskeresked\u0151k sz\u00e1m\u00e1ra.<\/p>\n<h3><strong>HZKO Supernova 25000 Puffs Jellemz\u0151k:<\/strong><\/h3>\n<ul>\n<li>Puff: 25,000-ig<\/li>\n<li>E-folyad\u00e9k Kapacit\u00e1s: 25ml<\/li>\n<li>Akkumul\u00e1tor: 850mAh (\u00fajrat\u00f6lthet\u0151)<\/li>\n<li>T\u00f6lt\u00e9s: C-t\u00edpus\u00fa<\/li>\n<li>Tekercs: Mesh Coil<\/li>\n<li>Megjelen\u00edt\u00e9s: Digit\u00e1lis kijelz\u0151 (akkumul\u00e1tor \u00e9s E-folyad\u00e9k szintek)<\/li>\n<li>L\u00e9g\u00e1raml\u00e1s: .<\/li>\n<li>Nikotin Er\u0151ss\u00e9gek: 0%, 2%, 3%, 5%<\/li>\n<li>Kaphat\u00f3 \u00edzek: K\u00e9k barack, Grapefruit friss\u00edt\u0151, Savany\u00fa mang\u00f3 anan\u00e1sz, Lime Berry narancs, g\u00f6r\u00f6gdinnye j\u00e9g, Miami menta, Blue Razz j\u00e9g, Savany\u00fa alma j\u00e9g, vegyes bogy\u00f3s gy\u00fcm\u00f6lcs\u00f6k, m\u00e1lna barack lime.<\/li>\n<\/ul>\n<h4>GYIK<\/h4>\n<h5>Hogyan jav\u00edtja a digit\u00e1lis kijelz\u0151 a felhaszn\u00e1l\u00f3i \u00e9lm\u00e9nyt?<\/h5>\n<p>A digit\u00e1lis kijelz\u0151 val\u00f3s idej\u0171 inform\u00e1ci\u00f3kat ny\u00fajt az akkumul\u00e1tor \u00e9s az e-folyad\u00e9k szintj\u00e9r\u0151l, \u00edgy a felhaszn\u00e1l\u00f3k egy pillant\u00e1ssal nyomon k\u00f6vethetik a k\u00e9sz\u00fcl\u00e9k \u00e1llapot\u00e1t. Ez a funkci\u00f3 biztos\u00edtja, hogy mindig tiszt\u00e1ban legyen a k\u00e9sz\u00fcl\u00e9k \u00e1llapot\u00e1val, megel\u0151zve a v\u00e1ratlan megszak\u00edt\u00e1sokat \u00e9s n\u00f6velve az \u00e1ltal\u00e1nos k\u00e9nyelmet.<\/p>\n<h5>Milyen el\u0151nyei vannak az \u00e1ll\u00edthat\u00f3 l\u00e9g\u00e1raml\u00e1snak ebben a k\u00e9sz\u00fcl\u00e9kben?<\/h5>\n<p>Az \u00e1ll\u00edthat\u00f3 l\u00e9g\u00e1raml\u00e1s lehet\u0151v\u00e9 teszi a felhaszn\u00e1l\u00f3k sz\u00e1m\u00e1ra, hogy a h\u00faz\u00e1si ellen\u00e1ll\u00e1s finomhangol\u00e1s\u00e1val testre szabj\u00e1k a p\u00e1rol\u00e1si \u00e9lm\u00e9nyt. Ak\u00e1r a szoros, ak\u00e1r a laza h\u00faz\u00e1st kedveli, ez a funkci\u00f3 lehet\u0151v\u00e9 teszi a szem\u00e9lyre szabott vez\u00e9rl\u00e9st, ami kiel\u00e9g\u00edt\u0151bb \u00e9s \u00e9lvezetesebb g\u0151z\u00f6l\u00e9st eredm\u00e9nyez.<\/p>\n<h5>Hogyan j\u00e1rul hozz\u00e1 a 850mAh-s akkumul\u00e1tor \u00e9s a 25ml-es e-folyad\u00e9k kapacit\u00e1s a k\u00e9sz\u00fcl\u00e9k hossz\u00fa \u00e9lettartam\u00e1hoz?<\/h5>\n<p>A 850mAh \u00fajrat\u00f6lthet\u0151 akkumul\u00e1tor \u00e9s a 25ml e-folyad\u00e9k kapacit\u00e1s \u00fagy lett kialak\u00edtva, hogy t\u00e1mogassa a k\u00e9sz\u00fcl\u00e9k magas puffsz\u00e1m\u00e1t, biztos\u00edtva a hosszabb haszn\u00e1latot gyakori \u00fajrat\u00f6lt\u00e9s vagy \u00fajrat\u00f6lt\u00e9s n\u00e9lk\u00fcl. Ez a kombin\u00e1ci\u00f3 kiv\u00e9teles k\u00e9nyelmet \u00e9s hossz\u00fa \u00e9lettartamot k\u00edn\u00e1l, \u00edgy a HZKO Supernova 25000 ide\u00e1lis a hosszabb vaping \u00fcl\u00e9sekhez.<\/p>\n<h5>Milyen sz\u00e1ll\u00edt\u00e1si m\u00f3dokat haszn\u00e1lnak?<\/h5>\n<p>A hat\u00e9kony \u00e9s biztons\u00e1gos k\u00e9zbes\u00edt\u00e9s \u00e9rdek\u00e9ben olyan megb\u00edzhat\u00f3 sz\u00e1ll\u00edtm\u00e1nyoz\u00f3kkal dolgozunk egy\u00fctt, mint a UPS, a DHL, a FedEx \u00e9s a DPD. A legmegfelel\u0151bb sz\u00e1ll\u00edt\u00e1si m\u00f3dot v\u00e1lasztjuk ki az \u00d6n tart\u00f3zkod\u00e1si helye alapj\u00e1n, hogy megrendel\u00e9se a lehet\u0151 leggyorsabban eljusson \u00d6nh\u00f6z.<\/p>\n<h5>Megb\u00edzhatok a v\u00e1s\u00e1rl\u00e1somban?<\/h5>\n<p>Els\u0151bbs\u00e9get biztos\u00edtunk az \u00fcgyfelek el\u00e9gedetts\u00e9g\u00e9nek, \u00e9s biztons\u00e1gos fizet\u00e9si lehet\u0151s\u00e9geket k\u00edn\u00e1lunk, bele\u00e9rtve a PayPal-t a v\u00e1s\u00e1rl\u00f3 v\u00e9delm\u00e9vel. A TrustPiloton megtekintheti a v\u00e1s\u00e1rl\u00f3i \u00e9rt\u00e9kel\u00e9seket is: <a href=\"https:\/\/www.trustpilot.com\/review\/volovape.com?utm_medium=trustbox&amp;utm_source=TrustBoxReviewCollector\">TrustPilot<\/a>.<\/p>","protected":false},"excerpt":{"rendered":"<p>Ell\u00e1t\u00e1s HZKO Supernova 25000 Puffs eldobhat\u00f3 vapes. 25000 puff, 25ml e-folyad\u00e9k, 850mAh akkumul\u00e1tor, digit\u00e1lis kijelz\u0151, \u00e1ll\u00edthat\u00f3 l\u00e9g\u00e1raml\u00e1s, h\u00e1l\u00f3s tekercs. V\u00e1ltozatos nikotin. Fedezze fel az \u00edzeket.<\/p>","protected":false},"featured_media":1281,"comment_status":"open","ping_status":"closed","template":"","meta":[],"product_brand":[],"product_cat":[70,45,21,18,39,20,23,24,22,25,26,27,28,29,30,31,32,33,34,35,44,36,40],"product_tag":[],"class_list":{"0":"post-853","1":"product","2":"type-product","3":"status-publish","4":"has-post-thumbnail","6":"product_cat-hzkd","7":"product_cat-25000-puffs-disposable-vape","8":"product_cat-big-puffs-vapes","9":"product_cat-different-puffs-of-disposable-vapes","10":"product_cat-digital-box-vapes","11":"product_cat-disposable-vape-types","12":"product_cat-disposable-vapes-in-austria","13":"product_cat-disposable-vapes-in-belgium","14":"product_cat-disposable-vapes-in-europe","15":"product_cat-disposable-vapes-in-france","16":"product_cat-disposable-vapes-in-germany","17":"product_cat-disposable-vapes-in-hungary","18":"product_cat-disposable-vapes-in-ltaly","19":"product_cat-disposable-vapes-in-netherlands","20":"product_cat-disposable-vapes-in-norway","21":"product_cat-disposable-vapes-in-poland","22":"product_cat-disposable-vapes-in-portugal","23":"product_cat-disposable-vapes-in-spain","24":"product_cat-disposable-vapes-in-sweden","25":"product_cat-disposable-vapes-in-switzerland","26":"product_cat-dual-mesh-vapes","27":"product_cat-rechargeable-vapes","28":"product_cat-smart-screen-vapes","30":"first","31":"instock","32":"shipping-taxable","33":"purchasable","34":"product-type-variable","35":"has-default-attributes"},"jetpack_sharing_enabled":true,"tiered_pricing_type":"fixed","tiered_pricing_fixed_rules":{"2000":5.20000000000000017763568394002504646778106689453125},"tiered_pricing_product_settings":{"layout":"default","base_unit_name":{"singular":null,"plural":null},"default_variation":null},"tiered_pricing_minimum_quantity":1000,"tiered_pricing_roles_data":[],"tiered_pricing_percentage_rules":[],"tiered_pricing_maximum_quantity":null,"tiered_pricing_quantity_step":"10","_links":{"self":[{"href":"https:\/\/volovape.com\/hu\/wp-json\/wp\/v2\/product\/853","targetHints":{"allow":["GET"]}}],"collection":[{"href":"https:\/\/volovape.com\/hu\/wp-json\/wp\/v2\/product"}],"about":[{"href":"https:\/\/volovape.com\/hu\/wp-json\/wp\/v2\/types\/product"}],"replies":[{"embeddable":true,"href":"https:\/\/volovape.com\/hu\/wp-json\/wp\/v2\/comments?post=853"}],"wp:featuredmedia":[{"embeddable":true,"href":"https:\/\/volovape.com\/hu\/wp-json\/wp\/v2\/media\/1281"}],"wp:attachment":[{"href":"https:\/\/volovape.com\/hu\/wp-json\/wp\/v2\/media?parent=853"}],"wp:term":[{"taxonomy":"product_brand","embeddable":true,"href":"https:\/\/volovape.com\/hu\/wp-json\/wp\/v2\/product_brand?post=853"},{"taxonomy":"product_cat","embeddable":true,"href":"https:\/\/volovape.com\/hu\/wp-json\/wp\/v2\/product_cat?post=853"},{"taxonomy":"product_tag","embeddable":true,"href":"https:\/\/volovape.com\/hu\/wp-json\/wp\/v2\/product_tag?post=853"}],"curies":[{"name":"wp","href":"https:\/\/api.w.org\/{rel}","templated":true}]}}