{"id":826,"date":"2024-11-21T03:33:30","date_gmt":"2024-11-21T03:33:30","guid":{"rendered":"https:\/\/volovape.com\/?post_type=product&#038;p=826"},"modified":"2025-06-19T03:45:17","modified_gmt":"2025-06-19T03:45:17","slug":"elfworld-al-22000-puff","status":"publish","type":"product","link":"https:\/\/volovape.com\/hu\/product\/elfworld-al-22000-puffs\/","title":{"rendered":"ELFWORLD AL 22000 Puffs Eldobhat\u00f3 Vape - Dual Mesh, digit\u00e1lis kijelz\u0151, \u00e1ll\u00edthat\u00f3 l\u00e9g\u00e1raml\u00e1s"},"content":{"rendered":"<p><strong>ELFWORLD AL 22000 Puffs Eldobhat\u00f3 Vape<\/strong> - V\u00e9gs\u0151s\u00e9ges szaggat\u00e1svez\u00e9rl\u00e9s kett\u0151s h\u00e1l\u00f3s tekercsekkel \u00e9s digit\u00e1lis kijelz\u0151vel.<\/p>\n<p>A <strong>ELFWORLD AL 22000 Puff<\/strong> Az eldobhat\u00f3 vape \u00fajradefini\u00e1lja a p\u00e1rologtat\u00e1st a kiv\u00e9teles <strong>22,000 puff<\/strong> kapacit\u00e1s, egy hatalmas <strong>26ml e-folyad\u00e9k tart\u00e1ly<\/strong>, \u00e9s egy robusztus <strong>650mAh \u00fajrat\u00f6lthet\u0151 akkumul\u00e1tor<\/strong>. A  oldalon. <strong>kett\u0151s 1.0\u03a9 h\u00e1l\u00f3s tekercsek<\/strong>, ez a k\u00e9sz\u00fcl\u00e9k p\u00e1ratlan \u00edzt \u00e9s g\u0151ztermel\u00e9st biztos\u00edt. Az integr\u00e1lt <strong>digit\u00e1lis kijelz\u0151<\/strong> az akkumul\u00e1tor \u00e9s az e-folyad\u00e9k szintj\u00e9nek val\u00f3s idej\u0171 ellen\u0151rz\u00e9s\u00e9t, m\u00edg a <strong>\u00e1ll\u00edthat\u00f3 l\u00e9g\u00e1raml\u00e1s<\/strong> lehet\u0151v\u00e9 teszi a teljesen testre szabhat\u00f3 p\u00e1rologtat\u00e1si \u00e9lm\u00e9nyt. V\u00e1lasszon a k\u00f6vetkez\u0151k k\u00f6z\u00fcl <strong>0%, 2%, 3%, vagy 5% nikotin er\u0151ss\u00e9g\u0171ek.<\/strong>. Ide\u00e1lis szem\u00e9lyes haszn\u00e1latra \u00e9s <strong>eldobhat\u00f3 vape nagykereskedelem<\/strong>, ez a k\u00e9sz\u00fcl\u00e9k a p\u00e1rol\u00e1si k\u00e9nyelem \u00e9s teljes\u00edtm\u00e9ny cs\u00facs\u00e1t k\u00edn\u00e1lja. <strong>T\u00f6meges rendel\u00e9s<\/strong> lehet\u0151s\u00e9gek \u00e1llnak rendelkez\u00e9sre a kiskeresked\u0151k sz\u00e1m\u00e1ra.<\/p>\n<h3><strong>ELFWORLD AL 22000 Puffs Jellemz\u0151k:<\/strong><\/h3>\n<ul>\n<li>Puff: 22,000-ig<\/li>\n<li>E-folyad\u00e9k kapacit\u00e1s: 26ml<\/li>\n<li>Akkumul\u00e1tor: 650mAh (\u00fajrat\u00f6lthet\u0151)<\/li>\n<li>T\u00f6lt\u00e9s: C-t\u00edpus\u00fa<\/li>\n<li>Tekercs: Mesh tekercsek: Dual 1.0\u03a9 Mesh Coils<\/li>\n<li>Megjelen\u00edt\u00e9s: Digit\u00e1lis kijelz\u0151 (akkumul\u00e1tor \u00e9s E-folyad\u00e9k szintek)<\/li>\n<li>L\u00e9g\u00e1raml\u00e1s: .<\/li>\n<li>Nikotin Er\u0151ss\u00e9gek: 0%, 2%, 3%, 5%<\/li>\n<li>Kaphat\u00f3 \u00edzek: Mango Apple Pear, Cool Mango, Green Apple, Blueberry Ice, Menta, Mix Berries, Grape Ice, Watermelon Ice, Blueberry Mint.<\/li>\n<\/ul>\n<h4>GYIK<\/h4>\n<h5>Hogyan jav\u00edtja a kett\u0151s h\u00e1l\u00f3s tekercs a g\u0151z\u00f6l\u00e9si \u00e9lm\u00e9nyt?<\/h5>\n<p>A kett\u0151s 1,0\u03a9-os h\u00e1l\u00f3s tekercsek fokozott f\u0171t\u00e9si hat\u00e9konys\u00e1got \u00e9s egyenletes p\u00e1rologtat\u00e1st biztos\u00edtanak, ami gazdagabb, intenz\u00edvebb \u00edzeket \u00e9s s\u0171r\u0171bb g\u0151zfelh\u0151ket eredm\u00e9nyez. Ez a technol\u00f3gia biztos\u00edtja a k\u00e9sz\u00fcl\u00e9k teljes \u00e9lettartama alatt az egyenletesen sima \u00e9s kiel\u00e9g\u00edt\u0151 p\u00e1rologtat\u00e1si \u00e9lm\u00e9nyt.<\/p>\n<h5>Milyen el\u0151ny\u00f6kkel j\u00e1r a digit\u00e1lis kijelz\u0151 \u00e9s az \u00e1ll\u00edthat\u00f3 l\u00e9g\u00e1raml\u00e1s?<\/h5>\n<p>A digit\u00e1lis kijelz\u0151 lehet\u0151v\u00e9 teszi a felhaszn\u00e1l\u00f3k sz\u00e1m\u00e1ra, hogy val\u00f3s id\u0151ben nyomon k\u00f6vess\u00e9k az akkumul\u00e1tor \u00e9s az e-folyad\u00e9k szintj\u00e9t, \u00edgy biztos\u00edtva, hogy soha ne \u00e9rje \u0151ket v\u00e1ratlanul. Az \u00e1ll\u00edthat\u00f3 l\u00e9g\u00e1raml\u00e1s lehet\u0151v\u00e9 teszi a h\u00faz\u00e1si ellen\u00e1ll\u00e1s testreszab\u00e1s\u00e1t, \u00edgy a felhaszn\u00e1l\u00f3k a pontos preferenci\u00e1iknak megfelel\u0151en finomhangolhatj\u00e1k a p\u00e1rologtat\u00e1si \u00e9lm\u00e9nyt.<\/p>\n<h5>Milyen el\u0151ny\u00f6kkel j\u00e1r a 22 000 puff kapacit\u00e1s \u00e9s a 26 ml-es e-folyad\u00e9k tart\u00e1ly a felhaszn\u00e1l\u00f3k sz\u00e1m\u00e1ra?<\/h5>\n<p>A 22 000 puff kapacit\u00e1s \u00e9s a 26 ml-es e-folyad\u00e9k tart\u00e1ly hosszabb haszn\u00e1latot biztos\u00edt, \u00edgy minim\u00e1lisra cs\u00f6kkentve a gyakori cser\u00e9k sz\u00fcks\u00e9gess\u00e9g\u00e9t. Ez kiv\u00e9teles k\u00e9nyelmet \u00e9s \u00e9rt\u00e9ket biztos\u00edt, \u00edgy az ELFWORLD AL 22000 t\u00f6k\u00e9letes azoknak a felhaszn\u00e1l\u00f3knak, akik hossz\u00fa t\u00e1v\u00fa \u00e9s probl\u00e9mamentes p\u00e1rologtat\u00e1si \u00e9lm\u00e9nyt szeretn\u00e9nek.<\/p>\n<h5>Milyen sz\u00e1ll\u00edt\u00e1si m\u00f3dokat haszn\u00e1lnak?<\/h5>\n<p>A hat\u00e9kony \u00e9s biztons\u00e1gos k\u00e9zbes\u00edt\u00e9s \u00e9rdek\u00e9ben olyan megb\u00edzhat\u00f3 sz\u00e1ll\u00edtm\u00e1nyoz\u00f3kkal dolgozunk egy\u00fctt, mint a UPS, a DHL, a FedEx \u00e9s a DPD. A legmegfelel\u0151bb sz\u00e1ll\u00edt\u00e1si m\u00f3dot v\u00e1lasztjuk ki az \u00d6n tart\u00f3zkod\u00e1si helye alapj\u00e1n, hogy megrendel\u00e9se a lehet\u0151 leggyorsabban eljusson \u00d6nh\u00f6z.<\/p>\n<h5>Megb\u00edzhatok a v\u00e1s\u00e1rl\u00e1somban?<\/h5>\n<p>Els\u0151bbs\u00e9get biztos\u00edtunk az \u00fcgyfelek el\u00e9gedetts\u00e9g\u00e9nek, \u00e9s biztons\u00e1gos fizet\u00e9si lehet\u0151s\u00e9geket k\u00edn\u00e1lunk, bele\u00e9rtve a PayPal-t a v\u00e1s\u00e1rl\u00f3 v\u00e9delm\u00e9vel. A TrustPiloton megtekintheti a v\u00e1s\u00e1rl\u00f3i \u00e9rt\u00e9kel\u00e9seket is: <a href=\"https:\/\/www.trustpilot.com\/review\/volovape.com?utm_medium=trustbox&amp;utm_source=TrustBoxReviewCollector\">TrustPilot<\/a>.<\/p>","protected":false},"excerpt":{"rendered":"<p>Szerezze be az ELFWORLD AL 22000 Puffs eldobhat\u00f3 vapes nagykereskedelmet. 22 000 puff, 26ml e-folyad\u00e9k, kett\u0151s h\u00e1l\u00f3s tekercs, digit\u00e1lis kijelz\u0151 \u00e9s \u00e1ll\u00edthat\u00f3 l\u00e9g\u00e1raml\u00e1s. Fedezze fel a 10 \u00edzt.<\/p>","protected":false},"featured_media":1271,"comment_status":"open","ping_status":"closed","template":"","meta":[],"product_brand":[],"product_cat":[69,42,45,21,18,39,20,23,24,22,25,26,27,28,29,30,31,32,33,34,35,44,36,40],"product_tag":[],"class_list":{"0":"post-826","1":"product","2":"type-product","3":"status-publish","4":"has-post-thumbnail","6":"product_cat-elfworld","7":"product_cat-20000-puffs-disposable-vape","8":"product_cat-25000-puffs-disposable-vape","9":"product_cat-big-puffs-vapes","10":"product_cat-different-puffs-of-disposable-vapes","11":"product_cat-digital-box-vapes","12":"product_cat-disposable-vape-types","13":"product_cat-disposable-vapes-in-austria","14":"product_cat-disposable-vapes-in-belgium","15":"product_cat-disposable-vapes-in-europe","16":"product_cat-disposable-vapes-in-france","17":"product_cat-disposable-vapes-in-germany","18":"product_cat-disposable-vapes-in-hungary","19":"product_cat-disposable-vapes-in-ltaly","20":"product_cat-disposable-vapes-in-netherlands","21":"product_cat-disposable-vapes-in-norway","22":"product_cat-disposable-vapes-in-poland","23":"product_cat-disposable-vapes-in-portugal","24":"product_cat-disposable-vapes-in-spain","25":"product_cat-disposable-vapes-in-sweden","26":"product_cat-disposable-vapes-in-switzerland","27":"product_cat-dual-mesh-vapes","28":"product_cat-rechargeable-vapes","29":"product_cat-smart-screen-vapes","31":"first","32":"instock","33":"shipping-taxable","34":"purchasable","35":"product-type-variable","36":"has-default-attributes"},"jetpack_sharing_enabled":true,"tiered_pricing_type":"fixed","tiered_pricing_fixed_rules":{"2000":6.88999999999999968025576890795491635799407958984375},"tiered_pricing_product_settings":{"layout":"default","base_unit_name":{"singular":null,"plural":null},"default_variation":null},"tiered_pricing_minimum_quantity":1000,"tiered_pricing_roles_data":[],"tiered_pricing_percentage_rules":[],"tiered_pricing_maximum_quantity":null,"tiered_pricing_quantity_step":"10","_links":{"self":[{"href":"https:\/\/volovape.com\/hu\/wp-json\/wp\/v2\/product\/826","targetHints":{"allow":["GET"]}}],"collection":[{"href":"https:\/\/volovape.com\/hu\/wp-json\/wp\/v2\/product"}],"about":[{"href":"https:\/\/volovape.com\/hu\/wp-json\/wp\/v2\/types\/product"}],"replies":[{"embeddable":true,"href":"https:\/\/volovape.com\/hu\/wp-json\/wp\/v2\/comments?post=826"}],"wp:featuredmedia":[{"embeddable":true,"href":"https:\/\/volovape.com\/hu\/wp-json\/wp\/v2\/media\/1271"}],"wp:attachment":[{"href":"https:\/\/volovape.com\/hu\/wp-json\/wp\/v2\/media?parent=826"}],"wp:term":[{"taxonomy":"product_brand","embeddable":true,"href":"https:\/\/volovape.com\/hu\/wp-json\/wp\/v2\/product_brand?post=826"},{"taxonomy":"product_cat","embeddable":true,"href":"https:\/\/volovape.com\/hu\/wp-json\/wp\/v2\/product_cat?post=826"},{"taxonomy":"product_tag","embeddable":true,"href":"https:\/\/volovape.com\/hu\/wp-json\/wp\/v2\/product_tag?post=826"}],"curies":[{"name":"wp","href":"https:\/\/api.w.org\/{rel}","templated":true}]}}