{"id":825,"date":"2024-11-21T03:33:30","date_gmt":"2024-11-21T03:33:30","guid":{"rendered":"https:\/\/volovape.com\/?post_type=product&#038;p=825"},"modified":"2025-07-06T04:09:11","modified_gmt":"2025-07-06T04:09:11","slug":"elfworld-plusz-20000-puff","status":"publish","type":"product","link":"https:\/\/volovape.com\/hu\/product\/elfworld-plus-20000-puffs\/","title":{"rendered":"ELFWORLD PLUS+ 20000 puffs eldobhat\u00f3 vape - \u00f6mlesztett kedvezm\u00e9ny, h\u00e1l\u00f3s tekercs, \u00fajrat\u00f6lthet\u0151"},"content":{"rendered":"<p><strong>ELFWORLD PLUS+ 20000 Puffs eldobhat\u00f3 Vape<\/strong> - P\u00e1ratlan \u00e9lettartam \u00e9s \u00edzvil\u00e1g a fejlett h\u00e1l\u00f3s tekercs technol\u00f3gi\u00e1val.<\/p>\n<p>A <strong>ELFWORLD PLUS+ 20000 Puff<\/strong> Az eldobhat\u00f3 vape kiv\u00e9teles p\u00e1rologtat\u00e1si \u00e9lm\u00e9nyt ny\u00fajt egy leny\u0171g\u00f6z\u0151 <strong>20,000 puff<\/strong> kapacit\u00e1s, egy nagyvonal\u00fa <strong>22ml-es e-folyad\u00e9k tart\u00e1ly<\/strong>, \u00e9s egy er\u0151teljes <strong>650mAh \u00fajrat\u00f6lthet\u0151 akkumul\u00e1tor<\/strong>. A fejlett <strong>h\u00e1l\u00f3s tekercs<\/strong> technol\u00f3gia egyenletesen sima, gazdag \u00e9s kiel\u00e9g\u00edt\u0151 g\u0151zt biztos\u00edt, \u00edgy t\u00f6k\u00e9letesen alkalmas hosszabb haszn\u00e1latra. V\u00e1lasszon a k\u00f6vetkez\u0151k k\u00f6z\u00fcl <strong>0%, 2%, 3%, vagy 5% nikotin er\u0151ss\u00e9g\u0171ek.<\/strong> hogy megfeleljen az \u00d6n preferenci\u00e1inak. Ide\u00e1lis szem\u00e9lyes haszn\u00e1latra \u00e9s <strong>eldobhat\u00f3 vape nagykereskedelem<\/strong>, ez a k\u00e9sz\u00fcl\u00e9k egyszerre k\u00edn\u00e1l hossz\u00fa \u00e9lettartamot \u00e9s k\u00e9nyelmet. <strong>T\u00f6meges rendel\u00e9s<\/strong> lehet\u0151s\u00e9gek \u00e1llnak rendelkez\u00e9sre a kiskeresked\u0151k sz\u00e1m\u00e1ra.<\/p>\n<h3><strong>ELFWORLD PLUS+ 20000 Puffs Jellemz\u0151k:<\/strong><\/h3>\n<ul>\n<li>Puff: 20,000-ig<\/li>\n<li>E-folyad\u00e9k kapacit\u00e1s: 22ml<\/li>\n<li>Akkumul\u00e1tor: 650mAh (\u00fajrat\u00f6lthet\u0151)<\/li>\n<li>T\u00f6lt\u00e9s: C-t\u00edpus\u00fa<\/li>\n<li>Tekercs: Mesh Coil<\/li>\n<li>Nikotin Er\u0151ss\u00e9gek: 0%, 2%, 3%, 5%<\/li>\n<li>Kaphat\u00f3 \u00edzek: Lemon, Cherry Bomb, Juicy Peach Ice, Berry Bliss, Blue Razz Ice, Blueberry Watermelon, Pink Lemonade, Mexico Mango, Strawberry Banana, Watermelon Ice, White Gummy Ice, Strawberry Mango, Miami Mint.<\/li>\n<\/ul>\n<h4>GYIK<\/h4>\n<h5>Hogyan jav\u00edtja a h\u00e1l\u00f3s tekercs a p\u00e1rologtat\u00e1si \u00e9lm\u00e9nyt ebben a magas puffaszt\u00e1s\u00fa k\u00e9sz\u00fcl\u00e9kben?<\/h5>\n<p>Az ELFWORLD PLUS+ 20000 h\u00e1l\u00f3s tekercs\u00e9t \u00fagy tervezt\u00e9k, hogy egyenletes f\u0171t\u00e9st \u00e9s hat\u00e9kony p\u00e1rologtat\u00e1st biztos\u00edtson, \u00edgy a k\u00e9sz\u00fcl\u00e9k teljes \u00e9lettartama alatt egyenletes \u00edzt \u00e9s g\u0151ztermel\u00e9st biztos\u00edt. Ez a technol\u00f3gia lehet\u0151v\u00e9 teszi a sima \u00e9s kiel\u00e9g\u00edt\u0151 \u00e9lm\u00e9nyt, m\u00e9g a magas puffsz\u00e1m mellett is.<\/p>\n<h5>Milyen el\u0151ny\u00f6kkel j\u00e1r a 20 000 puff kapacit\u00e1s?<\/h5>\n<p>A 20 000 puff kapacit\u00e1s hosszabb haszn\u00e1latot biztos\u00edt, cs\u00f6kkentve a gyakori cser\u00e9k sz\u00fcks\u00e9gess\u00e9g\u00e9t. Ez\u00e1ltal az ELFWORLD PLUS+ 20000 ide\u00e1lis azoknak a felhaszn\u00e1l\u00f3knak, akik hossz\u00fa \u00e9lettartam\u00fa \u00e9s k\u00e9nyelmes vaping megold\u00e1st szeretn\u00e9nek, amely t\u00f6k\u00e9letes utaz\u00e1shoz vagy napi haszn\u00e1latra.<\/p>\n<h5>Milyen gyorsan t\u00f6lt\u0151dik fel a 650mAh-s akkumul\u00e1tor?<\/h5>\n<p>A 650mAh-s akkumul\u00e1tor t\u00e1mogatja a hossz\u00fa g\u0151z\u00f6l\u00e9si munkameneteket, \u00e9s gyorsan felt\u00f6lt\u0151dik a Type-C t\u00f6lt\u00e9sen kereszt\u00fcl. Ez minim\u00e1lis le\u00e1ll\u00e1si id\u0151t biztos\u00edt, \u00edgy hosszas v\u00e1rakoz\u00e1s n\u00e9lk\u00fcl \u00e9lvezheti k\u00e9sz\u00fcl\u00e9k\u00e9t.<\/p>\n<h5>Milyen sz\u00e1ll\u00edt\u00e1si m\u00f3dokat haszn\u00e1lnak?<\/h5>\n<p>A hat\u00e9kony \u00e9s biztons\u00e1gos k\u00e9zbes\u00edt\u00e9s \u00e9rdek\u00e9ben olyan megb\u00edzhat\u00f3 sz\u00e1ll\u00edtm\u00e1nyoz\u00f3kkal dolgozunk egy\u00fctt, mint a UPS, a DHL, a FedEx \u00e9s a DPD. Az \u00d6n tart\u00f3zkod\u00e1si helye alapj\u00e1n kiv\u00e1lasztjuk a legjobb sz\u00e1ll\u00edt\u00e1si lehet\u0151s\u00e9get, hogy megrendel\u00e9se a lehet\u0151 leggyorsabban eljusson \u00d6nh\u00f6z.<\/p>\n<h5>Megb\u00edzhatok a v\u00e1s\u00e1rl\u00e1somban?<\/h5>\n<p>Els\u0151bbs\u00e9get biztos\u00edtunk az \u00fcgyfelek el\u00e9gedetts\u00e9g\u00e9nek, \u00e9s biztons\u00e1gos fizet\u00e9si lehet\u0151s\u00e9geket k\u00edn\u00e1lunk, bele\u00e9rtve a PayPal-t a v\u00e1s\u00e1rl\u00f3 v\u00e9delm\u00e9vel. A TrustPiloton megtekintheti a v\u00e1s\u00e1rl\u00f3i \u00e9rt\u00e9kel\u00e9seket is: <a href=\"https:\/\/www.trustpilot.com\/review\/volovape.com?utm_medium=trustbox&amp;utm_source=TrustBoxReviewCollector\">TrustPilot<\/a>.<\/p>","protected":false},"excerpt":{"rendered":"<p>T\u00f6meges nagykereskedelmi ELFWORLD PLUS+ 20000 Puffs eldobhat\u00f3 vapes. 20,000 puff, 22ml e-liquid, h\u00e1l\u00f3s tekercs, \u00fajrat\u00f6lthet\u0151. V\u00e1ltozatos nikotin opci\u00f3k. Fedezze fel a 15 \u00edzt.<\/p>","protected":false},"featured_media":1254,"comment_status":"open","ping_status":"closed","template":"","meta":[],"product_brand":[],"product_cat":[69,42,21,18,39,20,23,24,22,25,26,27,28,29,30,31,32,33,34,35,44,36,40],"product_tag":[],"class_list":{"0":"post-825","1":"product","2":"type-product","3":"status-publish","4":"has-post-thumbnail","6":"product_cat-elfworld","7":"product_cat-20000-puffs-disposable-vape","8":"product_cat-big-puffs-vapes","9":"product_cat-different-puffs-of-disposable-vapes","10":"product_cat-digital-box-vapes","11":"product_cat-disposable-vape-types","12":"product_cat-disposable-vapes-in-austria","13":"product_cat-disposable-vapes-in-belgium","14":"product_cat-disposable-vapes-in-europe","15":"product_cat-disposable-vapes-in-france","16":"product_cat-disposable-vapes-in-germany","17":"product_cat-disposable-vapes-in-hungary","18":"product_cat-disposable-vapes-in-ltaly","19":"product_cat-disposable-vapes-in-netherlands","20":"product_cat-disposable-vapes-in-norway","21":"product_cat-disposable-vapes-in-poland","22":"product_cat-disposable-vapes-in-portugal","23":"product_cat-disposable-vapes-in-spain","24":"product_cat-disposable-vapes-in-sweden","25":"product_cat-disposable-vapes-in-switzerland","26":"product_cat-dual-mesh-vapes","27":"product_cat-rechargeable-vapes","28":"product_cat-smart-screen-vapes","30":"first","31":"instock","32":"shipping-taxable","33":"purchasable","34":"product-type-variable","35":"has-default-attributes"},"jetpack_sharing_enabled":true,"tiered_pricing_type":"fixed","tiered_pricing_fixed_rules":{"2000":6.19000000000000039079850466805510222911834716796875},"tiered_pricing_product_settings":{"layout":"default","base_unit_name":{"singular":null,"plural":null},"default_variation":null},"tiered_pricing_minimum_quantity":1000,"tiered_pricing_roles_data":[],"tiered_pricing_percentage_rules":[],"tiered_pricing_maximum_quantity":null,"tiered_pricing_quantity_step":"10","_links":{"self":[{"href":"https:\/\/volovape.com\/hu\/wp-json\/wp\/v2\/product\/825","targetHints":{"allow":["GET"]}}],"collection":[{"href":"https:\/\/volovape.com\/hu\/wp-json\/wp\/v2\/product"}],"about":[{"href":"https:\/\/volovape.com\/hu\/wp-json\/wp\/v2\/types\/product"}],"replies":[{"embeddable":true,"href":"https:\/\/volovape.com\/hu\/wp-json\/wp\/v2\/comments?post=825"}],"wp:featuredmedia":[{"embeddable":true,"href":"https:\/\/volovape.com\/hu\/wp-json\/wp\/v2\/media\/1254"}],"wp:attachment":[{"href":"https:\/\/volovape.com\/hu\/wp-json\/wp\/v2\/media?parent=825"}],"wp:term":[{"taxonomy":"product_brand","embeddable":true,"href":"https:\/\/volovape.com\/hu\/wp-json\/wp\/v2\/product_brand?post=825"},{"taxonomy":"product_cat","embeddable":true,"href":"https:\/\/volovape.com\/hu\/wp-json\/wp\/v2\/product_cat?post=825"},{"taxonomy":"product_tag","embeddable":true,"href":"https:\/\/volovape.com\/hu\/wp-json\/wp\/v2\/product_tag?post=825"}],"curies":[{"name":"wp","href":"https:\/\/api.w.org\/{rel}","templated":true}]}}