{"id":824,"date":"2024-11-21T03:33:30","date_gmt":"2024-11-21T03:33:30","guid":{"rendered":"https:\/\/volovape.com\/?post_type=product&#038;p=824"},"modified":"2025-07-06T04:22:09","modified_gmt":"2025-07-06T04:22:09","slug":"elfworld-15pro-12000-puff","status":"publish","type":"product","link":"https:\/\/volovape.com\/hu\/product\/elfworld-15pro-12000-puffs\/","title":{"rendered":"ELFWORLD 15PRO 12000 puffs eldobhat\u00f3 vape digit\u00e1lis kijelz\u0151vel \u00e9s \u00e1ll\u00edthat\u00f3 l\u00e9g\u00e1raml\u00e1ssal"},"content":{"rendered":"<p><strong>ELFWORLD 15PRO 12000 Puffs Eldobhat\u00f3 Vape<\/strong> - Intelligens vaping digit\u00e1lis kijelz\u0151vel \u00e9s \u00e1ll\u00edthat\u00f3 l\u00e9g\u00e1raml\u00e1ssal.<\/p>\n<p>A <strong>ELFWORLD 15PRO 12000 Puff<\/strong> Az eldobhat\u00f3 vape a nagy teljes\u00edtm\u00e9nyt intelligens funkci\u00f3kkal \u00f6tv\u00f6zi, \u00e9s ak\u00e1r <strong>12,000 puff<\/strong>, egy <strong>18ml e-liquid kapacit\u00e1s<\/strong>\u00e9s a <strong>600mAh \u00fajrat\u00f6lthet\u0151 akkumul\u00e1tor<\/strong>. Az integr\u00e1lt <strong>digit\u00e1lis kijelz\u0151<\/strong> az akkumul\u00e1tor \u00e9s az e-folyad\u00e9k szintj\u00e9nek val\u00f3s idej\u0171 ellen\u0151rz\u00e9s\u00e9t, m\u00edg a <strong>\u00e1ll\u00edthat\u00f3 l\u00e9g\u00e1raml\u00e1s<\/strong> lehet\u0151v\u00e9 teszi a szem\u00e9lyre szabott g\u0151z\u00f6l\u00e9si \u00e9lm\u00e9nyt. A fejlett <strong>h\u00e1l\u00f3s tekercs<\/strong> biztos\u00edtja a sima \u00e9s \u00edzletes g\u0151zt. V\u00e1lasszon a k\u00f6vetkez\u0151k k\u00f6z\u00fcl <strong>0%, 2%, 3%, vagy 5% nikotin er\u0151ss\u00e9g\u0171ek.<\/strong>. Ide\u00e1lis szem\u00e9lyes haszn\u00e1latra \u00e9s <strong>eldobhat\u00f3 vape nagykereskedelem<\/strong>, ez a k\u00e9sz\u00fcl\u00e9k egyszerre k\u00edn\u00e1l k\u00e9nyelmet \u00e9s ellen\u0151rz\u00e9st. <strong>T\u00f6meges rendel\u00e9s<\/strong> lehet\u0151s\u00e9gek \u00e1llnak rendelkez\u00e9sre a kiskeresked\u0151k sz\u00e1m\u00e1ra.<\/p>\n<h3><strong>ELFWORLD 15PRO 12000 Puffs Jellemz\u0151k:<\/strong><\/h3>\n<ul>\n<li>Puff: Ak\u00e1r 12,000<\/li>\n<li>E-folyad\u00e9k Kapacit\u00e1s: 18ml<\/li>\n<li>Akkumul\u00e1tor: 600mAh (\u00fajrat\u00f6lthet\u0151)<\/li>\n<li>T\u00f6lt\u00e9s: C-t\u00edpus\u00fa<\/li>\n<li>Tekercs: Mesh Coil<\/li>\n<li>Megjelen\u00edt\u00e9s: Digit\u00e1lis kijelz\u0151 (akkumul\u00e1tor \u00e9s E-folyad\u00e9k szintek)<\/li>\n<li>L\u00e9g\u00e1raml\u00e1s: .<\/li>\n<li>Nikotin Er\u0151ss\u00e9gek: 0%, 2%, 3%, 5%<\/li>\n<li>Kaphat\u00f3 \u00edzek: Asztalosok: G\u00f6r\u00f6gdinnye Ice, Blue Razz Ice, Strawberry Ice, Van\u00edlia Casta Tobacco, Dragon Fruit Berry, Sakura Grape, Peach Mango, Candy Rainbow, Menta, Vegyes bogy\u00f3k, G\u00f6r\u00f6gdinnye Bubble Gum, Kiwi Passionfruit Guava, M\u00e1lna Watermelon, Double Apple, Strawberry Ice Cream.<\/li>\n<\/ul>\n<h4>GYIK<\/h4>\n<h5>Hogyan jav\u00edtja a digit\u00e1lis kijelz\u0151 a p\u00e1rologtat\u00e1si \u00e9lm\u00e9nyt?<\/h5>\n<p>A digit\u00e1lis kijelz\u0151 val\u00f3s idej\u0171 inform\u00e1ci\u00f3kat ny\u00fajt az akkumul\u00e1tor \u00e9s az e-folyad\u00e9k szintj\u00e9r\u0151l, \u00edgy a felhaszn\u00e1l\u00f3k egy pillant\u00e1ssal nyomon k\u00f6vethetik a k\u00e9sz\u00fcl\u00e9k \u00e1llapot\u00e1t. Ez a funkci\u00f3 biztos\u00edtja, hogy \u00d6nt soha ne \u00e9rje v\u00e1ratlanul, \u00e9s ennek megfelel\u0151en tervezheti meg a p\u00e1rol\u00e1si munkameneteket, n\u00f6velve az \u00e1ltal\u00e1nos k\u00e9nyelmet \u00e9s ellen\u0151rz\u00e9st.<\/p>\n<h5>Milyen el\u0151nyei vannak az \u00e1ll\u00edthat\u00f3 l\u00e9g\u00e1raml\u00e1snak?<\/h5>\n<p>Az \u00e1ll\u00edthat\u00f3 l\u00e9g\u00e1raml\u00e1s lehet\u0151v\u00e9 teszi a felhaszn\u00e1l\u00f3k sz\u00e1m\u00e1ra, hogy a h\u00faz\u00e1si ellen\u00e1ll\u00e1s finomhangol\u00e1s\u00e1val testre szabj\u00e1k a p\u00e1rol\u00e1si \u00e9lm\u00e9nyt. Ak\u00e1r szorosabb, ak\u00e1r laz\u00e1bb h\u00faz\u00e1st szeretne, ez a funkci\u00f3 lehet\u0151v\u00e9 teszi, hogy szem\u00e9lyre szabja a vape-t a preferenci\u00e1inak megfelel\u0151en, ami kiel\u00e9g\u00edt\u0151bb \u00e9s \u00e9lvezetesebb \u00e9lm\u00e9nyt eredm\u00e9nyez.<\/p>\n<h5>Hogyan j\u00e1rul hozz\u00e1 a h\u00e1l\u00f3s tekercs az \u00edzhez \u00e9s a g\u0151ztermel\u00e9shez?<\/h5>\n<p>A h\u00e1l\u00f3s tekercset \u00fagy tervezt\u00e9k, hogy egyenletes f\u0171t\u00e9st \u00e9s optim\u00e1lis e-folyad\u00e9k p\u00e1rologtat\u00e1st biztos\u00edtson, ami egyenletesen sima \u00e9s \u00edzletes g\u0151zt eredm\u00e9nyez. Ez a technol\u00f3gia jav\u00edtja az \u00e1ltal\u00e1nos p\u00e1rologtat\u00e1si \u00e9lm\u00e9nyt, mivel minden egyes slukkol\u00e1ssal gazdag, kiel\u00e9g\u00edt\u0151 felh\u0151ket biztos\u00edt.<\/p>\n<h5>Milyen sz\u00e1ll\u00edt\u00e1si m\u00f3dokat haszn\u00e1lnak?<\/h5>\n<p>Megb\u00edzhat\u00f3 sz\u00e1ll\u00edtm\u00e1nyoz\u00f3kkal, p\u00e9ld\u00e1ul a UPS, a DHL, a FedEx \u00e9s a DPD partnerek\u00e9nt biztos\u00edtjuk a megb\u00edzhat\u00f3 \u00e9s hat\u00e9kony k\u00e9zbes\u00edt\u00e9st. A legmegfelel\u0151bb sz\u00e1ll\u00edt\u00e1si m\u00f3dot v\u00e1lasztjuk ki az \u00d6n tart\u00f3zkod\u00e1si helye alapj\u00e1n, hogy megrendel\u00e9se a lehet\u0151 leggyorsabban eljusson \u00d6nh\u00f6z.<\/p>\n<h5>Megb\u00edzhatok a v\u00e1s\u00e1rl\u00e1somban?<\/h5>\n<p>Els\u0151bbs\u00e9get biztos\u00edtunk az \u00fcgyfelek el\u00e9gedetts\u00e9g\u00e9nek, \u00e9s biztons\u00e1gos fizet\u00e9si lehet\u0151s\u00e9geket k\u00edn\u00e1lunk, bele\u00e9rtve a PayPal-t a v\u00e1s\u00e1rl\u00f3 v\u00e9delm\u00e9vel. A TrustPiloton megtekintheti a v\u00e1s\u00e1rl\u00f3i \u00e9rt\u00e9kel\u00e9seket is: <a href=\"https:\/\/www.trustpilot.com\/review\/volovape.com?utm_medium=trustbox&amp;utm_source=TrustBoxReviewCollector\">TrustPilot<\/a>.<\/p>","protected":false},"excerpt":{"rendered":"<p>ELFWORLD 15PRO 12000 Puffs eldobhat\u00f3 vapes forgalmaz\u00e1sa. 12000 puff, 18ml e-folyad\u00e9k, digit\u00e1lis kijelz\u0151, \u00e1ll\u00edthat\u00f3 l\u00e9g\u00e1raml\u00e1s, h\u00e1l\u00f3s tekercs. V\u00e1ltozatos nikotin. Fedezze fel a 15 \u00edzt.<\/p>","protected":false},"featured_media":1243,"comment_status":"open","ping_status":"closed","template":"","meta":[],"product_brand":[],"product_cat":[69,38,21,18,39,20,23,24,22,25,26,27,28,29,30,31,32,33,34,35,36,40],"product_tag":[],"class_list":{"0":"post-824","1":"product","2":"type-product","3":"status-publish","4":"has-post-thumbnail","6":"product_cat-elfworld","7":"product_cat-12000-puffs-disposable-vape","8":"product_cat-big-puffs-vapes","9":"product_cat-different-puffs-of-disposable-vapes","10":"product_cat-digital-box-vapes","11":"product_cat-disposable-vape-types","12":"product_cat-disposable-vapes-in-austria","13":"product_cat-disposable-vapes-in-belgium","14":"product_cat-disposable-vapes-in-europe","15":"product_cat-disposable-vapes-in-france","16":"product_cat-disposable-vapes-in-germany","17":"product_cat-disposable-vapes-in-hungary","18":"product_cat-disposable-vapes-in-ltaly","19":"product_cat-disposable-vapes-in-netherlands","20":"product_cat-disposable-vapes-in-norway","21":"product_cat-disposable-vapes-in-poland","22":"product_cat-disposable-vapes-in-portugal","23":"product_cat-disposable-vapes-in-spain","24":"product_cat-disposable-vapes-in-sweden","25":"product_cat-disposable-vapes-in-switzerland","26":"product_cat-rechargeable-vapes","27":"product_cat-smart-screen-vapes","29":"first","30":"instock","31":"shipping-taxable","32":"purchasable","33":"product-type-variable","34":"has-default-attributes"},"jetpack_sharing_enabled":true,"tiered_pricing_type":"fixed","tiered_pricing_fixed_rules":{"2000":5.20000000000000017763568394002504646778106689453125},"tiered_pricing_product_settings":{"layout":"default","base_unit_name":{"singular":null,"plural":null},"default_variation":null},"tiered_pricing_minimum_quantity":1000,"tiered_pricing_roles_data":[],"tiered_pricing_percentage_rules":[],"tiered_pricing_maximum_quantity":null,"tiered_pricing_quantity_step":"10","_links":{"self":[{"href":"https:\/\/volovape.com\/hu\/wp-json\/wp\/v2\/product\/824","targetHints":{"allow":["GET"]}}],"collection":[{"href":"https:\/\/volovape.com\/hu\/wp-json\/wp\/v2\/product"}],"about":[{"href":"https:\/\/volovape.com\/hu\/wp-json\/wp\/v2\/types\/product"}],"replies":[{"embeddable":true,"href":"https:\/\/volovape.com\/hu\/wp-json\/wp\/v2\/comments?post=824"}],"wp:featuredmedia":[{"embeddable":true,"href":"https:\/\/volovape.com\/hu\/wp-json\/wp\/v2\/media\/1243"}],"wp:attachment":[{"href":"https:\/\/volovape.com\/hu\/wp-json\/wp\/v2\/media?parent=824"}],"wp:term":[{"taxonomy":"product_brand","embeddable":true,"href":"https:\/\/volovape.com\/hu\/wp-json\/wp\/v2\/product_brand?post=824"},{"taxonomy":"product_cat","embeddable":true,"href":"https:\/\/volovape.com\/hu\/wp-json\/wp\/v2\/product_cat?post=824"},{"taxonomy":"product_tag","embeddable":true,"href":"https:\/\/volovape.com\/hu\/wp-json\/wp\/v2\/product_tag?post=824"}],"curies":[{"name":"wp","href":"https:\/\/api.w.org\/{rel}","templated":true}]}}