{"id":81,"date":"2024-11-21T03:26:51","date_gmt":"2024-11-21T03:26:51","guid":{"rendered":"https:\/\/volovape.com\/?post_type=product&#038;p=81"},"modified":"2025-10-28T03:23:45","modified_gmt":"2025-10-28T03:23:45","slug":"fihp-12000-puff","status":"publish","type":"product","link":"https:\/\/volovape.com\/hu\/product\/fihp-12000-puffs\/","title":{"rendered":"FIHP 12000 Puffs Eldobhat\u00f3 Vape - \u00fajrat\u00f6lthet\u0151, h\u00e1l\u00f3s tekercs, LED kijelz\u0151"},"content":{"rendered":"<p><iframe title=\"VideoPress Video Player\" aria-label='VideoPress Video Player' width='421' height='750' src='https:\/\/videopress.com\/embed\/mhBUnzpJ?hd=0&amp;cover=1' frameborder='0' allowfullscreen allow='clipboard-write'><\/iframe><script src='https:\/\/v0.wordpress.com\/js\/next\/videopress-iframe.js?m=1739540970'><\/script><\/p>\n<p><strong>FIHP 12000 Puffs \u00fajrat\u00f6lthet\u0151 eldobhat\u00f3 Vape LED kijelz\u0151vel<\/strong> - Kiterjesztett szaggat\u00e1s a fejlett h\u00e1l\u00f3s tekerccsel.<\/p>\n<p>A <strong>FIHP 12000 Puff<\/strong> Az eldobhat\u00f3 vape hossz\u00fa \u00e9lettartam\u00fa \u00e9s k\u00e9nyelmes p\u00e1rologtat\u00e1si \u00e9lm\u00e9nyt k\u00edn\u00e1l, ak\u00e1r <strong>12,000 puff<\/strong>, a <strong>20ml e-liquid kapacit\u00e1s<\/strong>\u00e9s a <strong>650mAh \u00fajrat\u00f6lthet\u0151 akkumul\u00e1tor<\/strong> -vel <strong>C-t\u00edpus\u00fa t\u00f6lt\u00e9s<\/strong>. A <strong>fejlett h\u00e1l\u00f3s tekercs technol\u00f3gia<\/strong> egyenletesen sima \u00e9s \u00edzletes g\u0151zt biztos\u00edt. Egy <strong>LED kijelz\u0151<\/strong> az akkumul\u00e1tor \u00e9lettartam\u00e1nak \u00e9s haszn\u00e1lat\u00e1nak val\u00f3s idej\u0171 nyomon k\u00f6vet\u00e9s\u00e9t biztos\u00edtja. V\u00e1lasszon a k\u00f6vetkez\u0151k k\u00f6z\u00fcl <strong>2% vagy 5% nikotin er\u0151ss\u00e9g\u0171ek<\/strong> \u00e9s \u00e9lvezze <strong>10 finom \u00edz<\/strong>, k\u00f6zt\u00fck a g\u00f6r\u00f6gdinnye Bubblegum \u00e9s a kiwi Passion Fruit Guava. Ide\u00e1lis szem\u00e9lyes haszn\u00e1latra vagy <strong>eldobhat\u00f3 vape nagykereskedelem<\/strong>, ez a k\u00e9sz\u00fcl\u00e9k egyes\u00edti a teljes\u00edtm\u00e9nyt a k\u00e9nyelemmel. A <strong>t\u00f6meges rendel\u00e9s<\/strong> \u00e1rk\u00e9pz\u00e9s, k\u00e9rj\u00fck, l\u00e9pjen kapcsolatba vel\u00fcnk.<\/p>\n<h3><strong>FIHP 12000 Jellemz\u0151k:<\/strong><\/h3>\n<ul>\n<li>Puff: Ak\u00e1r 12,000<\/li>\n<li>E-folyad\u00e9k kapacit\u00e1s: 20ml<\/li>\n<li>Akkumul\u00e1tor: 650mAh (\u00fajrat\u00f6lthet\u0151)<\/li>\n<li>T\u00f6lt\u00e9s: C-t\u00edpus\u00fa<\/li>\n<li>Tekercs: Mesh Coil<\/li>\n<li>Megjelen\u00edt\u00e9s: LED kijelz\u0151<\/li>\n<li>Nikotin Er\u0151ss\u00e9gek: 2%, 5%<\/li>\n<li>10 \u00edzv\u00e1laszt\u00e9k<\/li>\n<\/ul>\n<h4>GYIK<\/h4>\n<h5>Hogyan jav\u00edtja a fejlett h\u00e1l\u00f3s tekercs technol\u00f3gia a p\u00e1rologtat\u00e1si \u00e9lm\u00e9nyt?<\/h5>\n<p>A fejlett h\u00e1l\u00f3s tekercstechnol\u00f3gia maximaliz\u00e1lja a f\u0171t\u00e9si fel\u00fcletet, ami egyenletes \u00e9s egyenletes f\u0171t\u00e9st eredm\u00e9nyez. Ez biztos\u00edtja a sima, gazdag \u00e9s \u00edzgazdag g\u0151ztermel\u00e9st, ami minden egyes slukkol\u00e1ssal fokozza az \u00e1ltal\u00e1nos g\u0151z\u00f6l\u00e9si \u00e9lm\u00e9nyt.<\/p>\n<h5>Milyen sz\u00e1ll\u00edt\u00e1si m\u00f3dokat haszn\u00e1lnak?<\/h5>\n<p>Megb\u00edzhat\u00f3 sz\u00e1ll\u00edtm\u00e1nyoz\u00f3kkal, p\u00e9ld\u00e1ul a UPS, a DHL, a FedEx \u00e9s a DPD partnerek\u00e9nt biztos\u00edtjuk megrendel\u00e9seinek hat\u00e9kony k\u00e9zbes\u00edt\u00e9s\u00e9t. A sz\u00e1ll\u00edt\u00e1si m\u00f3dot az \u00d6n tart\u00f3zkod\u00e1si helye alapj\u00e1n v\u00e1lasztjuk ki az optim\u00e1lis sz\u00e1ll\u00edt\u00e1si sebess\u00e9g \u00e9s megb\u00edzhat\u00f3s\u00e1g \u00e9rdek\u00e9ben.<\/p>\n<h5>Mennyi ideig tart \u00e1ltal\u00e1ban a sz\u00e1ll\u00edt\u00e1s?<\/h5>\n<p>A sz\u00e1ll\u00edt\u00e1s \u00e1ltal\u00e1ban 7-15 munkanapot vesz ig\u00e9nybe. F\u0151szezonban vagy kedvez\u0151tlen id\u0151j\u00e1r\u00e1si k\u00f6r\u00fclm\u00e9nyek k\u00f6z\u00f6tt ez ak\u00e1r 20 munkanapot is ig\u00e9nybe vehet.<\/p>\n<h5>Lesznek-e v\u00e1mprobl\u00e9m\u00e1im vagy tov\u00e1bbi d\u00edjak?<\/h5>\n<p>Mi kezelj\u00fck az \u00f6sszes v\u00e1mkezel\u00e9si elj\u00e1r\u00e1st, biztos\u00edtva, hogy k\u00fcldem\u00e9nye gond n\u00e9lk\u00fcl \u00e1tmenjen. \u00d6nnek nem kell tov\u00e1bbi ad\u00f3kat vagy d\u00edjakat fizetnie. Garant\u00e1ljuk az 100% v\u00e1mkezel\u00e9s\u00e9t.<\/p>\n<h5>Hogyan gy\u0151z\u0151dhetek meg a term\u00e9k min\u0151s\u00e9g\u00e9r\u0151l \u00e9s megb\u00edzhat\u00f3s\u00e1g\u00e1r\u00f3l?<\/h5>\n<p>Elfogadjuk a biztons\u00e1gos PayPal fizet\u00e9seket a v\u00e1s\u00e1rl\u00f3 v\u00e9delm\u00e9vel. V\u00e1s\u00e1rl\u00f3i v\u00e9lem\u00e9nyeket is olvashat a <a href=\"https:\/\/www.trustpilot.com\/review\/volovape.com?utm_medium=trustbox&amp;utm_source=TrustBoxReviewCollector\">TrustPilot<\/a>, ahol sz\u00e1mos \u00fcgyf\u00e9l osztotta meg pozit\u00edv tapasztalatait term\u00e9keinkkel \u00e9s szolg\u00e1ltat\u00e1sainkkal kapcsolatban.<\/p>","protected":false},"excerpt":{"rendered":"<p>Tapasztalja meg a tart\u00f3s \u00edzt a FIHP 12000 Puffokkal. LED kijelz\u0151, h\u00e1l\u00f3s tekercs, 20ml, \u00fajrat\u00f6lthet\u0151. Ide\u00e1lis szem\u00e9lyi vagy nagykereskedelmi haszn\u00e1latra, sima g\u0151zt \u00e9s v\u00e1ltozatos nikotin er\u0151ss\u00e9get k\u00edn\u00e1l.<\/p>","protected":false},"featured_media":248,"comment_status":"open","ping_status":"closed","template":"","meta":[],"product_brand":[],"product_cat":[38,21,18,39,20,23,24,22,25,26,27,28,29,30,31,32,33,34,35,46,36,40],"product_tag":[],"class_list":{"0":"post-81","1":"product","2":"type-product","3":"status-publish","4":"has-post-thumbnail","6":"product_cat-12000-puffs-disposable-vape","7":"product_cat-big-puffs-vapes","8":"product_cat-different-puffs-of-disposable-vapes","9":"product_cat-digital-box-vapes","10":"product_cat-disposable-vape-types","11":"product_cat-disposable-vapes-in-austria","12":"product_cat-disposable-vapes-in-belgium","13":"product_cat-disposable-vapes-in-europe","14":"product_cat-disposable-vapes-in-france","15":"product_cat-disposable-vapes-in-germany","16":"product_cat-disposable-vapes-in-hungary","17":"product_cat-disposable-vapes-in-ltaly","18":"product_cat-disposable-vapes-in-netherlands","19":"product_cat-disposable-vapes-in-norway","20":"product_cat-disposable-vapes-in-poland","21":"product_cat-disposable-vapes-in-portugal","22":"product_cat-disposable-vapes-in-spain","23":"product_cat-disposable-vapes-in-sweden","24":"product_cat-disposable-vapes-in-switzerland","25":"product_cat-fihp","26":"product_cat-rechargeable-vapes","27":"product_cat-smart-screen-vapes","29":"first","30":"instock","31":"shipping-taxable","32":"purchasable","33":"product-type-variable","34":"has-default-attributes"},"jetpack_sharing_enabled":true,"tiered_pricing_type":"fixed","tiered_pricing_fixed_rules":{"30":6.70000000000000017763568394002504646778106689453125,"50":5.92999999999999971578290569595992565155029296875,"100":5.45999999999999996447286321199499070644378662109375,"200":5.160000000000000142108547152020037174224853515625,"400":4.13999999999999968025576890795491635799407958984375},"tiered_pricing_product_settings":{"layout":"default","base_unit_name":{"singular":null,"plural":null},"default_variation":null},"tiered_pricing_minimum_quantity":10,"tiered_pricing_roles_data":[],"tiered_pricing_percentage_rules":[],"tiered_pricing_maximum_quantity":null,"tiered_pricing_quantity_step":"10","_links":{"self":[{"href":"https:\/\/volovape.com\/hu\/wp-json\/wp\/v2\/product\/81","targetHints":{"allow":["GET"]}}],"collection":[{"href":"https:\/\/volovape.com\/hu\/wp-json\/wp\/v2\/product"}],"about":[{"href":"https:\/\/volovape.com\/hu\/wp-json\/wp\/v2\/types\/product"}],"replies":[{"embeddable":true,"href":"https:\/\/volovape.com\/hu\/wp-json\/wp\/v2\/comments?post=81"}],"wp:featuredmedia":[{"embeddable":true,"href":"https:\/\/volovape.com\/hu\/wp-json\/wp\/v2\/media\/248"}],"wp:attachment":[{"href":"https:\/\/volovape.com\/hu\/wp-json\/wp\/v2\/media?parent=81"}],"wp:term":[{"taxonomy":"product_brand","embeddable":true,"href":"https:\/\/volovape.com\/hu\/wp-json\/wp\/v2\/product_brand?post=81"},{"taxonomy":"product_cat","embeddable":true,"href":"https:\/\/volovape.com\/hu\/wp-json\/wp\/v2\/product_cat?post=81"},{"taxonomy":"product_tag","embeddable":true,"href":"https:\/\/volovape.com\/hu\/wp-json\/wp\/v2\/product_tag?post=81"}],"curies":[{"name":"wp","href":"https:\/\/api.w.org\/{rel}","templated":true}]}}