{"id":80,"date":"2024-11-21T03:26:51","date_gmt":"2024-11-21T03:26:51","guid":{"rendered":"https:\/\/volovape.com\/?post_type=product&#038;p=80"},"modified":"2025-07-04T02:51:49","modified_gmt":"2025-07-04T02:51:49","slug":"fihp-15000-puff","status":"publish","type":"product","link":"https:\/\/volovape.com\/hu\/product\/fihp-15000-puffs\/","title":{"rendered":"FIHP 15000 Puffs Eldobhat\u00f3 Vape - Mesh Coil, LED kijelz\u0151, \u00fajrat\u00f6lthet\u0151"},"content":{"rendered":"<p><strong>FIHP 15000 Puffs Hossz\u00fa \u00e9lettartam\u00fa eldobhat\u00f3 vape LED kijelz\u0151vel<\/strong> - Nagy teljes\u00edtm\u00e9ny\u0171 vaping megold\u00e1s.<\/p>\n<p>A <strong>FIHP 15000 puff<\/strong> Az eldobhat\u00f3 vape meghosszabb\u00edtott g\u0151z\u00f6l\u00e9si \u00e9lm\u00e9nyt ny\u00fajt ak\u00e1r <strong>15.000 f\u00faj\u00e1s<\/strong>, a <strong>22 ml e-liquid \u0171rtartalom<\/strong>\u00e9s a <strong>650mAh \u00fajrat\u00f6lthet\u0151 akkumul\u00e1tor<\/strong> -vel <strong>C-t\u00edpus\u00fa t\u00f6lt\u00e9s<\/strong>. A <strong>1.0\u03a9 h\u00e1l\u00f3s tekercs<\/strong> sima, gazdag \u00edzt \u00e9s egyenletes g\u0151zt biztos\u00edt. Egy <strong>LED kijelz\u0151<\/strong> az akkumul\u00e1tor \u00e9s a k\u00e9sz\u00fcl\u00e9k \u00e1llapot\u00e1nak egyszer\u0171 fel\u00fcgyelet\u00e9t biztos\u00edtja. V\u00e1lasszon a k\u00f6vetkez\u0151k k\u00f6z\u00fcl <strong>2% vagy 5% nikotin er\u0151ss\u00e9g\u0171ek<\/strong> \u00e9s \u00e9lvezze a k\u00fcl\u00f6nb\u00f6z\u0151 <strong>10+ \u00edzek<\/strong>, bele\u00e9rtve az Energy Drinket \u00e9s a Kiwi Passion Fruit Guava-t. Ide\u00e1lis szem\u00e9lyes haszn\u00e1latra vagy <strong>eldobhat\u00f3 vape nagykereskedelem<\/strong>, ez a k\u00e9sz\u00fcl\u00e9k egyes\u00edti a nagy teljes\u00edtm\u00e9nyt a k\u00e9nyelemmel. A <strong>t\u00f6meges rendel\u00e9s<\/strong> \u00e1rk\u00e9pz\u00e9s, k\u00e9rj\u00fck, l\u00e9pjen kapcsolatba vel\u00fcnk.<\/p>\n<h3><strong>FIHP 15000 Jellemz\u0151k:<\/strong><\/h3>\n<ul>\n<li>Puff: 15,000-ig<\/li>\n<li>E-folyad\u00e9k kapacit\u00e1s: 22ml<\/li>\n<li>Akkumul\u00e1tor: 650mAh (\u00fajrat\u00f6lthet\u0151)<\/li>\n<li>T\u00f6lt\u00e9s: C-t\u00edpus\u00fa<\/li>\n<li>Tekercs: 1.0\u03a9 Mesh tekercs<\/li>\n<li>Megjelen\u00edt\u00e9s: LED kijelz\u0151<\/li>\n<li>Nikotin Er\u0151ss\u00e9gek: 2%, 5%<\/li>\n<li>10+ \u00edzv\u00e1laszt\u00e9k<\/li>\n<\/ul>\n<h4>GYIK<\/h4>\n<h5>Hogyan jav\u00edtja az 1,0\u03a9-os h\u00e1l\u00f3s tekercs a p\u00e1rologtat\u00e1si \u00e9lm\u00e9nyt?<\/h5>\n<p>Az 1,0\u03a9-os h\u00e1l\u00f3s tekercset \u00fagy tervezt\u00e9k, hogy sima \u00e9s egyenletes g\u0151z\u00f6l\u00e9si \u00e9lm\u00e9nyt ny\u00fajtson, gazdag \u00edzeket \u00e9s kiel\u00e9g\u00edt\u0151 g\u0151ztermel\u00e9st biztos\u00edtva minden egyes slukkban. Biztos\u00edtja a hat\u00e9kony e-folyad\u00e9k elp\u00e1rolg\u00e1st, maximaliz\u00e1lva az \u00edzek \u00e1tad\u00e1s\u00e1t \u00e9s az \u00e1ltal\u00e1nos \u00e9lvezetet.<\/p>\n<h5>Milyen sz\u00e1ll\u00edt\u00e1si m\u00f3dokat haszn\u00e1lnak?<\/h5>\n<p>Megb\u00edzhat\u00f3 sz\u00e1ll\u00edtm\u00e1nyoz\u00f3kkal, p\u00e9ld\u00e1ul a UPS, a DHL, a FedEx \u00e9s a DPD partnerek\u00e9nt biztos\u00edtjuk megrendel\u00e9seinek hat\u00e9kony k\u00e9zbes\u00edt\u00e9s\u00e9t. A sz\u00e1ll\u00edt\u00e1si m\u00f3dot az \u00d6n tart\u00f3zkod\u00e1si helye alapj\u00e1n v\u00e1lasztjuk ki az optim\u00e1lis sz\u00e1ll\u00edt\u00e1si sebess\u00e9g \u00e9s megb\u00edzhat\u00f3s\u00e1g \u00e9rdek\u00e9ben.<\/p>\n<h5>Mennyi ideig tart \u00e1ltal\u00e1ban a sz\u00e1ll\u00edt\u00e1s?<\/h5>\n<p>A sz\u00e1ll\u00edt\u00e1s \u00e1ltal\u00e1ban 7-15 munkanapot vesz ig\u00e9nybe. F\u0151szezonban vagy kedvez\u0151tlen id\u0151j\u00e1r\u00e1si k\u00f6r\u00fclm\u00e9nyek k\u00f6z\u00f6tt ez ak\u00e1r 20 munkanapot is ig\u00e9nybe vehet.<\/p>\n<h5>Lesznek-e v\u00e1mprobl\u00e9m\u00e1im vagy tov\u00e1bbi d\u00edjak?<\/h5>\n<p>Mi kezelj\u00fck az \u00f6sszes v\u00e1mkezel\u00e9si elj\u00e1r\u00e1st, biztos\u00edtva, hogy k\u00fcldem\u00e9nye gond n\u00e9lk\u00fcl \u00e1tmenjen. \u00d6nnek nem kell tov\u00e1bbi ad\u00f3kat vagy d\u00edjakat fizetnie. Garant\u00e1ljuk az 100% v\u00e1mkezel\u00e9s\u00e9t.<\/p>\n<h5>Hogyan gy\u0151z\u0151dhetek meg a term\u00e9k min\u0151s\u00e9g\u00e9r\u0151l \u00e9s megb\u00edzhat\u00f3s\u00e1g\u00e1r\u00f3l?<\/h5>\n<p>Elfogadjuk a biztons\u00e1gos PayPal fizet\u00e9seket a v\u00e1s\u00e1rl\u00f3 v\u00e9delm\u00e9vel. V\u00e1s\u00e1rl\u00f3i v\u00e9lem\u00e9nyeket is olvashat a <a href=\"https:\/\/www.trustpilot.com\/review\/volovape.com?utm_medium=trustbox&amp;utm_source=TrustBoxReviewCollector\">TrustPilot<\/a>, ahol sz\u00e1mos \u00fcgyf\u00e9l osztotta meg pozit\u00edv tapasztalatait term\u00e9keinkkel \u00e9s szolg\u00e1ltat\u00e1sainkkal kapcsolatban.<\/p>","protected":false},"excerpt":{"rendered":"<p>K\u00f3stolja meg a FIHP 15000 Puffs kiterjesztett \u00edzvil\u00e1g\u00e1t. LED kijelz\u0151, 1.0\u03a9 h\u00e1l\u00f3, 22ml, \u00fajrat\u00f6lthet\u0151. T\u00f6k\u00e9letes szem\u00e9lyi vagy nagykereskedelmi haszn\u00e1latra, sima g\u0151zt \u00e9s v\u00e1ltozatos nikotinv\u00e1laszt\u00e9kot biztos\u00edt.<\/p>","protected":false},"featured_media":238,"comment_status":"open","ping_status":"closed","template":"","meta":[],"product_brand":[],"product_cat":[46,41,21,18,20,23,24,22,25,26,27,28,29,30,31,32,33,34,35,36,40],"product_tag":[],"class_list":{"0":"post-80","1":"product","2":"type-product","3":"status-publish","4":"has-post-thumbnail","6":"product_cat-fihp","7":"product_cat-15000-puffs-disposable-vape","8":"product_cat-big-puffs-vapes","9":"product_cat-different-puffs-of-disposable-vapes","10":"product_cat-disposable-vape-types","11":"product_cat-disposable-vapes-in-austria","12":"product_cat-disposable-vapes-in-belgium","13":"product_cat-disposable-vapes-in-europe","14":"product_cat-disposable-vapes-in-france","15":"product_cat-disposable-vapes-in-germany","16":"product_cat-disposable-vapes-in-hungary","17":"product_cat-disposable-vapes-in-ltaly","18":"product_cat-disposable-vapes-in-netherlands","19":"product_cat-disposable-vapes-in-norway","20":"product_cat-disposable-vapes-in-poland","21":"product_cat-disposable-vapes-in-portugal","22":"product_cat-disposable-vapes-in-spain","23":"product_cat-disposable-vapes-in-sweden","24":"product_cat-disposable-vapes-in-switzerland","25":"product_cat-rechargeable-vapes","26":"product_cat-smart-screen-vapes","28":"first","29":"instock","30":"shipping-taxable","31":"purchasable","32":"product-type-variable","33":"has-default-attributes"},"jetpack_sharing_enabled":true,"tiered_pricing_type":"fixed","tiered_pricing_fixed_rules":{"2000":4.9900000000000002131628207280300557613372802734375},"tiered_pricing_product_settings":{"layout":"default","base_unit_name":{"singular":null,"plural":null},"default_variation":null},"tiered_pricing_minimum_quantity":1000,"tiered_pricing_roles_data":[],"tiered_pricing_percentage_rules":[],"tiered_pricing_maximum_quantity":null,"tiered_pricing_quantity_step":"10","_links":{"self":[{"href":"https:\/\/volovape.com\/hu\/wp-json\/wp\/v2\/product\/80","targetHints":{"allow":["GET"]}}],"collection":[{"href":"https:\/\/volovape.com\/hu\/wp-json\/wp\/v2\/product"}],"about":[{"href":"https:\/\/volovape.com\/hu\/wp-json\/wp\/v2\/types\/product"}],"replies":[{"embeddable":true,"href":"https:\/\/volovape.com\/hu\/wp-json\/wp\/v2\/comments?post=80"}],"wp:featuredmedia":[{"embeddable":true,"href":"https:\/\/volovape.com\/hu\/wp-json\/wp\/v2\/media\/238"}],"wp:attachment":[{"href":"https:\/\/volovape.com\/hu\/wp-json\/wp\/v2\/media?parent=80"}],"wp:term":[{"taxonomy":"product_brand","embeddable":true,"href":"https:\/\/volovape.com\/hu\/wp-json\/wp\/v2\/product_brand?post=80"},{"taxonomy":"product_cat","embeddable":true,"href":"https:\/\/volovape.com\/hu\/wp-json\/wp\/v2\/product_cat?post=80"},{"taxonomy":"product_tag","embeddable":true,"href":"https:\/\/volovape.com\/hu\/wp-json\/wp\/v2\/product_tag?post=80"}],"curies":[{"name":"wp","href":"https:\/\/api.w.org\/{rel}","templated":true}]}}