{"id":785,"date":"2024-11-21T03:33:06","date_gmt":"2024-11-21T03:33:06","guid":{"rendered":"https:\/\/volovape.com\/?post_type=product&#038;p=785"},"modified":"2025-06-19T03:45:15","modified_gmt":"2025-06-19T03:45:15","slug":"aivono-aim-plusz-800-fujas","status":"publish","type":"product","link":"https:\/\/volovape.com\/hu\/product\/aivono-aim-plus-800-puffs\/","title":{"rendered":"Aivono Aim Plus 800 Puffs Eldobhat\u00f3 Vape - Mesh Coil, TPD Certified"},"content":{"rendered":"<p><strong>Aivono Aim Plus 800 Puffs Eldobhat\u00f3 Vape<\/strong> - Megb\u00edzhat\u00f3, \u00edzletes \u00e9s TPD tan\u00fas\u00edtv\u00e1nnyal rendelkezik a min\u0151s\u00e9gbiztos\u00edt\u00e1s \u00e9rdek\u00e9ben.<\/p>\n<p>A <strong>Aivono Aim Plus 800 puff<\/strong> Az eldobhat\u00f3 vape egyszer\u0171 \u00e9s kiel\u00e9g\u00edt\u0151 p\u00e1rologtat\u00e1si \u00e9lm\u00e9nyt ny\u00fajt ak\u00e1r <strong>800 puff<\/strong>, a <strong>3.2ml e-liquid kapacit\u00e1s<\/strong>\u00e9s a <strong>550mAh akkumul\u00e1tor<\/strong>. A <strong>1.8\u03a9 h\u00e1l\u00f3s tekercs<\/strong> biztos\u00edtja az egyenletes \u00e9s \u00edzletes g\u0151ztermel\u00e9st. Ez a k\u00e9sz\u00fcl\u00e9k TPD tan\u00fas\u00edtv\u00e1nnyal rendelkezik, ami garant\u00e1lja a magas min\u0151s\u00e9gi \u00e9s biztons\u00e1gi el\u0151\u00edr\u00e1sok betart\u00e1s\u00e1t. V\u00e1lasszon a k\u00f6vetkez\u0151k k\u00f6z\u00fcl <strong>0%, 2%, vagy 5% nikotin er\u0151ss\u00e9g\u0171ek.<\/strong>. Ide\u00e1lis szem\u00e9lyes haszn\u00e1latra \u00e9s <strong>eldobhat\u00f3 vape nagykereskedelem<\/strong>, az Aivono Aim Plus megb\u00edzhat\u00f3s\u00e1got \u00e9s \u00edzt biztos\u00edt egy k\u00e9nyelmes csomagban. <strong>T\u00f6meges rendel\u00e9s<\/strong> lehet\u0151s\u00e9gek \u00e1llnak rendelkez\u00e9sre a kiskeresked\u0151k sz\u00e1m\u00e1ra.<\/p>\n<h3><strong>Aivono Aim Plus 800 Puffs Jellemz\u0151k:<\/strong><\/h3>\n<ul>\n<li>Puff: Ak\u00e1r 800<\/li>\n<li>E-folyad\u00e9k kapacit\u00e1s: 3.2ml<\/li>\n<li>Akkumul\u00e1tor: 550mAh<\/li>\n<li>Tekercs: 1.8\u03a9 Mesh tekercs<\/li>\n<li>Nikotin Er\u0151ss\u00e9gek: 0%, 2%, 5%<\/li>\n<li>Tan\u00fas\u00edt\u00e1s: TPD tan\u00fas\u00edtv\u00e1nnyal<\/li>\n<li>Kaphat\u00f3 \u00edzek: Jeges \u00edzek: Cool Mint, Lush Ice, Cotton Candy, Tangerine Ice, Strawberry Watermelon, Blueberry Raspberry Lemon, Mixed Berry, Peach Ice, Banana Ice, Blueberry on Ice, Grape Ice, Mango Ice, Strawberry Ice, Apple Ice, Lychee Ice, Pink Lemonade, Anan\u00e1sz Colada, Cola Ice, Red Bull, Eper Ban\u00e1n, Guava Ice, Eper Passion Fruit, Eper Kiwi, Mango Lychee, Feh\u00e9r Barack Grapefruit, Mang\u00f3 Anan\u00e1sz Barack, Narancs Passion Fruit Guava, G\u00f6r\u00f6gdinnye Bubble Gum, \u00c1fonya Cheesecake.<\/li>\n<\/ul>\n<h4>GYIK<\/h4>\n<h5>Mit jelent a TPD tan\u00fas\u00edt\u00e1s erre a vape-re?<\/h5>\n<p>A TPD (doh\u00e1nyterm\u00e9kekr\u0151l sz\u00f3l\u00f3 ir\u00e1nyelv) tan\u00fas\u00edtv\u00e1ny azt jelenti, hogy az Aivono Aim Plus 800 megfelel az Eur\u00f3pai Uni\u00f3 \u00e1ltal meghat\u00e1rozott szigor\u00fa min\u0151s\u00e9gi \u00e9s biztons\u00e1gi el\u0151\u00edr\u00e1soknak. Ez biztos\u00edtja, hogy a term\u00e9k szigor\u00fa tesztel\u00e9sen ment kereszt\u00fcl, \u00e9s megfelel az \u00f6sszetev\u0151kre, a kibocs\u00e1t\u00e1sra \u00e9s a csomagol\u00e1sra vonatkoz\u00f3 el\u0151\u00edr\u00e1soknak, \u00edgy a felhaszn\u00e1l\u00f3k sz\u00e1m\u00e1ra biztons\u00e1gos \u00e9s megb\u00edzhat\u00f3 p\u00e1rol\u00e1si \u00e9lm\u00e9nyt ny\u00fajt.<\/p>\n<h5>Hogyan j\u00e1rul hozz\u00e1 az 1,8\u03a9-os h\u00e1l\u00f3s tekercs a g\u0151z\u00f6l\u00e9si \u00e9lm\u00e9nyhez?<\/h5>\n<p>Az 1,8\u03a9-os h\u00e1l\u00f3s tekercset \u00fagy tervezt\u00e9k, hogy sima \u00e9s egyenletes g\u0151z\u00f6l\u00e9si \u00e9lm\u00e9nyt ny\u00fajtson. Optimaliz\u00e1lja az \u00edzkihord\u00e1st \u00e9s a g\u0151ztermel\u00e9st, biztos\u00edtva, hogy minden egyes slukk kiel\u00e9g\u00edt\u0151 \u00e9s \u00edzletes legyen. Ez a tekercs ide\u00e1lis azoknak a felhaszn\u00e1l\u00f3knak, akik az ellen\u0151rz\u00f6ttebb \u00e9s \u00e9lvezetesebb g\u0151z\u00f6l\u00e9st r\u00e9szes\u00edtik el\u0151nyben.<\/p>\n<h5>Mennyi ideig b\u00edrja az akkumul\u00e1tor, \u00e9s mekkora az e-folyad\u00e9k kapacit\u00e1sa?<\/h5>\n<p>Az 550mAh-s akkumul\u00e1tor ak\u00e1r 800 slukkot is kib\u00edr, \u00edgy megb\u00edzhat\u00f3 energi\u00e1t biztos\u00edt a hosszabb haszn\u00e1lathoz. A k\u00e9sz\u00fcl\u00e9k 3,2 ml e-folyad\u00e9k kapacit\u00e1ssal rendelkezik, \u00edgy elegend\u0151 e-folyad\u00e9kot biztos\u00edt a k\u00e9sz\u00fcl\u00e9k teljes \u00e9lettartam\u00e1hoz.<\/p>\n<h5>Milyen sz\u00e1ll\u00edt\u00e1si m\u00f3dokat haszn\u00e1lnak?<\/h5>\n<p>Megb\u00edzhat\u00f3 sz\u00e1ll\u00edtm\u00e1nyoz\u00f3kkal, p\u00e9ld\u00e1ul a UPS, a DHL, a FedEx \u00e9s a DPD partnerek\u00e9nt biztos\u00edtjuk a megb\u00edzhat\u00f3 \u00e9s hat\u00e9kony k\u00e9zbes\u00edt\u00e9st. A legmegfelel\u0151bb sz\u00e1ll\u00edt\u00e1si m\u00f3dot v\u00e1lasztjuk ki az \u00d6n tart\u00f3zkod\u00e1si helye alapj\u00e1n, hogy megrendel\u00e9se a lehet\u0151 leggyorsabban eljusson \u00d6nh\u00f6z.<\/p>\n<h5>Megb\u00edzhatok a v\u00e1s\u00e1rl\u00e1somban?<\/h5>\n<p>Els\u0151bbs\u00e9get biztos\u00edtunk az \u00fcgyfelek el\u00e9gedetts\u00e9g\u00e9nek, \u00e9s biztons\u00e1gos fizet\u00e9si lehet\u0151s\u00e9geket k\u00edn\u00e1lunk, bele\u00e9rtve a PayPal-t a v\u00e1s\u00e1rl\u00f3 v\u00e9delm\u00e9vel. A TrustPiloton megtekintheti a v\u00e1s\u00e1rl\u00f3i \u00e9rt\u00e9kel\u00e9seket is: <a href=\"https:\/\/www.trustpilot.com\/review\/volovape.com?utm_medium=trustbox&amp;utm_source=TrustBoxReviewCollector\">TrustPilot<\/a>.<\/p>","protected":false},"excerpt":{"rendered":"<p>V\u00e1s\u00e1roljon Aivono Aim Plus 800 Puffs eldobhat\u00f3 vape-t \u00f6mlesztve. A 3,2 ml-es e-folyad\u00e9kkal, h\u00e1l\u00f3s tekerccsel, TPD tan\u00fas\u00edtv\u00e1nnyal \u00e9s t\u00f6bb nikotin opci\u00f3val t\u00f6k\u00e9letes a nagykereskedelmi vape besz\u00e1ll\u00edt\u00f3k \u00e9s viszontelad\u00f3k sz\u00e1m\u00e1ra.<\/p>","protected":false},"featured_media":1213,"comment_status":"open","ping_status":"closed","template":"","meta":[],"product_brand":[],"product_cat":[67,59,18,20,23,24,22,25,26,27,28,29,30,31,32,33,34,35,60],"product_tag":[],"class_list":{"0":"post-785","1":"product","2":"type-product","3":"status-publish","4":"has-post-thumbnail","6":"product_cat-aivono","7":"product_cat-800-puffs-disposable-vape","8":"product_cat-different-puffs-of-disposable-vapes","9":"product_cat-disposable-vape-types","10":"product_cat-disposable-vapes-in-austria","11":"product_cat-disposable-vapes-in-belgium","12":"product_cat-disposable-vapes-in-europe","13":"product_cat-disposable-vapes-in-france","14":"product_cat-disposable-vapes-in-germany","15":"product_cat-disposable-vapes-in-hungary","16":"product_cat-disposable-vapes-in-ltaly","17":"product_cat-disposable-vapes-in-netherlands","18":"product_cat-disposable-vapes-in-norway","19":"product_cat-disposable-vapes-in-poland","20":"product_cat-disposable-vapes-in-portugal","21":"product_cat-disposable-vapes-in-spain","22":"product_cat-disposable-vapes-in-sweden","23":"product_cat-disposable-vapes-in-switzerland","24":"product_cat-mini-puffs-vapes","26":"first","27":"instock","28":"shipping-taxable","29":"purchasable","30":"product-type-variable","31":"has-default-attributes"},"jetpack_sharing_enabled":true,"tiered_pricing_type":"fixed","tiered_pricing_fixed_rules":{"2000":3.04000000000000003552713678800500929355621337890625},"tiered_pricing_product_settings":{"layout":"default","base_unit_name":{"singular":null,"plural":null},"default_variation":null},"tiered_pricing_minimum_quantity":1000,"tiered_pricing_roles_data":[],"tiered_pricing_percentage_rules":[],"tiered_pricing_maximum_quantity":null,"tiered_pricing_quantity_step":"10","_links":{"self":[{"href":"https:\/\/volovape.com\/hu\/wp-json\/wp\/v2\/product\/785","targetHints":{"allow":["GET"]}}],"collection":[{"href":"https:\/\/volovape.com\/hu\/wp-json\/wp\/v2\/product"}],"about":[{"href":"https:\/\/volovape.com\/hu\/wp-json\/wp\/v2\/types\/product"}],"replies":[{"embeddable":true,"href":"https:\/\/volovape.com\/hu\/wp-json\/wp\/v2\/comments?post=785"}],"wp:featuredmedia":[{"embeddable":true,"href":"https:\/\/volovape.com\/hu\/wp-json\/wp\/v2\/media\/1213"}],"wp:attachment":[{"href":"https:\/\/volovape.com\/hu\/wp-json\/wp\/v2\/media?parent=785"}],"wp:term":[{"taxonomy":"product_brand","embeddable":true,"href":"https:\/\/volovape.com\/hu\/wp-json\/wp\/v2\/product_brand?post=785"},{"taxonomy":"product_cat","embeddable":true,"href":"https:\/\/volovape.com\/hu\/wp-json\/wp\/v2\/product_cat?post=785"},{"taxonomy":"product_tag","embeddable":true,"href":"https:\/\/volovape.com\/hu\/wp-json\/wp\/v2\/product_tag?post=785"}],"curies":[{"name":"wp","href":"https:\/\/api.w.org\/{rel}","templated":true}]}}