{"id":784,"date":"2024-11-21T03:33:06","date_gmt":"2024-11-21T03:33:06","guid":{"rendered":"https:\/\/volovape.com\/?post_type=product&#038;p=784"},"modified":"2025-06-19T03:45:13","modified_gmt":"2025-06-19T03:45:13","slug":"aivono-mini-boxx-600-puff","status":"publish","type":"product","link":"https:\/\/volovape.com\/hu\/product\/aivono-mini-boxx-600-puffs\/","title":{"rendered":"Aivono Mini Boxx 600 Puffs eldobhat\u00f3 vape - \u00fajrat\u00f6lthet\u0151, h\u00e1l\u00f3s tekercs"},"content":{"rendered":"<p><strong>Aivono Mini Boxx 600 Puffs Eldobhat\u00f3 Vape<\/strong> - Kompakt, \u00fajrat\u00f6lthet\u0151 \u00e9s \u00edzletes szipuz\u00e1s \u00fatk\u00f6zben.<\/p>\n<p>A <strong>Aivono Mini Boxx 600 Puffs<\/strong> Az eldobhat\u00f3 vape azok sz\u00e1m\u00e1ra k\u00e9sz\u00fclt, akik a hordozhat\u00f3s\u00e1got \u00e9s a k\u00e9nyelmet helyezik el\u0151t\u00e9rbe an\u00e9lk\u00fcl, hogy kompromisszumot k\u00f6tn\u00e9nek az \u00edz ter\u00e9n. Az ak\u00e1r <strong>600 puff<\/strong>, a <strong>2ml e-liquid kapacit\u00e1s<\/strong>\u00e9s a <strong>400mAh \u00fajrat\u00f6lthet\u0151 akkumul\u00e1tor<\/strong>, ez a k\u00e9sz\u00fcl\u00e9k kiel\u00e9g\u00edt\u0151 g\u0151z\u00f6l\u00e9si \u00e9lm\u00e9nyt k\u00edn\u00e1l egy eleg\u00e1ns, kompakt kialak\u00edt\u00e1sban. A <strong>1.2\u03a9 h\u00e1l\u00f3s tekercs<\/strong> sima \u00e9s \u00edzletes g\u0151zt biztos\u00edt, t\u00f6k\u00e9letes mindennapi haszn\u00e1latra. V\u00e1lasszon a k\u00f6vetkez\u0151k k\u00f6z\u00fcl <strong>0%, 2%, vagy 5% nikotin er\u0151ss\u00e9g\u0171ek.<\/strong>. Ide\u00e1lis szem\u00e9lyes haszn\u00e1latra \u00e9s <strong>eldobhat\u00f3 vape nagykereskedelem<\/strong>, az Aivono Mini Boxx a k\u00e9nyelem \u00e9s a teljes\u00edtm\u00e9ny t\u00f6k\u00e9letes kever\u00e9ke. <strong>T\u00f6meges rendel\u00e9s<\/strong> lehet\u0151s\u00e9gek \u00e1llnak rendelkez\u00e9sre a kiskeresked\u0151k sz\u00e1m\u00e1ra.<\/p>\n<h3><strong>Aivono Mini Boxx 600 Puffs Jellemz\u0151k:<\/strong><\/h3>\n<ul>\n<li>Puff: Ak\u00e1r 600<\/li>\n<li>E-folyad\u00e9k Kapacit\u00e1s: 2ml<\/li>\n<li>Akkumul\u00e1tor: 400mAh (\u00fajrat\u00f6lthet\u0151)<\/li>\n<li>T\u00f6lt\u00e9s: C-t\u00edpus\u00fa<\/li>\n<li>Tekercs: 1.2\u03a9 Mesh tekercs<\/li>\n<li>Nikotin Er\u0151ss\u00e9gek: 0%, 2%, 5%<\/li>\n<li>Kaphat\u00f3 \u00edzek: Eper j\u00e9gkr\u00e9m, citromos menta, eper kiwi j\u00e9g, aloe szeder j\u00e9g, g\u00f6r\u00f6gdinnye r\u00e1g\u00f3gumi j\u00e9g, eper j\u00e9g, energiaital, feh\u00e9r barack grapefruit, cseresznye kantalup, anan\u00e1sz k\u00f3kusz j\u00e9g.<\/li>\n<\/ul>\n<h4>GYIK<\/h4>\n<h5>Mit\u0151l ide\u00e1lis az Aivono Mini Boxx az \u00fatk\u00f6zbeni p\u00e1rologtat\u00e1shoz?<\/h5>\n<p>Az Aivono Mini Boxx kompakt \u00e9s k\u00f6nny\u0171 form\u00e1j\u00fa, \u00edgy rendk\u00edv\u00fcl hordozhat\u00f3, \u00e9s t\u00f6k\u00e9letes azoknak a felhaszn\u00e1l\u00f3knak, akiknek diszkr\u00e9t \u00e9s k\u00e9nyelmes p\u00e1rologtat\u00e1si megold\u00e1sra van sz\u00fcks\u00e9g\u00fck. Kis m\u00e9rete k\u00f6nnyen elf\u00e9r zsebben vagy t\u00e1sk\u00e1ban, \u00edgy biztos\u00edtva, hogy b\u00e1rmikor \u00e9s b\u00e1rhol \u00e9lvezhesse kedvenc \u00edzeit.<\/p>\n<h5>Hogyan fokozza az 1,2\u03a9-os h\u00e1l\u00f3s tekercs az \u00edz\u00e9lm\u00e9nyt?<\/h5>\n<p>Az 1,2\u03a9-os h\u00e1l\u00f3s tekercset az \u00edzkihozatalra optimaliz\u00e1lt\u00e1k, \u00edgy sima \u00e9s egyenletes g\u0151z\u00f6l\u00e9si \u00e9lm\u00e9nyt ny\u00fajt. Ez a tekercs hat\u00e9konyan felmeleg\u00edti az e-folyad\u00e9kot, biztos\u00edtva, hogy minden slukk gazdag \u00e9s \u00edzgazdag legyen, n\u00f6velve minden egyes g\u0151z\u00f6l\u00e9s \u00e1ltal\u00e1nos el\u00e9gedetts\u00e9g\u00e9t.<\/p>\n<h5>Mennyi ideig b\u00edrja az akkumul\u00e1tor, \u00e9s milyen gyorsan t\u00f6lt\u0151dik fel?<\/h5>\n<p>A 400mAh-s \u00fajrat\u00f6lthet\u0151 akkumul\u00e1tort \u00fagy tervezt\u00e9k, hogy ak\u00e1r 600 slukkot is kib\u00edrjon. A Type-C t\u00f6lt\u00e9snek k\u00f6sz\u00f6nhet\u0151en a k\u00e9sz\u00fcl\u00e9k gyorsan felt\u00f6lt\u0151dik, \u00edgy minim\u00e1lisra cs\u00f6kkentve az \u00e1ll\u00e1sid\u0151t, \u00e9s biztos\u00edtva, hogy hamarabb visszat\u00e9rhessen a p\u00e1rol\u00e1shoz.<\/p>\n<h5>Milyen sz\u00e1ll\u00edt\u00e1si m\u00f3dokat haszn\u00e1lnak?<\/h5>\n<p>A hat\u00e9kony \u00e9s biztons\u00e1gos k\u00e9zbes\u00edt\u00e9s \u00e9rdek\u00e9ben olyan megb\u00edzhat\u00f3 sz\u00e1ll\u00edtm\u00e1nyoz\u00f3kkal m\u0171k\u00f6d\u00fcnk egy\u00fctt, mint a UPS, a DHL, a FedEx \u00e9s a DPD. Az \u00d6n tart\u00f3zkod\u00e1si helye alapj\u00e1n kiv\u00e1lasztjuk a legjobb sz\u00e1ll\u00edt\u00e1si lehet\u0151s\u00e9get, hogy a megrendel\u00e9se azonnal meg\u00e9rkezzen.<\/p>\n<h5>Megb\u00edzhatok a v\u00e1s\u00e1rl\u00e1somban?<\/h5>\n<p>Els\u0151bbs\u00e9get biztos\u00edtunk az \u00fcgyfelek el\u00e9gedetts\u00e9g\u00e9nek, \u00e9s biztons\u00e1gos fizet\u00e9si lehet\u0151s\u00e9geket k\u00edn\u00e1lunk, bele\u00e9rtve a PayPal-t a v\u00e1s\u00e1rl\u00f3 v\u00e9delm\u00e9vel. A TrustPiloton megtekintheti a v\u00e1s\u00e1rl\u00f3i \u00e9rt\u00e9kel\u00e9seket is: <a href=\"https:\/\/www.trustpilot.com\/review\/volovape.com?utm_medium=trustbox&amp;utm_source=TrustBoxReviewCollector\">TrustPilot<\/a>.<\/p>","protected":false},"excerpt":{"rendered":"<p>V\u00e1s\u00e1rolja meg az Aivono Mini Boxx 600 Puffs eldobhat\u00f3 vape-t \u00f6mlesztve. A 2 ml-es e-folyad\u00e9kkal, h\u00e1l\u00f3s tekerccsel \u00e9s kompakt kialak\u00edt\u00e1ssal ide\u00e1lis nagykereskedelmi lehet\u0151s\u00e9g a vape forgalmaz\u00f3k \u00e9s kiskeresked\u0151k sz\u00e1m\u00e1ra.<\/p>","protected":false},"featured_media":1203,"comment_status":"open","ping_status":"closed","template":"","meta":[],"product_brand":[],"product_cat":[67,59,18,20,23,24,22,25,26,27,28,29,30,31,32,33,34,35,60],"product_tag":[],"class_list":{"0":"post-784","1":"product","2":"type-product","3":"status-publish","4":"has-post-thumbnail","6":"product_cat-aivono","7":"product_cat-800-puffs-disposable-vape","8":"product_cat-different-puffs-of-disposable-vapes","9":"product_cat-disposable-vape-types","10":"product_cat-disposable-vapes-in-austria","11":"product_cat-disposable-vapes-in-belgium","12":"product_cat-disposable-vapes-in-europe","13":"product_cat-disposable-vapes-in-france","14":"product_cat-disposable-vapes-in-germany","15":"product_cat-disposable-vapes-in-hungary","16":"product_cat-disposable-vapes-in-ltaly","17":"product_cat-disposable-vapes-in-netherlands","18":"product_cat-disposable-vapes-in-norway","19":"product_cat-disposable-vapes-in-poland","20":"product_cat-disposable-vapes-in-portugal","21":"product_cat-disposable-vapes-in-spain","22":"product_cat-disposable-vapes-in-sweden","23":"product_cat-disposable-vapes-in-switzerland","24":"product_cat-mini-puffs-vapes","26":"first","27":"instock","28":"shipping-taxable","29":"purchasable","30":"product-type-variable","31":"has-default-attributes"},"jetpack_sharing_enabled":true,"tiered_pricing_type":"fixed","tiered_pricing_fixed_rules":{"2000":3.45999999999999996447286321199499070644378662109375},"tiered_pricing_product_settings":{"layout":"default","base_unit_name":{"singular":null,"plural":null},"default_variation":null},"tiered_pricing_minimum_quantity":1000,"tiered_pricing_roles_data":[],"tiered_pricing_percentage_rules":[],"tiered_pricing_maximum_quantity":null,"tiered_pricing_quantity_step":"10","_links":{"self":[{"href":"https:\/\/volovape.com\/hu\/wp-json\/wp\/v2\/product\/784","targetHints":{"allow":["GET"]}}],"collection":[{"href":"https:\/\/volovape.com\/hu\/wp-json\/wp\/v2\/product"}],"about":[{"href":"https:\/\/volovape.com\/hu\/wp-json\/wp\/v2\/types\/product"}],"replies":[{"embeddable":true,"href":"https:\/\/volovape.com\/hu\/wp-json\/wp\/v2\/comments?post=784"}],"wp:featuredmedia":[{"embeddable":true,"href":"https:\/\/volovape.com\/hu\/wp-json\/wp\/v2\/media\/1203"}],"wp:attachment":[{"href":"https:\/\/volovape.com\/hu\/wp-json\/wp\/v2\/media?parent=784"}],"wp:term":[{"taxonomy":"product_brand","embeddable":true,"href":"https:\/\/volovape.com\/hu\/wp-json\/wp\/v2\/product_brand?post=784"},{"taxonomy":"product_cat","embeddable":true,"href":"https:\/\/volovape.com\/hu\/wp-json\/wp\/v2\/product_cat?post=784"},{"taxonomy":"product_tag","embeddable":true,"href":"https:\/\/volovape.com\/hu\/wp-json\/wp\/v2\/product_tag?post=784"}],"curies":[{"name":"wp","href":"https:\/\/api.w.org\/{rel}","templated":true}]}}