{"id":783,"date":"2024-11-21T03:33:06","date_gmt":"2024-11-21T03:33:06","guid":{"rendered":"https:\/\/volovape.com\/?post_type=product&#038;p=783"},"modified":"2025-08-06T08:14:48","modified_gmt":"2025-08-06T08:14:48","slug":"aivono-fatman-shisha-15000-fujas","status":"publish","type":"product","link":"https:\/\/volovape.com\/hu\/product\/aivono-fatman-shisha-15000-puffs\/","title":{"rendered":"Aivono Fatman Shisha 15000 puffs eldobhat\u00f3 vape - gazdag Shisha \u00edzek, \u00fajrat\u00f6lthet\u0151, \u00f6mlesztett kedvezm\u00e9nyes \u00e1ron"},"content":{"rendered":"<p><strong>Aivono Fatman Shisha 15000 Puffs eldobhat\u00f3 Vape<\/strong> - Tapasztalja meg a gazdag shisha \u00edzeket nagy teljes\u00edtm\u00e9ny\u0171 vapinggal.<\/p>\n<p>A <strong>Aivono Fatman Shisha 15000 Puff<\/strong> Az eldobhat\u00f3 vape autentikus shisha \u00e9lm\u00e9nyt ny\u00fajt a leny\u0171g\u00f6z\u0151 <strong>15,000 puff<\/strong> kapacit\u00e1s, egy nagyvonal\u00fa <strong>24ml e-folyad\u00e9k tart\u00e1ly<\/strong>, \u00e9s egy megb\u00edzhat\u00f3 <strong>600mAh \u00fajrat\u00f6lthet\u0151 akkumul\u00e1tor<\/strong>. Az optimaliz\u00e1lt <strong>0,6\u03a9-os h\u00e1l\u00f3s tekercs<\/strong> s\u0171r\u0171 g\u0151zt \u00e9s gazdag, kiel\u00e9g\u00edt\u0151 \u00edzeket biztos\u00edt, a hagyom\u00e1nyos shisha l\u00e9nyeg\u00e9t megism\u00e9telve. V\u00e1lasszon a k\u00f6vetkez\u0151k k\u00f6z\u00fcl <strong>0%, 2%, 3%, vagy 5% nikotin er\u0151ss\u00e9g\u0171ek.<\/strong> hogy megfeleljen az \u00d6n preferenci\u00e1inak. Ez a k\u00e9sz\u00fcl\u00e9k t\u00f6k\u00e9letes szem\u00e9lyes haszn\u00e1latra \u00e9s <strong>eldobhat\u00f3 vape nagykereskedelem<\/strong>, amely egyszerre ny\u00fajt k\u00e9nyelmet \u00e9s teljes\u00edtm\u00e9nyt. <strong>T\u00f6meges rendel\u00e9s<\/strong> lehet\u0151s\u00e9gek \u00e1llnak rendelkez\u00e9sre a kiv\u00e1l\u00f3 min\u0151s\u00e9g\u0171 eldobhat\u00f3 p\u00e1rologtat\u00f3kat keres\u0151 kiskeresked\u0151k sz\u00e1m\u00e1ra.<\/p>\n<h3><strong>Aivono Fatman Shisha 15000 Puffs Jellemz\u0151k:<\/strong><\/h3>\n<ul>\n<li>Puff: 15,000-ig<\/li>\n<li>E-folyad\u00e9k kapacit\u00e1s: 24ml<\/li>\n<li>Akkumul\u00e1tor: 600mAh (\u00fajrat\u00f6lthet\u0151)<\/li>\n<li>T\u00f6lt\u00e9s: C-t\u00edpus\u00fa<\/li>\n<li>Tekercs: 0.6\u03a9 Mesh tekercs<\/li>\n<li>Nikotin Er\u0151ss\u00e9gek: 0%, 2%, 3%, 5%<\/li>\n<li>Kaphat\u00f3 \u00edzek: Eper j\u00e9g, g\u00f6r\u00f6gdinnye j\u00e9g, eper m\u00e1lna, l\u00e9d\u00fas barack, \u00e1fonya j\u00e9g, mang\u00f3 maracuja, cseresznye g\u00f6r\u00f6gdinnye zsel\u00e9.<\/li>\n<\/ul>\n<h4>GYIK<\/h4>\n<h5>Hogyan jav\u00edtja a 0,6\u03a9-os h\u00e1l\u00f3s tekercs a shisha g\u0151z\u00f6l\u00e9s \u00e9lm\u00e9ny\u00e9t?<\/h5>\n<p>A 0,6\u03a9-os h\u00e1l\u00f3s tekercset kifejezetten \u00fagy tervezt\u00e9k, hogy maximaliz\u00e1lja a g\u0151ztermel\u00e9st \u00e9s az \u00edz intenzit\u00e1s\u00e1t, s\u0171r\u0171, \u00edzgazdag felh\u0151t biztos\u00edtva, amely szorosan ut\u00e1nozza a hagyom\u00e1nyos shisha \u00e9lm\u00e9ny\u00e9t. Ez a tekercs biztos\u00edtja az egyenletes f\u0171t\u00e9st \u00e9s az optim\u00e1lis \u00edzadagol\u00e1st.<\/p>\n<h5>Mennyi az akkumul\u00e1tor \u00e9lettartama \u00e9s a t\u00f6lt\u00e9si id\u0151?<\/h5>\n<p>A 600mAh-s \u00fajrat\u00f6lthet\u0151 akkumul\u00e1tor tart\u00f3s energi\u00e1t biztos\u00edt ak\u00e1r 15 000 sz\u00edv\u00e1sig. A Type-C t\u00f6lt\u00e9ssel gyorsan \u00e9s hat\u00e9konyan t\u00f6ltheti fel a k\u00e9sz\u00fcl\u00e9ket, \u00edgy minimaliz\u00e1lva az \u00e1ll\u00e1sid\u0151t \u00e9s maximaliz\u00e1lva a vaping \u00e9lvezet\u00e9t.<\/p>\n<h5>Milyen \u00edzvari\u00e1ci\u00f3k \u00e1llnak rendelkez\u00e9sre?<\/h5>\n<p>Az Aivono Fatman Shisha 15000 sz\u00e1mos shisha ihlette \u00edzt k\u00edn\u00e1l, t\u00f6bbek k\u00f6z\u00f6tt eper j\u00e9g, g\u00f6r\u00f6gdinnye j\u00e9g, eper m\u00e1lna, l\u00e9d\u00fas barack, \u00e1fonya j\u00e9g, mang\u00f3 passi\u00f3gy\u00fcm\u00f6lcs \u00e9s cseresznye g\u00f6r\u00f6gdinnye zsel\u00e9. Minden \u00edz \u00fagy lett kialak\u00edtva, hogy egyedi \u00e9s kiel\u00e9g\u00edt\u0151 g\u0151z\u00f6l\u00e9si \u00e9lm\u00e9nyt ny\u00fajtson.<\/p>\n<h5>Milyen sz\u00e1ll\u00edt\u00e1si m\u00f3dokat haszn\u00e1lnak?<\/h5>\n<p>Olyan megb\u00edzhat\u00f3 sz\u00e1ll\u00edtm\u00e1nyoz\u00f3kkal dolgozunk egy\u00fctt, mint a UPS, a DHL, a FedEx \u00e9s a DPD a gyors \u00e9s biztons\u00e1gos k\u00e9zbes\u00edt\u00e9s \u00e9rdek\u00e9ben. A legmegfelel\u0151bb sz\u00e1ll\u00edt\u00e1si m\u00f3dot v\u00e1lasztjuk ki az \u00d6n tart\u00f3zkod\u00e1si helye alapj\u00e1n, hogy megrendel\u00e9se a lehet\u0151 leggyorsabban eljusson \u00d6nh\u00f6z.<\/p>\n<h5>Megb\u00edzhatok a v\u00e1s\u00e1rl\u00e1somban?<\/h5>\n<p>Els\u0151bbs\u00e9get biztos\u00edtunk az \u00fcgyfelek el\u00e9gedetts\u00e9g\u00e9nek, \u00e9s biztons\u00e1gos fizet\u00e9si lehet\u0151s\u00e9geket k\u00edn\u00e1lunk, bele\u00e9rtve a PayPal-t a v\u00e1s\u00e1rl\u00f3 v\u00e9delm\u00e9vel. A TrustPiloton megtekintheti a v\u00e1s\u00e1rl\u00f3i \u00e9rt\u00e9kel\u00e9seket is: <a href=\"https:\/\/www.trustpilot.com\/review\/volovape.com?utm_medium=trustbox&amp;utm_source=TrustBoxReviewCollector\">TrustPilot<\/a>.<\/p>","protected":false},"excerpt":{"rendered":"<p>T\u00f6meges nagykereskedelmi Aivono Fatman Shisha 15000 Puffs Eldobhat\u00f3 Vape. 15000 puff, 24ml e-folyad\u00e9k, \u00fajrat\u00f6lthet\u0151. H\u00e1l\u00f3s tekercs, v\u00e1ltozatos nikotin. Fedezze fel a shisha \u00edzeket most.<\/p>","protected":false},"featured_media":1191,"comment_status":"open","ping_status":"closed","template":"","meta":[],"product_brand":[],"product_cat":[67,41,21,18,20,23,24,22,25,26,27,28,29,30,31,32,33,34,35,36,47],"product_tag":[],"class_list":{"0":"post-783","1":"product","2":"type-product","3":"status-publish","4":"has-post-thumbnail","6":"product_cat-aivono","7":"product_cat-15000-puffs-disposable-vape","8":"product_cat-big-puffs-vapes","9":"product_cat-different-puffs-of-disposable-vapes","10":"product_cat-disposable-vape-types","11":"product_cat-disposable-vapes-in-austria","12":"product_cat-disposable-vapes-in-belgium","13":"product_cat-disposable-vapes-in-europe","14":"product_cat-disposable-vapes-in-france","15":"product_cat-disposable-vapes-in-germany","16":"product_cat-disposable-vapes-in-hungary","17":"product_cat-disposable-vapes-in-ltaly","18":"product_cat-disposable-vapes-in-netherlands","19":"product_cat-disposable-vapes-in-norway","20":"product_cat-disposable-vapes-in-poland","21":"product_cat-disposable-vapes-in-portugal","22":"product_cat-disposable-vapes-in-spain","23":"product_cat-disposable-vapes-in-sweden","24":"product_cat-disposable-vapes-in-switzerland","25":"product_cat-rechargeable-vapes","26":"product_cat-shisha-hookah-vapes","28":"first","29":"instock","30":"shipping-taxable","31":"purchasable","32":"product-type-variable","33":"has-default-attributes"},"jetpack_sharing_enabled":true,"tiered_pricing_type":"fixed","tiered_pricing_fixed_rules":{"2000":5.4900000000000002131628207280300557613372802734375},"tiered_pricing_product_settings":{"layout":"default","base_unit_name":{"singular":null,"plural":null},"default_variation":null},"tiered_pricing_minimum_quantity":1000,"tiered_pricing_roles_data":[],"tiered_pricing_percentage_rules":[],"tiered_pricing_maximum_quantity":null,"tiered_pricing_quantity_step":"10","_links":{"self":[{"href":"https:\/\/volovape.com\/hu\/wp-json\/wp\/v2\/product\/783","targetHints":{"allow":["GET"]}}],"collection":[{"href":"https:\/\/volovape.com\/hu\/wp-json\/wp\/v2\/product"}],"about":[{"href":"https:\/\/volovape.com\/hu\/wp-json\/wp\/v2\/types\/product"}],"replies":[{"embeddable":true,"href":"https:\/\/volovape.com\/hu\/wp-json\/wp\/v2\/comments?post=783"}],"wp:featuredmedia":[{"embeddable":true,"href":"https:\/\/volovape.com\/hu\/wp-json\/wp\/v2\/media\/1191"}],"wp:attachment":[{"href":"https:\/\/volovape.com\/hu\/wp-json\/wp\/v2\/media?parent=783"}],"wp:term":[{"taxonomy":"product_brand","embeddable":true,"href":"https:\/\/volovape.com\/hu\/wp-json\/wp\/v2\/product_brand?post=783"},{"taxonomy":"product_cat","embeddable":true,"href":"https:\/\/volovape.com\/hu\/wp-json\/wp\/v2\/product_cat?post=783"},{"taxonomy":"product_tag","embeddable":true,"href":"https:\/\/volovape.com\/hu\/wp-json\/wp\/v2\/product_tag?post=783"}],"curies":[{"name":"wp","href":"https:\/\/api.w.org\/{rel}","templated":true}]}}