{"id":750,"date":"2024-11-21T03:32:38","date_gmt":"2024-11-21T03:32:38","guid":{"rendered":"https:\/\/volovape.com\/?post_type=product&#038;p=750"},"modified":"2025-07-06T04:26:20","modified_gmt":"2025-07-06T04:26:20","slug":"evappe-shisha-deluxe-bar-18000-fujas","status":"publish","type":"product","link":"https:\/\/volovape.com\/hu\/product\/evappe-shisha-deluxe-bar-18000-puffs\/","title":{"rendered":"EVAPPE Shisha Deluxe Bar 18000 puffs eldobhat\u00f3 vape - 0.6\u03a9 h\u00e1l\u00f3s tekercs, \u00fajrat\u00f6lthet\u0151 (0-5% nikotin)"},"content":{"rendered":"<p><strong>EVAPPE Shisha Deluxe Bar 18000 Puffs eldobhat\u00f3 Vape<\/strong> - Tapasztalja meg a Shisha inspir\u00e1lta vapingot p\u00e1ratlan hossz\u00fa \u00e9lettartammal.<\/p>\n<p>A <strong>EVAPPE Shisha Deluxe b\u00e1r 18000 puff<\/strong> Az eldobhat\u00f3 vape a shisha gazdag, \u00edzgazdag \u00e9lm\u00e9ny\u00e9t hozza el egy k\u00e9nyelmes, hordozhat\u00f3 form\u00e1tumba. A leny\u0171g\u00f6z\u0151 <strong>18,000 puff<\/strong>, egy nagylelk\u0171 <strong>25 ml e-liquid \u0171rtartalom<\/strong>, \u00e9s egy robusztus <strong>600mAh \u00fajrat\u00f6lthet\u0151 akkumul\u00e1tor<\/strong>, ez a k\u00e9sz\u00fcl\u00e9k biztos\u00edtja a hosszabb vaping session\u00f6ket. A fejlett <strong>0,6\u03a9-os h\u00e1l\u00f3s tekercs<\/strong> egyenletesen sima, s\u0171r\u0171 g\u0151zt biztos\u00edt, megragadva a klasszikus shisha \u00edzek esszenci\u00e1j\u00e1t. V\u00e1lasszon a k\u00f6vetkez\u0151k k\u00f6z\u00fcl <strong>0%, 2%, 3%, vagy 5% nikotin er\u0151ss\u00e9g\u0171ek.<\/strong> hogy testre szabhassa az \u00e9lm\u00e9nyt. Ide\u00e1lis a szem\u00e9lyes \u00e9lvezethez \u00e9s <strong>eldobhat\u00f3 vape nagykereskedelem<\/strong>, ez a karcs\u00fa eszk\u00f6z t\u00f6k\u00e9letes azok sz\u00e1m\u00e1ra, akik pr\u00e9mium min\u0151s\u00e9g\u0171 g\u0151z\u00f6l\u00e9st keresnek. <strong>T\u00f6meges rendel\u00e9s<\/strong> lehet\u0151s\u00e9gek \u00e1llnak rendelkez\u00e9sre a kiskeresked\u0151k sz\u00e1m\u00e1ra.<\/p>\n<h3><strong>EVAPPE Shisha Deluxe Bar 18000 Puffs Jellemz\u0151k:<\/strong><\/h3>\n<ul>\n<li>Puff: 18,000-ig<\/li>\n<li>E-folyad\u00e9k Kapacit\u00e1s: 25ml<\/li>\n<li>Akkumul\u00e1tor: 600mAh (\u00fajrat\u00f6lthet\u0151)<\/li>\n<li>T\u00f6lt\u00e9s: C-t\u00edpus\u00fa<\/li>\n<li>Tekercs: 0.6\u03a9 Mesh tekercs<\/li>\n<li>Nikotin Er\u0151ss\u00e9gek: 0%, 2%, 3%, 5%<\/li>\n<li>Kaphat\u00f3 \u00edzek: K\u00e9t alma, Berry Ice, Blueberry Gum, Grape Mint, Lush Ice, Cherry Raspberry, Peach Ice, Strawberry Punch.<\/li>\n<\/ul>\n<h4>GYIK<\/h4>\n<h5>Hogyan fokozza a 0,6\u03a9-os h\u00e1l\u00f3s tekercs a shisha ihlette \u00edzt?<\/h5>\n<p>A 0,6\u03a9-os h\u00e1l\u00f3s tekercset \u00fagy tervezt\u00e9k, hogy optim\u00e1lis h\u0151eloszl\u00e1st biztos\u00edtson, fokozva a shisha kever\u00e9kek gazdag \u00e9s \u00f6sszetett \u00edz\u00e9t. Ez s\u0171r\u0171bb, \u00edzgazdagabb g\u0151zt eredm\u00e9nyez, amely a hagyom\u00e1nyos shish\u00e1ra eml\u00e9keztet\u0151, igaz\u00e1n mag\u00e1val ragad\u00f3 g\u0151z\u00f6l\u00e9si \u00e9lm\u00e9nyt ny\u00fajt.<\/p>\n<h5>Milyen nikotiner\u0151ss\u00e9g\u0171 opci\u00f3k \u00e1llnak rendelkez\u00e9sre?<\/h5>\n<p>Az EVAPPE Shisha Deluxe Bar 18000 Puffs nikotinszinten 0%, 2%, 3% \u00e9s 5% er\u0151ss\u00e9g\u0171 nikotint k\u00edn\u00e1l, \u00edgy \u00d6n kiv\u00e1laszthatja a preferenci\u00e1inak \u00e9s ig\u00e9nyeinek legink\u00e1bb megfelel\u0151 szintet.<\/p>\n<h5>Mennyi ideig b\u00edrja az akkumul\u00e1tor, \u00e9s milyen gyorsan t\u00f6lt\u0151dik fel?<\/h5>\n<p>A 600mAh-s \u00fajrat\u00f6lthet\u0151 akkumul\u00e1tort hossz\u00fa \u00e9lettartamra tervezt\u00e9k, amely ak\u00e1r 18 000 sz\u00edv\u00e1st is t\u00e1mogat. A Type-C t\u00f6lt\u00e9ssel gyorsan \u00e9s hat\u00e9konyan t\u00f6ltheti fel k\u00e9sz\u00fcl\u00e9k\u00e9t, \u00edgy minim\u00e1lisra cs\u00f6kkentve az \u00e1ll\u00e1sid\u0151t.<\/p>\n<h5>Milyen sz\u00e1ll\u00edt\u00e1si m\u00f3dokat haszn\u00e1lnak?<\/h5>\n<p>A megb\u00edzhat\u00f3 \u00e9s hat\u00e9kony sz\u00e1ll\u00edt\u00e1s \u00e9rdek\u00e9ben olyan j\u00f3 h\u00edr\u0171 sz\u00e1ll\u00edtm\u00e1nyoz\u00f3kkal dolgozunk egy\u00fctt, mint a UPS, a DHL, a FedEx \u00e9s a DPD. Az \u00d6n tart\u00f3zkod\u00e1si helye alapj\u00e1n kiv\u00e1lasztjuk a legjobb sz\u00e1ll\u00edt\u00e1si lehet\u0151s\u00e9get, hogy megrendel\u00e9se a lehet\u0151 leggyorsabban eljusson \u00d6nh\u00f6z.<\/p>\n<h5>Megb\u00edzhatok a v\u00e1s\u00e1rl\u00e1somban?<\/h5>\n<p>Els\u0151bbs\u00e9get biztos\u00edtunk az \u00fcgyfelek el\u00e9gedetts\u00e9g\u00e9nek, \u00e9s biztons\u00e1gos fizet\u00e9si lehet\u0151s\u00e9geket k\u00edn\u00e1lunk, bele\u00e9rtve a PayPal-t is, v\u00e1s\u00e1rl\u00f3i v\u00e9delemmel. Elolvashatja el\u00e9gedett \u00fcgyfeleink \u00e9rt\u00e9kel\u00e9seit is a TrustPiloton: <a href=\"https:\/\/www.trustpilot.com\/review\/volovape.com?utm_medium=trustbox&amp;utm_source=TrustBoxReviewCollector\">TrustPilot<\/a>.<\/p>","protected":false},"excerpt":{"rendered":"<p>EVAPPE Shisha Deluxe Bar 18000 Puffs Eldobhat\u00f3 Vape \u00f6mlesztve. A 25 ml-es e-folyad\u00e9kkal, sima h\u00e1l\u00f3s tekerccsel \u00e9s a shisha ihlette \u00edzekkel t\u00f6k\u00e9letes a nagykereskedelmi vape viszontelad\u00f3k \u00e9s besz\u00e1ll\u00edt\u00f3k sz\u00e1m\u00e1ra.<\/p>","protected":false},"featured_media":1169,"comment_status":"open","ping_status":"closed","template":"","meta":[],"product_brand":[],"product_cat":[68,50,21,18,20,23,24,22,25,26,27,28,29,30,31,32,33,34,35,36,47],"product_tag":[],"class_list":{"0":"post-750","1":"product","2":"type-product","3":"status-publish","4":"has-post-thumbnail","6":"product_cat-evappe","7":"product_cat-18000-puffs-disposable-vape","8":"product_cat-big-puffs-vapes","9":"product_cat-different-puffs-of-disposable-vapes","10":"product_cat-disposable-vape-types","11":"product_cat-disposable-vapes-in-austria","12":"product_cat-disposable-vapes-in-belgium","13":"product_cat-disposable-vapes-in-europe","14":"product_cat-disposable-vapes-in-france","15":"product_cat-disposable-vapes-in-germany","16":"product_cat-disposable-vapes-in-hungary","17":"product_cat-disposable-vapes-in-ltaly","18":"product_cat-disposable-vapes-in-netherlands","19":"product_cat-disposable-vapes-in-norway","20":"product_cat-disposable-vapes-in-poland","21":"product_cat-disposable-vapes-in-portugal","22":"product_cat-disposable-vapes-in-spain","23":"product_cat-disposable-vapes-in-sweden","24":"product_cat-disposable-vapes-in-switzerland","25":"product_cat-rechargeable-vapes","26":"product_cat-shisha-hookah-vapes","28":"first","29":"instock","30":"shipping-taxable","31":"purchasable","32":"product-type-variable","33":"has-default-attributes"},"jetpack_sharing_enabled":true,"tiered_pricing_type":"fixed","tiered_pricing_fixed_rules":{"2000":5.70000000000000017763568394002504646778106689453125},"tiered_pricing_product_settings":{"layout":"default","base_unit_name":{"singular":null,"plural":null},"default_variation":null},"tiered_pricing_minimum_quantity":1000,"tiered_pricing_roles_data":[],"tiered_pricing_percentage_rules":[],"tiered_pricing_maximum_quantity":null,"tiered_pricing_quantity_step":"10","_links":{"self":[{"href":"https:\/\/volovape.com\/hu\/wp-json\/wp\/v2\/product\/750","targetHints":{"allow":["GET"]}}],"collection":[{"href":"https:\/\/volovape.com\/hu\/wp-json\/wp\/v2\/product"}],"about":[{"href":"https:\/\/volovape.com\/hu\/wp-json\/wp\/v2\/types\/product"}],"replies":[{"embeddable":true,"href":"https:\/\/volovape.com\/hu\/wp-json\/wp\/v2\/comments?post=750"}],"wp:featuredmedia":[{"embeddable":true,"href":"https:\/\/volovape.com\/hu\/wp-json\/wp\/v2\/media\/1169"}],"wp:attachment":[{"href":"https:\/\/volovape.com\/hu\/wp-json\/wp\/v2\/media?parent=750"}],"wp:term":[{"taxonomy":"product_brand","embeddable":true,"href":"https:\/\/volovape.com\/hu\/wp-json\/wp\/v2\/product_brand?post=750"},{"taxonomy":"product_cat","embeddable":true,"href":"https:\/\/volovape.com\/hu\/wp-json\/wp\/v2\/product_cat?post=750"},{"taxonomy":"product_tag","embeddable":true,"href":"https:\/\/volovape.com\/hu\/wp-json\/wp\/v2\/product_tag?post=750"}],"curies":[{"name":"wp","href":"https:\/\/api.w.org\/{rel}","templated":true}]}}