{"id":75,"date":"2024-11-21T03:26:51","date_gmt":"2024-11-21T03:26:51","guid":{"rendered":"https:\/\/volovape.com\/?post_type=product&#038;p=75"},"modified":"2025-09-08T03:35:16","modified_gmt":"2025-09-08T03:35:16","slug":"darazs-20000-fujas","status":"publish","type":"product","link":"https:\/\/volovape.com\/hu\/product\/waspe-20000-puffs\/","title":{"rendered":"Waspe 20000 puffs dual mesh box eldobhat\u00f3 vape - \u00fajrat\u00f6lthet\u0151 LCD-vel (0-5% nikotin)"},"content":{"rendered":"<p><iframe title=\"VideoPress Video Player\" aria-label='VideoPress Video Player' width='421' height='750' src='https:\/\/videopress.com\/embed\/TWxHNXPl?hd=0&amp;cover=1' frameborder='0' allowfullscreen allow='clipboard-write'><\/iframe><script src='https:\/\/v0.wordpress.com\/js\/next\/videopress-iframe.js?m=1739540970'><\/script><\/p>\n<p><strong>Waspe 20000 Puffs Dual Mesh Box \u00fajrat\u00f6lthet\u0151 eldobhat\u00f3 Vape LCD-vel<\/strong> - V\u00e9gs\u0151 teljes\u00edtm\u00e9ny \u00e9s \u00edz.<\/p>\n<p>A <strong>Waspe 20000 Puffs kett\u0151s h\u00e1l\u00f3s doboz<\/strong> kiv\u00e9teles g\u0151z\u00f6l\u00e9si \u00e9lm\u00e9nyt ny\u00fajt a massz\u00edv <strong>20,000 puff<\/strong> kapacit\u00e1s \u00e9s <strong>24ml e-folyad\u00e9k tart\u00e1ly<\/strong>. Powered by a <strong>900mAh \u00fajrat\u00f6lthet\u0151 akkumul\u00e1tor<\/strong> -vel <strong>C-t\u00edpus\u00fa t\u00f6lt\u00e9s<\/strong>, hossz\u00fa t\u00e1v\u00fa teljes\u00edtm\u00e9nyt biztos\u00edt. Az innovat\u00edv <strong>kett\u0151s h\u00e1l\u00f3s tekercs technol\u00f3gia<\/strong> kiv\u00e1l\u00f3 \u00edzt \u00e9s g\u0151ztermel\u00e9st biztos\u00edt. Az integr\u00e1lt <strong>LCD kijelz\u0151<\/strong> lehet\u0151v\u00e9 teszi az akkumul\u00e1tor \u00e9lettartam\u00e1nak \u00e9s a puffok sz\u00e1m\u00e1nak egyszer\u0171 nyomon k\u00f6vet\u00e9s\u00e9t. V\u00e1lasszon a k\u00f6vetkez\u0151k k\u00f6z\u00fcl <strong>0%, 2%, 3%, vagy 5% nikotin er\u0151ss\u00e9g\u0171ek.<\/strong> \u00e9s \u00e9lvezze <strong>12 finom \u00edz<\/strong>, k\u00f6zt\u00fck a Kiwi Passion Fruit Guava \u00e9s a Watermelon Bubblegum. Ide\u00e1lis szem\u00e9lyes haszn\u00e1latra vagy <strong>eldobhat\u00f3 vape nagykereskedelem<\/strong>, ez a k\u00e9sz\u00fcl\u00e9k p\u00e1ratlan teljes\u00edtm\u00e9nyt \u00e9s k\u00e9nyelmet k\u00edn\u00e1l. A <strong>t\u00f6meges rendel\u00e9s<\/strong> \u00e1rk\u00e9pz\u00e9s, k\u00e9rj\u00fck, l\u00e9pjen kapcsolatba vel\u00fcnk.<\/p>\n<h3><strong>Waspe 20000 Jellemz\u0151k:<\/strong><\/h3>\n<ul>\n<li>Puff: 20,000-ig<\/li>\n<li>E-folyad\u00e9k kapacit\u00e1s: 24ml<\/li>\n<li>Akkumul\u00e1tor: 900mAh (\u00fajrat\u00f6lthet\u0151)<\/li>\n<li>T\u00f6lt\u00e9s: C-t\u00edpus\u00fa<\/li>\n<li>Tekercs: H\u00e1l\u00f3s tekercs: Dual Mesh Coil<\/li>\n<li>Nikotin Er\u0151ss\u00e9gek: 0%, 2%, 3%, 5%<\/li>\n<li>Megjelen\u00edt\u00e9s: LCD (akkumul\u00e1tor \u00e9s puffsz\u00e1m)<\/li>\n<li>12 \u00edzv\u00e1laszt\u00e9k<\/li>\n<\/ul>\n<h4>GYIK<\/h4>\n<h5>Hogyan jav\u00edtja a kett\u0151s h\u00e1l\u00f3s tekercs technol\u00f3gia a p\u00e1rologtat\u00e1si \u00e9lm\u00e9nyt?<\/h5>\n<p>A kett\u0151s h\u00e1l\u00f3s tekercs technol\u00f3gia nagyobb f\u0171t\u0151fel\u00fcletet biztos\u00edt, ami egyenletesebb f\u0171t\u00e9st \u00e9s jobb \u00edztermel\u00e9st eredm\u00e9nyez. Ez biztos\u00edtja az egyenletes \u00e9s gazdag g\u0151zt minden egyes slukkn\u00e1l, pr\u00e9mium min\u0151s\u00e9g\u0171 g\u0151z\u00f6l\u00e9si \u00e9lm\u00e9nyt ny\u00fajtva.<\/p>\n<h5>Milyen sz\u00e1ll\u00edt\u00e1si m\u00f3dok \u00e1llnak rendelkez\u00e9sre?<\/h5>\n<p>Megb\u00edzhat\u00f3 sz\u00e1ll\u00edtm\u00e1nyoz\u00f3kkal, p\u00e9ld\u00e1ul a UPS, a DHL, a FedEx \u00e9s a DPD partnerek\u00e9nt biztos\u00edtjuk megrendel\u00e9seinek hat\u00e9kony k\u00e9zbes\u00edt\u00e9s\u00e9t. A sz\u00e1ll\u00edt\u00e1si m\u00f3dot az \u00d6n tart\u00f3zkod\u00e1si helye alapj\u00e1n v\u00e1lasztjuk ki az optim\u00e1lis sz\u00e1ll\u00edt\u00e1si sebess\u00e9g \u00e9s megb\u00edzhat\u00f3s\u00e1g biztos\u00edt\u00e1sa \u00e9rdek\u00e9ben.<\/p>\n<h5>Mennyi ideig tart \u00e1ltal\u00e1ban a sz\u00e1ll\u00edt\u00e1s?<\/h5>\n<p>A sz\u00e1ll\u00edt\u00e1s \u00e1ltal\u00e1ban 7-15 munkanapot vesz ig\u00e9nybe. F\u0151szezonban vagy kedvez\u0151tlen id\u0151j\u00e1r\u00e1si k\u00f6r\u00fclm\u00e9nyek k\u00f6z\u00f6tt ez ak\u00e1r 20 munkanapot is ig\u00e9nybe vehet.<\/p>\n<h5>Lesznek-e v\u00e1mprobl\u00e9m\u00e1im vagy tov\u00e1bbi d\u00edjak?<\/h5>\n<p>Mi kezelj\u00fck az \u00f6sszes v\u00e1mkezel\u00e9si elj\u00e1r\u00e1st, biztos\u00edtva, hogy k\u00fcldem\u00e9nye gond n\u00e9lk\u00fcl \u00e1tmenjen. \u00d6nnek nem kell tov\u00e1bbi ad\u00f3kat vagy d\u00edjakat fizetnie. Garant\u00e1ljuk az 100% v\u00e1mkezel\u00e9s\u00e9t.<\/p>\n<h5>Hogyan gy\u0151z\u0151dhetek meg a term\u00e9k min\u0151s\u00e9g\u00e9r\u0151l \u00e9s megb\u00edzhat\u00f3s\u00e1g\u00e1r\u00f3l?<\/h5>\n<p>Elfogadjuk a biztons\u00e1gos PayPal fizet\u00e9seket a v\u00e1s\u00e1rl\u00f3 v\u00e9delm\u00e9vel. V\u00e1s\u00e1rl\u00f3i v\u00e9lem\u00e9nyeket is olvashat a <a href=\"https:\/\/www.trustpilot.com\/review\/volovape.com?utm_medium=trustbox&amp;utm_source=TrustBoxReviewCollector\">TrustPilot<\/a>, ahol sz\u00e1mos \u00fcgyf\u00e9l osztotta meg pozit\u00edv tapasztalatait term\u00e9keinkkel \u00e9s szolg\u00e1ltat\u00e1sainkkal kapcsolatban.<\/p>","protected":false},"excerpt":{"rendered":"<p>\u00c9lvezze a kiv\u00e1l\u00f3 g\u0151z\u00f6l\u00e9st a Waspe 20000 Puffs Dual Mesh Box-szal. Kett\u0151s h\u00e1l\u00f3s tekercsek, LCD kijelz\u0151, 24ml, 900mAh \u00fajrat\u00f6lthet\u0151. T\u00f6k\u00e9letes szem\u00e9lyes vagy nagykereskedelmi haszn\u00e1latra, kiv\u00e9teles \u00edzt biztos\u00edt.<\/p>","protected":false},"featured_media":169,"comment_status":"open","ping_status":"closed","template":"","meta":[],"product_brand":[],"product_cat":[17,42,21,43,18,39,20,23,24,22,25,26,27,28,29,30,31,32,33,34,35,44,36,40],"product_tag":[],"class_list":{"0":"post-75","1":"product","2":"type-product","3":"status-publish","4":"has-post-thumbnail","6":"product_cat-waspe","7":"product_cat-20000-puffs-disposable-vape","8":"product_cat-big-puffs-vapes","9":"product_cat-crystal-vapes","10":"product_cat-different-puffs-of-disposable-vapes","11":"product_cat-digital-box-vapes","12":"product_cat-disposable-vape-types","13":"product_cat-disposable-vapes-in-austria","14":"product_cat-disposable-vapes-in-belgium","15":"product_cat-disposable-vapes-in-europe","16":"product_cat-disposable-vapes-in-france","17":"product_cat-disposable-vapes-in-germany","18":"product_cat-disposable-vapes-in-hungary","19":"product_cat-disposable-vapes-in-ltaly","20":"product_cat-disposable-vapes-in-netherlands","21":"product_cat-disposable-vapes-in-norway","22":"product_cat-disposable-vapes-in-poland","23":"product_cat-disposable-vapes-in-portugal","24":"product_cat-disposable-vapes-in-spain","25":"product_cat-disposable-vapes-in-sweden","26":"product_cat-disposable-vapes-in-switzerland","27":"product_cat-dual-mesh-vapes","28":"product_cat-rechargeable-vapes","29":"product_cat-smart-screen-vapes","31":"first","32":"instock","33":"shipping-taxable","34":"purchasable","35":"product-type-variable","36":"has-default-attributes"},"jetpack_sharing_enabled":true,"tiered_pricing_type":"fixed","tiered_pricing_fixed_rules":{"2000":5.589999999999999857891452847979962825775146484375},"tiered_pricing_product_settings":{"layout":"default","base_unit_name":{"singular":null,"plural":null},"default_variation":null},"tiered_pricing_minimum_quantity":1000,"tiered_pricing_roles_data":[],"tiered_pricing_percentage_rules":[],"tiered_pricing_maximum_quantity":null,"tiered_pricing_quantity_step":"10","_links":{"self":[{"href":"https:\/\/volovape.com\/hu\/wp-json\/wp\/v2\/product\/75","targetHints":{"allow":["GET"]}}],"collection":[{"href":"https:\/\/volovape.com\/hu\/wp-json\/wp\/v2\/product"}],"about":[{"href":"https:\/\/volovape.com\/hu\/wp-json\/wp\/v2\/types\/product"}],"replies":[{"embeddable":true,"href":"https:\/\/volovape.com\/hu\/wp-json\/wp\/v2\/comments?post=75"}],"wp:featuredmedia":[{"embeddable":true,"href":"https:\/\/volovape.com\/hu\/wp-json\/wp\/v2\/media\/169"}],"wp:attachment":[{"href":"https:\/\/volovape.com\/hu\/wp-json\/wp\/v2\/media?parent=75"}],"wp:term":[{"taxonomy":"product_brand","embeddable":true,"href":"https:\/\/volovape.com\/hu\/wp-json\/wp\/v2\/product_brand?post=75"},{"taxonomy":"product_cat","embeddable":true,"href":"https:\/\/volovape.com\/hu\/wp-json\/wp\/v2\/product_cat?post=75"},{"taxonomy":"product_tag","embeddable":true,"href":"https:\/\/volovape.com\/hu\/wp-json\/wp\/v2\/product_tag?post=75"}],"curies":[{"name":"wp","href":"https:\/\/api.w.org\/{rel}","templated":true}]}}