{"id":749,"date":"2024-11-21T03:32:38","date_gmt":"2024-11-21T03:32:38","guid":{"rendered":"https:\/\/volovape.com\/?post_type=product&#038;p=749"},"modified":"2025-06-19T03:45:11","modified_gmt":"2025-06-19T03:45:11","slug":"fumot-randm-kristaly-12000-fujas","status":"publish","type":"product","link":"https:\/\/volovape.com\/hu\/product\/fumot-randm-crystal-12000-puffs\/","title":{"rendered":"FUMOT RandM Crystal 12000 Puffs Eldobhat\u00f3 Vape - Mesh Coil, \u00fajrat\u00f6lthet\u0151"},"content":{"rendered":"<p><iframe title=\"VideoPress Video Player\" aria-label='VideoPress Video Player' width='500' height='281' src='https:\/\/videopress.com\/embed\/yQX23W0R?hd=0&amp;cover=1' frameborder='0' allowfullscreen allow='clipboard-write'><\/iframe><script src='https:\/\/v0.wordpress.com\/js\/next\/videopress-iframe.js?m=1739540970'><\/script><\/p>\n<p><strong>FUMOT RandM Crystal 12000 Puffs Eldobhat\u00f3 Vape<\/strong> - Tapasztalja meg a kiterjesztett vapingol\u00e1st st\u00edlussal \u00e9s teljes\u00edtm\u00e9nnyel.<\/p>\n<p>A <strong>FUMOT RandM Crystal 12000 Puffok<\/strong> eldobhat\u00f3 vape k\u00edn\u00e1l leny\u0171g\u00f6z\u0151 <strong>12,000 puff<\/strong>, amely egy jelent\u0151s <strong>20ml e-liquid kapacit\u00e1s<\/strong> \u00e9s egy er\u0151teljes <strong>650mAh \u00fajrat\u00f6lthet\u0151 akkumul\u00e1tor<\/strong>. A st\u00edlusra \u00e9s k\u00e9nyelemre tervezett k\u00e9sz\u00fcl\u00e9k hossz\u00fa t\u00e1v\u00fa \u00e9lvezetet biztos\u00edt a fejlett <strong>h\u00e1l\u00f3s tekercs technol\u00f3gia<\/strong> az egyenletesen sima \u00e9s \u00edzletes g\u0151z\u00e9rt. V\u00e1lassza ki a k\u00edv\u00e1nt nikotin er\u0151ss\u00e9get a k\u00f6vetkez\u0151k k\u00f6z\u00fcl <strong>0%, 2%, 3% vagy 5%<\/strong>, \u00e9s \u00e9lvezze az eleg\u00e1ns krist\u00e1ly designt. T\u00f6k\u00e9letes szem\u00e9lyes haszn\u00e1latra \u00e9s <strong>eldobhat\u00f3 vape nagykereskedelem<\/strong>, ez a k\u00e9sz\u00fcl\u00e9k kiv\u00e9teles \u00e9rt\u00e9ket ny\u00fajt. <strong>T\u00f6meges rendel\u00e9s<\/strong> opci\u00f3k is rendelkez\u00e9sre \u00e1llnak.<\/p>\n<h3><strong>FUMOT RandM Crystal 12000 Puffs Jellemz\u0151k:<\/strong><\/h3>\n<ul>\n<li>Puff: Ak\u00e1r 12,000<\/li>\n<li>E-folyad\u00e9k kapacit\u00e1s: 20ml<\/li>\n<li>Akkumul\u00e1tor: 650mAh (\u00fajrat\u00f6lthet\u0151)<\/li>\n<li>T\u00f6lt\u00e9s: C-t\u00edpus\u00fa<\/li>\n<li>Tekercs: Mesh Coil<\/li>\n<li>Nikotin Er\u0151ss\u00e9gek: 0%, 2%, 3%, 5%<\/li>\n<li>Kaphat\u00f3 \u00edzek: Aloe Grape, Blue Razz Ice, Rainbow Candy, Peachy Mango Watermelon, Cool Mint, Strawberry Kiwi, Lush Ice.<\/li>\n<\/ul>\n<h4>GYIK<\/h4>\n<h5>Hogyan jav\u00edtja a h\u00e1l\u00f3s tekercs a g\u0151z\u00f6l\u00e9si \u00e9lm\u00e9nyt?<\/h5>\n<p>A FUMOT RandM Crystal 12000 h\u00e1l\u00f3s tekercs nagyobb f\u0171t\u0151fel\u00fcletet biztos\u00edt, ami egyenletesebb f\u0171t\u00e9st \u00e9s kiv\u00e1l\u00f3 \u00edzlead\u00e1st eredm\u00e9nyez. Ez a technol\u00f3gia egyenletesen sima \u00e9s gazdag g\u0151ztermel\u00e9st biztos\u00edt, maximaliz\u00e1lva az \u00e9lvezetet minden egyes slukkn\u00e1l.<\/p>\n<h5>Milyen sz\u00e1ll\u00edt\u00e1si m\u00f3dokat haszn\u00e1lnak?<\/h5>\n<p>Olyan megb\u00edzhat\u00f3 sz\u00e1ll\u00edtm\u00e1nyoz\u00f3kkal dolgozunk egy\u00fctt, mint a UPS, a DHL, a FedEx \u00e9s a DPD. Az \u00d6n sz\u00e1ll\u00edt\u00e1si helye alapj\u00e1n v\u00e1lasztjuk ki a leghat\u00e9konyabb sz\u00e1ll\u00edt\u00e1si lehet\u0151s\u00e9get, hogy a megrendel\u00e9se azonnal meg\u00e9rkezzen.<\/p>\n<h5>Mennyi id\u0151 alatt \u00e9rkezik meg a rendel\u00e9sem?<\/h5>\n<p>A sz\u00e1ll\u00edt\u00e1s \u00e1ltal\u00e1ban 7-15 munkanapot vesz ig\u00e9nybe. \u00dcnnepnapokon vagy kedvez\u0151tlen id\u0151j\u00e1r\u00e1si k\u00f6r\u00fclm\u00e9nyek k\u00f6z\u00f6tt azonban ak\u00e1r 20 munkanapot is ig\u00e9nybe vehet.<\/p>\n<h5>Lesznek-e v\u00e1m- vagy ad\u00f3z\u00e1si probl\u00e9m\u00e1im?<\/h5>\n<p>Garant\u00e1ljuk, hogy a v\u00e1mkezel\u00e9s probl\u00e9mamentes lesz. Mi kezelj\u00fck az \u00f6sszes v\u00e1melj\u00e1r\u00e1st, \u00edgy biztos\u00edtva, hogy ne kelljen tov\u00e1bbi ad\u00f3kat vagy d\u00edjakat fizetnie. Ki\u00e1llunk az 100% v\u00e1mkezel\u00e9sre vonatkoz\u00f3 \u00edg\u00e9ret\u00fcnk mellett.<\/p>\n<h5>Megb\u00edzhatok a v\u00e1s\u00e1rl\u00e1somban?<\/h5>\n<p>Biztons\u00e1gos fizet\u00e9si lehet\u0151s\u00e9geket k\u00edn\u00e1lunk a PayPal-on kereszt\u00fcl, \u00e9s v\u00e1s\u00e1rl\u00f3i v\u00e9delmet biztos\u00edtunk. Val\u00f3di v\u00e1s\u00e1rl\u00f3i v\u00e9lem\u00e9nyeket is olvashat a TrustPilot oldalunkon: <a href=\"https:\/\/www.trustpilot.com\/review\/volovape.com?utm_medium=trustbox&amp;utm_source=TrustBoxReviewCollector\">TrustPilot<\/a>.<\/p>","protected":false},"excerpt":{"rendered":"<p>V\u00e1s\u00e1rolja meg a FUMOT RandM Crystal 12000 Puffs eldobhat\u00f3 Vape \u00f6mlesztve. A 20 ml e-folyad\u00e9kkal, h\u00e1l\u00f3s tekerccsel \u00e9s krist\u00e1lyos kialak\u00edt\u00e1ssal ell\u00e1tott, st\u00edlusos nagykereskedelmi vape opci\u00f3 kiskeresked\u0151k \u00e9s forgalmaz\u00f3k sz\u00e1m\u00e1ra.<\/p>","protected":false},"featured_media":1152,"comment_status":"open","ping_status":"closed","template":"","meta":[],"product_brand":[],"product_cat":[52,38,21,43,18,39,20,23,24,22,25,26,27,28,29,30,31,32,33,34,35,36,40],"product_tag":[],"class_list":{"0":"post-749","1":"product","2":"type-product","3":"status-publish","4":"has-post-thumbnail","6":"product_cat-randm","7":"product_cat-12000-puffs-disposable-vape","8":"product_cat-big-puffs-vapes","9":"product_cat-crystal-vapes","10":"product_cat-different-puffs-of-disposable-vapes","11":"product_cat-digital-box-vapes","12":"product_cat-disposable-vape-types","13":"product_cat-disposable-vapes-in-austria","14":"product_cat-disposable-vapes-in-belgium","15":"product_cat-disposable-vapes-in-europe","16":"product_cat-disposable-vapes-in-france","17":"product_cat-disposable-vapes-in-germany","18":"product_cat-disposable-vapes-in-hungary","19":"product_cat-disposable-vapes-in-ltaly","20":"product_cat-disposable-vapes-in-netherlands","21":"product_cat-disposable-vapes-in-norway","22":"product_cat-disposable-vapes-in-poland","23":"product_cat-disposable-vapes-in-portugal","24":"product_cat-disposable-vapes-in-spain","25":"product_cat-disposable-vapes-in-sweden","26":"product_cat-disposable-vapes-in-switzerland","27":"product_cat-rechargeable-vapes","28":"product_cat-smart-screen-vapes","30":"first","31":"instock","32":"shipping-taxable","33":"purchasable","34":"product-type-variable","35":"has-default-attributes"},"jetpack_sharing_enabled":true,"tiered_pricing_type":"fixed","tiered_pricing_fixed_rules":{"2000":6.20000000000000017763568394002504646778106689453125},"tiered_pricing_product_settings":{"layout":"default","base_unit_name":{"singular":null,"plural":null},"default_variation":null},"tiered_pricing_minimum_quantity":1000,"tiered_pricing_roles_data":[],"tiered_pricing_percentage_rules":[],"tiered_pricing_maximum_quantity":null,"tiered_pricing_quantity_step":"10","_links":{"self":[{"href":"https:\/\/volovape.com\/hu\/wp-json\/wp\/v2\/product\/749","targetHints":{"allow":["GET"]}}],"collection":[{"href":"https:\/\/volovape.com\/hu\/wp-json\/wp\/v2\/product"}],"about":[{"href":"https:\/\/volovape.com\/hu\/wp-json\/wp\/v2\/types\/product"}],"replies":[{"embeddable":true,"href":"https:\/\/volovape.com\/hu\/wp-json\/wp\/v2\/comments?post=749"}],"wp:featuredmedia":[{"embeddable":true,"href":"https:\/\/volovape.com\/hu\/wp-json\/wp\/v2\/media\/1152"}],"wp:attachment":[{"href":"https:\/\/volovape.com\/hu\/wp-json\/wp\/v2\/media?parent=749"}],"wp:term":[{"taxonomy":"product_brand","embeddable":true,"href":"https:\/\/volovape.com\/hu\/wp-json\/wp\/v2\/product_brand?post=749"},{"taxonomy":"product_cat","embeddable":true,"href":"https:\/\/volovape.com\/hu\/wp-json\/wp\/v2\/product_cat?post=749"},{"taxonomy":"product_tag","embeddable":true,"href":"https:\/\/volovape.com\/hu\/wp-json\/wp\/v2\/product_tag?post=749"}],"curies":[{"name":"wp","href":"https:\/\/api.w.org\/{rel}","templated":true}]}}