{"id":747,"date":"2024-11-21T03:32:38","date_gmt":"2024-11-21T03:32:38","guid":{"rendered":"https:\/\/volovape.com\/?post_type=product&#038;p=747"},"modified":"2025-09-08T03:35:35","modified_gmt":"2025-09-08T03:35:35","slug":"randm-tornado-9000-fujas","status":"publish","type":"product","link":"https:\/\/volovape.com\/hu\/product\/randm-tornado-9000-puffs\/","title":{"rendered":"RandM Tornado 9000 Puffs Eldobhat\u00f3 Vape RGB f\u00e9nnyel - \u00fajrat\u00f6lthet\u0151 (0-5% nikotin)"},"content":{"rendered":"<p><strong>RandM Tornado 9000 Puffs RGB vil\u00e1g\u00edt\u00e1s \u00fajrat\u00f6lthet\u0151 eldobhat\u00f3 Vape<\/strong> - Emelje fel a p\u00e1rologtat\u00e1s \u00e9lm\u00e9ny\u00e9t a RandM Tornado 9000 k\u00e9sz\u00fcl\u00e9kkel, amely vibr\u00e1l\u00f3 RGB vil\u00e1g\u00edt\u00e1ssal \u00e9s nagy kapacit\u00e1s\u00fa teljes\u00edtm\u00e9nnyel rendelkezik. Ez az \u00fajrat\u00f6lthet\u0151 eldobhat\u00f3 vape ak\u00e1r 9000 slukkot is biztos\u00edt, 18 ml-es e-folyad\u00e9ktart\u00e1llyal \u00e9s 850 mAh-s akkumul\u00e1torral. A h\u00e1l\u00f3s tekercs technol\u00f3gia egyenletesen sima \u00e9s \u00edzletes g\u0151zt biztos\u00edt, amely ide\u00e1lis szem\u00e9lyes haszn\u00e1latra \u00e9s eldobhat\u00f3 vape nagykereskedelmi t\u00f6megrendel\u00e9sekhez. V\u00e1lasszon a 0%, 2%, 3% vagy 5% nikotin er\u0151ss\u00e9g\u0171 \u00e9s t\u00f6bb mint 40 finom \u00edzb\u0151l \u00e1ll\u00f3 hatalmas v\u00e1laszt\u00e9kb\u00f3l.<\/p>\n<h3><strong>RandM Tornado 9000 Puffs Jellemz\u0151k:<\/strong><\/h3>\n<ul>\n<li>Puffok: 9000 puff<\/li>\n<li>E-folyad\u00e9k kapacit\u00e1s: 18mL<\/li>\n<li>Akkumul\u00e1tor: 850mAh (\u00fajrat\u00f6lthet\u0151)<\/li>\n<li>T\u00f6lt\u00e9s: C-t\u00edpus\u00fa<\/li>\n<li>Tekercs: Mesh Coil<\/li>\n<li>Nikotin Er\u0151ss\u00e9gek: 0%, 2%, 3%, 5%<\/li>\n<li>Vil\u00e1g\u00edt\u00e1s: RGB<\/li>\n<li>\u00cdzv\u00e1laszt\u00e9k: Lush Ice, Blue Razz Ice, Strawberry Watermelon, Pina Colada, Sour Apple, Cotton Pear, Skittles Candy, Cool Mint \u00e9s m\u00e9g sok m\u00e1s.<\/li>\n<\/ul>\n<h4>GYIK<\/h4>\n<h5>Hogyan jav\u00edtja az RGB vil\u00e1g\u00edt\u00e1s a p\u00e1rologtat\u00e1s \u00e9lm\u00e9ny\u00e9t?<\/h5>\n<p>A testreszabhat\u00f3 RGB-vil\u00e1g\u00edt\u00e1s st\u00edlusos \u00e9s dinamikus vizu\u00e1lis elemet ad a p\u00e1rologtat\u00e1si \u00e9lm\u00e9nyhez. Lehet\u0151v\u00e9 teszi, hogy szem\u00e9lyre szabja k\u00e9sz\u00fcl\u00e9k\u00e9t, \u00e9s \u00e9lvezze az egyedi eszt\u00e9tik\u00e1t, mik\u00f6zben vapeol.<\/p>\n<h5>Milyen sz\u00e1ll\u00edt\u00e1si m\u00f3dok \u00e1llnak rendelkez\u00e9sre?<\/h5>\n<p>A hat\u00e9kony \u00e9s megb\u00edzhat\u00f3 sz\u00e1ll\u00edt\u00e1s \u00e9rdek\u00e9ben megb\u00edzhat\u00f3 sz\u00e1ll\u00edtm\u00e1nyoz\u00f3kkal, t\u00f6bbek k\u00f6z\u00f6tt a UPS, a DHL, a FedEx \u00e9s a DPD v\u00e1llalatokkal m\u0171k\u00f6d\u00fcnk egy\u00fctt. A legmegfelel\u0151bb sz\u00e1ll\u00edt\u00e1si m\u00f3dot az \u00d6n sz\u00e1ll\u00edt\u00e1si helye alapj\u00e1n v\u00e1lasztjuk ki.<\/p>\n<h5>Mennyi ideig tart \u00e1ltal\u00e1ban a sz\u00e1ll\u00edt\u00e1s?<\/h5>\n<p>A sz\u00e1ll\u00edt\u00e1s \u00e1ltal\u00e1ban 7-15 munkanapot vesz ig\u00e9nybe, b\u00e1r a sz\u00e1ll\u00edt\u00e1si id\u0151 \u00fcnnepnapokon vagy kedvez\u0151tlen id\u0151j\u00e1r\u00e1si k\u00f6r\u00fclm\u00e9nyek k\u00f6z\u00f6tt ak\u00e1r 20 munkanapra is meghosszabbodhat.<\/p>\n<h5>Felmer\u00fclnek-e v\u00e1mok vagy ad\u00f3k?<\/h5>\n<p>Minden v\u00e1mkezel\u00e9st mi v\u00e9gz\u00fcnk, garant\u00e1lva, hogy \u00d6nnek nem kell tov\u00e1bbi ad\u00f3kat vagy d\u00edjakat fizetnie. 100% term\u00e9keinket gond n\u00e9lk\u00fcl v\u00e1mkezelik.<\/p>\n<h5>Biztons\u00e1gos \u00e9s megb\u00edzhat\u00f3 a v\u00e1s\u00e1rl\u00e1som?<\/h5>\n<p>Biztons\u00e1gos tranzakci\u00f3kat k\u00edn\u00e1lunk a PayPal v\u00e1s\u00e1rl\u00f3i v\u00e9delm\u00e9n kereszt\u00fcl. Megb\u00edzhat\u00f3s\u00e1gunkat a v\u00e1s\u00e1rl\u00f3i v\u00e9lem\u00e9nyek ellen\u0151rz\u00e9s\u00e9vel is ellen\u0151rizheti az al\u00e1bbi oldalakon. <a href=\"https:\/\/www.trustpilot.com\/review\/volovape.com?utm_medium=trustbox&amp;utm_source=TrustBoxReviewCollector\">TrustPilot<\/a>.<\/p>","protected":false},"excerpt":{"rendered":"<p>Rendelje meg a RandM Tornado 9000 Puffs \u00fajrat\u00f6lthet\u0151 eldobhat\u00f3 vape-t \u00f6mlesztve. RGB vil\u00e1g\u00edt\u00e1ssal, h\u00e1l\u00f3s tekerccsel \u00e9s 18 ml e-folyad\u00e9kkal rendelkezik, \u00edgy nagyszer\u0171 nagykereskedelmi lehet\u0151s\u00e9g a vape forgalmaz\u00f3k \u00e9s kiskeresked\u0151k sz\u00e1m\u00e1ra.<\/p>","protected":false},"featured_media":1122,"comment_status":"open","ping_status":"closed","template":"","meta":[],"product_brand":[],"product_cat":[52,48,21,18,20,23,24,22,25,26,27,28,29,30,31,32,33,34,35],"product_tag":[],"class_list":{"0":"post-747","1":"product","2":"type-product","3":"status-publish","4":"has-post-thumbnail","6":"product_cat-randm","7":"product_cat-9000-puffs-disposable-vape","8":"product_cat-big-puffs-vapes","9":"product_cat-different-puffs-of-disposable-vapes","10":"product_cat-disposable-vape-types","11":"product_cat-disposable-vapes-in-austria","12":"product_cat-disposable-vapes-in-belgium","13":"product_cat-disposable-vapes-in-europe","14":"product_cat-disposable-vapes-in-france","15":"product_cat-disposable-vapes-in-germany","16":"product_cat-disposable-vapes-in-hungary","17":"product_cat-disposable-vapes-in-ltaly","18":"product_cat-disposable-vapes-in-netherlands","19":"product_cat-disposable-vapes-in-norway","20":"product_cat-disposable-vapes-in-poland","21":"product_cat-disposable-vapes-in-portugal","22":"product_cat-disposable-vapes-in-spain","23":"product_cat-disposable-vapes-in-sweden","24":"product_cat-disposable-vapes-in-switzerland","26":"first","27":"instock","28":"shipping-taxable","29":"purchasable","30":"product-type-variable","31":"has-default-attributes"},"jetpack_sharing_enabled":true,"tiered_pricing_type":"fixed","tiered_pricing_fixed_rules":{"2000":7.0999999999999996447286321199499070644378662109375},"tiered_pricing_product_settings":{"layout":"default","base_unit_name":{"singular":null,"plural":null},"default_variation":null},"tiered_pricing_minimum_quantity":1000,"tiered_pricing_roles_data":[],"tiered_pricing_percentage_rules":[],"tiered_pricing_maximum_quantity":null,"tiered_pricing_quantity_step":"10","_links":{"self":[{"href":"https:\/\/volovape.com\/hu\/wp-json\/wp\/v2\/product\/747","targetHints":{"allow":["GET"]}}],"collection":[{"href":"https:\/\/volovape.com\/hu\/wp-json\/wp\/v2\/product"}],"about":[{"href":"https:\/\/volovape.com\/hu\/wp-json\/wp\/v2\/types\/product"}],"replies":[{"embeddable":true,"href":"https:\/\/volovape.com\/hu\/wp-json\/wp\/v2\/comments?post=747"}],"wp:featuredmedia":[{"embeddable":true,"href":"https:\/\/volovape.com\/hu\/wp-json\/wp\/v2\/media\/1122"}],"wp:attachment":[{"href":"https:\/\/volovape.com\/hu\/wp-json\/wp\/v2\/media?parent=747"}],"wp:term":[{"taxonomy":"product_brand","embeddable":true,"href":"https:\/\/volovape.com\/hu\/wp-json\/wp\/v2\/product_brand?post=747"},{"taxonomy":"product_cat","embeddable":true,"href":"https:\/\/volovape.com\/hu\/wp-json\/wp\/v2\/product_cat?post=747"},{"taxonomy":"product_tag","embeddable":true,"href":"https:\/\/volovape.com\/hu\/wp-json\/wp\/v2\/product_tag?post=747"}],"curies":[{"name":"wp","href":"https:\/\/api.w.org\/{rel}","templated":true}]}}