{"id":73,"date":"2024-11-21T03:26:50","date_gmt":"2024-11-21T03:26:50","guid":{"rendered":"https:\/\/volovape.com\/?post_type=product&#038;p=73"},"modified":"2025-06-19T07:23:56","modified_gmt":"2025-06-19T07:23:56","slug":"waspe-15000-puffs-digitalis-doboz","status":"publish","type":"product","link":"https:\/\/volovape.com\/hu\/product\/waspe-15000-puffs-digital-box\/","title":{"rendered":"Waspe 15000 Puffs Digit\u00e1lis dobozos eldobhat\u00f3 vape - Mesh Coil, \u00fajrat\u00f6lthet\u0151, LCD"},"content":{"rendered":"<p><iframe title=\"VideoPress Video Player\" aria-label='VideoPress Video Player' width='500' height='281' src='https:\/\/videopress.com\/embed\/IYpVs7iJ?hd=0&amp;cover=1' frameborder='0' allowfullscreen allow='clipboard-write'><\/iframe><script src='https:\/\/v0.wordpress.com\/js\/next\/videopress-iframe.js?m=1739540970'><\/script><\/p>\n<h2>Waspe 15000 Puffs Digital Box: Mesh Coil &amp; LCD kijelz\u0151vel<\/h2>\n<p>A Waspe 15000 Puffs Digital Box eldobhat\u00f3 vape olyan vaperek sz\u00e1m\u00e1ra k\u00e9sz\u00fclt, akik egyszerre keresik a nagy teljes\u00edtm\u00e9nyt \u00e9s az \u00e1ttekinthet\u0151 inform\u00e1ci\u00f3kat. Az ak\u00e1r 15 000 puff, a nagyvonal\u00fa 22 ml-es e-folyad\u00e9k tart\u00e1ly \u00e9s a 650mAh-s \u00fajrat\u00f6lthet\u0151 akkumul\u00e1tor r\u00e9v\u00e9n ez a k\u00e9sz\u00fcl\u00e9k kiv\u00e9teles \u00e9rt\u00e9ket \u00e9s k\u00e9nyelmet k\u00edn\u00e1l. A <em>digit\u00e1lis LCD kijelz\u0151<\/em> val\u00f3s idej\u0171 fel\u00fcgyeletet biztos\u00edt az akkumul\u00e1tor \u00e9lettartam\u00e1r\u00f3l \u00e9s az e-folyad\u00e9k szintj\u00e9r\u0151l, m\u00edg a <em>0,8\u03a9-os h\u00e1l\u00f3s tekercs<\/em>\u00a0k\u00f6vetkezetesen sima, gazdag \u00e9s \u00edzgazdag g\u0151ztermel\u00e9st biztos\u00edt.<\/p>\n<h3>F\u0151bb jellemz\u0151k \u00e9s el\u0151ny\u00f6k<\/h3>\n<ul>\n<li><strong>Kiv\u00e9teles puffsz\u00e1m:<\/strong> \u00c9lvezze az ak\u00e1r 15 000 slukkot a hihetetlen\u00fcl hosszan tart\u00f3 p\u00e1rologtat\u00e1si \u00e9lm\u00e9ny\u00e9rt.<\/li>\n<li><strong>Nagy E-folyad\u00e9k kapacit\u00e1s:<\/strong> A 22 ml-es el\u0151re t\u00f6lt\u00f6tt tart\u00e1ly minimaliz\u00e1lja az ut\u00e1nt\u00f6lt\u00e9s sz\u00fcks\u00e9gess\u00e9g\u00e9t.<\/li>\n<li><strong>\u00dajrat\u00f6lthet\u0151 akkumul\u00e1tor:<\/strong> A 650mAh kapacit\u00e1s\u00fa akkumul\u00e1tor C-t\u00edpus\u00fa t\u00f6lt\u00e9ssel megb\u00edzhat\u00f3 energi\u00e1t \u00e9s gyors felt\u00f6lt\u00e9st biztos\u00edt.<\/li>\n<li><strong>Digit\u00e1lis LCD kijelz\u0151:<\/strong> K\u00f6nnyen ellen\u0151rizheti az akkumul\u00e1tor \u00e9s az e-folyad\u00e9k szintj\u00e9t egy pillant\u00e1ssal.<\/li>\n<li><strong>Sima \u00e9s \u00edzletes g\u0151z:<\/strong> A 0,8\u03a9-os h\u00e1l\u00f3s tekercs egyenletesen kiel\u00e9g\u00edt\u0151 sz\u00edv\u00e1st biztos\u00edt.<\/li>\n<li><strong>Nikotin er\u0151ss\u00e9gi lehet\u0151s\u00e9gek:<\/strong> V\u00e1lasszon a 0%, 2%, 3% vagy 5% nikotin k\u00f6z\u00fcl, hogy megfeleljen az \u00d6n preferenci\u00e1inak.<\/li>\n<li><strong>Hordozhat\u00f3 \u00e9s k\u00e9nyelmes:<\/strong> A dobozb\u00f3l kiv\u00e9ve azonnal haszn\u00e1lhat\u00f3, karbantart\u00e1s n\u00e9lk\u00fcl. Kompakt \u00e9s k\u00f6nnyen sz\u00e1ll\u00edthat\u00f3.<\/li>\n<\/ul>\n<h3 id=\"flavor-selection\">Kaphat\u00f3 \u00edzek (10 lehet\u0151s\u00e9g!)<\/h3>\n<p>Fedezze fel a finom \u00edzek v\u00e1laszt\u00e9k\u00e1t, hogy fokozza a p\u00e1rologtat\u00e1s \u00e9lm\u00e9ny\u00e9t:<\/p>\n<ul>\n<li><strong>G\u00f6r\u00f6gdinnye j\u00e9g:<\/strong> Tiszta g\u00f6r\u00f6gdinnye \u00edz\u0171, h\u0171v\u00f6s, jeges kil\u00e9gz\u00e9ssel.<\/li>\n<li><strong>\u00c1fony\u00e1s j\u00e9g:<\/strong> \u00c9des \u00e1fonya h\u0171s\u00edt\u0151 jeges fuvallattal.<\/li>\n<li><strong>Grape Marshmallow:<\/strong> Az \u00e9des sz\u0151l\u0151 \u00e9s a bolyhos m\u00e1lyvacukor egyed\u00fcl\u00e1ll\u00f3 kever\u00e9ke.<\/li>\n<li><strong>Eper m\u00e1lna cseresznye:<\/strong> Az \u00e9des \u00e9s fanyar bogy\u00f3s gy\u00fcm\u00f6lcs\u00f6k h\u00e1rmasa.<\/li>\n<li><strong>Vegyes bogy\u00f3s gy\u00fcm\u00f6lcs\u00f6k:<\/strong> \u00c9des \u00e9s fanyar bogy\u00f3s gy\u00fcm\u00f6lcs\u00f6k \u00edz\u00e9nek kever\u00e9ke.<\/li>\n<li><strong>Epres g\u00f6r\u00f6gdinnye:<\/strong> Az \u00e9des eper \u00e9s a l\u00e9d\u00fas g\u00f6r\u00f6gdinnye klasszikus kombin\u00e1ci\u00f3ja.<\/li>\n<li><strong>Eper-kiwi:<\/strong> \u00c9des eper \u00e9s fanyar kivi kombin\u00e1lva.<\/li>\n<li><strong>Mang\u00f3 Barack Anan\u00e1sz:<\/strong> Mang\u00f3, \u0151szibarack \u00e9s anan\u00e1sz tr\u00f3pusi kever\u00e9ke.<\/li>\n<li><strong>M\u00e1lna gr\u00e1n\u00e1talma juice:<\/strong> A fanyar m\u00e1lna \u00e9s az \u00e9des gr\u00e1n\u00e1talma kever\u00e9ke.<\/li>\n<li><strong>Z\u00f6ld alma g\u00f6r\u00f6gdinnye j\u00e9g:<\/strong> Ropog\u00f3s z\u00f6ld alma \u00e9s friss\u00edt\u0151 g\u00f6r\u00f6gdinnye, h\u0171v\u00f6s mentolos \u00e9rz\u00e9ssel befejezve.<\/li>\n<\/ul>\n<h3>M\u0171szaki adatok<\/h3>\n<ul>\n<li><strong>Puff:<\/strong> 15,000-ig<\/li>\n<li><strong>E-folyad\u00e9k kapacit\u00e1s:<\/strong> 22 ml<\/li>\n<li><strong>Akkumul\u00e1tor:<\/strong> 650mAh (\u00fajrat\u00f6lthet\u0151)<\/li>\n<li><strong>T\u00f6lt\u00e9s:<\/strong> C-t\u00edpus\u00fa<\/li>\n<li><strong>Tekercs:<\/strong> 0,8\u03a9 h\u00e1l\u00f3s tekercs<\/li>\n<li><strong>Megjelen\u00edt\u00e9s:<\/strong> Digit\u00e1lis LCD (akkumul\u00e1tor \u00e9s E-folyad\u00e9k szintek)<\/li>\n<li><strong>Nikotin er\u0151ss\u00e9gei:<\/strong> 0%, 2%, 3%, 5%<\/li>\n<\/ul>\n<h3>Nagykereskedelmi inform\u00e1ci\u00f3k<\/h3>\n<p>A Waspe 15000 digit\u00e1lis doboz nagybani nagybani v\u00e1s\u00e1rl\u00e1sra kaphat\u00f3. \u00dcdv\u00f6z\u00f6lj\u00fck a <a href=\"#addtocartnow\">rendel\u00e9s lead\u00e1sa<\/a> ezen az oldalon, vagy l\u00e9pjen kapcsolatba vel\u00fcnk tov\u00e1bbi r\u00e9szletek\u00e9rt \u00e9s nagykereskedelmi \u00e1rak\u00e9rt.<\/p>\n<p><img data-recalc-dims=\"1\" loading=\"lazy\" decoding=\"async\" class=\"alignnone size-full wp-image-6647\" title=\"Waspe 15000 Puffs digit\u00e1lis doboz \u2013 0% 2% 3% 5% \u00fajrat\u00f6lthet\u0151 t\u00f6meges v\u00e1s\u00e1rl\u00e1s Nagykereskedelmi eldobhat\u00f3 vape VOLO VAPE\" src=\"https:\/\/i0.wp.com\/aiviouvapes.com\/wp-content\/uploads\/2024\/08\/%E6%B5%B7%E6%8A%A54-1.jpg?resize=1646%2C1920&#038;ssl=1\" alt=\"Waspe 15000 Puffs digit\u00e1lis doboz \u2013 0% 2% 3% 5% \u00fajrat\u00f6lthet\u0151 t\u00f6meges v\u00e1s\u00e1rl\u00e1s Nagykereskedelmi eldobhat\u00f3 vape VOLO VAPE\" width=\"1646\" height=\"1920\" \/><\/p>","protected":false},"excerpt":{"rendered":"<p>\u00c9lvezze az intelligens, hosszan tart\u00f3 p\u00e1rologtat\u00e1st a Waspe 15000 Puffs Digital Box-szal. LCD kijelz\u0151, 0,8\u03a9-os h\u00e1l\u00f3, 22ml, \u00fajrat\u00f6lthet\u0151. T\u00f6k\u00e9letes szem\u00e9lyi vagy nagykereskedelmi haszn\u00e1latra, sima \u00edzt \u00e9s v\u00e1ltozatos nikotinopci\u00f3kat biztos\u00edt.<\/p>","protected":false},"featured_media":143,"comment_status":"open","ping_status":"closed","template":"","meta":[],"product_brand":[],"product_cat":[17,41,21,18,39,20,23,24,22,25,26,27,28,29,30,31,32,33,34,35,36,40],"product_tag":[],"class_list":{"0":"post-73","1":"product","2":"type-product","3":"status-publish","4":"has-post-thumbnail","6":"product_cat-waspe","7":"product_cat-15000-puffs-disposable-vape","8":"product_cat-big-puffs-vapes","9":"product_cat-different-puffs-of-disposable-vapes","10":"product_cat-digital-box-vapes","11":"product_cat-disposable-vape-types","12":"product_cat-disposable-vapes-in-austria","13":"product_cat-disposable-vapes-in-belgium","14":"product_cat-disposable-vapes-in-europe","15":"product_cat-disposable-vapes-in-france","16":"product_cat-disposable-vapes-in-germany","17":"product_cat-disposable-vapes-in-hungary","18":"product_cat-disposable-vapes-in-ltaly","19":"product_cat-disposable-vapes-in-netherlands","20":"product_cat-disposable-vapes-in-norway","21":"product_cat-disposable-vapes-in-poland","22":"product_cat-disposable-vapes-in-portugal","23":"product_cat-disposable-vapes-in-spain","24":"product_cat-disposable-vapes-in-sweden","25":"product_cat-disposable-vapes-in-switzerland","26":"product_cat-rechargeable-vapes","27":"product_cat-smart-screen-vapes","29":"first","30":"instock","31":"shipping-taxable","32":"purchasable","33":"product-type-variable","34":"has-default-attributes"},"jetpack_sharing_enabled":true,"tiered_pricing_type":"fixed","tiered_pricing_fixed_rules":{"2000":4.9000000000000003552713678800500929355621337890625},"tiered_pricing_product_settings":{"layout":"default","base_unit_name":{"singular":null,"plural":null},"default_variation":null},"tiered_pricing_minimum_quantity":1000,"tiered_pricing_roles_data":[],"tiered_pricing_percentage_rules":[],"tiered_pricing_maximum_quantity":null,"tiered_pricing_quantity_step":"1000","_links":{"self":[{"href":"https:\/\/volovape.com\/hu\/wp-json\/wp\/v2\/product\/73","targetHints":{"allow":["GET"]}}],"collection":[{"href":"https:\/\/volovape.com\/hu\/wp-json\/wp\/v2\/product"}],"about":[{"href":"https:\/\/volovape.com\/hu\/wp-json\/wp\/v2\/types\/product"}],"replies":[{"embeddable":true,"href":"https:\/\/volovape.com\/hu\/wp-json\/wp\/v2\/comments?post=73"}],"wp:featuredmedia":[{"embeddable":true,"href":"https:\/\/volovape.com\/hu\/wp-json\/wp\/v2\/media\/143"}],"wp:attachment":[{"href":"https:\/\/volovape.com\/hu\/wp-json\/wp\/v2\/media?parent=73"}],"wp:term":[{"taxonomy":"product_brand","embeddable":true,"href":"https:\/\/volovape.com\/hu\/wp-json\/wp\/v2\/product_brand?post=73"},{"taxonomy":"product_cat","embeddable":true,"href":"https:\/\/volovape.com\/hu\/wp-json\/wp\/v2\/product_cat?post=73"},{"taxonomy":"product_tag","embeddable":true,"href":"https:\/\/volovape.com\/hu\/wp-json\/wp\/v2\/product_tag?post=73"}],"curies":[{"name":"wp","href":"https:\/\/api.w.org\/{rel}","templated":true}]}}