{"id":71,"date":"2024-11-21T03:26:50","date_gmt":"2024-11-21T03:26:50","guid":{"rendered":"https:\/\/volovape.com\/?post_type=product&#038;p=71"},"modified":"2025-09-08T03:35:08","modified_gmt":"2025-09-08T03:35:08","slug":"waspe-12000-puffs-digitalis-doboz","status":"publish","type":"product","link":"https:\/\/volovape.com\/hu\/product\/waspe-12000-puffs-digital-box\/","title":{"rendered":"WASPE 12000 Puffs Digital Box eldobhat\u00f3 vape - \u00fajrat\u00f6lthet\u0151 hossz\u00fa \u00e9lettartam\u00fa intelligens kijelz\u0151vel"},"content":{"rendered":"<p><iframe title=\"VideoPress Video Player\" aria-label='VideoPress Video Player' width='500' height='281' src='https:\/\/videopress.com\/embed\/XcRvhlS5?hd=0&amp;cover=1' frameborder='0' allowfullscreen allow='clipboard-write'><\/iframe><script src='https:\/\/v0.wordpress.com\/js\/next\/videopress-iframe.js?m=1739540970'><\/script><\/p>\n<p><strong>WASPE 12000 Puffs Digit\u00e1lis dobozos \u00fajrat\u00f6lthet\u0151 eldobhat\u00f3 vape<\/strong> - Nagy kapacit\u00e1s\u00fa vapingol\u00e1s intelligens kijelz\u0151vel.<\/p>\n<p>A <strong>WASPE 12000 Puffs digit\u00e1lis doboz<\/strong> leny\u0171g\u00f6z\u0151 <strong>12,000 puff<\/strong> \u00e9s egy nagylelk\u0171 <strong>20mL e-liquid kapacit\u00e1s<\/strong>, t\u00f6k\u00e9letes a hosszabb vaping session\u00f6kh\u00f6z. A k\u00f6vetkez\u0151kkel rendelkezik <strong>650mAh \u00fajrat\u00f6lthet\u0151 akkumul\u00e1tor<\/strong> -vel <strong>C-t\u00edpus\u00fa t\u00f6lt\u00e9s<\/strong>, ez a k\u00e9sz\u00fcl\u00e9k egyenletes teljes\u00edtm\u00e9nyt \u00e9s gyors felt\u00f6lt\u00e9st biztos\u00edt. A be\u00e9p\u00edtett <strong>LCD kijelz\u0151<\/strong> lehet\u0151v\u00e9 teszi az akkumul\u00e1tor \u00e9lettartam\u00e1nak \u00e9s a puffok sz\u00e1m\u00e1nak egyszer\u0171 nyomon k\u00f6vet\u00e9s\u00e9t. A <strong>0,8\u03a9-os h\u00e1l\u00f3s tekercs<\/strong> sima, \u00edzletes g\u0151zt biztos\u00edt, kaphat\u00f3 a k\u00f6vetkez\u0151kben <strong>0%, 2%, 3%, vagy 5% nikotin er\u0151ss\u00e9g\u0171ek.<\/strong>. V\u00e1lasszon a <strong>10 egyedi \u00edz<\/strong>, a friss\u00edt\u0151 g\u00f6r\u00f6gdinnye j\u00e9gt\u0151l a kifinomult v\u00f6r\u00f6sboros k\u00f6rtel\u00e9ig. Ide\u00e1lis szem\u00e9lyes haszn\u00e1latra vagy <strong>eldobhat\u00f3 vape nagykereskedelem<\/strong>, ez a k\u00e9sz\u00fcl\u00e9k a nagy teljes\u00edtm\u00e9nyt felhaszn\u00e1l\u00f3bar\u00e1t funkci\u00f3kkal \u00f6tv\u00f6zi. A <strong>t\u00f6meges rendel\u00e9s<\/strong> \u00e1rk\u00e9pz\u00e9s, k\u00e9rj\u00fck, l\u00e9pjen kapcsolatba vel\u00fcnk.<\/p>\n<h3><strong>WASPE 12000 Jellemz\u0151k:<\/strong><\/h3>\n<ul>\n<li>Puff: Ak\u00e1r 12,000<\/li>\n<li>E-folyad\u00e9k kapacit\u00e1s: 20ml<\/li>\n<li>Akkumul\u00e1tor: 650mAh (\u00fajrat\u00f6lthet\u0151)<\/li>\n<li>T\u00f6lt\u00e9s: C-t\u00edpus\u00fa<\/li>\n<li>Tekercs: 0.8\u03a9 Mesh tekercs<\/li>\n<li>Nikotin Er\u0151ss\u00e9gek: 0%, 2%, 3%, 5%<\/li>\n<li>Megjelen\u00edt\u00e9s: LCD (akkumul\u00e1tor \u00e9s puffsz\u00e1m)<\/li>\n<li>10 \u00edzv\u00e1laszt\u00e9k<\/li>\n<\/ul>\n<h4>GYIK<\/h4>\n<h5>Hogyan jav\u00edtja az LCD kijelz\u0151 a felhaszn\u00e1l\u00f3i \u00e9lm\u00e9nyt?<\/h5>\n<p>Az LCD kijelz\u0151 val\u00f3s idej\u0171 inform\u00e1ci\u00f3kat ny\u00fajt az akkumul\u00e1tor t\u00f6lt\u00f6tts\u00e9gi szintj\u00e9r\u0151l \u00e9s a puffok sz\u00e1m\u00e1r\u00f3l, \u00edgy hat\u00e9konyabban kezelheti a p\u00e1rol\u00e1si \u00e9lm\u00e9nyt. Pontosan tudni fogja, hogy mikor kell \u00fajrat\u00f6ltenie, \u00e9s h\u00e1ny slukkot sz\u00edvott, ami a k\u00e9nyelem \u00e9s a kontroll egy \u00fajabb r\u00e9teg\u00e9t jelenti.<\/p>\n<h5>Milyen sz\u00e1ll\u00edt\u00e1si m\u00f3dokat haszn\u00e1lnak?<\/h5>\n<p>Olyan vezet\u0151 sz\u00e1ll\u00edtm\u00e1nyoz\u00f3kkal dolgozunk egy\u00fctt, mint a UPS, a DHL, a FedEx \u00e9s a DPD, hogy megrendel\u00e9seit hat\u00e9konyan k\u00e9zbes\u00edts\u00fck. A sz\u00e1ll\u00edt\u00e1si m\u00f3dot az \u00d6n tart\u00f3zkod\u00e1si helye alapj\u00e1n v\u00e1lasztjuk ki az optim\u00e1lis sz\u00e1ll\u00edt\u00e1si sebess\u00e9g \u00e9s megb\u00edzhat\u00f3s\u00e1g \u00e9rdek\u00e9ben.<\/p>\n<h5>Mennyi ideig tart \u00e1ltal\u00e1ban a sz\u00e1ll\u00edt\u00e1s?<\/h5>\n<p>A sz\u00e1ll\u00edt\u00e1s \u00e1ltal\u00e1ban 7-15 munkanapot vesz ig\u00e9nybe. \u00dcnnepnapokon vagy kedvez\u0151tlen id\u0151j\u00e1r\u00e1si k\u00f6r\u00fclm\u00e9nyek k\u00f6z\u00f6tt ak\u00e1r 20 munkanapot is ig\u00e9nybe vehet.<\/p>\n<h5>Vannak agg\u00e1lyai a v\u00e1mmal vagy a tov\u00e1bbi d\u00edjakkal kapcsolatban?<\/h5>\n<p>Mi kezelj\u00fck az \u00f6sszes v\u00e1melj\u00e1r\u00e1st, garant\u00e1lva, hogy k\u00fcldem\u00e9nye minden probl\u00e9ma n\u00e9lk\u00fcl \u00e1tmegy. Nincsenek tov\u00e1bbi ad\u00f3k vagy d\u00edjak. Biztos\u00edtjuk az 100% v\u00e1mkezel\u00e9s\u00e9t.<\/p>\n<h5>Hogyan gy\u0151z\u0151dhetek meg a term\u00e9k min\u0151s\u00e9g\u00e9r\u0151l \u00e9s megb\u00edzhat\u00f3s\u00e1g\u00e1r\u00f3l?<\/h5>\n<p>T\u00e1mogatjuk a biztons\u00e1gos PayPal fizet\u00e9seket a v\u00e1s\u00e1rl\u00f3 v\u00e9delm\u00e9vel. V\u00e1s\u00e1rl\u00f3i visszajelz\u00e9seinket is megtekintheti a <a href=\"https:\/\/www.trustpilot.com\/review\/volovape.com?utm_medium=trustbox&amp;utm_source=TrustBoxReviewCollector\">TrustPilot<\/a>, ahol sz\u00e1mos \u00fcgyf\u00e9l osztotta meg pozit\u00edv tapasztalatait term\u00e9keinkkel \u00e9s szolg\u00e1ltat\u00e1sainkkal kapcsolatban.<\/p>","protected":false},"excerpt":{"rendered":"<p>Tapasztalja meg a tudatos, hosszan tart\u00f3 g\u0151z\u00f6l\u00e9st a WASPE 12000 Puffs Digital Box-szal. LCD kijelz\u0151, 0,8\u03a9-os h\u00e1l\u00f3, 20ml, \u00fajrat\u00f6lthet\u0151. Ide\u00e1lis szem\u00e9lyes \u00e9lvezethez vagy nagykereskedelemhez, v\u00e1ltozatos nikotin opci\u00f3kkal.<\/p>","protected":false},"featured_media":111,"comment_status":"open","ping_status":"closed","template":"","meta":[],"product_brand":[],"product_cat":[17,38,21,18,39,20,23,24,22,25,26,27,28,29,30,31,32,33,34,35,36,40],"product_tag":[],"class_list":{"0":"post-71","1":"product","2":"type-product","3":"status-publish","4":"has-post-thumbnail","6":"product_cat-waspe","7":"product_cat-12000-puffs-disposable-vape","8":"product_cat-big-puffs-vapes","9":"product_cat-different-puffs-of-disposable-vapes","10":"product_cat-digital-box-vapes","11":"product_cat-disposable-vape-types","12":"product_cat-disposable-vapes-in-austria","13":"product_cat-disposable-vapes-in-belgium","14":"product_cat-disposable-vapes-in-europe","15":"product_cat-disposable-vapes-in-france","16":"product_cat-disposable-vapes-in-germany","17":"product_cat-disposable-vapes-in-hungary","18":"product_cat-disposable-vapes-in-ltaly","19":"product_cat-disposable-vapes-in-netherlands","20":"product_cat-disposable-vapes-in-norway","21":"product_cat-disposable-vapes-in-poland","22":"product_cat-disposable-vapes-in-portugal","23":"product_cat-disposable-vapes-in-spain","24":"product_cat-disposable-vapes-in-sweden","25":"product_cat-disposable-vapes-in-switzerland","26":"product_cat-rechargeable-vapes","27":"product_cat-smart-screen-vapes","29":"first","30":"instock","31":"shipping-taxable","32":"purchasable","33":"product-type-variable","34":"has-default-attributes"},"jetpack_sharing_enabled":true,"tiered_pricing_type":"fixed","tiered_pricing_fixed_rules":{"2000":4.13999999999999968025576890795491635799407958984375},"tiered_pricing_product_settings":{"layout":"default","base_unit_name":{"singular":null,"plural":null},"default_variation":null},"tiered_pricing_minimum_quantity":1000,"tiered_pricing_roles_data":[],"tiered_pricing_percentage_rules":[],"tiered_pricing_maximum_quantity":null,"tiered_pricing_quantity_step":"10","_links":{"self":[{"href":"https:\/\/volovape.com\/hu\/wp-json\/wp\/v2\/product\/71","targetHints":{"allow":["GET"]}}],"collection":[{"href":"https:\/\/volovape.com\/hu\/wp-json\/wp\/v2\/product"}],"about":[{"href":"https:\/\/volovape.com\/hu\/wp-json\/wp\/v2\/types\/product"}],"replies":[{"embeddable":true,"href":"https:\/\/volovape.com\/hu\/wp-json\/wp\/v2\/comments?post=71"}],"wp:featuredmedia":[{"embeddable":true,"href":"https:\/\/volovape.com\/hu\/wp-json\/wp\/v2\/media\/111"}],"wp:attachment":[{"href":"https:\/\/volovape.com\/hu\/wp-json\/wp\/v2\/media?parent=71"}],"wp:term":[{"taxonomy":"product_brand","embeddable":true,"href":"https:\/\/volovape.com\/hu\/wp-json\/wp\/v2\/product_brand?post=71"},{"taxonomy":"product_cat","embeddable":true,"href":"https:\/\/volovape.com\/hu\/wp-json\/wp\/v2\/product_cat?post=71"},{"taxonomy":"product_tag","embeddable":true,"href":"https:\/\/volovape.com\/hu\/wp-json\/wp\/v2\/product_tag?post=71"}],"curies":[{"name":"wp","href":"https:\/\/api.w.org\/{rel}","templated":true}]}}