{"id":70,"date":"2024-11-21T03:26:50","date_gmt":"2024-11-21T03:26:50","guid":{"rendered":"https:\/\/volovape.com\/?post_type=product&#038;p=70"},"modified":"2025-06-30T01:32:46","modified_gmt":"2025-06-30T01:32:46","slug":"darazs-8000-fujas","status":"publish","type":"product","link":"https:\/\/volovape.com\/hu\/product\/waspe-8000-puffs\/","title":{"rendered":"WASPE 8000 Puffs Eldobhat\u00f3 Vape - \u00dajrat\u00f6lthet\u0151, 0.8\u03a9 Mesh Coil"},"content":{"rendered":"<p><strong>WASPE 8000 Puffs \u00fajrat\u00f6lthet\u0151 eldobhat\u00f3 Vape<\/strong> - Tapasztalja meg a hosszan tart\u00f3, \u00edzletes sz\u00edv\u00e1st.<\/p>\n<p>A <strong>WASPE 8000<\/strong> ak\u00e1r <strong>8,000 puff<\/strong> jelent\u0151s <strong>16mL e-liquid kapacit\u00e1s<\/strong>, biztos\u00edtva a hosszan tart\u00f3 \u00e9lvezetet. A <strong>650mAh \u00fajrat\u00f6lthet\u0151 akkumul\u00e1tor<\/strong> \u00e9s <strong>C-t\u00edpus\u00fa t\u00f6lt\u00e9s<\/strong> megb\u00edzhat\u00f3 energi\u00e1t biztos\u00edt, m\u00edg a <strong>0,8\u03a9-os h\u00e1l\u00f3s tekercs<\/strong> fokozza az \u00edzt \u00e9s a g\u0151ztermel\u00e9st. V\u00e1lasszon a k\u00f6vetkez\u0151k k\u00f6z\u00fcl <strong>0%, 2%, 3%, vagy 5% nikotin er\u0151ss\u00e9g\u0171ek.<\/strong>, \u00e9s \u00e9lvezze a k\u00fcl\u00f6nb\u00f6z\u0151 <strong>10 egyedi \u00edz<\/strong>, a friss\u00edt\u0151 g\u00f6r\u00f6gdinnye j\u00e9gt\u0151l az egzotikus licsi j\u00e9gig. Ide\u00e1lis mind szem\u00e9lyes haszn\u00e1latra, mind <strong>eldobhat\u00f3 vape nagykereskedelem<\/strong>, minden egys\u00e9g k\u00e9nyelmet \u00e9s min\u0151s\u00e9get k\u00edn\u00e1l. A <strong>t\u00f6meges rendel\u00e9s<\/strong> \u00e9rdekl\u0151dj\u00f6n, l\u00e9pjen kapcsolatba vel\u00fcnk versenyk\u00e9pes \u00e1raj\u00e1nlatok\u00e9rt.<\/p>\n<h3><strong>WASPE 8000 Jellemz\u0151k:<\/strong><\/h3>\n<ul>\n<li>Puff: Ak\u00e1r 8,000<\/li>\n<li>E-folyad\u00e9k Kapacit\u00e1s: 16ml<\/li>\n<li>Akkumul\u00e1tor: 650mAh (\u00fajrat\u00f6lthet\u0151)<\/li>\n<li>T\u00f6lt\u00e9s: C-t\u00edpus\u00fa<\/li>\n<li>Tekercs: 0.8\u03a9 Mesh tekercs<\/li>\n<li>Nikotin Er\u0151ss\u00e9gek: 0%, 2%, 3%, 5%<\/li>\n<li>10 \u00edzv\u00e1laszt\u00e9k<\/li>\n<\/ul>\n<h4>GYIK<\/h4>\n<h5>Hogyan jav\u00edtja az \u00fajrat\u00f6lthet\u0151 akkumul\u00e1tor a g\u0151z\u00f6l\u00e9si \u00e9lm\u00e9nyemet?<\/h5>\n<p>A 650mAh-s \u00fajrat\u00f6lthet\u0151 akkumul\u00e1tor, valamint a Type-C t\u00f6lt\u00e9s biztos\u00edtja, hogy a teljes 8000 puffot kihaszn\u00e1lhassa an\u00e9lk\u00fcl, hogy agg\u00f3dnia kellene a k\u00e9sz\u00fcl\u00e9k id\u0151 el\u0151tti elhal\u00e1loz\u00e1sa miatt. Ez a funkci\u00f3 a WASPE 8000-et megb\u00edzhat\u00f3 \u00e9s hossz\u00fa \u00e9lettartam\u00fa v\u00e1laszt\u00e1ss\u00e1 teszi a hagyom\u00e1nyos eldobhat\u00f3 eszk\u00f6z\u00f6kh\u00f6z k\u00e9pest, maximaliz\u00e1lva a 16 ml-es e-folyad\u00e9kb\u00f3l sz\u00e1rmaz\u00f3 \u00e9lvezetet.<\/p>\n<h5>Milyen sz\u00e1ll\u00edt\u00e1si m\u00f3dokat haszn\u00e1lnak?<\/h5>\n<p>Megb\u00edzhat\u00f3 sz\u00e1ll\u00edtm\u00e1nyoz\u00f3kkal, p\u00e9ld\u00e1ul a UPS, a DHL, a FedEx \u00e9s a DPD partnerek\u00e9nt sz\u00e1ll\u00edtjuk ki megrendel\u00e9seit. A legmegfelel\u0151bb sz\u00e1ll\u00edt\u00e1si m\u00f3dot az \u00d6n sz\u00e1ll\u00edt\u00e1si helye alapj\u00e1n v\u00e1lasztjuk ki, hogy biztos\u00edtsuk a gyors \u00e9s megb\u00edzhat\u00f3 kisz\u00e1ll\u00edt\u00e1st.<\/p>\n<h5>Mennyi ideig tart a sz\u00e1ll\u00edt\u00e1s?<\/h5>\n<p>A sz\u00e1ll\u00edt\u00e1s \u00e1ltal\u00e1ban 7-15 munkanapot vesz ig\u00e9nybe. \u00dcnnepek idej\u00e9n vagy kedvez\u0151tlen id\u0151j\u00e1r\u00e1s miatt azonban ak\u00e1r 20 munkanapot is ig\u00e9nybe vehet.<\/p>\n<h5>Lesznek-e v\u00e1m- vagy ad\u00f3z\u00e1si probl\u00e9m\u00e1im?<\/h5>\n<p>Mi kezelj\u00fck az \u00f6sszes v\u00e1mkezel\u00e9si elj\u00e1r\u00e1st, garant\u00e1lva, hogy k\u00fcldem\u00e9nye gond n\u00e9lk\u00fcl \u00e1tmegy. \u00d6nnek nem kell tov\u00e1bbi ad\u00f3kat vagy d\u00edjakat fizetnie. Biztos\u00edtjuk az 100% v\u00e1mkezel\u00e9s\u00e9t.<\/p>\n<h5>Megb\u00edzhatok a WASPE 8000 min\u0151s\u00e9g\u00e9ben \u00e9s megb\u00edzhat\u00f3s\u00e1g\u00e1ban?<\/h5>\n<p>T\u00e1mogatjuk a biztons\u00e1gos PayPal fizet\u00e9seket a v\u00e1s\u00e1rl\u00f3 v\u00e9delm\u00e9vel. Megn\u00e9zheti v\u00e1s\u00e1rl\u00f3ink \u00e9rt\u00e9kel\u00e9seit is a <a href=\"https:\/\/www.trustpilot.com\/review\/volovape.com?utm_medium=trustbox&amp;utm_source=TrustBoxReviewCollector\">TrustPilot<\/a> hogy l\u00e1ssuk \u00fcgyfeleink pozit\u00edv tapasztalatait.<\/p>","protected":false},"excerpt":{"rendered":"<p>\u00c9lvezze a WASPE 8000 Puffs kiterjesztett \u00edzvil\u00e1g\u00e1t. 0,8\u03a9-os h\u00e1l\u00f3, 16ml, \u00fajrat\u00f6lthet\u0151. T\u00f6k\u00e9letes szem\u00e9lyi vagy nagykereskedelmi haszn\u00e1latra, sima g\u0151zt \u00e9s v\u00e1ltozatos nikotinv\u00e1laszt\u00e9kot k\u00edn\u00e1l.<\/p>","protected":false},"featured_media":103,"comment_status":"open","ping_status":"closed","template":"","meta":[],"product_brand":[],"product_cat":[17,37,21,18,20,23,24,22,25,26,27,28,29,30,31,32,33,34,35,36],"product_tag":[],"class_list":{"0":"post-70","1":"product","2":"type-product","3":"status-publish","4":"has-post-thumbnail","6":"product_cat-waspe","7":"product_cat-8000-puffs-disposable-vape","8":"product_cat-big-puffs-vapes","9":"product_cat-different-puffs-of-disposable-vapes","10":"product_cat-disposable-vape-types","11":"product_cat-disposable-vapes-in-austria","12":"product_cat-disposable-vapes-in-belgium","13":"product_cat-disposable-vapes-in-europe","14":"product_cat-disposable-vapes-in-france","15":"product_cat-disposable-vapes-in-germany","16":"product_cat-disposable-vapes-in-hungary","17":"product_cat-disposable-vapes-in-ltaly","18":"product_cat-disposable-vapes-in-netherlands","19":"product_cat-disposable-vapes-in-norway","20":"product_cat-disposable-vapes-in-poland","21":"product_cat-disposable-vapes-in-portugal","22":"product_cat-disposable-vapes-in-spain","23":"product_cat-disposable-vapes-in-sweden","24":"product_cat-disposable-vapes-in-switzerland","25":"product_cat-rechargeable-vapes","27":"first","28":"instock","29":"shipping-taxable","30":"purchasable","31":"product-type-variable","32":"has-default-attributes"},"jetpack_sharing_enabled":true,"tiered_pricing_type":"fixed","tiered_pricing_fixed_rules":{"2000":4.5999999999999996447286321199499070644378662109375},"tiered_pricing_product_settings":{"layout":"default","base_unit_name":{"singular":null,"plural":null},"default_variation":null},"tiered_pricing_minimum_quantity":1000,"tiered_pricing_roles_data":[],"tiered_pricing_percentage_rules":[],"tiered_pricing_maximum_quantity":null,"tiered_pricing_quantity_step":"100","_links":{"self":[{"href":"https:\/\/volovape.com\/hu\/wp-json\/wp\/v2\/product\/70","targetHints":{"allow":["GET"]}}],"collection":[{"href":"https:\/\/volovape.com\/hu\/wp-json\/wp\/v2\/product"}],"about":[{"href":"https:\/\/volovape.com\/hu\/wp-json\/wp\/v2\/types\/product"}],"replies":[{"embeddable":true,"href":"https:\/\/volovape.com\/hu\/wp-json\/wp\/v2\/comments?post=70"}],"wp:featuredmedia":[{"embeddable":true,"href":"https:\/\/volovape.com\/hu\/wp-json\/wp\/v2\/media\/103"}],"wp:attachment":[{"href":"https:\/\/volovape.com\/hu\/wp-json\/wp\/v2\/media?parent=70"}],"wp:term":[{"taxonomy":"product_brand","embeddable":true,"href":"https:\/\/volovape.com\/hu\/wp-json\/wp\/v2\/product_brand?post=70"},{"taxonomy":"product_cat","embeddable":true,"href":"https:\/\/volovape.com\/hu\/wp-json\/wp\/v2\/product_cat?post=70"},{"taxonomy":"product_tag","embeddable":true,"href":"https:\/\/volovape.com\/hu\/wp-json\/wp\/v2\/product_tag?post=70"}],"curies":[{"name":"wp","href":"https:\/\/api.w.org\/{rel}","templated":true}]}}