{"id":69,"date":"2024-11-21T03:26:50","date_gmt":"2024-11-21T03:26:50","guid":{"rendered":"https:\/\/volovape.com\/?post_type=product&#038;p=69"},"modified":"2025-07-01T01:20:11","modified_gmt":"2025-07-01T01:20:11","slug":"darazs-5000-fujas","status":"publish","type":"product","link":"https:\/\/volovape.com\/hu\/product\/waspe-5000-puffs\/","title":{"rendered":"WASPE 5000 Puffs Eldobhat\u00f3 Vape - \u00fajrat\u00f6lthet\u0151, h\u00e1l\u00f3s tekercs"},"content":{"rendered":"<p><strong>WASPE 5000 Puffs \u00fajrat\u00f6lthet\u0151 eldobhat\u00f3 Vape<\/strong> - Tapasztalja meg a kiterjesztett \u00edzvil\u00e1got \u00e9s k\u00e9nyelmet.<\/p>\n<p>A <strong>WASPE 5000<\/strong> \u00fajradefini\u00e1lja az eldobhat\u00f3 p\u00e1rologtat\u00e1st a leny\u0171g\u00f6z\u0151 <strong>5000 puff<\/strong> kapacit\u00e1s \u00e9s egy nagyvonal\u00fa <strong>13ml e-folyad\u00e9k<\/strong> v\u00edzt\u00e1roz\u00f3. \u00c9lvezze az egyenletes, \u00edzletes g\u0151zt a <strong>fejlett h\u00e1l\u00f3s tekercs<\/strong>, \u00e9s v\u00e1lassza ki az \u00d6n \u00e1ltal prefer\u00e1lt nikotin er\u0151ss\u00e9get a k\u00f6vetkez\u0151 lehet\u0151s\u00e9gek k\u00f6z\u00fcl <strong>0%, 2% vagy 5%<\/strong>. A <strong>650mAh \u00fajrat\u00f6lthet\u0151 akkumul\u00e1tor<\/strong> -vel <strong>C-t\u00edpus\u00fa t\u00f6lt\u00e9s<\/strong> biztos\u00edtja, hogy minden egyes slukkot ki\u00e9lvezhessen. T\u00f6k\u00e9letes szem\u00e9lyes haszn\u00e1latra vagy <strong>eldobhat\u00f3 vape nagykereskedelem<\/strong>, ez a k\u00e9sz\u00fcl\u00e9k egyszerre ny\u00fajt teljes\u00edtm\u00e9nyt \u00e9s hordozhat\u00f3s\u00e1got. Fedezze fel a  oldalt. <strong>10 egyedi \u00edz<\/strong> \u00e9s fedezze fel \u00faj kedvenc\u00e9t.<\/p>\n<h3><strong>WASPE 5000 Puffs Jellemz\u0151k:<\/strong><\/h3>\n<ul>\n<li>Puff: 5000-ig<\/li>\n<li>E-folyad\u00e9k kapacit\u00e1s: 13mL<\/li>\n<li>Akkumul\u00e1tor: 650mAh (\u00fajrat\u00f6lthet\u0151)<\/li>\n<li>T\u00f6lt\u00e9s: C-t\u00edpus\u00fa<\/li>\n<li>Tekercs: Mesh Coil<\/li>\n<li>Nikotin Er\u0151ss\u00e9gek: 0%, 2%, 5%<\/li>\n<li>\u00cdzek: Menta, \u00c1fonya J\u00e9g, Cola J\u00e9g, Eper Mang\u00f3, Eper G\u00f6r\u00f6gdinnye, Vegyes Bogy\u00f3k, L\u00edcsi J\u00e9g, G\u00f6r\u00f6gdinnye J\u00e9g, Sz\u0151l\u0151 J\u00e9g.<\/li>\n<\/ul>\n<h4>GYIK<\/h4>\n<h5>Hogyan jav\u00edtja a WASPE 5000 \u00fajrat\u00f6lthet\u0151 funkci\u00f3j\u00e1t?<\/h5>\n<p>Az \u00fajrat\u00f6lthet\u0151 650mAh akkumul\u00e1tor, C-t\u00edpus\u00fa t\u00f6lt\u00e9ssel p\u00e1rosulva, lehet\u0151v\u00e9 teszi a 13mL e-folyad\u00e9k teljes kihaszn\u00e1l\u00e1s\u00e1t, biztos\u00edtva a maxim\u00e1lis 5000 puffot. Ez kik\u00fcsz\u00f6b\u00f6li azt a gyakori probl\u00e9m\u00e1t, hogy az eldobhat\u00f3 p\u00e1rol\u00f3k lemer\u00fclnek, miel\u0151tt az e-folyad\u00e9k kimer\u00fclne, \u00edgy fenntarthat\u00f3bb \u00e9s kiel\u00e9g\u00edt\u0151bb p\u00e1rol\u00e1si \u00e9lm\u00e9nyt ny\u00fajt.<\/p>\n<h5>Milyen sz\u00e1ll\u00edt\u00e1si m\u00f3dokat haszn\u00e1lnak?<\/h5>\n<p>Egy\u00fcttm\u0171k\u00f6d\u00fcnk a UPS\/DHL\/FEDEX\/DPD-vel, stb. A sz\u00e1ll\u00edt\u00e1si orsz\u00e1gt\u00f3l f\u00fcgg\u0151en kiv\u00e1lasztjuk a megfelel\u0151 sz\u00e1ll\u00edt\u00e1si lehet\u0151s\u00e9get, hogy a lehet\u0151 leggyorsabban megkapja a term\u00e9keket.<\/p>\n<h5>Mennyi id\u0151 alatt \u00e9rkezik meg?<\/h5>\n<p>Ez \u00e1ltal\u00e1ban 7-15 munkanapot vesz ig\u00e9nybe, munkasz\u00fcneti napokon vagy rossz id\u0151j\u00e1r\u00e1si k\u00f6r\u00fclm\u00e9nyek k\u00f6z\u00f6tt ak\u00e1r 20 munkanapot is ig\u00e9nybe vehet.<\/p>\n<h5>\u00c1tmehet a v\u00e1mon, \u00e9s okozhat-e ez nekem b\u00e1rmilyen probl\u00e9m\u00e1t?<\/h5>\n<p>Garant\u00e1ljuk, hogy nem lesz semmi gondja, mivel mi gondoskodunk a v\u00e1mkezel\u00e9sr\u0151l, \u00e9s nem lesznek ad\u00f3k vagy d\u00edjak. Garant\u00e1ljuk, hogy 100% term\u00e9keink v\u00e1mkezel\u00e9sre ker\u00fclnek.<\/p>\n<h5>Megb\u00edzhatok benne?<\/h5>\n<p>T\u00e1mogatjuk a PayPal fizet\u00e9si \u00e9s v\u00e1s\u00e1rl\u00f3v\u00e9delmi szolg\u00e1ltat\u00e1st. \u00d6n is ellen\u0151rizze a v\u00e9lem\u00e9ny\u00fcnket a <a href=\"https:\/\/www.trustpilot.com\/review\/volovape.com?utm_medium=trustbox&amp;utm_source=TrustBoxReviewCollector\">TrustPilot<\/a>.<\/p>","protected":false},"excerpt":{"rendered":"<p>K\u00e9nyelmes, \u00edzgazdag p\u00e1rologtat\u00e1s a WASPE 5000 Puffs k\u00e9sz\u00fcl\u00e9kkel. H\u00e1l\u00f3s tekercs, 13ml, \u00fajrat\u00f6lthet\u0151. Ide\u00e1lis szem\u00e9lyes haszn\u00e1latra vagy nagykereskedelemre, sima g\u0151zt \u00e9s v\u00e1ltozatos nikotin er\u0151ss\u00e9get k\u00edn\u00e1l.<\/p>","protected":false},"featured_media":99,"comment_status":"open","ping_status":"closed","template":"","meta":[],"product_brand":[],"product_cat":[19,21,18,20,23,24,22,25,26,27,28,29,30,31,32,33,34,35,36,17],"product_tag":[],"class_list":{"0":"post-69","1":"product","2":"type-product","3":"status-publish","4":"has-post-thumbnail","6":"product_cat-5000-puffs-disposable-vape","7":"product_cat-big-puffs-vapes","8":"product_cat-different-puffs-of-disposable-vapes","9":"product_cat-disposable-vape-types","10":"product_cat-disposable-vapes-in-austria","11":"product_cat-disposable-vapes-in-belgium","12":"product_cat-disposable-vapes-in-europe","13":"product_cat-disposable-vapes-in-france","14":"product_cat-disposable-vapes-in-germany","15":"product_cat-disposable-vapes-in-hungary","16":"product_cat-disposable-vapes-in-ltaly","17":"product_cat-disposable-vapes-in-netherlands","18":"product_cat-disposable-vapes-in-norway","19":"product_cat-disposable-vapes-in-poland","20":"product_cat-disposable-vapes-in-portugal","21":"product_cat-disposable-vapes-in-spain","22":"product_cat-disposable-vapes-in-sweden","23":"product_cat-disposable-vapes-in-switzerland","24":"product_cat-rechargeable-vapes","25":"product_cat-waspe","27":"first","28":"instock","29":"shipping-taxable","30":"purchasable","31":"product-type-variable","32":"has-default-attributes"},"jetpack_sharing_enabled":true,"tiered_pricing_type":"fixed","tiered_pricing_fixed_rules":{"2000":3.79999999999999982236431605997495353221893310546875},"tiered_pricing_product_settings":{"layout":"default","base_unit_name":{"singular":null,"plural":null},"default_variation":null},"tiered_pricing_minimum_quantity":1000,"tiered_pricing_roles_data":[],"tiered_pricing_percentage_rules":[],"tiered_pricing_maximum_quantity":null,"tiered_pricing_quantity_step":"10","_links":{"self":[{"href":"https:\/\/volovape.com\/hu\/wp-json\/wp\/v2\/product\/69","targetHints":{"allow":["GET"]}}],"collection":[{"href":"https:\/\/volovape.com\/hu\/wp-json\/wp\/v2\/product"}],"about":[{"href":"https:\/\/volovape.com\/hu\/wp-json\/wp\/v2\/types\/product"}],"replies":[{"embeddable":true,"href":"https:\/\/volovape.com\/hu\/wp-json\/wp\/v2\/comments?post=69"}],"wp:featuredmedia":[{"embeddable":true,"href":"https:\/\/volovape.com\/hu\/wp-json\/wp\/v2\/media\/99"}],"wp:attachment":[{"href":"https:\/\/volovape.com\/hu\/wp-json\/wp\/v2\/media?parent=69"}],"wp:term":[{"taxonomy":"product_brand","embeddable":true,"href":"https:\/\/volovape.com\/hu\/wp-json\/wp\/v2\/product_brand?post=69"},{"taxonomy":"product_cat","embeddable":true,"href":"https:\/\/volovape.com\/hu\/wp-json\/wp\/v2\/product_cat?post=69"},{"taxonomy":"product_tag","embeddable":true,"href":"https:\/\/volovape.com\/hu\/wp-json\/wp\/v2\/product_tag?post=69"}],"curies":[{"name":"wp","href":"https:\/\/api.w.org\/{rel}","templated":true}]}}