{"id":639,"date":"2024-11-21T03:31:25","date_gmt":"2024-11-21T03:31:25","guid":{"rendered":"https:\/\/volovape.com\/?post_type=product&#038;p=639"},"modified":"2025-07-06T04:19:59","modified_gmt":"2025-07-06T04:19:59","slug":"aivono-celtartaly-9500-fujas","status":"publish","type":"product","link":"https:\/\/volovape.com\/hu\/product\/aivono-aim-tank-9500-puffs\/","title":{"rendered":"AIVONO AIM TANK 9500 puffs eldobhat\u00f3 vape - h\u00e1l\u00f3s tekercs LCD-vel \u00e9s gyermekz\u00e1rral"},"content":{"rendered":"<p><strong>AIVONO AIM TANK 9500 Puffs Mesh Coil LCD gyermekz\u00e1r eldobhat\u00f3 vape<\/strong> - Tapasztalja meg a biztons\u00e1gos \u00e9s kiel\u00e9g\u00edt\u0151 p\u00e1rologtat\u00e1st az AIVONO AIM TANK 9500-zal. Ez az eldobhat\u00f3 vape ak\u00e1r 9500 slukkot is k\u00edn\u00e1l, 18mL-es e-folyad\u00e9k tart\u00e1llyal \u00e9s 650mAh-s \u00fajrat\u00f6lthet\u0151 akkumul\u00e1torral. Az 1,2\u03a9-os h\u00e1l\u00f3s tekercs biztos\u00edtja a sima \u00e9s \u00edzletes g\u0151zt, m\u00edg az LCD kijelz\u0151 \u00e9s a gyermekz\u00e1r funkci\u00f3 tov\u00e1bbi biztons\u00e1got \u00e9s k\u00e9nyelmet ny\u00fajt. Ez a k\u00e9sz\u00fcl\u00e9k ide\u00e1lis szem\u00e9lyes haszn\u00e1latra \u00e9s eldobhat\u00f3 vape nagykereskedelmi t\u00f6megrendel\u00e9sekhez, \u00e9s 0%, 2%, 3% vagy 5% nikotin er\u0151ss\u00e9get \u00e9s 15 finom \u00edz sz\u00e9les v\u00e1laszt\u00e9k\u00e1t k\u00edn\u00e1lja.<\/p>\n<h3><strong>AIVONO AIM TANK 9500 Puffs Jellemz\u0151k:<\/strong><\/h3>\n<ul>\n<li>Puffok: 9500 puff<\/li>\n<li>E-folyad\u00e9k kapacit\u00e1s: 18mL<\/li>\n<li>Akkumul\u00e1tor: 650mAh (\u00fajrat\u00f6lthet\u0151)<\/li>\n<li>T\u00f6lt\u00e9s: C-t\u00edpus\u00fa<\/li>\n<li>Tekercs: 1.2\u03a9 Mesh tekercs<\/li>\n<li>Megjelen\u00edt\u00e9s: LCD (akkumul\u00e1tor \u00e9s puffsz\u00e1m)<\/li>\n<li>Biztons\u00e1gi funkci\u00f3: Gyermekz\u00e1r<\/li>\n<li>Nikotin Er\u0151ss\u00e9gek: 0%, 2%, 3%, 5%<\/li>\n<li>\u00cdzv\u00e1laszt\u00e9k: Eper g\u00f6r\u00f6gdinnye, mang\u00f3 anan\u00e1sz, citrom menta, Sakura sz\u0151l\u0151, eper kivi, m\u00e1lna \u00e1fonya, g\u00f6r\u00f6gdinnye j\u00e9g, cseresznye kantalup, g\u00f6r\u00f6gdinnye r\u00e1g\u00f3gumi, alma bogy\u00f3, k\u00e9k m\u00e1lyvacukor, barack k\u00f6rte, anan\u00e1sz k\u00f3kusz j\u00e9g, eper j\u00e9g, tr\u00f3pusi mang\u00f3.<\/li>\n<\/ul>\n<h4>GYIK<\/h4>\n<h5>Hogyan n\u00f6veli a gyermekz\u00e1r funkci\u00f3 a biztons\u00e1got?<\/h5>\n<p>A gyermekz\u00e1r funkci\u00f3 megakad\u00e1lyozza a v\u00e9letlenszer\u0171 bekapcsol\u00e1st, ami tov\u00e1bbi biztons\u00e1got \u00e9s nyugalmat ny\u00fajt, k\u00fcl\u00f6n\u00f6sen a gyermekes vagy h\u00e1zi\u00e1llatokat tart\u00f3 h\u00e1ztart\u00e1sok sz\u00e1m\u00e1ra. Ez a funkci\u00f3 biztos\u00edtja, hogy a k\u00e9sz\u00fcl\u00e9k haszn\u00e1laton k\u00edv\u00fcl biztons\u00e1gban maradjon.<\/p>\n<h5>Milyen sz\u00e1ll\u00edt\u00e1si m\u00f3dok \u00e1llnak rendelkez\u00e9sre?<\/h5>\n<p>A hat\u00e9kony \u00e9s megb\u00edzhat\u00f3 sz\u00e1ll\u00edt\u00e1s \u00e9rdek\u00e9ben megb\u00edzhat\u00f3 sz\u00e1ll\u00edtm\u00e1nyoz\u00f3kkal, t\u00f6bbek k\u00f6z\u00f6tt a UPS, a DHL, a FedEx \u00e9s a DPD v\u00e1llalatokkal m\u0171k\u00f6d\u00fcnk egy\u00fctt. A legmegfelel\u0151bb sz\u00e1ll\u00edt\u00e1si m\u00f3dot az \u00d6n sz\u00e1ll\u00edt\u00e1si helye alapj\u00e1n v\u00e1lasztjuk ki.<\/p>\n<h5>Mennyi ideig tart \u00e1ltal\u00e1ban a sz\u00e1ll\u00edt\u00e1s?<\/h5>\n<p>A sz\u00e1ll\u00edt\u00e1s \u00e1ltal\u00e1ban 7-15 munkanapot vesz ig\u00e9nybe, b\u00e1r a sz\u00e1ll\u00edt\u00e1si id\u0151 \u00fcnnepnapokon vagy kedvez\u0151tlen id\u0151j\u00e1r\u00e1si k\u00f6r\u00fclm\u00e9nyek k\u00f6z\u00f6tt ak\u00e1r 20 munkanapra is meghosszabbodhat.<\/p>\n<h5>Felmer\u00fclnek-e v\u00e1mok vagy ad\u00f3k?<\/h5>\n<p>Minden v\u00e1mkezel\u00e9st mi v\u00e9gz\u00fcnk, garant\u00e1lva, hogy \u00d6nnek nem kell tov\u00e1bbi ad\u00f3kat vagy d\u00edjakat fizetnie. 100% term\u00e9keinket gond n\u00e9lk\u00fcl v\u00e1mkezelik.<\/p>\n<h5>Biztons\u00e1gos \u00e9s megb\u00edzhat\u00f3 a v\u00e1s\u00e1rl\u00e1som?<\/h5>\n<p>Biztons\u00e1gos tranzakci\u00f3kat k\u00edn\u00e1lunk a PayPal v\u00e1s\u00e1rl\u00f3i v\u00e9delm\u00e9n kereszt\u00fcl. Megb\u00edzhat\u00f3s\u00e1gunkat a v\u00e1s\u00e1rl\u00f3i v\u00e9lem\u00e9nyek ellen\u0151rz\u00e9s\u00e9vel is ellen\u0151rizheti az al\u00e1bbi oldalakon. <a href=\"https:\/\/www.trustpilot.com\/review\/volovape.com?utm_medium=trustbox&amp;utm_source=TrustBoxReviewCollector\">TrustPilot<\/a>.<\/p>","protected":false},"excerpt":{"rendered":"<p>\u00c9lvezze a biztons\u00e1gos, \u00edzletes p\u00e1rologtat\u00e1st az AIVONO AIM TANK 9500 Puffs k\u00e9sz\u00fcl\u00e9kkel. LCD kijelz\u0151, gyermekz\u00e1r, 1,2\u03a9-os h\u00e1l\u00f3s tekercs, 18ml, \u00fajrat\u00f6lthet\u0151. Ide\u00e1lis szem\u00e9lyes haszn\u00e1latra vagy nagybani nagykereskedelemre.<\/p>","protected":false},"featured_media":1009,"comment_status":"open","ping_status":"closed","template":"","meta":[],"product_brand":[],"product_cat":[67,57,48,21,18,39,20,23,24,22,25,26,27,28,29,30,31,32,33,34,35,36,40],"product_tag":[],"class_list":{"0":"post-639","1":"product","2":"type-product","3":"status-publish","4":"has-post-thumbnail","6":"product_cat-aivono","7":"product_cat-10000-puffs-disposable-vape","8":"product_cat-9000-puffs-disposable-vape","9":"product_cat-big-puffs-vapes","10":"product_cat-different-puffs-of-disposable-vapes","11":"product_cat-digital-box-vapes","12":"product_cat-disposable-vape-types","13":"product_cat-disposable-vapes-in-austria","14":"product_cat-disposable-vapes-in-belgium","15":"product_cat-disposable-vapes-in-europe","16":"product_cat-disposable-vapes-in-france","17":"product_cat-disposable-vapes-in-germany","18":"product_cat-disposable-vapes-in-hungary","19":"product_cat-disposable-vapes-in-ltaly","20":"product_cat-disposable-vapes-in-netherlands","21":"product_cat-disposable-vapes-in-norway","22":"product_cat-disposable-vapes-in-poland","23":"product_cat-disposable-vapes-in-portugal","24":"product_cat-disposable-vapes-in-spain","25":"product_cat-disposable-vapes-in-sweden","26":"product_cat-disposable-vapes-in-switzerland","27":"product_cat-rechargeable-vapes","28":"product_cat-smart-screen-vapes","30":"first","31":"instock","32":"shipping-taxable","33":"purchasable","34":"product-type-variable","35":"has-default-attributes"},"jetpack_sharing_enabled":true,"tiered_pricing_type":"fixed","tiered_pricing_fixed_rules":{"2000":5.37999999999999989341858963598497211933135986328125},"tiered_pricing_product_settings":{"layout":"default","base_unit_name":{"singular":null,"plural":null},"default_variation":null},"tiered_pricing_minimum_quantity":1000,"tiered_pricing_roles_data":[],"tiered_pricing_percentage_rules":[],"tiered_pricing_maximum_quantity":null,"tiered_pricing_quantity_step":"10","_links":{"self":[{"href":"https:\/\/volovape.com\/hu\/wp-json\/wp\/v2\/product\/639","targetHints":{"allow":["GET"]}}],"collection":[{"href":"https:\/\/volovape.com\/hu\/wp-json\/wp\/v2\/product"}],"about":[{"href":"https:\/\/volovape.com\/hu\/wp-json\/wp\/v2\/types\/product"}],"replies":[{"embeddable":true,"href":"https:\/\/volovape.com\/hu\/wp-json\/wp\/v2\/comments?post=639"}],"wp:featuredmedia":[{"embeddable":true,"href":"https:\/\/volovape.com\/hu\/wp-json\/wp\/v2\/media\/1009"}],"wp:attachment":[{"href":"https:\/\/volovape.com\/hu\/wp-json\/wp\/v2\/media?parent=639"}],"wp:term":[{"taxonomy":"product_brand","embeddable":true,"href":"https:\/\/volovape.com\/hu\/wp-json\/wp\/v2\/product_brand?post=639"},{"taxonomy":"product_cat","embeddable":true,"href":"https:\/\/volovape.com\/hu\/wp-json\/wp\/v2\/product_cat?post=639"},{"taxonomy":"product_tag","embeddable":true,"href":"https:\/\/volovape.com\/hu\/wp-json\/wp\/v2\/product_tag?post=639"}],"curies":[{"name":"wp","href":"https:\/\/api.w.org\/{rel}","templated":true}]}}