{"id":637,"date":"2024-11-21T03:31:25","date_gmt":"2024-11-21T03:31:25","guid":{"rendered":"https:\/\/volovape.com\/?post_type=product&#038;p=637"},"modified":"2025-10-10T06:57:22","modified_gmt":"2025-10-10T06:57:22","slug":"aivono-aim-magic-20000-fujas","status":"publish","type":"product","link":"https:\/\/volovape.com\/hu\/product\/aivono-aim-magic-20000-puffs\/","title":{"rendered":"AIVONO AIM MAGIC 20000 puffs eldobhat\u00f3 vape - kett\u0151s h\u00e1l\u00f3, LCD kijelz\u0151"},"content":{"rendered":"<p><strong>AIVONO AIM MAGIC 20000 Puffs Dual Mesh LCD eldobhat\u00f3 vape<\/strong> - Tapasztalja meg a var\u00e1zslatos p\u00e1rologtat\u00e1st az AIVONO AIM MAGIC 20000 k\u00e9sz\u00fcl\u00e9kkel. Ez a nagy teljes\u00edtm\u00e9ny\u0171 eldobhat\u00f3 vape ak\u00e1r 20.000 slukkot is biztos\u00edt, 26 ml-es e-folyad\u00e9ktart\u00e1llyal \u00e9s 600 mAh-s \u00fajrat\u00f6lthet\u0151 akkumul\u00e1torral. A fejlett kett\u0151s h\u00e1l\u00f3s tekercs technol\u00f3gia biztos\u00edtja az egyenletesen gazdag \u00e9s \u00edzletes g\u0151zt, m\u00edg az LCD kijelz\u0151 val\u00f3s idej\u0171 inform\u00e1ci\u00f3t ny\u00fajt az akkumul\u00e1tor \u00e9s az e-folyad\u00e9k szintj\u00e9r\u0151l. Ez a k\u00e9sz\u00fcl\u00e9k ide\u00e1lis szem\u00e9lyes haszn\u00e1latra \u00e9s eldobhat\u00f3 vape nagykereskedelmi nagyrendel\u00e9sekhez, \u00e9s 0%, 2%, 3% vagy 5% nikotin er\u0151ss\u00e9get \u00e9s 10 finom \u00edzb\u0151l \u00e1ll\u00f3 v\u00e1laszt\u00e9kot k\u00edn\u00e1l.<\/p>\n<h3><strong>AIVONO AIM MAGIC 20000 Puffs Jellemz\u0151k:<\/strong><\/h3>\n<ul>\n<li>Puffok: 20000 puff<\/li>\n<li>E-folyad\u00e9k kapacit\u00e1s: 26mL<\/li>\n<li>Akkumul\u00e1tor: 600mAh (\u00fajrat\u00f6lthet\u0151)<\/li>\n<li>T\u00f6lt\u00e9s: C-t\u00edpus\u00fa<\/li>\n<li>Tekercs: Mesh tekercsek: Dual Mesh Coils<\/li>\n<li>Megjelen\u00edt\u00e9s: LCD (akkumul\u00e1tor \u00e9s E-folyad\u00e9k szintek)<\/li>\n<li>Nikotin Er\u0151ss\u00e9gek: 0%, 2%, 3%, 5%<\/li>\n<li>\u00cdzv\u00e1laszt\u00e9k: Eper j\u00e9g, eper j\u00e9g, g\u00f6r\u00f6gdinnye j\u00e9g, anan\u00e1sz k\u00f3kusz j\u00e9g, anan\u00e1sz mang\u00f3, vegyes bogy\u00f3s gy\u00fcm\u00f6lcs\u00f6k, eper g\u00f6r\u00f6gdinnye, Blue Razz j\u00e9g, barack j\u00e9g, eper j\u00e9gkr\u00e9m.<\/li>\n<\/ul>\n<h4>GYIK<\/h4>\n<h5>Hogyan jav\u00edtja a kett\u0151s h\u00e1l\u00f3s tekercs technol\u00f3gia a p\u00e1rologtat\u00e1si \u00e9lm\u00e9nyt?<\/h5>\n<p>A kett\u0151s h\u00e1l\u00f3s tekercs kialak\u00edt\u00e1sa nagyobb f\u0171t\u0151fel\u00fcletet biztos\u00edt, ami egyenletesebb f\u0171t\u00e9st \u00e9s jelent\u0151sen jobb \u00edzt \u00e9s g\u0151ztermel\u00e9st eredm\u00e9nyez. Ez biztos\u00edtja a k\u00f6vetkezetesen sima \u00e9s kiel\u00e9g\u00edt\u0151 g\u0151z\u00f6l\u00e9si \u00e9lm\u00e9nyt.<\/p>\n<h5>Milyen sz\u00e1ll\u00edt\u00e1si m\u00f3dokat haszn\u00e1lnak?<\/h5>\n<p>A hat\u00e9kony \u00e9s megb\u00edzhat\u00f3 sz\u00e1ll\u00edt\u00e1s \u00e9rdek\u00e9ben megb\u00edzhat\u00f3 sz\u00e1ll\u00edtm\u00e1nyoz\u00f3kkal, t\u00f6bbek k\u00f6z\u00f6tt a UPS, a DHL, a FedEx \u00e9s a DPD v\u00e1llalatokkal m\u0171k\u00f6d\u00fcnk egy\u00fctt. A legmegfelel\u0151bb sz\u00e1ll\u00edt\u00e1si m\u00f3dot az \u00d6n sz\u00e1ll\u00edt\u00e1si helye alapj\u00e1n v\u00e1lasztjuk ki.<\/p>\n<h5>Mennyi ideig tart \u00e1ltal\u00e1ban a sz\u00e1ll\u00edt\u00e1s?<\/h5>\n<p>A sz\u00e1ll\u00edt\u00e1s \u00e1ltal\u00e1ban 7-15 munkanapot vesz ig\u00e9nybe, b\u00e1r a sz\u00e1ll\u00edt\u00e1si id\u0151 \u00fcnnepnapokon vagy kedvez\u0151tlen id\u0151j\u00e1r\u00e1si k\u00f6r\u00fclm\u00e9nyek k\u00f6z\u00f6tt ak\u00e1r 20 munkanapra is meghosszabbodhat.<\/p>\n<h5>Felmer\u00fclnek-e v\u00e1mok vagy ad\u00f3k?<\/h5>\n<p>Minden v\u00e1mkezel\u00e9st mi v\u00e9gz\u00fcnk, garant\u00e1lva, hogy \u00d6nnek nem kell tov\u00e1bbi ad\u00f3kat vagy d\u00edjakat fizetnie. 100% term\u00e9keinket gond n\u00e9lk\u00fcl v\u00e1mkezelik.<\/p>\n<h5>Biztons\u00e1gos \u00e9s megb\u00edzhat\u00f3 a v\u00e1s\u00e1rl\u00e1som?<\/h5>\n<p>Biztons\u00e1gos tranzakci\u00f3kat k\u00edn\u00e1lunk a PayPal v\u00e1s\u00e1rl\u00f3i v\u00e9delm\u00e9n kereszt\u00fcl. Megb\u00edzhat\u00f3s\u00e1gunkat a v\u00e1s\u00e1rl\u00f3i v\u00e9lem\u00e9nyek ellen\u0151rz\u00e9s\u00e9vel is ellen\u0151rizheti az al\u00e1bbi oldalakon. <a href=\"https:\/\/www.trustpilot.com\/review\/volovape.com?utm_medium=trustbox&amp;utm_source=TrustBoxReviewCollector\">TrustPilot<\/a>.<\/p>","protected":false},"excerpt":{"rendered":"<p>Fedezze fel a var\u00e1zslatos p\u00e1rologtat\u00e1st az AIVONO AIM MAGIC 20000 Puffs k\u00e9sz\u00fcl\u00e9kkel. Kett\u0151s h\u00e1l\u00f3s tekercs, LCD kijelz\u0151, 26ml, \u00fajrat\u00f6lthet\u0151. Ide\u00e1lis szem\u00e9lyes \u00e9lvezethez vagy nagybani nagykereskedelmi megrendel\u00e9sekhez.<\/p>","protected":false},"featured_media":980,"comment_status":"open","ping_status":"closed","template":"","meta":[],"product_brand":[],"product_cat":[67,42,21,18,39,20,23,24,22,25,26,27,28,29,30,31,32,33,34,35,44,36,40],"product_tag":[],"class_list":{"0":"post-637","1":"product","2":"type-product","3":"status-publish","4":"has-post-thumbnail","6":"product_cat-aivono","7":"product_cat-20000-puffs-disposable-vape","8":"product_cat-big-puffs-vapes","9":"product_cat-different-puffs-of-disposable-vapes","10":"product_cat-digital-box-vapes","11":"product_cat-disposable-vape-types","12":"product_cat-disposable-vapes-in-austria","13":"product_cat-disposable-vapes-in-belgium","14":"product_cat-disposable-vapes-in-europe","15":"product_cat-disposable-vapes-in-france","16":"product_cat-disposable-vapes-in-germany","17":"product_cat-disposable-vapes-in-hungary","18":"product_cat-disposable-vapes-in-ltaly","19":"product_cat-disposable-vapes-in-netherlands","20":"product_cat-disposable-vapes-in-norway","21":"product_cat-disposable-vapes-in-poland","22":"product_cat-disposable-vapes-in-portugal","23":"product_cat-disposable-vapes-in-spain","24":"product_cat-disposable-vapes-in-sweden","25":"product_cat-disposable-vapes-in-switzerland","26":"product_cat-dual-mesh-vapes","27":"product_cat-rechargeable-vapes","28":"product_cat-smart-screen-vapes","30":"first","31":"instock","32":"shipping-taxable","33":"purchasable","34":"product-type-variable","35":"has-default-attributes"},"jetpack_sharing_enabled":true,"tiered_pricing_type":"fixed","tiered_pricing_fixed_rules":{"30":7.160000000000000142108547152020037174224853515625,"50":6.6699999999999999289457264239899814128875732421875,"100":5.92999999999999971578290569595992565155029296875,"200":5.55999999999999960920149533194489777088165283203125,"400":5.05999999999999960920149533194489777088165283203125},"tiered_pricing_product_settings":{"layout":"default","base_unit_name":{"singular":null,"plural":null},"default_variation":null},"tiered_pricing_minimum_quantity":10,"tiered_pricing_roles_data":[],"tiered_pricing_percentage_rules":[],"tiered_pricing_maximum_quantity":null,"tiered_pricing_quantity_step":"10","_links":{"self":[{"href":"https:\/\/volovape.com\/hu\/wp-json\/wp\/v2\/product\/637","targetHints":{"allow":["GET"]}}],"collection":[{"href":"https:\/\/volovape.com\/hu\/wp-json\/wp\/v2\/product"}],"about":[{"href":"https:\/\/volovape.com\/hu\/wp-json\/wp\/v2\/types\/product"}],"replies":[{"embeddable":true,"href":"https:\/\/volovape.com\/hu\/wp-json\/wp\/v2\/comments?post=637"}],"wp:featuredmedia":[{"embeddable":true,"href":"https:\/\/volovape.com\/hu\/wp-json\/wp\/v2\/media\/980"}],"wp:attachment":[{"href":"https:\/\/volovape.com\/hu\/wp-json\/wp\/v2\/media?parent=637"}],"wp:term":[{"taxonomy":"product_brand","embeddable":true,"href":"https:\/\/volovape.com\/hu\/wp-json\/wp\/v2\/product_brand?post=637"},{"taxonomy":"product_cat","embeddable":true,"href":"https:\/\/volovape.com\/hu\/wp-json\/wp\/v2\/product_cat?post=637"},{"taxonomy":"product_tag","embeddable":true,"href":"https:\/\/volovape.com\/hu\/wp-json\/wp\/v2\/product_tag?post=637"}],"curies":[{"name":"wp","href":"https:\/\/api.w.org\/{rel}","templated":true}]}}