{"id":6250,"date":"2024-11-29T04:36:13","date_gmt":"2024-11-29T04:36:13","guid":{"rendered":"https:\/\/volovape.com\/?post_type=product&#038;p=6250"},"modified":"2025-08-07T08:19:53","modified_gmt":"2025-08-07T08:19:53","slug":"jnr-shisha-max-22000-22k-puff","status":"publish","type":"product","link":"https:\/\/volovape.com\/hu\/product\/jnr-shisha-max-22000-22k-puffs\/","title":{"rendered":"JNR Shisha Max 22000 Puffs Hookah Edition Eldobhat\u00f3 Vape - H\u00e1romszoros h\u00e1l\u00f3, \u00e1ll\u00edthat\u00f3 l\u00e9g\u00e1raml\u00e1s"},"content":{"rendered":"<p><iframe title=\"VideoPress Video Player\" aria-label='VideoPress Video Player' width='421' height='750' src='https:\/\/videopress.com\/embed\/WoXrFsri?hd=0&amp;cover=1' frameborder='0' allowfullscreen allow='clipboard-write'><\/iframe><script src='https:\/\/v0.wordpress.com\/js\/next\/videopress-iframe.js?m=1739540970'><\/script><\/p>\n<p><strong>JNR Shisha Max 22000 Puffs Eldobhat\u00f3 Vape<\/strong> - Tapasztalja meg a v\u00edzipipa ihlette vapingol\u00e1st a Triple Mesh Coil technol\u00f3gi\u00e1val.<\/p>\n<p>A <strong>JNR Shisha Max 22000 Puffs<\/strong> a hagyom\u00e1nyos v\u00edzipipa gazdag, \u00edzgazdag \u00e9lm\u00e9ny\u00e9t egy modern, k\u00e9nyelmes, eldobhat\u00f3 vape form\u00e1j\u00e1ban ny\u00fajtja. Leny\u0171g\u00f6z\u0151 <strong>22,000 puff<\/strong> \u00e9s egy nagylelk\u0171 <strong>29ml e-folyad\u00e9k kapacit\u00e1s<\/strong>, ez a k\u00e9sz\u00fcl\u00e9k hossz\u00fa t\u00e1v\u00fa \u00e9s kiel\u00e9g\u00edt\u0151 \u00e9lm\u00e9nyt biztos\u00edt. Er\u0151s, robusztus <strong>1100mAh \u00fajrat\u00f6lthet\u0151 akkumul\u00e1tor<\/strong> -vel <strong>C-t\u00edpus\u00fa t\u00f6lt\u00e9s<\/strong>, hosszabb haszn\u00e1latot \u00e9s gyors felt\u00f6lt\u00e9st biztos\u00edt. Az innovat\u00edv <strong>h\u00e1romh\u00e1l\u00f3s tekercs<\/strong> rendszer intenz\u00edv \u00edzt \u00e9s s\u0171r\u0171 g\u0151zt biztos\u00edt, amely a v\u00edzipip\u00e1z\u00e1s m\u00e9ly el\u00e9gedetts\u00e9g\u00e9t id\u00e9zi. A <strong>\u00e1ll\u00edthat\u00f3 l\u00e9g\u00e1raml\u00e1s<\/strong> \u00e9s egy tiszta <strong>akkumul\u00e1tor \u00e9s folyad\u00e9k kijelz\u0151<\/strong>, testre szabhatja \u00e9s nyomon k\u00f6vetheti a p\u00e1rologtat\u00e1si \u00e9lm\u00e9nyt. El\u00e9rhet\u0151 <strong>15 egyedi \u00edz<\/strong>, a <strong>JNR Shisha Max 22000 Puffs<\/strong> t\u00f6k\u00e9letes azok sz\u00e1m\u00e1ra, akik pr\u00e9mium, v\u00edzipipa ihlette vape-t keresnek, amely ide\u00e1lis mind szem\u00e9lyes \u00e9lvezetre, mind pedig <strong>eldobhat\u00f3 vape nagykereskedelem<\/strong>.<\/p>\n<h3><strong>JNR Shisha Max 22000 Puffs Jellemz\u0151k:<\/strong><\/h3>\n<ul>\n<li>Puff: 22,000-ig<\/li>\n<li>E-folyad\u00e9k kapacit\u00e1s: 29ml<\/li>\n<li>Akkumul\u00e1tor: 1100mAh (\u00fajrat\u00f6lthet\u0151)<\/li>\n<li>T\u00f6lt\u00e9s: C-t\u00edpus\u00fa<\/li>\n<li>Tekercs: H\u00e1romszoros h\u00e1l\u00f3s tekercs<\/li>\n<li>L\u00e9g\u00e1raml\u00e1s: .<\/li>\n<li>Megjelen\u00edt\u00e9s: Foly\u00e9kony kijelz\u0151<\/li>\n<li>Nikotin er\u0151ss\u00e9ge: 2%<\/li>\n<\/ul>\n<h4>GYIK<\/h4>\n<h5>Hogyan jav\u00edtja a tripla h\u00e1l\u00f3s tekercs a p\u00e1rologtat\u00e1si \u00e9lm\u00e9nyt?<\/h5>\n<p>A JNR Shisha Max 22000 Puffs h\u00e1romszoros h\u00e1l\u00f3s tekercsrendszer\u00e9t \u00fagy tervezt\u00e9k, hogy maximaliz\u00e1lja az \u00edzt \u00e9s a g\u0151ztermel\u00e9st. Egyenletes f\u0171t\u00e9st \u00e9s nagyobb fel\u00fcletet biztos\u00edt az e-folyad\u00e9k elp\u00e1rologtat\u00e1s\u00e1hoz, gazdag, intenz\u00edv \u00edzt \u00e9s s\u0171r\u0171, sima g\u0151zt biztos\u00edt, amely a hagyom\u00e1nyos v\u00edzipip\u00e1z\u00e1st id\u00e9zi.<\/p>\n<h5>T\u00e9nyleg 22 000 slukkot kaphatok egy k\u00e9sz\u00fcl\u00e9kb\u0151l?<\/h5>\n<p>Igen! A JNR Shisha Max 22000 Puffs hosszabb haszn\u00e1latra tervezt\u00e9k, \u00e9s ak\u00e1r 22 000 puffot is k\u00edn\u00e1l. Ez a nagy kapacit\u00e1s, a 29 ml-es e-folyad\u00e9ktart\u00e1llyal \u00e9s az er\u0151teljes 1100mAh-s \u00fajrat\u00f6lthet\u0151 akkumul\u00e1torral kombin\u00e1lva, hossz\u00fa \u00e9lettartam\u00fa \u00e9s megb\u00edzhat\u00f3 v\u00e1laszt\u00e1ss\u00e1 teszi, t\u00f6k\u00e9letes a k\u00f6vetkez\u0151kh\u00f6z <strong>t\u00f6meges rendel\u00e9s<\/strong> sz\u00fcks\u00e9gletek.<\/p>\n<h5>Mit\u0151l olyan hasznos az akkumul\u00e1tor \u00e9s a foly\u00e9kony kijelz\u0151?<\/h5>\n<p>A be\u00e9p\u00edtett akkumul\u00e1tor \u00e9s folyad\u00e9k kijelz\u0151 val\u00f3s idej\u0171 inform\u00e1ci\u00f3kat ny\u00fajt az akkumul\u00e1tor t\u00f6lt\u00f6tts\u00e9gi szintj\u00e9r\u0151l \u00e9s az e-folyad\u00e9k fogyaszt\u00e1s\u00e1r\u00f3l. Ez a funkci\u00f3 lehet\u0151v\u00e9 teszi, hogy figyelemmel k\u00eds\u00e9rje k\u00e9sz\u00fcl\u00e9k\u00e9t, \u00e9s biztos\u00edtja, hogy soha ne \u00e9rje v\u00e1ratlanul, n\u00f6velve az \u00e1ltal\u00e1nos k\u00e9nyelmet \u00e9s felhaszn\u00e1l\u00f3i \u00e9lm\u00e9nyt.<\/p>\n<h5>Hogyan lehetek biztos a term\u00e9k min\u0151s\u00e9g\u00e9ben \u00e9s \u00fcgyf\u00e9lszolg\u00e1lat\u00e1ban?<\/h5>\n<p>T\u00e1mogatjuk a PayPal fizet\u00e9si \u00e9s v\u00e1s\u00e1rl\u00f3v\u00e9delmi szolg\u00e1ltat\u00e1st. \u00d6n is ellen\u0151rizze a v\u00e9lem\u00e9ny\u00fcnket a <a href=\"https:\/\/www.trustpilot.com\/review\/volovape.com?utm_medium=trustbox&amp;utm_source=TrustBoxReviewCollector\">TrustPilot<\/a>.<\/p>","protected":false},"excerpt":{"rendered":"<p>\u00c9lvezze a JNR Shisha Max 22000 Puffs eldobhat\u00f3 vape-t, egy v\u00edzipipa ihlette k\u00e9sz\u00fcl\u00e9ket 29ml e-folyad\u00e9kkal, 1100mAh akkumul\u00e1torral, h\u00e1romszoros h\u00e1l\u00f3s tekercsekkel, 2% nikotinnal. T\u00f6meges nagykereskedelem, 15 \u00edz, C t\u00edpus\u00fa t\u00f6lt\u00e9s.<\/p>","protected":false},"featured_media":6342,"comment_status":"open","ping_status":"closed","template":"","meta":[],"product_brand":[],"product_cat":[79,63,21,18,20,23,24,22,25,26,27,28,29,30,31,32,33,34,35,36,47,40],"product_tag":[],"class_list":{"0":"post-6250","1":"product","2":"type-product","3":"status-publish","4":"has-post-thumbnail","6":"product_cat-jnr","7":"product_cat-30000-puffs-disposable-vape","8":"product_cat-big-puffs-vapes","9":"product_cat-different-puffs-of-disposable-vapes","10":"product_cat-disposable-vape-types","11":"product_cat-disposable-vapes-in-austria","12":"product_cat-disposable-vapes-in-belgium","13":"product_cat-disposable-vapes-in-europe","14":"product_cat-disposable-vapes-in-france","15":"product_cat-disposable-vapes-in-germany","16":"product_cat-disposable-vapes-in-hungary","17":"product_cat-disposable-vapes-in-ltaly","18":"product_cat-disposable-vapes-in-netherlands","19":"product_cat-disposable-vapes-in-norway","20":"product_cat-disposable-vapes-in-poland","21":"product_cat-disposable-vapes-in-portugal","22":"product_cat-disposable-vapes-in-spain","23":"product_cat-disposable-vapes-in-sweden","24":"product_cat-disposable-vapes-in-switzerland","25":"product_cat-rechargeable-vapes","26":"product_cat-shisha-hookah-vapes","27":"product_cat-smart-screen-vapes","29":"first","30":"instock","31":"shipping-taxable","32":"purchasable","33":"product-type-variable","34":"has-default-attributes"},"jetpack_sharing_enabled":true,"tiered_pricing_type":"fixed","tiered_pricing_fixed_rules":{"2000":6.8499999999999996447286321199499070644378662109375},"tiered_pricing_product_settings":{"layout":"default","base_unit_name":{"singular":null,"plural":null},"default_variation":null},"tiered_pricing_minimum_quantity":1000,"tiered_pricing_roles_data":[],"tiered_pricing_percentage_rules":[],"tiered_pricing_maximum_quantity":null,"tiered_pricing_quantity_step":"10","_links":{"self":[{"href":"https:\/\/volovape.com\/hu\/wp-json\/wp\/v2\/product\/6250","targetHints":{"allow":["GET"]}}],"collection":[{"href":"https:\/\/volovape.com\/hu\/wp-json\/wp\/v2\/product"}],"about":[{"href":"https:\/\/volovape.com\/hu\/wp-json\/wp\/v2\/types\/product"}],"replies":[{"embeddable":true,"href":"https:\/\/volovape.com\/hu\/wp-json\/wp\/v2\/comments?post=6250"}],"wp:featuredmedia":[{"embeddable":true,"href":"https:\/\/volovape.com\/hu\/wp-json\/wp\/v2\/media\/6342"}],"wp:attachment":[{"href":"https:\/\/volovape.com\/hu\/wp-json\/wp\/v2\/media?parent=6250"}],"wp:term":[{"taxonomy":"product_brand","embeddable":true,"href":"https:\/\/volovape.com\/hu\/wp-json\/wp\/v2\/product_brand?post=6250"},{"taxonomy":"product_cat","embeddable":true,"href":"https:\/\/volovape.com\/hu\/wp-json\/wp\/v2\/product_cat?post=6250"},{"taxonomy":"product_tag","embeddable":true,"href":"https:\/\/volovape.com\/hu\/wp-json\/wp\/v2\/product_tag?post=6250"}],"curies":[{"name":"wp","href":"https:\/\/api.w.org\/{rel}","templated":true}]}}