{"id":6249,"date":"2024-11-29T04:36:13","date_gmt":"2024-11-29T04:36:13","guid":{"rendered":"https:\/\/volovape.com\/?post_type=product&#038;p=6249"},"modified":"2025-08-07T08:19:52","modified_gmt":"2025-08-07T08:19:52","slug":"jnr-vape-ora-30000-30k-puff","status":"publish","type":"product","link":"https:\/\/volovape.com\/hu\/product\/jnr-vape-watch-30000-30k-puffs\/","title":{"rendered":"JNR Vape Watch 30000 Puffs - Smartwatch \u00e9s eldobhat\u00f3 vape (kett\u0151s \u00fczemm\u00f3d)"},"content":{"rendered":"<p><iframe title=\"VideoPress Video Player\" aria-label='VideoPress Video Player' width='500' height='281' src='https:\/\/videopress.com\/embed\/3s6S9iWa?hd=0&amp;cover=1' frameborder='0' allowfullscreen allow='clipboard-write'><\/iframe><script src='https:\/\/v0.wordpress.com\/js\/next\/videopress-iframe.js?m=1739540970'><\/script><\/p>\n<p><strong>JNR Vape Watch 30000 Puffs<\/strong> - A forradalmi okos\u00f3ra \u00e9s eldobhat\u00f3 vape hibrid.<\/p>\n<p>Tapasztalja meg a p\u00e1rologtat\u00e1s j\u00f6v\u0151j\u00e9t a <strong>JNR Vape Watch 30000 Puffs<\/strong>, egy \u00fatt\u00f6r\u0151 eszk\u00f6z, amely z\u00f6kken\u0151mentesen integr\u00e1lja a nagy teljes\u00edtm\u00e9ny\u0171 eldobhat\u00f3 vape-t egy okos\u00f3ra funkcionalit\u00e1s\u00e1val. Ez az innovat\u00edv kialak\u00edt\u00e1s p\u00e1ratlan k\u00e9nyelmet k\u00edn\u00e1l, lehet\u0151v\u00e9 t\u00e9ve, hogy ak\u00e1r 30 000 slukkot is \u00e9lvezhessen norm\u00e1l \u00fczemm\u00f3dban vagy 18 000 slukkot pulzus \u00fczemm\u00f3dban. A k\u00e9sz\u00fcl\u00e9k jelent\u0151s, 19 ml-es e-folyad\u00e9k kapacit\u00e1ssal, hossz\u00fa \u00e9lettartam\u00fa 1000mAh-s \u00fajrat\u00f6lthet\u0151 akkumul\u00e1torral, C-t\u00edpus\u00fa t\u00f6lt\u00e9ssel \u00e9s kett\u0151s h\u00e1l\u00f3s tekercsekkel rendelkezik a fokozott \u00edz \u00e9s g\u0151ztermel\u00e9s \u00e9rdek\u00e9ben. Az egyedi levehet\u0151 \u00f3ra kialak\u00edt\u00e1s lehet\u0151v\u00e9 teszi, hogy a vape-t levehesse hagyom\u00e1nyos haszn\u00e1latra, vagy viselje okos\u00f3rak\u00e9nt, h\u00edv\u00e1s, sz\u00f6veges \u00fczenet, t\u00e1voli kameravez\u00e9rl\u00e9s, telefonkeres\u00e9s \u00e9s priv\u00e1t z\u00e1r funkci\u00f3kkal kieg\u00e9sz\u00edtve. A 10 finom \u00edzben kaphat\u00f3 JNR Vape Watch 30000 Puffs \u00fajradefini\u00e1lja a p\u00e1rologtat\u00e1si \u00e9lm\u00e9nyt, t\u00f6k\u00e9letes a szem\u00e9lyes \u00e9lvezethez \u00e9s a <strong>eldobhat\u00f3 vape nagykereskedelem<\/strong>.<\/p>\n<h3><strong>JNR Vape Watch 30000 Puffs Jellemz\u0151k:<\/strong><\/h3>\n<ul>\n<li>Kett\u0151s szaggat\u00e1si m\u00f3dok: Impulzus \u00fczemm\u00f3d (legfeljebb 18 000 puffan\u00e1s): Norm\u00e1l \u00fczemm\u00f3d (ak\u00e1r 30 000 puffan\u00e1s) \/ Impulzus \u00fczemm\u00f3d (ak\u00e1r 18 000 puffan\u00e1s).<\/li>\n<li>E-folyad\u00e9k kapacit\u00e1s: 19ml<\/li>\n<li>Akkumul\u00e1tor: 1000mAh (\u00fajrat\u00f6lthet\u0151)<\/li>\n<li>T\u00f6lt\u00e9s: C-t\u00edpus\u00fa<\/li>\n<li>Tekercs: Mesh tekercsek: Dual Mesh Coils<\/li>\n<li>Nikotiner\u0151ss\u00e9g: 2% (20mg)<\/li>\n<li>Smartwatch funkci\u00f3k: H\u00edv\u00e1s, sz\u00f6veges \u00fczenet, t\u00e1voli kamera, telefonkeres\u00e9s, priv\u00e1t z\u00e1r, reag\u00e1l\u00f3 alkalmaz\u00e1s.<\/li>\n<li>Tervez\u00e9s: \u00d3ra: Kivehet\u0151 \u00f3ra<\/li>\n<\/ul>\n<h4>GYIK<\/h4>\n<h5>Hogyan jav\u00edtja a levehet\u0151 \u00f3ra kialak\u00edt\u00e1sa a haszn\u00e1lhat\u00f3s\u00e1got?<\/h5>\n<p>A JNR Vape Watch 30000 Puffs egyed\u00fcl\u00e1ll\u00f3, levehet\u0151 \u00f3r\u00e1t k\u00edn\u00e1l, amely lehet\u0151v\u00e9 teszi, hogy levegye a vape-r\u00e9szt hagyom\u00e1nyos haszn\u00e1latra, vagy viselje okos\u00f3rak\u00e9nt. Ez a kialak\u00edt\u00e1s v\u00e9gs\u0151 rugalmass\u00e1got \u00e9s k\u00e9nyelmet biztos\u00edt a menet k\u00f6zbeni p\u00e1rol\u00e1shoz \u00e9s az intelligens funkci\u00f3khoz.<\/p>\n<h5>Milyen el\u0151nyei vannak a kett\u0151s p\u00e1rologtat\u00e1si m\u00f3dnak?<\/h5>\n<p>A JNR Vape Watch 30000 Puffs kett\u0151s p\u00e1rologtat\u00e1si m\u00f3ddal rendelkezik: (ak\u00e1r 30 000 puffan\u00e1s) \u00e9s Pulse Mode (ak\u00e1r 18 000 puffan\u00e1s). Ez lehet\u0151v\u00e9 teszi, hogy testre szabja a p\u00e1rologtat\u00e1si \u00e9lm\u00e9nyt a preferenci\u00e1i alapj\u00e1n, ak\u00e1r a hosszabb ideig tart\u00f3 p\u00e1rol\u00e1st, ak\u00e1r az intenz\u00edvebb \u00edz- \u00e9s g\u0151ztermel\u00e9st r\u00e9szes\u00edti el\u0151nyben.<\/p>\n<h5>T\u00e9nyleg tudok telefon\u00e1lni \u00e9s SMS-t k\u00fcldeni err\u0151l a k\u00e9sz\u00fcl\u00e9kr\u0151l?<\/h5>\n<p>Igen! A JNR Vape Watch 30000 Puffs integr\u00e1lja az okos\u00f3ra funkci\u00f3t, lehet\u0151v\u00e9 t\u00e9ve a h\u00edv\u00e1sok ind\u00edt\u00e1s\u00e1t \u00e9s fogad\u00e1s\u00e1t, sz\u00f6veges \u00fczenetek k\u00fcld\u00e9s\u00e9t \u00e9s fogad\u00e1s\u00e1t, a telefon kamer\u00e1j\u00e1nak t\u00e1voli vez\u00e9rl\u00e9s\u00e9t, a telefon keres\u00e9s\u00e9t, s\u0151t, a k\u00e9sz\u00fcl\u00e9ket mag\u00e1nz\u00e1rral is biztos\u00edthatja. Mindezek a funkci\u00f3k egy reszponz\u00edv alkalmaz\u00e1son kereszt\u00fcl \u00e9rhet\u0151k el, \u00edgy ez egy igaz\u00e1n forradalmi eszk\u00f6z.<\/p>\n<h5>Hogyan lehetek biztos a term\u00e9k min\u0151s\u00e9g\u00e9ben \u00e9s \u00fcgyf\u00e9lszolg\u00e1lat\u00e1ban?<\/h5>\n<p>T\u00e1mogatjuk a PayPal fizet\u00e9si \u00e9s v\u00e1s\u00e1rl\u00f3v\u00e9delmi szolg\u00e1ltat\u00e1st. \u00d6n is ellen\u0151rizze a v\u00e9lem\u00e9ny\u00fcnket a <a href=\"https:\/\/www.trustpilot.com\/review\/volovape.com?utm_medium=trustbox&amp;utm_source=TrustBoxReviewCollector\">TrustPilot<\/a>.<\/p>","protected":false},"excerpt":{"rendered":"<p>Tapasztald meg a JNR Vape Watch 30000 Puffs-t, egy okos\u00f3ra-vape hibridet. 19ml e-folyad\u00e9kot, 1000mAh akkumul\u00e1tort, kett\u0151s h\u00e1l\u00f3s tekercset, intelligens funkci\u00f3kat, 2% nikotint k\u00edn\u00e1l. T\u00f6meges nagykereskedelem el\u00e9rhet\u0151, 10 \u00edz, C-t\u00edpus\u00fa t\u00f6lt\u00e9s.<\/p>","protected":false},"featured_media":6330,"comment_status":"open","ping_status":"closed","template":"","meta":[],"product_brand":[],"product_cat":[79,63,21,18,39,20,23,24,22,25,26,27,28,29,30,31,32,33,34,35,36,40],"product_tag":[],"class_list":{"0":"post-6249","1":"product","2":"type-product","3":"status-publish","4":"has-post-thumbnail","6":"product_cat-jnr","7":"product_cat-30000-puffs-disposable-vape","8":"product_cat-big-puffs-vapes","9":"product_cat-different-puffs-of-disposable-vapes","10":"product_cat-digital-box-vapes","11":"product_cat-disposable-vape-types","12":"product_cat-disposable-vapes-in-austria","13":"product_cat-disposable-vapes-in-belgium","14":"product_cat-disposable-vapes-in-europe","15":"product_cat-disposable-vapes-in-france","16":"product_cat-disposable-vapes-in-germany","17":"product_cat-disposable-vapes-in-hungary","18":"product_cat-disposable-vapes-in-ltaly","19":"product_cat-disposable-vapes-in-netherlands","20":"product_cat-disposable-vapes-in-norway","21":"product_cat-disposable-vapes-in-poland","22":"product_cat-disposable-vapes-in-portugal","23":"product_cat-disposable-vapes-in-spain","24":"product_cat-disposable-vapes-in-sweden","25":"product_cat-disposable-vapes-in-switzerland","26":"product_cat-rechargeable-vapes","27":"product_cat-smart-screen-vapes","29":"first","30":"instock","31":"shipping-taxable","32":"purchasable","33":"product-type-variable","34":"has-default-attributes"},"jetpack_sharing_enabled":true,"tiered_pricing_type":"fixed","tiered_pricing_fixed_rules":{"2000":9.75},"tiered_pricing_product_settings":{"layout":"default","base_unit_name":{"singular":null,"plural":null},"default_variation":null},"tiered_pricing_minimum_quantity":1000,"tiered_pricing_roles_data":[],"tiered_pricing_percentage_rules":[],"tiered_pricing_maximum_quantity":null,"tiered_pricing_quantity_step":"10","_links":{"self":[{"href":"https:\/\/volovape.com\/hu\/wp-json\/wp\/v2\/product\/6249","targetHints":{"allow":["GET"]}}],"collection":[{"href":"https:\/\/volovape.com\/hu\/wp-json\/wp\/v2\/product"}],"about":[{"href":"https:\/\/volovape.com\/hu\/wp-json\/wp\/v2\/types\/product"}],"replies":[{"embeddable":true,"href":"https:\/\/volovape.com\/hu\/wp-json\/wp\/v2\/comments?post=6249"}],"wp:featuredmedia":[{"embeddable":true,"href":"https:\/\/volovape.com\/hu\/wp-json\/wp\/v2\/media\/6330"}],"wp:attachment":[{"href":"https:\/\/volovape.com\/hu\/wp-json\/wp\/v2\/media?parent=6249"}],"wp:term":[{"taxonomy":"product_brand","embeddable":true,"href":"https:\/\/volovape.com\/hu\/wp-json\/wp\/v2\/product_brand?post=6249"},{"taxonomy":"product_cat","embeddable":true,"href":"https:\/\/volovape.com\/hu\/wp-json\/wp\/v2\/product_cat?post=6249"},{"taxonomy":"product_tag","embeddable":true,"href":"https:\/\/volovape.com\/hu\/wp-json\/wp\/v2\/product_tag?post=6249"}],"curies":[{"name":"wp","href":"https:\/\/api.w.org\/{rel}","templated":true}]}}