{"id":6248,"date":"2024-11-29T04:36:13","date_gmt":"2024-11-29T04:36:13","guid":{"rendered":"https:\/\/volovape.com\/?post_type=product&#038;p=6248"},"modified":"2025-08-07T08:19:51","modified_gmt":"2025-08-07T08:19:51","slug":"jnr-telefon-vape-30000-30k-puff","status":"publish","type":"product","link":"https:\/\/volovape.com\/hu\/product\/jnr-phone-vape-30000-30k-puffs\/","title":{"rendered":"JNR Phone Vape 30000 Puffs - Intelligens eldobhat\u00f3 Vape \u00e9rint\u0151k\u00e9perny\u0151vel (h\u00edv\u00e1sok, sz\u00f6vegek, kamera)"},"content":{"rendered":"<p><iframe title=\"VideoPress Video Player\" aria-label='VideoPress Video Player' width='500' height='281' src='https:\/\/videopress.com\/embed\/tgY6TILp?hd=0&amp;cover=1' frameborder='0' allowfullscreen allow='clipboard-write'><\/iframe><script src='https:\/\/v0.wordpress.com\/js\/next\/videopress-iframe.js?m=1739540970'><\/script><\/p>\n<p><strong>JNR Phone Vape 30000 Puffs<\/strong> - A vil\u00e1g els\u0151 intelligens eldobhat\u00f3 vape \u00e9rint\u0151k\u00e9perny\u0151vel.<\/p>\n<p>Tapasztalja meg a p\u00e1rologtat\u00e1s j\u00f6v\u0151j\u00e9t a <strong>JNR Phone Vape 30000 Puffs<\/strong>, egy forradalmi eszk\u00f6z, amely z\u00f6kken\u0151mentesen \u00f6tv\u00f6zi a legmodernebb p\u00e1rologtat\u00e1si technol\u00f3gi\u00e1t az okostelefonok k\u00e9nyelm\u00e9vel. Ez nem csak egy eldobhat\u00f3 vape; ez egy intelligens t\u00e1rs, amely kiv\u00e9teles g\u0151z\u00f6l\u00e9st \u00e9s csatlakoztathat\u00f3s\u00e1got k\u00edn\u00e1l. V\u00e1lasszon a Regular Mode (ak\u00e1r 30 000 slukk) \u00e9s a Pulse Mode (ak\u00e1r 18 000 slukk) k\u00f6z\u00f6tt a testreszabott \u00e9lm\u00e9ny \u00e9rdek\u00e9ben. A felhaszn\u00e1l\u00f3bar\u00e1t \u00e9rint\u0151k\u00e9perny\u0151vel, h\u00edv\u00e1s- \u00e9s sz\u00f6vegk\u00fcld\u00e9si lehet\u0151s\u00e9ggel, t\u00e1voli kameravez\u00e9rl\u00e9ssel \u00e9s telefonkeres\u0151 funkci\u00f3val ell\u00e1tott k\u00e9sz\u00fcl\u00e9k biztos\u00edtja a kapcsolatot, mik\u00f6zben kiv\u00e1l\u00f3 teljes\u00edtm\u00e9nyt ny\u00fajt. A JNR Phone Vape 19 ml e-folyad\u00e9k kapacit\u00e1ssal, \u00fajrat\u00f6lthet\u0151 850mAh akkumul\u00e1torral \u00e9s \u00e1ll\u00edthat\u00f3 l\u00e9g\u00e1raml\u00e1ssal a k\u00e9nyelem \u00e9s az el\u00e9gedetts\u00e9g \u00e9rdek\u00e9ben k\u00e9sz\u00fclt. A 10 \u00edzletes \u00edzben kaphat\u00f3 k\u00e9sz\u00fcl\u00e9k t\u00f6k\u00e9letes a szem\u00e9lyes \u00e9lvezethez \u00e9s a <strong>eldobhat\u00f3 vape nagykereskedelem<\/strong>.<\/p>\n<h3><strong>JNR Phone Vape 30000 Puffs Jellemz\u0151k:<\/strong><\/h3>\n<ul>\n<li>Kett\u0151s szaggat\u00e1si m\u00f3dok: Impulzus \u00fczemm\u00f3d (legfeljebb 18 000 puffan\u00e1s): Norm\u00e1l \u00fczemm\u00f3d (ak\u00e1r 30 000 puffan\u00e1s) \/ Impulzus \u00fczemm\u00f3d (ak\u00e1r 18 000 puffan\u00e1s).<\/li>\n<li>E-folyad\u00e9k kapacit\u00e1s: 19ml<\/li>\n<li>Akkumul\u00e1tor: 850mAh (\u00fajrat\u00f6lthet\u0151)<\/li>\n<li>T\u00f6lt\u00e9s: C-t\u00edpus\u00fa<\/li>\n<li>Nikotiner\u0151ss\u00e9g: 2% (20mg)<\/li>\n<li>M\u0171k\u00f6d\u00e9s: Rajz-aktiv\u00e1lt<\/li>\n<li>Megjelen\u00edt\u00e9s: .<\/li>\n<li>L\u00e9g\u00e1raml\u00e1s: .<\/li>\n<li>Intelligens funkci\u00f3k: Telefonkeres\u00e9s, priv\u00e1t z\u00e1r, z\u00f6kken\u0151mentes alkalmaz\u00e1s.<\/li>\n<\/ul>\n<h4>GYIK<\/h4>\n<h5>Hogyan jav\u00edtja az \u00e9rint\u0151k\u00e9perny\u0151 a p\u00e1rologtat\u00e1s \u00e9lm\u00e9ny\u00e9t?<\/h5>\n<p>A JNR Phone Vape 30000 Puffs felhaszn\u00e1l\u00f3bar\u00e1t \u00e9rint\u0151k\u00e9perny\u0151vel rendelkezik, amely intuit\u00edv vez\u00e9rl\u00e9st biztos\u00edt a k\u00e9sz\u00fcl\u00e9k intelligens funkci\u00f3i \u00e9s a p\u00e1rol\u00e1si be\u00e1ll\u00edt\u00e1sok felett. Ez z\u00f6kken\u0151mentess\u00e9 \u00e9s egyszer\u0171v\u00e9 teszi a navig\u00e1l\u00e1st a h\u00edv\u00e1s, a sz\u00f6veg, a t\u00e1voli kamera \u00e9s m\u00e1s funkci\u00f3k k\u00f6z\u00f6tt, ami megk\u00fcl\u00f6nb\u00f6zteti a t\u00f6bbi eldobhat\u00f3 vap\u00e9t\u00f3l.<\/p>\n<h5>Milyen el\u0151nyei vannak a kett\u0151s p\u00e1rologtat\u00e1si m\u00f3dnak?<\/h5>\n<p>A JNR Phone Vape 30000 Puffs kett\u0151s p\u00e1rologtat\u00e1si m\u00f3dot k\u00edn\u00e1l: (ak\u00e1r 30 000 puffan\u00e1s) \u00e9s Pulse Mode (ak\u00e1r 18 000 puffan\u00e1s). Ez lehet\u0151v\u00e9 teszi, hogy testre szabja a p\u00e1rologtat\u00e1si \u00e9lm\u00e9nyt a preferenci\u00e1i alapj\u00e1n, ak\u00e1r a hossz\u00fa \u00e9lettartamot, ak\u00e1r a fokozott \u00edz- \u00e9s g\u0151ztermel\u00e9st helyezi el\u0151t\u00e9rbe. Ez a sokoldal\u00fas\u00e1g ide\u00e1lis a k\u00f6vetkez\u0151kh\u00f6z <strong>t\u00f6meges rendel\u00e9s<\/strong> sz\u00fcks\u00e9gletek.<\/p>\n<h5>T\u00e9nyleg telefon\u00e1lhatok \u00e9s k\u00fcldhetek SMS-t err\u0151l a vape-r\u0151l?<\/h5>\n<p>Igen! A JNR Phone Vape 30000 Puffs integr\u00e1lja az okostelefon funkci\u00f3kat, lehet\u0151v\u00e9 t\u00e9ve a h\u00edv\u00e1sok ind\u00edt\u00e1s\u00e1t \u00e9s fogad\u00e1s\u00e1t, sz\u00f6veges \u00fczenetek k\u00fcld\u00e9s\u00e9t \u00e9s fogad\u00e1s\u00e1t, a telefon kamer\u00e1j\u00e1nak t\u00e1voli vez\u00e9rl\u00e9s\u00e9t, \u00e9s m\u00e9g az elkall\u00f3dott okostelefon keres\u00e9s\u00e9t is. Ezek a funkci\u00f3k, valamint a sima applik\u00e1ci\u00f3s fel\u00fclet egy igaz\u00e1n innovat\u00edv eszk\u00f6zz\u00e9 teszik.<\/p>\n<h5>Hogyan lehetek biztos a term\u00e9k min\u0151s\u00e9g\u00e9ben \u00e9s \u00fcgyf\u00e9lszolg\u00e1lat\u00e1ban?<\/h5>\n<p>T\u00e1mogatjuk a PayPal fizet\u00e9si \u00e9s v\u00e1s\u00e1rl\u00f3v\u00e9delmi szolg\u00e1ltat\u00e1st. \u00d6n is ellen\u0151rizze a v\u00e9lem\u00e9ny\u00fcnket a <a href=\"https:\/\/www.trustpilot.com\/review\/volovape.com?utm_medium=trustbox&amp;utm_source=TrustBoxReviewCollector\">TrustPilot<\/a>.<\/p>","protected":false},"excerpt":{"rendered":"<p>Fedezze fel a JNR Phone Vape 30000 Puffs-t, az els\u0151 okostelefon-vape komb\u00f3t. Jellemz\u0151k: 19ml e-folyad\u00e9k, 850mAh akkumul\u00e1tor, \u00e9rint\u0151k\u00e9perny\u0151, intelligens funkci\u00f3k, 2% nikotin. Boltban \u00f6mlesztett nagykereskedelmi, 10 \u00edz, C t\u00edpus\u00fa t\u00f6lt\u00e9s.<\/p>","protected":false},"featured_media":6318,"comment_status":"open","ping_status":"closed","template":"","meta":[],"product_brand":[],"product_cat":[79,63,21,18,39,20,23,24,22,25,26,27,28,29,30,31,32,33,34,35,36,40],"product_tag":[],"class_list":{"0":"post-6248","1":"product","2":"type-product","3":"status-publish","4":"has-post-thumbnail","6":"product_cat-jnr","7":"product_cat-30000-puffs-disposable-vape","8":"product_cat-big-puffs-vapes","9":"product_cat-different-puffs-of-disposable-vapes","10":"product_cat-digital-box-vapes","11":"product_cat-disposable-vape-types","12":"product_cat-disposable-vapes-in-austria","13":"product_cat-disposable-vapes-in-belgium","14":"product_cat-disposable-vapes-in-europe","15":"product_cat-disposable-vapes-in-france","16":"product_cat-disposable-vapes-in-germany","17":"product_cat-disposable-vapes-in-hungary","18":"product_cat-disposable-vapes-in-ltaly","19":"product_cat-disposable-vapes-in-netherlands","20":"product_cat-disposable-vapes-in-norway","21":"product_cat-disposable-vapes-in-poland","22":"product_cat-disposable-vapes-in-portugal","23":"product_cat-disposable-vapes-in-spain","24":"product_cat-disposable-vapes-in-sweden","25":"product_cat-disposable-vapes-in-switzerland","26":"product_cat-rechargeable-vapes","27":"product_cat-smart-screen-vapes","29":"first","30":"instock","31":"shipping-taxable","32":"purchasable","33":"product-type-variable","34":"has-default-attributes"},"jetpack_sharing_enabled":true,"tiered_pricing_type":"fixed","tiered_pricing_fixed_rules":{"2000":12.589999999999999857891452847979962825775146484375},"tiered_pricing_product_settings":{"layout":"default","base_unit_name":{"singular":null,"plural":null},"default_variation":null},"tiered_pricing_minimum_quantity":1000,"tiered_pricing_roles_data":[],"tiered_pricing_percentage_rules":[],"tiered_pricing_maximum_quantity":null,"tiered_pricing_quantity_step":"10","_links":{"self":[{"href":"https:\/\/volovape.com\/hu\/wp-json\/wp\/v2\/product\/6248","targetHints":{"allow":["GET"]}}],"collection":[{"href":"https:\/\/volovape.com\/hu\/wp-json\/wp\/v2\/product"}],"about":[{"href":"https:\/\/volovape.com\/hu\/wp-json\/wp\/v2\/types\/product"}],"replies":[{"embeddable":true,"href":"https:\/\/volovape.com\/hu\/wp-json\/wp\/v2\/comments?post=6248"}],"wp:featuredmedia":[{"embeddable":true,"href":"https:\/\/volovape.com\/hu\/wp-json\/wp\/v2\/media\/6318"}],"wp:attachment":[{"href":"https:\/\/volovape.com\/hu\/wp-json\/wp\/v2\/media?parent=6248"}],"wp:term":[{"taxonomy":"product_brand","embeddable":true,"href":"https:\/\/volovape.com\/hu\/wp-json\/wp\/v2\/product_brand?post=6248"},{"taxonomy":"product_cat","embeddable":true,"href":"https:\/\/volovape.com\/hu\/wp-json\/wp\/v2\/product_cat?post=6248"},{"taxonomy":"product_tag","embeddable":true,"href":"https:\/\/volovape.com\/hu\/wp-json\/wp\/v2\/product_tag?post=6248"}],"curies":[{"name":"wp","href":"https:\/\/api.w.org\/{rel}","templated":true}]}}