{"id":6247,"date":"2024-11-29T04:36:13","date_gmt":"2024-11-29T04:36:13","guid":{"rendered":"https:\/\/volovape.com\/?post_type=product&#038;p=6247"},"modified":"2025-08-07T08:19:50","modified_gmt":"2025-08-07T08:19:50","slug":"jnr-media-max-40000-40k-puff","status":"publish","type":"product","link":"https:\/\/volovape.com\/hu\/product\/jnr-media-max-40000-40k-puffs\/","title":{"rendered":"JNR Media Max 40000 Puffs Smart Eldobhat\u00f3 Vape - H\u00edv\u00e1sok, sz\u00f6vegek, kameravez\u00e9rl\u00e9s"},"content":{"rendered":"<p><strong>JNR Media Max 40000 puff<\/strong> - Az intelligens eldobhat\u00f3 vape p\u00e1ratlan tulajdons\u00e1gokkal.<\/p>\n<p>A <strong>JNR Media Max 40000 puff<\/strong> \u00fajradefini\u00e1lja az eldobhat\u00f3 p\u00e1rologtat\u00e1st az\u00e1ltal, hogy okostelefon-szer\u0171 funkci\u00f3kat integr\u00e1l egy nagy kapacit\u00e1s\u00fa k\u00e9sz\u00fcl\u00e9kbe. Megd\u00f6bbent\u0151 <strong>40.000 f\u00faj\u00e1s<\/strong> \u00e9s egy jelent\u0151s <strong>21ml e-folyad\u00e9k kapacit\u00e1s<\/strong>, ez a vape a hosszan tart\u00f3 \u00e9lvezetre \u00e9p\u00fclt. Er\u0151s t\u00e1pegys\u00e9ggel m\u0171k\u00f6dik <strong>1000mAh \u00fajrat\u00f6lthet\u0151 akkumul\u00e1tor<\/strong> -vel <strong>C-t\u00edpus\u00fa t\u00f6lt\u00e9s<\/strong>, megb\u00edzhat\u00f3 teljes\u00edtm\u00e9nyt biztos\u00edt. A fejlett <strong>kett\u0151s h\u00e1l\u00f3s tekercs technol\u00f3gia<\/strong> kiv\u00e9teles \u00edzt \u00e9s g\u0151ztermel\u00e9st biztos\u00edt. Egyed\u00fcl\u00e1ll\u00f3 intelligens funkci\u00f3k, mint a h\u00edv\u00e1s- \u00e9s sz\u00f6vegk\u00fcld\u00e9si k\u00e9pess\u00e9gek, a t\u00e1voli kameravez\u00e9rl\u00e9s \u00e9s a telefon\/sz\u00edv\u00f3 funkci\u00f3 keres\u00e9se, amelyek mindegyike egy t\u00falm\u00e9retezett gombon kereszt\u00fcl \u00e9rhet\u0151 el. <strong>2,4&quot; HD kijelz\u0151<\/strong>, k\u00fcl\u00f6nb\u00f6zteti meg ezt a k\u00e9sz\u00fcl\u00e9ket. El\u00e9rhet\u0151 <strong>10 finom \u00edz<\/strong>, a <strong>JNR Media Max 40000 puff<\/strong> t\u00f6k\u00e9letes azon felhaszn\u00e1l\u00f3k sz\u00e1m\u00e1ra, akik multifunkcion\u00e1lis, nagy teljes\u00edtm\u00e9ny\u0171 p\u00e1rologtat\u00e1si \u00e9lm\u00e9nyt keresnek, ide\u00e1lis mind szem\u00e9lyes haszn\u00e1latra, mind pedig <strong>eldobhat\u00f3 vape nagykereskedelem<\/strong>.<\/p>\n<h3><strong>JNR Media Max 40000 Puffs Jellemz\u0151k:<\/strong><\/h3>\n<ul>\n<li>Intelligens funkci\u00f3k: Telefon, sz\u00f6veges \u00fczenet, t\u00e1voli kamera, telefonkeres\u00e9s\/szelep keres\u00e9se.<\/li>\n<li>Puff: Puffan\u00e1s: ak\u00e1r 40 000 puffan\u00e1s<\/li>\n<li>E-folyad\u00e9k kapacit\u00e1s: 21ml<\/li>\n<li>Akkumul\u00e1tor: 1000mAh (\u00fajrat\u00f6lthet\u0151)<\/li>\n<li>T\u00f6lt\u00e9s: C-t\u00edpus\u00fa<\/li>\n<li>Tekercs: H\u00e1l\u00f3s tekercs: Dual Mesh Coil<\/li>\n<li>L\u00e9g\u00e1raml\u00e1s: .<\/li>\n<li>Kijelz\u0151: 2,4\u2033 HD kijelz\u0151<\/li>\n<li>Nikotin er\u0151ss\u00e9ge: 5%<\/li>\n<\/ul>\n<h4>GYIK<\/h4>\n<h5>Hogyan jav\u00edtj\u00e1k az intelligens funkci\u00f3k a p\u00e1rologtat\u00e1si \u00e9lm\u00e9nyemet?<\/h5>\n<p>A JNR Media Max 40000 Puffs t\u00falmutat a tipikus p\u00e1rologtat\u00e1son, mivel olyan integr\u00e1lt intelligens funkci\u00f3kat k\u00edn\u00e1l, mint a h\u00edv\u00e1sok kezdem\u00e9nyez\u00e9se, SMS-ek k\u00fcld\u00e9se \u00e9s a telefon kamer\u00e1j\u00e1nak t\u00e1vvez\u00e9rl\u00e9se. Ez\u00e1ltal a vape egy multifunkcion\u00e1lis k\u00fcty\u00fcv\u00e9 v\u00e1lik, ami k\u00e9nyelmesebb\u00e9 teszi a mindennapi \u00e9let\u00e9t. A \"megtal\u00e1lni a telefont\/vap\u00e9t\" funkci\u00f3 k\u00fcl\u00f6n\u00f6sen praktikus az elkevered\u00e9s megel\u0151z\u00e9s\u00e9re.<\/p>\n<h5>T\u00e9nyleg 40 000 slukkot kaphatok egy k\u00e9sz\u00fcl\u00e9kb\u0151l?<\/h5>\n<p>Igen! A JNR Media Max 40000 Puffs hossz\u00fa \u00e9lettartamra lett tervezve, ak\u00e1r 40.000 puffot is biztos\u00edt. Ez a nagy kapacit\u00e1s, a 21 ml-es e-folyad\u00e9ktart\u00e1llyal \u00e9s az er\u0151teljes 1000mAh-s \u00fajrat\u00f6lthet\u0151 akkumul\u00e1torral kombin\u00e1lva biztos\u00edtja a hosszan tart\u00f3 haszn\u00e1latot, \u00edgy kiv\u00e1l\u00f3 v\u00e1laszt\u00e1s lehet <strong>t\u00f6meges rendel\u00e9s<\/strong> sz\u00fcks\u00e9gletek.<\/p>\n<h5>Mit\u0151l olyan egyedi a 2,4\"-os HD-kijelz\u0151?<\/h5>\n<p>A t\u00falm\u00e9retezett 2,4\" HD kijelz\u0151 lehet\u0151v\u00e9 teszi az intelligens funkci\u00f3k egyszer\u0171 navig\u00e1l\u00e1s\u00e1t, \u00e9s egy\u00e9rtelm\u0171 inform\u00e1ci\u00f3kat ny\u00fajt a p\u00e1rol\u00e1si be\u00e1ll\u00edt\u00e1sokr\u00f3l, a puffok sz\u00e1m\u00e1r\u00f3l \u00e9s az akkumul\u00e1tor \u00e9lettartam\u00e1r\u00f3l. Ez a felhaszn\u00e1l\u00f3bar\u00e1t kezel\u0151fel\u00fclet teszi a JNR Media Max 40000 Puffot kiemelked\u0151v\u00e9 az eldobhat\u00f3 vape-piacon.<\/p>\n<h5>Hogyan lehetek biztos a term\u00e9k min\u0151s\u00e9g\u00e9ben \u00e9s az \u00fcgyf\u00e9lszolg\u00e1latban?<\/h5>\n<p>T\u00e1mogatjuk a PayPal fizet\u00e9si \u00e9s v\u00e1s\u00e1rl\u00f3v\u00e9delmi szolg\u00e1ltat\u00e1st. \u00d6n is ellen\u0151rizze a v\u00e9lem\u00e9ny\u00fcnket a <a href=\"https:\/\/www.trustpilot.com\/review\/volovape.com?utm_medium=trustbox&amp;utm_source=TrustBoxReviewCollector\">TrustPilot<\/a>.<\/p>","protected":false},"excerpt":{"rendered":"<p>A JNR Media Max 40000 Puffs Smart Vape seg\u00edts\u00e9g\u00e9vel \u00e1talak\u00edthatja a p\u00e1rologtat\u00e1st. \u00c9lvezze a 21 ml e-folyad\u00e9kot, az 1000mAh akkumul\u00e1tort, a 2,4\u2033 HD kijelz\u0151t, az intelligens funkci\u00f3kat, az 5% nikotint \u00e9s a 10 \u00edzt. C t\u00edpus\u00fa t\u00f6lt\u00e9s.<\/p>","protected":false},"featured_media":6306,"comment_status":"open","ping_status":"closed","template":"","meta":[],"product_brand":[],"product_cat":[79,74,21,18,39,20,23,24,22,25,26,27,28,29,30,31,32,33,34,35,36,40],"product_tag":[],"class_list":{"0":"post-6247","1":"product","2":"type-product","3":"status-publish","4":"has-post-thumbnail","6":"product_cat-jnr","7":"product_cat-40000-puffs-disposable-vape","8":"product_cat-big-puffs-vapes","9":"product_cat-different-puffs-of-disposable-vapes","10":"product_cat-digital-box-vapes","11":"product_cat-disposable-vape-types","12":"product_cat-disposable-vapes-in-austria","13":"product_cat-disposable-vapes-in-belgium","14":"product_cat-disposable-vapes-in-europe","15":"product_cat-disposable-vapes-in-france","16":"product_cat-disposable-vapes-in-germany","17":"product_cat-disposable-vapes-in-hungary","18":"product_cat-disposable-vapes-in-ltaly","19":"product_cat-disposable-vapes-in-netherlands","20":"product_cat-disposable-vapes-in-norway","21":"product_cat-disposable-vapes-in-poland","22":"product_cat-disposable-vapes-in-portugal","23":"product_cat-disposable-vapes-in-spain","24":"product_cat-disposable-vapes-in-sweden","25":"product_cat-disposable-vapes-in-switzerland","26":"product_cat-rechargeable-vapes","27":"product_cat-smart-screen-vapes","29":"first","30":"instock","31":"shipping-taxable","32":"purchasable","33":"product-type-variable","34":"has-default-attributes"},"jetpack_sharing_enabled":true,"tiered_pricing_type":"fixed","tiered_pricing_fixed_rules":{"2000":10.25},"tiered_pricing_product_settings":{"layout":"default","base_unit_name":{"singular":null,"plural":null},"default_variation":null},"tiered_pricing_minimum_quantity":1000,"tiered_pricing_roles_data":[],"tiered_pricing_percentage_rules":[],"tiered_pricing_maximum_quantity":null,"tiered_pricing_quantity_step":"10","_links":{"self":[{"href":"https:\/\/volovape.com\/hu\/wp-json\/wp\/v2\/product\/6247","targetHints":{"allow":["GET"]}}],"collection":[{"href":"https:\/\/volovape.com\/hu\/wp-json\/wp\/v2\/product"}],"about":[{"href":"https:\/\/volovape.com\/hu\/wp-json\/wp\/v2\/types\/product"}],"replies":[{"embeddable":true,"href":"https:\/\/volovape.com\/hu\/wp-json\/wp\/v2\/comments?post=6247"}],"wp:featuredmedia":[{"embeddable":true,"href":"https:\/\/volovape.com\/hu\/wp-json\/wp\/v2\/media\/6306"}],"wp:attachment":[{"href":"https:\/\/volovape.com\/hu\/wp-json\/wp\/v2\/media?parent=6247"}],"wp:term":[{"taxonomy":"product_brand","embeddable":true,"href":"https:\/\/volovape.com\/hu\/wp-json\/wp\/v2\/product_brand?post=6247"},{"taxonomy":"product_cat","embeddable":true,"href":"https:\/\/volovape.com\/hu\/wp-json\/wp\/v2\/product_cat?post=6247"},{"taxonomy":"product_tag","embeddable":true,"href":"https:\/\/volovape.com\/hu\/wp-json\/wp\/v2\/product_tag?post=6247"}],"curies":[{"name":"wp","href":"https:\/\/api.w.org\/{rel}","templated":true}]}}