{"id":6246,"date":"2024-11-29T04:36:13","date_gmt":"2024-11-29T04:36:13","guid":{"rendered":"https:\/\/volovape.com\/?post_type=product&#038;p=6246"},"modified":"2025-11-11T04:40:40","modified_gmt":"2025-11-11T04:40:40","slug":"jnr-falcon-x-18000-18k-puff","status":"publish","type":"product","link":"https:\/\/volovape.com\/hu\/product\/jnr-falcon-x-18000-18k-puffs\/","title":{"rendered":"JNR FALCON X 18000 puffs eldobhat\u00f3 vape - kett\u0151s h\u00e1l\u00f3, \u00e1ll\u00edthat\u00f3 l\u00e9g\u00e1raml\u00e1s, digit\u00e1lis kijelz\u0151"},"content":{"rendered":"<p><iframe title=\"VideoPress Video Player\" aria-label='VideoPress Video Player' width='421' height='750' src='https:\/\/videopress.com\/embed\/l1yxRMAO?hd=0&amp;cover=1' frameborder='0' allowfullscreen allow='clipboard-write'><\/iframe><script src='https:\/\/v0.wordpress.com\/js\/next\/videopress-iframe.js?m=1739540970'><\/script><\/p>\n<p><strong>JNR FALCON X 18000 Puffs Eldobhat\u00f3 Vape<\/strong> - K\u00f6vetkez\u0151 szint\u0171 vapingol\u00e1s a Dual Core innov\u00e1ci\u00f3val.<\/p>\n<p>Tapasztalja meg a legmodernebb <strong>JNR FALCON X 18000<\/strong>, amely fejlett k\u00e9tmagos technol\u00f3gi\u00e1val rendelkezik a p\u00e1ratlan teljes\u00edtm\u00e9ny \u00e9rdek\u00e9ben. Hatalmas <strong>18,000 puff<\/strong> kapacit\u00e1s \u00e9s <strong>24ml e-folyad\u00e9k tart\u00e1ly<\/strong>, ez a k\u00e9sz\u00fcl\u00e9k hosszan tart\u00f3 \u00e9lvezetet ny\u00fajt. A <strong>950mAh \u00fajrat\u00f6lthet\u0151 akkumul\u00e1tor<\/strong> \u00e9s <strong>C-t\u00edpus\u00fa t\u00f6lt\u00e9s<\/strong> megb\u00edzhat\u00f3 \u00e1ramell\u00e1t\u00e1st \u00e9s gyors felt\u00f6lt\u00e9st biztos\u00edt. A <strong>0.6\u03a9 kett\u0151s h\u00e1l\u00f3s tekercsek<\/strong>, kombin\u00e1lva a dual core technol\u00f3gi\u00e1val, gazdag \u00edzeket \u00e9s s\u0171r\u0171 g\u0151zt eredm\u00e9nyez. Testre szabhatja \u00e9lm\u00e9ny\u00e9t a <strong>\u00e1ll\u00edthat\u00f3 l\u00e9g\u00e1raml\u00e1s<\/strong> \u00e9s ellen\u0151rizze a haszn\u00e1latot a <strong>digit\u00e1lis LED kijelz\u0151<\/strong> a puffok sz\u00e1m\u00e1t, az akkumul\u00e1tor \u00e9s az e-folyad\u00e9k szintj\u00e9t mutatja. El\u00e9rhet\u0151 <strong>29 egyedi \u00edz<\/strong>, a FALCON X t\u00f6k\u00e9letes mind szem\u00e9lyes haszn\u00e1latra, mind pedig <strong>eldobhat\u00f3 vape nagykereskedelem<\/strong>, pr\u00e9mium g\u0151z\u00f6l\u00e9si \u00e9lm\u00e9nyt ny\u00fajtva minden <strong>t\u00f6meges rendel\u00e9s<\/strong>.<\/p>\n<h3><strong>JNR FALCON X 18000 Jellemz\u0151k:<\/strong><\/h3>\n<ul>\n<li>Puff: 18,000-ig<\/li>\n<li>E-folyad\u00e9k kapacit\u00e1s: 24mL<\/li>\n<li>Akkumul\u00e1tor: 950mAh (\u00fajrat\u00f6lthet\u0151)<\/li>\n<li>T\u00f6lt\u00e9s: C-t\u00edpus\u00fa<\/li>\n<li>Tekercs: 0.6\u03a9 Dual Mesh tekercs \u00e9s Dual Core<\/li>\n<li>L\u00e9g\u00e1raml\u00e1s: .<\/li>\n<li>Megjelen\u00edt\u00e9s: Digit\u00e1lis LED (Puff sz\u00e1m, akkumul\u00e1tor, E-folyad\u00e9k szint)<\/li>\n<li>Nikotin er\u0151ss\u00e9ge: 2%<\/li>\n<\/ul>\n<h4>GYIK<\/h4>\n<h5>Hogyan jav\u00edtja a k\u00e9tmagos technol\u00f3gia a p\u00e1rologtat\u00e1si \u00e9lm\u00e9nyemet?<\/h5>\n<p>A JNR FALCON X 18000 k\u00e9tmagos rendszere egyenletes f\u0171t\u00e9st \u00e9s fokozott \u00edztermel\u00e9st biztos\u00edt, \u00edgy minden egyes slukkn\u00e1l gazdagabb \u00e9s egyenletesebb vape-t biztos\u00edt. Maximaliz\u00e1lja a g\u0151z s\u0171r\u0171s\u00e9g\u00e9t \u00e9s az \u00edz intenzit\u00e1s\u00e1t, ami megk\u00fcl\u00f6nb\u00f6zteti a hagyom\u00e1nyos eldobhat\u00f3 vap\u00e9kt\u00f3l.<\/p>\n<h5>T\u00e9nyleg nyomon tudom k\u00f6vetni az e-folyad\u00e9k szintj\u00e9t a digit\u00e1lis kijelz\u0151n?<\/h5>\n<p>Igen! A JNR FALCON X 18000 digit\u00e1lis LED kijelz\u0151vel van felszerelve, amely val\u00f3s idej\u0171 friss\u00edt\u00e9seket biztos\u00edt az e-folyad\u00e9k szintj\u00e9r\u0151l, a puffok sz\u00e1m\u00e1r\u00f3l \u00e9s az akkumul\u00e1tor \u00e9lettartam\u00e1r\u00f3l. Ez lehet\u0151v\u00e9 teszi, hogy hat\u00e9konyan kezelje a p\u00e1rol\u00e1si \u00e9lm\u00e9ny\u00e9t, \u00e9s biztos\u00edtja, hogy soha ne \u00e9rje v\u00e1ratlanul.<\/p>\n<h5>Mit\u0151l olyan egyedi a 29 \u00edzv\u00e1laszt\u00e9k?<\/h5>\n<p>A JNR FALCON X 18000 29 \u00edz\u00e9nek mindegyike gondosan kidolgozott, hogy k\u00fcl\u00f6n\u00e1ll\u00f3 \u00e9s kiel\u00e9g\u00edt\u0151 \u00edzt biztos\u00edtson. A klasszikus gy\u00fcm\u00f6lcskever\u00e9kekt\u0151l az olyan innovat\u00edv kever\u00e9kekig, mint a Cherry Cola \u00e9s a Watermelon Lychee, minden \u00edzl\u00e9st megtal\u00e1l minden \u00edzl\u00e9st. Ide\u00e1lis <strong>t\u00f6meges rendel\u00e9s<\/strong> ig\u00e9nyeinek megfelel\u0151en, minden egyes \u00edzt a k\u00f6vetkezetes \u00e9lvezet \u00e9rdek\u00e9ben terveztek.<\/p>\n<h5>Hogyan gy\u0151z\u0151dhetek meg a term\u00e9k min\u0151s\u00e9g\u00e9r\u0151l \u00e9s megb\u00edzhat\u00f3s\u00e1g\u00e1r\u00f3l?<\/h5>\n<p>T\u00e1mogatjuk a PayPal fizet\u00e9si \u00e9s v\u00e1s\u00e1rl\u00f3v\u00e9delmi szolg\u00e1ltat\u00e1st. \u00d6n is ellen\u0151rizze a v\u00e9lem\u00e9ny\u00fcnket a <a href=\"https:\/\/www.trustpilot.com\/review\/volovape.com?utm_medium=trustbox&amp;utm_source=TrustBoxReviewCollector\">TrustPilot<\/a>.<\/p>","protected":false},"excerpt":{"rendered":"<p>Engedje szabadj\u00e1ra a kiv\u00e1l\u00f3s\u00e1got a JNR Falcon X 18000 Puffs Vape-vel. 24 ml e-folyad\u00e9kkal, 950mAh akkumul\u00e1torral, kett\u0151s h\u00e1l\u00f3s tekercsekkel, LED kijelz\u0151vel, 2% nikotinnal \u00e9s 29 \u00edzzel rendelkezik. C t\u00edpus\u00fa t\u00f6lt\u00e9s.<\/p>","protected":false},"featured_media":6280,"comment_status":"open","ping_status":"closed","template":"","meta":[],"product_brand":[],"product_cat":[79,50,21,43,18,39,20,23,24,22,25,26,27,28,29,30,31,32,33,34,35,44,36,40],"product_tag":[],"class_list":{"0":"post-6246","1":"product","2":"type-product","3":"status-publish","4":"has-post-thumbnail","6":"product_cat-jnr","7":"product_cat-18000-puffs-disposable-vape","8":"product_cat-big-puffs-vapes","9":"product_cat-crystal-vapes","10":"product_cat-different-puffs-of-disposable-vapes","11":"product_cat-digital-box-vapes","12":"product_cat-disposable-vape-types","13":"product_cat-disposable-vapes-in-austria","14":"product_cat-disposable-vapes-in-belgium","15":"product_cat-disposable-vapes-in-europe","16":"product_cat-disposable-vapes-in-france","17":"product_cat-disposable-vapes-in-germany","18":"product_cat-disposable-vapes-in-hungary","19":"product_cat-disposable-vapes-in-ltaly","20":"product_cat-disposable-vapes-in-netherlands","21":"product_cat-disposable-vapes-in-norway","22":"product_cat-disposable-vapes-in-poland","23":"product_cat-disposable-vapes-in-portugal","24":"product_cat-disposable-vapes-in-spain","25":"product_cat-disposable-vapes-in-sweden","26":"product_cat-disposable-vapes-in-switzerland","27":"product_cat-dual-mesh-vapes","28":"product_cat-rechargeable-vapes","29":"product_cat-smart-screen-vapes","31":"first","32":"instock","33":"shipping-taxable","34":"purchasable","35":"product-type-variable","36":"has-default-attributes"},"jetpack_sharing_enabled":true,"tiered_pricing_type":"fixed","tiered_pricing_fixed_rules":{"30":8.17999999999999971578290569595992565155029296875,"50":7.78000000000000024868995751603506505489349365234375,"100":7.04000000000000003552713678800500929355621337890625,"200":6.6699999999999999289457264239899814128875732421875,"400":6.11000000000000031974423109204508364200592041015625},"tiered_pricing_product_settings":{"layout":"default","base_unit_name":{"singular":null,"plural":null},"default_variation":null},"tiered_pricing_minimum_quantity":null,"tiered_pricing_roles_data":[],"tiered_pricing_percentage_rules":[],"tiered_pricing_maximum_quantity":"10","tiered_pricing_quantity_step":"10","_links":{"self":[{"href":"https:\/\/volovape.com\/hu\/wp-json\/wp\/v2\/product\/6246","targetHints":{"allow":["GET"]}}],"collection":[{"href":"https:\/\/volovape.com\/hu\/wp-json\/wp\/v2\/product"}],"about":[{"href":"https:\/\/volovape.com\/hu\/wp-json\/wp\/v2\/types\/product"}],"replies":[{"embeddable":true,"href":"https:\/\/volovape.com\/hu\/wp-json\/wp\/v2\/comments?post=6246"}],"wp:featuredmedia":[{"embeddable":true,"href":"https:\/\/volovape.com\/hu\/wp-json\/wp\/v2\/media\/6280"}],"wp:attachment":[{"href":"https:\/\/volovape.com\/hu\/wp-json\/wp\/v2\/media?parent=6246"}],"wp:term":[{"taxonomy":"product_brand","embeddable":true,"href":"https:\/\/volovape.com\/hu\/wp-json\/wp\/v2\/product_brand?post=6246"},{"taxonomy":"product_cat","embeddable":true,"href":"https:\/\/volovape.com\/hu\/wp-json\/wp\/v2\/product_cat?post=6246"},{"taxonomy":"product_tag","embeddable":true,"href":"https:\/\/volovape.com\/hu\/wp-json\/wp\/v2\/product_tag?post=6246"}],"curies":[{"name":"wp","href":"https:\/\/api.w.org\/{rel}","templated":true}]}}