{"id":6245,"date":"2024-11-29T04:36:13","date_gmt":"2024-11-29T04:36:13","guid":{"rendered":"https:\/\/volovape.com\/?post_type=product&#038;p=6245"},"modified":"2025-11-04T06:54:05","modified_gmt":"2025-11-04T06:54:05","slug":"jnr-falon-16000-16k-puff","status":"publish","type":"product","link":"https:\/\/volovape.com\/hu\/product\/jnr-falon-16000-16k-puffs\/","title":{"rendered":"JNR Falcon 16000 Puffs Eldobhat\u00f3 Vape - kett\u0151s h\u00e1l\u00f3, \u00e1ll\u00edthat\u00f3 l\u00e9g\u00e1raml\u00e1s, krist\u00e1lyos kialak\u00edt\u00e1s"},"content":{"rendered":"<p><iframe title=\"VideoPress Video Player\" aria-label='VideoPress Video Player' width='500' height='281' src='https:\/\/videopress.com\/embed\/IW3jjut3?hd=0&amp;cover=1' frameborder='0' allowfullscreen allow='clipboard-write'><\/iframe><script src='https:\/\/v0.wordpress.com\/js\/next\/videopress-iframe.js?m=1739540970'><\/script><\/p>\n<p><strong>JNR Falcon 16000 Puffs Original Edition eldobhat\u00f3 vape<\/strong> - Tapasztalja meg a p\u00e1ratlan st\u00edlust \u00e9s teljes\u00edtm\u00e9nyt.<\/p>\n<p>A <strong>JNR Falcon 16000 Puffs<\/strong> \u00faj m\u00e9rc\u00e9t \u00e1ll\u00edt fel az eldobhat\u00f3 p\u00e1rologtat\u00f3k k\u00f6z\u00f6tt, kombin\u00e1lva a kifinomult krist\u00e1ly k\u00e9zm\u0171ves designt \u00e9s a kiv\u00e9teles teljes\u00edtm\u00e9nyt. \u00c9lvezze ak\u00e1r <strong>16,000 puff<\/strong> egy nagylelk\u0171t\u0151l <strong>22mL e-liquid kapacit\u00e1s<\/strong>, biztos\u00edtva a hosszan tart\u00f3 \u00e9s kiel\u00e9g\u00edt\u0151 \u00e9lm\u00e9nyt. A fejlett <strong>1\u03a9-os k\u00e9th\u00e1l\u00f3s tekercs<\/strong> gazdag, egyenletes \u00edzt biztos\u00edt, m\u00edg a <strong>\u00e1ll\u00edthat\u00f3 l\u00e9g\u00e1raml\u00e1s<\/strong> lehet\u0151v\u00e9 teszi a szem\u00e9lyre szabott h\u00faz\u00e1st. A <strong>28 \u00edzv\u00e1laszt\u00e9k<\/strong> \u00e9s a <strong>2% nikotin er\u0151ss\u00e9ge<\/strong>, ez a k\u00e9sz\u00fcl\u00e9k a legk\u00fcl\u00f6nb\u00f6z\u0151bb preferenci\u00e1kat szolg\u00e1lja ki. A k\u00e9sz\u00fcl\u00e9ket egy <strong>850mAh \u00fajrat\u00f6lthet\u0151 akkumul\u00e1tor<\/strong> -vel <strong>C t\u00edpus\u00fa gyorst\u00f6lt\u00e9s<\/strong>, a Falcon 16000 megb\u00edzhat\u00f3s\u00e1got \u00e9s k\u00e9nyelmet k\u00edn\u00e1l. Ide\u00e1lis szem\u00e9lyes sz\u00f3rakoz\u00e1sra vagy <strong>eldobhat\u00f3 vape nagykereskedelem<\/strong>, fedezze fel a <strong>t\u00f6meges rendel\u00e9s<\/strong> lehet\u0151s\u00e9gek a nagy megtakar\u00edt\u00e1sok\u00e9rt.<\/p>\n<h3><strong>JNR Falcon 16000 Puffs Jellemz\u0151k:<\/strong><\/h3>\n<ul>\n<li>Nikotin: 2%<\/li>\n<li>Puffok: 16000<\/li>\n<li>E-folyad\u00e9k kapacit\u00e1s: 22mL<\/li>\n<li>Akkumul\u00e1tor: 850mAh (\u00fajrat\u00f6lthet\u0151)<\/li>\n<li>Tekercs: 1\u03a9 Dual Mesh tekercs<\/li>\n<li>Tervez\u00e9s: Crystal Craft Exterior<\/li>\n<li>L\u00e9g\u00e1raml\u00e1s: .<\/li>\n<li>\u00cdzek: 28 lehet\u0151s\u00e9g<\/li>\n<li>T\u00f6lt\u00e9s: C-t\u00edpus\u00fa<\/li>\n<\/ul>\n<h4>GYIK<\/h4>\n<h5>Hogyan jav\u00edtja az \u00e1ll\u00edthat\u00f3 l\u00e9g\u00e1raml\u00e1s a g\u0151z\u00f6l\u00e9si \u00e9lm\u00e9nyemet?<\/h5>\n<p>Az \u00e1ll\u00edthat\u00f3 l\u00e9g\u00e1raml\u00e1si funkci\u00f3 lehet\u0151v\u00e9 teszi a h\u00faz\u00e1si ellen\u00e1ll\u00e1s testreszab\u00e1s\u00e1t, lehet\u0151v\u00e9 t\u00e9ve a szoros, koncentr\u00e1lt \u00edz vagy a laz\u00e1bb, l\u00e9gies g\u0151ztermel\u00e9s k\u00f6z\u00f6tti v\u00e1lt\u00e1st, a vape-t az \u00d6n preferenci\u00e1ihoz igaz\u00edtva.<\/p>\n<h5>Milyen sz\u00e1ll\u00edt\u00e1si m\u00f3dokat haszn\u00e1lnak?<\/h5>\n<p>Olyan megb\u00edzhat\u00f3 fuvaroz\u00f3kkal dolgozunk egy\u00fctt, mint a UPS, a DHL, a FedEx \u00e9s a DPD, hogy a leghat\u00e9konyabb sz\u00e1ll\u00edt\u00e1si lehet\u0151s\u00e9get biztos\u00edtsuk az \u00d6n tart\u00f3zkod\u00e1si helye alapj\u00e1n, biztos\u00edtva a gyors \u00e9s megb\u00edzhat\u00f3 k\u00e9zbes\u00edt\u00e9st.<\/p>\n<h5>Mennyi id\u0151 alatt \u00e9rkezik meg a rendel\u00e9sem?<\/h5>\n<p>A sz\u00e1ll\u00edt\u00e1s \u00e1ltal\u00e1ban 7-15 munkanapot vesz ig\u00e9nybe. K\u00e9rj\u00fck azonban, hogy \u00fcnnepnapokon vagy kedvez\u0151tlen id\u0151j\u00e1r\u00e1si k\u00f6r\u00fclm\u00e9nyek k\u00f6z\u00f6tt ak\u00e1r 20 munkanapot is enged\u00e9lyezzen.<\/p>\n<h5>Lesz-e b\u00e1rmilyen v\u00e1m- vagy ad\u00f3\u00fcgyi probl\u00e9m\u00e1m?<\/h5>\n<p>Minden v\u00e1mkezel\u00e9si elj\u00e1r\u00e1st mi int\u00e9z\u00fcnk, garant\u00e1lva, hogy nem lesznek tov\u00e1bbi ad\u00f3k vagy d\u00edjak. Biztos\u00edtjuk az 100% v\u00e1mkezel\u00e9st minden term\u00e9k\u00fcnk eset\u00e9ben.<\/p>\n<h5>V\u00e9dett a v\u00e1s\u00e1rl\u00e1som?<\/h5>\n<p>Igen, biztons\u00e1gos fizet\u00e9si lehet\u0151s\u00e9geket k\u00edn\u00e1lunk, bele\u00e9rtve a PayPal-t a v\u00e1s\u00e1rl\u00f3 v\u00e9delm\u00e9vel. \u00d6n is ellen\u0151rizheti hiteless\u00e9g\u00fcnket, ha ellen\u0151rzi a v\u00e1s\u00e1rl\u00f3i v\u00e9lem\u00e9nyeinket az al\u00e1bbi weboldalon <a href=\"https:\/\/www.trustpilot.com\/review\/volovape.com?utm_medium=trustbox&amp;utm_source=TrustBoxReviewCollector\">TrustPilot<\/a>.<\/p>","protected":false},"excerpt":{"rendered":"<p>Fedezze fel a JNR Falcon 16000 Puffs eldobhat\u00f3 vape-t 22ml e-folyad\u00e9kkal, 850mAh akkumul\u00e1torral, kett\u0151s h\u00e1l\u00f3s tekercsekkel, \u00e1ll\u00edthat\u00f3 l\u00e9g\u00e1raml\u00e1ssal \u00e9s 2% nikotinnal. Eleg\u00e1ns krist\u00e1lyos kialak\u00edt\u00e1s, 28 \u00edz, Type-C t\u00f6lt\u00e9s.<\/p>","protected":false},"featured_media":6263,"comment_status":"open","ping_status":"closed","template":"","meta":[],"product_brand":[],"product_cat":[79,51,21,43,18,39,20,23,24,22,25,26,27,28,29,30,31,32,33,34,35,44,36,40],"product_tag":[],"class_list":{"0":"post-6245","1":"product","2":"type-product","3":"status-publish","4":"has-post-thumbnail","6":"product_cat-jnr","7":"product_cat-16000-puffs-disposable-vape","8":"product_cat-big-puffs-vapes","9":"product_cat-crystal-vapes","10":"product_cat-different-puffs-of-disposable-vapes","11":"product_cat-digital-box-vapes","12":"product_cat-disposable-vape-types","13":"product_cat-disposable-vapes-in-austria","14":"product_cat-disposable-vapes-in-belgium","15":"product_cat-disposable-vapes-in-europe","16":"product_cat-disposable-vapes-in-france","17":"product_cat-disposable-vapes-in-germany","18":"product_cat-disposable-vapes-in-hungary","19":"product_cat-disposable-vapes-in-ltaly","20":"product_cat-disposable-vapes-in-netherlands","21":"product_cat-disposable-vapes-in-norway","22":"product_cat-disposable-vapes-in-poland","23":"product_cat-disposable-vapes-in-portugal","24":"product_cat-disposable-vapes-in-spain","25":"product_cat-disposable-vapes-in-sweden","26":"product_cat-disposable-vapes-in-switzerland","27":"product_cat-dual-mesh-vapes","28":"product_cat-rechargeable-vapes","29":"product_cat-smart-screen-vapes","31":"first","32":"instock","33":"shipping-taxable","34":"purchasable","35":"product-type-variable","36":"has-default-attributes"},"jetpack_sharing_enabled":true,"tiered_pricing_type":"fixed","tiered_pricing_fixed_rules":{"30":8,"50":7.589999999999999857891452847979962825775146484375,"100":6.8499999999999996447286321199499070644378662109375,"200":6.480000000000000426325641456060111522674560546875,"400":5.92999999999999971578290569595992565155029296875},"tiered_pricing_product_settings":{"layout":"default","base_unit_name":{"singular":null,"plural":null},"default_variation":null},"tiered_pricing_minimum_quantity":10,"tiered_pricing_roles_data":[],"tiered_pricing_percentage_rules":[],"tiered_pricing_maximum_quantity":null,"tiered_pricing_quantity_step":"10","_links":{"self":[{"href":"https:\/\/volovape.com\/hu\/wp-json\/wp\/v2\/product\/6245","targetHints":{"allow":["GET"]}}],"collection":[{"href":"https:\/\/volovape.com\/hu\/wp-json\/wp\/v2\/product"}],"about":[{"href":"https:\/\/volovape.com\/hu\/wp-json\/wp\/v2\/types\/product"}],"replies":[{"embeddable":true,"href":"https:\/\/volovape.com\/hu\/wp-json\/wp\/v2\/comments?post=6245"}],"wp:featuredmedia":[{"embeddable":true,"href":"https:\/\/volovape.com\/hu\/wp-json\/wp\/v2\/media\/6263"}],"wp:attachment":[{"href":"https:\/\/volovape.com\/hu\/wp-json\/wp\/v2\/media?parent=6245"}],"wp:term":[{"taxonomy":"product_brand","embeddable":true,"href":"https:\/\/volovape.com\/hu\/wp-json\/wp\/v2\/product_brand?post=6245"},{"taxonomy":"product_cat","embeddable":true,"href":"https:\/\/volovape.com\/hu\/wp-json\/wp\/v2\/product_cat?post=6245"},{"taxonomy":"product_tag","embeddable":true,"href":"https:\/\/volovape.com\/hu\/wp-json\/wp\/v2\/product_tag?post=6245"}],"curies":[{"name":"wp","href":"https:\/\/api.w.org\/{rel}","templated":true}]}}