{"id":599,"date":"2024-11-21T03:31:02","date_gmt":"2024-11-21T03:31:02","guid":{"rendered":"https:\/\/volovape.com\/?post_type=product&#038;p=599"},"modified":"2025-08-06T08:03:18","modified_gmt":"2025-08-06T08:03:18","slug":"bumm-doboz-12000-puff","status":"publish","type":"product","link":"https:\/\/volovape.com\/hu\/product\/bang-box-12000-puffs\/","title":{"rendered":"Bang Box 12000 Puffs Eldobhat\u00f3 Vape - \u00fajrat\u00f6lthet\u0151, h\u00e1l\u00f3s tekercs"},"content":{"rendered":"<p><strong>Bang Box 12000 Puffs \u00fajrat\u00f6lthet\u0151 eldobhat\u00f3 Vape<\/strong> - \u00c9lvezze a k\u00f6vetkezetes \u00e9s \u00edzletes p\u00e1rologtat\u00e1st a Bang Box 12000 k\u00e9sz\u00fcl\u00e9kkel. Ez az eldobhat\u00f3 vape ak\u00e1r 12 000 puffot, 20 ml-es e-folyad\u00e9k tart\u00e1lyt \u00e9s 650 mAh-s \u00fajrat\u00f6lthet\u0151 akkumul\u00e1tort k\u00edn\u00e1l. A fejlett h\u00e1l\u00f3s tekercs biztos\u00edtja a sima \u00e9s gazdag g\u0151ztermel\u00e9st, ide\u00e1lis szem\u00e9lyes haszn\u00e1latra \u00e9s eldobhat\u00f3 vape nagykereskedelmi t\u00f6megrendel\u00e9sekhez. V\u00e1lasszon a 0%, 2%, 3% vagy 5% nikotin er\u0151ss\u00e9g\u0171 \u00e9s 11 finom \u00edz\u0171 v\u00e1ltozat k\u00f6z\u00fcl.<\/p>\n<h3><strong>Bang Box 12000 Puffs Jellemz\u0151k:<\/strong><\/h3>\n<ul>\n<li>Puffok: 12000 puffok<\/li>\n<li>E-folyad\u00e9k kapacit\u00e1s: 20mL<\/li>\n<li>Akkumul\u00e1tor: 650mAh (\u00fajrat\u00f6lthet\u0151)<\/li>\n<li>T\u00f6lt\u00e9s: C-t\u00edpus\u00fa<\/li>\n<li>Tekercs: Mesh Coil<\/li>\n<li>Nikotin Er\u0151ss\u00e9gek: 0%, 2%, 3%, 5%<\/li>\n<li>\u00cdzv\u00e1laszt\u00e9k: Eper Ban\u00e1n, Kiwi Passion Fruit Guava, Eper Kiwi, Blue Razz Ice, Sour Apple M\u00e1lna, G\u00f6r\u00f6gdinnye Bubble Gum, Eper G\u00f6r\u00f6gdinnye, Eperl\u00e9, G\u00f6r\u00f6gdinnye Ice, Barack Mang\u00f3 G\u00f6r\u00f6gdinnye, \u00c1fonya Ice.<\/li>\n<\/ul>\n<h4>GYIK<\/h4>\n<h5>Hogyan jav\u00edtja a h\u00e1l\u00f3s tekercs a g\u0151z\u00f6l\u00e9si \u00e9lm\u00e9nyt?<\/h5>\n<p>A h\u00e1l\u00f3s tekercs kialak\u00edt\u00e1sa nagyobb f\u0171t\u0151fel\u00fcletet biztos\u00edt, ami egyenletesebb f\u0171t\u00e9st \u00e9s jobb \u00edzt \u00e9s g\u0151ztermel\u00e9st eredm\u00e9nyez. Ez a technol\u00f3gia biztos\u00edtja az egyenletesen sima \u00e9s kiel\u00e9g\u00edt\u0151 g\u0151z\u00f6l\u00e9si \u00e9lm\u00e9nyt.<\/p>\n<h5>Milyen sz\u00e1ll\u00edt\u00e1si m\u00f3dok \u00e1llnak rendelkez\u00e9sre?<\/h5>\n<p>A hat\u00e9kony \u00e9s megb\u00edzhat\u00f3 sz\u00e1ll\u00edt\u00e1s \u00e9rdek\u00e9ben megb\u00edzhat\u00f3 sz\u00e1ll\u00edtm\u00e1nyoz\u00f3kkal, t\u00f6bbek k\u00f6z\u00f6tt a UPS, a DHL, a FedEx \u00e9s a DPD v\u00e1llalatokkal m\u0171k\u00f6d\u00fcnk egy\u00fctt. A legmegfelel\u0151bb sz\u00e1ll\u00edt\u00e1si m\u00f3dot az \u00d6n sz\u00e1ll\u00edt\u00e1si helye alapj\u00e1n v\u00e1lasztjuk ki.<\/p>\n<h5>Mennyi ideig tart \u00e1ltal\u00e1ban a sz\u00e1ll\u00edt\u00e1s?<\/h5>\n<p>A sz\u00e1ll\u00edt\u00e1s \u00e1ltal\u00e1ban 7-15 munkanapot vesz ig\u00e9nybe, b\u00e1r a sz\u00e1ll\u00edt\u00e1si id\u0151 \u00fcnnepnapokon vagy kedvez\u0151tlen id\u0151j\u00e1r\u00e1si k\u00f6r\u00fclm\u00e9nyek k\u00f6z\u00f6tt ak\u00e1r 20 munkanapra is meghosszabbodhat.<\/p>\n<h5>Vannak v\u00e1mok vagy ad\u00f3k?<\/h5>\n<p>Minden v\u00e1mkezel\u00e9st mi v\u00e9gz\u00fcnk, garant\u00e1lva, hogy \u00d6nnek nem kell tov\u00e1bbi ad\u00f3kat vagy d\u00edjakat fizetnie. 100% term\u00e9keinket gond n\u00e9lk\u00fcl v\u00e1mkezelik.<\/p>","protected":false},"excerpt":{"rendered":"<p>B\u0151v\u00edtse vape k\u00edn\u00e1lat\u00e1t a Bang Box 12000 Puffs nagykereskedelemmel! H\u00e1l\u00f3s tekercs, 20ml, \u00fajrat\u00f6lthet\u0151. Rakt\u00e1rk\u00e9szlet megb\u00edzhat\u00f3, \u00edzletes p\u00e1rologtat\u00f3k v\u00e1ltozatos nikotinv\u00e1laszt\u00e9kkal.<\/p>","protected":false},"featured_media":954,"comment_status":"open","ping_status":"closed","template":"","meta":[],"product_brand":[],"product_cat":[61,38,21,18,20,23,24,22,25,26,27,28,29,30,31,32,33,34,35,36],"product_tag":[],"class_list":{"0":"post-599","1":"product","2":"type-product","3":"status-publish","4":"has-post-thumbnail","6":"product_cat-bang","7":"product_cat-12000-puffs-disposable-vape","8":"product_cat-big-puffs-vapes","9":"product_cat-different-puffs-of-disposable-vapes","10":"product_cat-disposable-vape-types","11":"product_cat-disposable-vapes-in-austria","12":"product_cat-disposable-vapes-in-belgium","13":"product_cat-disposable-vapes-in-europe","14":"product_cat-disposable-vapes-in-france","15":"product_cat-disposable-vapes-in-germany","16":"product_cat-disposable-vapes-in-hungary","17":"product_cat-disposable-vapes-in-ltaly","18":"product_cat-disposable-vapes-in-netherlands","19":"product_cat-disposable-vapes-in-norway","20":"product_cat-disposable-vapes-in-poland","21":"product_cat-disposable-vapes-in-portugal","22":"product_cat-disposable-vapes-in-spain","23":"product_cat-disposable-vapes-in-sweden","24":"product_cat-disposable-vapes-in-switzerland","25":"product_cat-rechargeable-vapes","27":"first","28":"instock","29":"shipping-taxable","30":"purchasable","31":"product-type-variable","32":"has-default-attributes"},"jetpack_sharing_enabled":true,"tiered_pricing_type":"fixed","tiered_pricing_fixed_rules":{"2000":4.13999999999999968025576890795491635799407958984375},"tiered_pricing_product_settings":{"layout":"default","base_unit_name":{"singular":null,"plural":null},"default_variation":null},"tiered_pricing_minimum_quantity":1000,"tiered_pricing_roles_data":[],"tiered_pricing_percentage_rules":[],"tiered_pricing_maximum_quantity":null,"tiered_pricing_quantity_step":"10","_links":{"self":[{"href":"https:\/\/volovape.com\/hu\/wp-json\/wp\/v2\/product\/599","targetHints":{"allow":["GET"]}}],"collection":[{"href":"https:\/\/volovape.com\/hu\/wp-json\/wp\/v2\/product"}],"about":[{"href":"https:\/\/volovape.com\/hu\/wp-json\/wp\/v2\/types\/product"}],"replies":[{"embeddable":true,"href":"https:\/\/volovape.com\/hu\/wp-json\/wp\/v2\/comments?post=599"}],"wp:featuredmedia":[{"embeddable":true,"href":"https:\/\/volovape.com\/hu\/wp-json\/wp\/v2\/media\/954"}],"wp:attachment":[{"href":"https:\/\/volovape.com\/hu\/wp-json\/wp\/v2\/media?parent=599"}],"wp:term":[{"taxonomy":"product_brand","embeddable":true,"href":"https:\/\/volovape.com\/hu\/wp-json\/wp\/v2\/product_brand?post=599"},{"taxonomy":"product_cat","embeddable":true,"href":"https:\/\/volovape.com\/hu\/wp-json\/wp\/v2\/product_cat?post=599"},{"taxonomy":"product_tag","embeddable":true,"href":"https:\/\/volovape.com\/hu\/wp-json\/wp\/v2\/product_tag?post=599"}],"curies":[{"name":"wp","href":"https:\/\/api.w.org\/{rel}","templated":true}]}}