{"id":598,"date":"2024-11-21T03:31:02","date_gmt":"2024-11-21T03:31:02","guid":{"rendered":"https:\/\/volovape.com\/?post_type=product&#038;p=598"},"modified":"2026-04-29T02:13:30","modified_gmt":"2026-04-29T02:13:30","slug":"bumm-doboz-20000-puff","status":"publish","type":"product","link":"https:\/\/volovape.com\/hu\/product\/bang-box-20000-puffs\/","title":{"rendered":"Bang Box 20000 puff hossz\u00fa \u00e9lettartam\u00fa eldobhat\u00f3 vape - nagy t\u00f6meg\u0171 opci\u00f3k nagy kedvezm\u00e9nnyel"},"content":{"rendered":"<p><strong>Bang Box 20000 Puffs Ultimate \u00fajrat\u00f6lthet\u0151 eldobhat\u00f3 vape<\/strong> - Tapasztalja meg a Bang Box 20000 p\u00e1ratlan hossz\u00fa \u00e9lettartam\u00e1t \u00e9s \u00edz\u00e9t. Ez a nagy kapacit\u00e1s\u00fa eldobhat\u00f3 vape elk\u00e9peszt\u0151 20.000 puffot biztos\u00edt, 35 ml-es e-folyad\u00e9ktart\u00e1llyal \u00e9s 850 mAh-s \u00fajrat\u00f6lthet\u0151 akkumul\u00e1torral. A fejlett h\u00e1l\u00f3s tekercs technol\u00f3gia biztos\u00edtja a k\u00f6vetkezetesen sima \u00e9s \u00edzletes g\u0151zt, amely t\u00f6k\u00e9letes mind szem\u00e9lyes haszn\u00e1latra, mind eldobhat\u00f3 vape nagykereskedelmi t\u00f6megrendel\u00e9sekhez. V\u00e1lasszon a 0%, 2%, 3% vagy 5% nikotin er\u0151ss\u00e9g\u0171 \u00e9s 12 \u00e9l\u00e9nk \u00edz sz\u00e9les v\u00e1laszt\u00e9k\u00e1b\u00f3l.<\/p>\n<h3><strong>Bang Box 20000 Puffs Jellemz\u0151k:<\/strong><\/h3>\n<ul>\n<li>Puffok: 20000 puff<\/li>\n<li>E-folyad\u00e9k kapacit\u00e1s: 35mL<\/li>\n<li>Akkumul\u00e1tor: 850mAh (\u00fajrat\u00f6lthet\u0151)<\/li>\n<li>T\u00f6lt\u00e9s: C-t\u00edpus\u00fa<\/li>\n<li>Tekercs: Mesh Coil<\/li>\n<li>Nikotin Er\u0151ss\u00e9gek: 0%, 2%, 3%, 5%<\/li>\n<li>\u00cdzv\u00e1laszt\u00e9k: Eper Kiwi, Kiwi Passion Fruit Guava, Eper g\u00f6r\u00f6gdinnye, M\u00e1lna g\u00f6r\u00f6gdinnye, \u00c1fonya savany\u00fa m\u00e1lna j\u00e9g, G\u00f6r\u00f6gdinnye j\u00e9g, Ban\u00e1n j\u00e9g, Mang\u00f3 barack, Blue Razz j\u00e9g, Mr. Blue, Sz\u0151l\u0151 j\u00e9g, Mang\u00f3 j\u00e9gen.<\/li>\n<\/ul>\n<h4>GYIK<\/h4>\n<h5>Hogyan n\u00f6veli a 850mAh-s akkumul\u00e1tor a p\u00e1rologtat\u00e1si \u00e9lm\u00e9nyt?<\/h5>\n<p>A 850mAh-s akkumul\u00e1tor hosszabb teljes\u00edtm\u00e9nyt biztos\u00edt, \u00edgy gyakori \u00fajrat\u00f6lt\u00e9s n\u00e9lk\u00fcl \u00e9lvezheti a teljes 20 000 slukkot. Ez a nagyobb akkumul\u00e1torkapacit\u00e1s lehet\u0151v\u00e9 teszi a hosszabb p\u00e1rologtat\u00e1sokat \u00e9s az egyenletes teljes\u00edtm\u00e9nyt.<\/p>\n<h5>Milyen sz\u00e1ll\u00edt\u00e1si m\u00f3dok \u00e1llnak rendelkez\u00e9sre?<\/h5>\n<p>A megb\u00edzhat\u00f3 \u00e9s hat\u00e9kony sz\u00e1ll\u00edt\u00e1s \u00e9rdek\u00e9ben j\u00f3 h\u00edr\u0171 sz\u00e1ll\u00edtm\u00e1nyoz\u00f3kkal, t\u00f6bbek k\u00f6z\u00f6tt a UPS, a DHL, a FedEx \u00e9s a DPD v\u00e1llalatokkal m\u0171k\u00f6d\u00fcnk egy\u00fctt. A legmegfelel\u0151bb sz\u00e1ll\u00edt\u00e1si m\u00f3dot az \u00d6n sz\u00e1ll\u00edt\u00e1si helye alapj\u00e1n v\u00e1lasztjuk ki.<\/p>\n<h5>Mennyi ideig tart \u00e1ltal\u00e1ban a sz\u00e1ll\u00edt\u00e1s?<\/h5>\n<p>A sz\u00e1ll\u00edt\u00e1s \u00e1ltal\u00e1ban 7-15 munkanapot vesz ig\u00e9nybe, b\u00e1r a sz\u00e1ll\u00edt\u00e1si id\u0151 \u00fcnnepnapokon vagy kedvez\u0151tlen id\u0151j\u00e1r\u00e1si k\u00f6r\u00fclm\u00e9nyek k\u00f6z\u00f6tt ak\u00e1r 20 munkanapra is meghosszabbodhat.<\/p>\n<h5>Vannak v\u00e1mok vagy ad\u00f3k?<\/h5>\n<p>Minden v\u00e1mkezel\u00e9st mi v\u00e9gz\u00fcnk, garant\u00e1lva, hogy \u00d6nnek nem kell tov\u00e1bbi ad\u00f3kat vagy d\u00edjakat fizetnie. 100% term\u00e9keinket gond n\u00e9lk\u00fcl v\u00e1mkezelik.<\/p>\n<h5>Biztons\u00e1gos \u00e9s megb\u00edzhat\u00f3 a v\u00e1s\u00e1rl\u00e1som?<\/h5>\n<p>Biztons\u00e1gos tranzakci\u00f3kat k\u00edn\u00e1lunk a PayPal v\u00e1s\u00e1rl\u00f3i v\u00e9delm\u00e9n kereszt\u00fcl. Megb\u00edzhat\u00f3s\u00e1gunkr\u00f3l a v\u00e1s\u00e1rl\u00f3i v\u00e9lem\u00e9nyek ellen\u0151rz\u00e9s\u00e9vel is meggy\u0151z\u0151dhet. <a href=\"https:\/\/www.trustpilot.com\/review\/volovape.com?utm_medium=trustbox&amp;utm_source=TrustBoxReviewCollector\">TrustPilot<\/a>.<\/p>","protected":false},"excerpt":{"rendered":"<p>Uralkodjon a piacon a Bang Box 20000 Puff nagykereskedelemmel! 35ml kapacit\u00e1s, 850mAh akkumul\u00e1tor, fejlett h\u00e1l\u00f3s tekercs. Rakt\u00e1rk\u00e9szlet v\u00e9gs\u0151 \u00e9lettartam, \u00fajrat\u00f6lthet\u0151 eldobhat\u00f3.<\/p>","protected":false},"featured_media":941,"comment_status":"open","ping_status":"closed","template":"","meta":[],"product_brand":[],"product_cat":[61,42,21,18,20,23,24,22,25,26,27,28,29,30,31,32,33,34,35,36,40],"product_tag":[],"class_list":{"0":"post-598","1":"product","2":"type-product","3":"status-publish","4":"has-post-thumbnail","6":"product_cat-bang","7":"product_cat-20000-puffs-disposable-vape","8":"product_cat-big-puffs-vapes","9":"product_cat-different-puffs-of-disposable-vapes","10":"product_cat-disposable-vape-types","11":"product_cat-disposable-vapes-in-austria","12":"product_cat-disposable-vapes-in-belgium","13":"product_cat-disposable-vapes-in-europe","14":"product_cat-disposable-vapes-in-france","15":"product_cat-disposable-vapes-in-germany","16":"product_cat-disposable-vapes-in-hungary","17":"product_cat-disposable-vapes-in-ltaly","18":"product_cat-disposable-vapes-in-netherlands","19":"product_cat-disposable-vapes-in-norway","20":"product_cat-disposable-vapes-in-poland","21":"product_cat-disposable-vapes-in-portugal","22":"product_cat-disposable-vapes-in-spain","23":"product_cat-disposable-vapes-in-sweden","24":"product_cat-disposable-vapes-in-switzerland","25":"product_cat-rechargeable-vapes","26":"product_cat-smart-screen-vapes","28":"first","29":"instock","30":"shipping-taxable","31":"purchasable","32":"product-type-variable","33":"has-default-attributes"},"jetpack_sharing_enabled":true,"tiered_pricing_type":"fixed","tiered_pricing_fixed_rules":{"30":6.480000000000000426325641456060111522674560546875,"50":6.04999999999999982236431605997495353221893310546875,"100":5.30999999999999960920149533194489777088165283203125,"200":4.94000000000000039079850466805510222911834716796875,"400":4.37999999999999989341858963598497211933135986328125},"tiered_pricing_product_settings":{"layout":"default","base_unit_name":{"singular":null,"plural":null},"default_variation":null},"tiered_pricing_minimum_quantity":10,"tiered_pricing_roles_data":[],"tiered_pricing_percentage_rules":[],"tiered_pricing_maximum_quantity":null,"tiered_pricing_quantity_step":"10","_links":{"self":[{"href":"https:\/\/volovape.com\/hu\/wp-json\/wp\/v2\/product\/598","targetHints":{"allow":["GET"]}}],"collection":[{"href":"https:\/\/volovape.com\/hu\/wp-json\/wp\/v2\/product"}],"about":[{"href":"https:\/\/volovape.com\/hu\/wp-json\/wp\/v2\/types\/product"}],"replies":[{"embeddable":true,"href":"https:\/\/volovape.com\/hu\/wp-json\/wp\/v2\/comments?post=598"}],"wp:featuredmedia":[{"embeddable":true,"href":"https:\/\/volovape.com\/hu\/wp-json\/wp\/v2\/media\/941"}],"wp:attachment":[{"href":"https:\/\/volovape.com\/hu\/wp-json\/wp\/v2\/media?parent=598"}],"wp:term":[{"taxonomy":"product_brand","embeddable":true,"href":"https:\/\/volovape.com\/hu\/wp-json\/wp\/v2\/product_brand?post=598"},{"taxonomy":"product_cat","embeddable":true,"href":"https:\/\/volovape.com\/hu\/wp-json\/wp\/v2\/product_cat?post=598"},{"taxonomy":"product_tag","embeddable":true,"href":"https:\/\/volovape.com\/hu\/wp-json\/wp\/v2\/product_tag?post=598"}],"curies":[{"name":"wp","href":"https:\/\/api.w.org\/{rel}","templated":true}]}}