{"id":597,"date":"2024-11-21T03:31:02","date_gmt":"2024-11-21T03:31:02","guid":{"rendered":"https:\/\/volovape.com\/?post_type=product&#038;p=597"},"modified":"2025-07-09T09:46:45","modified_gmt":"2025-07-09T09:46:45","slug":"bumm-doboz-15000-puff","status":"publish","type":"product","link":"https:\/\/volovape.com\/hu\/product\/bang-box-15000-puffs\/","title":{"rendered":"Bang Box 15000 Puffs Eldobhat\u00f3 Vape - \u00fajrat\u00f6lthet\u0151, h\u00e1l\u00f3s tekercs"},"content":{"rendered":"<p><strong>Bang Box 15000 Puffs nagy kapacit\u00e1s\u00fa eldobhat\u00f3 vape<\/strong> - \u00c9lvezze a hosszan tart\u00f3 \u00e9s kiel\u00e9g\u00edt\u0151 g\u0151z\u00f6l\u00e9si \u00e9lm\u00e9nyt a Bang Box 15000 k\u00e9sz\u00fcl\u00e9kkel. Ez az eldobhat\u00f3 vape ak\u00e1r 15 000 slukkot, 25 ml-es e-folyad\u00e9k tart\u00e1lyt \u00e9s 650 mAh-s \u00fajrat\u00f6lthet\u0151 akkumul\u00e1tort k\u00edn\u00e1l. A fejlett h\u00e1l\u00f3s tekercs egyenletesen sima \u00e9s \u00edzletes g\u0151zt biztos\u00edt, amely ide\u00e1lis mind szem\u00e9lyes haszn\u00e1latra, mind eldobhat\u00f3 vape nagykereskedelmi t\u00f6megrendel\u00e9sekhez. V\u00e1lasszon a 0%, 2%, 3% vagy 5% nikotin er\u0151ss\u00e9g\u0171 \u00e9s 10 finom \u00edz\u0171 v\u00e1ltozat k\u00f6z\u00fcl.<\/p>\n<h3><strong>Bang Box 15000 Puffs Jellemz\u0151k:<\/strong><\/h3>\n<ul>\n<li>Puffok: 15000 puffok<\/li>\n<li>E-folyad\u00e9k kapacit\u00e1s: 25mL<\/li>\n<li>Akkumul\u00e1tor: 650mAh (\u00fajrat\u00f6lthet\u0151)<\/li>\n<li>T\u00f6lt\u00e9s: C-t\u00edpus\u00fa<\/li>\n<li>Tekercs: Mesh Coil<\/li>\n<li>Nikotin Er\u0151ss\u00e9gek: 0%, 2%, 3%, 5%<\/li>\n<li>\u00cdzv\u00e1laszt\u00e9k: Eper Kiwi, M\u00e1lna G\u00f6r\u00f6gdinnye, Mang\u00f3 Barack G\u00f6r\u00f6gdinnye, Eper Sz\u0151l\u0151, Eper Mang\u00f3, Eper G\u00f6r\u00f6gdinnye, Barack J\u00e9g, Triple Berry Ice, G\u00f6r\u00f6gdinnye J\u00e9g, Blue Razz Ice.<\/li>\n<\/ul>\n<h4>GYIK<\/h4>\n<h5>Hogyan jav\u00edtja a h\u00e1l\u00f3s tekercs a g\u0151z\u00f6l\u00e9si \u00e9lm\u00e9nyt?<\/h5>\n<p>A h\u00e1l\u00f3s tekercs kialak\u00edt\u00e1sa nagyobb f\u0171t\u0151fel\u00fcletet biztos\u00edt, ami egyenletesebb f\u0171t\u00e9st \u00e9s jobb \u00edz- \u00e9s g\u0151ztermel\u00e9st eredm\u00e9nyez. Ez sim\u00e1bb \u00e9s \u00e9lvezetesebb g\u0151z\u00f6l\u00e9si \u00e9lm\u00e9nyt biztos\u00edt.<\/p>\n<h5>Milyen sz\u00e1ll\u00edt\u00e1si m\u00f3dok \u00e1llnak rendelkez\u00e9sre?<\/h5>\n<p>Megb\u00edzhat\u00f3 \u00e9s hat\u00e9kony sz\u00e1ll\u00edt\u00e1s \u00e9rdek\u00e9ben megb\u00edzhat\u00f3 fuvaroz\u00f3kkal dolgozunk egy\u00fctt, k\u00f6zt\u00fck a UPS, a DHL, a FedEx \u00e9s a DPD v\u00e1llalatokkal. Az optim\u00e1lis sz\u00e1ll\u00edt\u00e1si m\u00f3dot az \u00d6n tart\u00f3zkod\u00e1si helye alapj\u00e1n v\u00e1lasztjuk ki.<\/p>\n<h5>Mennyi a tipikus sz\u00e1ll\u00edt\u00e1si id\u0151?<\/h5>\n<p>A sz\u00e1ll\u00edt\u00e1s \u00e1ltal\u00e1ban 7-15 munkanapot vesz ig\u00e9nybe, de a sz\u00e1ll\u00edt\u00e1si id\u0151 \u00fcnnepnapokon vagy kedvez\u0151tlen id\u0151j\u00e1r\u00e1si k\u00f6r\u00fclm\u00e9nyek k\u00f6z\u00f6tt ak\u00e1r 20 munkanapra is meghosszabbodhat.<\/p>\n<h5>Vannak v\u00e1mok vagy ad\u00f3k?<\/h5>\n<p>Minden v\u00e1mkezel\u00e9st mi v\u00e9gz\u00fcnk, garant\u00e1lva, hogy \u00d6nnek nem kell tov\u00e1bbi ad\u00f3kat vagy d\u00edjakat fizetnie. 100% term\u00e9keinket gond n\u00e9lk\u00fcl v\u00e1mkezelik.<\/p>\n<h5>Mennyire biztons\u00e1gos a v\u00e1s\u00e1rl\u00e1som?<\/h5>\n<p>Biztons\u00e1gos tranzakci\u00f3kat k\u00edn\u00e1lunk a PayPal v\u00e1s\u00e1rl\u00f3i v\u00e9delm\u00e9n kereszt\u00fcl. Megb\u00edzhat\u00f3s\u00e1gunkat a v\u00e1s\u00e1rl\u00f3i v\u00e9lem\u00e9nyek ellen\u0151rz\u00e9s\u00e9vel is ellen\u0151rizheti az al\u00e1bbi oldalakon. <a href=\"https:\/\/www.trustpilot.com\/review\/volovape.com?utm_medium=trustbox&amp;utm_source=TrustBoxReviewCollector\">TrustPilot<\/a>.<\/p>","protected":false},"excerpt":{"rendered":"<p>Profit\u00e1ljon a vape piacr\u00f3l a Bang Box 15000 Puffs nagykereskedelemmel! H\u00e1l\u00f3s tekercs, 25ml, \u00fajrat\u00f6lthet\u0151. Rakt\u00e1rk\u00e9szlet megb\u00edzhat\u00f3, nagy puffog\u00e1s\u00fa vapek v\u00e1ltozatos nikotin opci\u00f3kkal.<\/p>","protected":false},"featured_media":925,"comment_status":"open","ping_status":"closed","template":"","meta":[],"product_brand":[],"product_cat":[61,41,21,18,20,23,24,22,25,26,27,28,29,30,31,32,33,34,35,36],"product_tag":[],"class_list":{"0":"post-597","1":"product","2":"type-product","3":"status-publish","4":"has-post-thumbnail","6":"product_cat-bang","7":"product_cat-15000-puffs-disposable-vape","8":"product_cat-big-puffs-vapes","9":"product_cat-different-puffs-of-disposable-vapes","10":"product_cat-disposable-vape-types","11":"product_cat-disposable-vapes-in-austria","12":"product_cat-disposable-vapes-in-belgium","13":"product_cat-disposable-vapes-in-europe","14":"product_cat-disposable-vapes-in-france","15":"product_cat-disposable-vapes-in-germany","16":"product_cat-disposable-vapes-in-hungary","17":"product_cat-disposable-vapes-in-ltaly","18":"product_cat-disposable-vapes-in-netherlands","19":"product_cat-disposable-vapes-in-norway","20":"product_cat-disposable-vapes-in-poland","21":"product_cat-disposable-vapes-in-portugal","22":"product_cat-disposable-vapes-in-spain","23":"product_cat-disposable-vapes-in-sweden","24":"product_cat-disposable-vapes-in-switzerland","25":"product_cat-rechargeable-vapes","27":"first","28":"instock","29":"shipping-taxable","30":"purchasable","31":"product-type-variable","32":"has-default-attributes"},"jetpack_sharing_enabled":true,"tiered_pricing_type":"fixed","tiered_pricing_fixed_rules":{"2000":5.7599999999999997868371792719699442386627197265625},"tiered_pricing_product_settings":{"layout":"default","base_unit_name":{"singular":null,"plural":null},"default_variation":null},"tiered_pricing_minimum_quantity":1000,"tiered_pricing_roles_data":[],"tiered_pricing_percentage_rules":[],"tiered_pricing_maximum_quantity":null,"tiered_pricing_quantity_step":"10","_links":{"self":[{"href":"https:\/\/volovape.com\/hu\/wp-json\/wp\/v2\/product\/597","targetHints":{"allow":["GET"]}}],"collection":[{"href":"https:\/\/volovape.com\/hu\/wp-json\/wp\/v2\/product"}],"about":[{"href":"https:\/\/volovape.com\/hu\/wp-json\/wp\/v2\/types\/product"}],"replies":[{"embeddable":true,"href":"https:\/\/volovape.com\/hu\/wp-json\/wp\/v2\/comments?post=597"}],"wp:featuredmedia":[{"embeddable":true,"href":"https:\/\/volovape.com\/hu\/wp-json\/wp\/v2\/media\/925"}],"wp:attachment":[{"href":"https:\/\/volovape.com\/hu\/wp-json\/wp\/v2\/media?parent=597"}],"wp:term":[{"taxonomy":"product_brand","embeddable":true,"href":"https:\/\/volovape.com\/hu\/wp-json\/wp\/v2\/product_brand?post=597"},{"taxonomy":"product_cat","embeddable":true,"href":"https:\/\/volovape.com\/hu\/wp-json\/wp\/v2\/product_cat?post=597"},{"taxonomy":"product_tag","embeddable":true,"href":"https:\/\/volovape.com\/hu\/wp-json\/wp\/v2\/product_tag?post=597"}],"curies":[{"name":"wp","href":"https:\/\/api.w.org\/{rel}","templated":true}]}}